{"id":7203,"date":"2026-04-15T04:27:17","date_gmt":"2026-04-15T02:27:17","guid":{"rendered":"https:\/\/fengchashop.com\/es\/product\/zelezo-v-tekocini-250-ml\/"},"modified":"2026-05-05T16:36:57","modified_gmt":"2026-05-05T14:36:57","slug":"hierro-en-liquido","status":"publish","type":"product","link":"https:\/\/fengchashop.com\/es\/product\/hierro-en-liquido\/","title":{"rendered":"Hierro en l\u00edquido 250 ml"},"content":{"rendered":"<h2><strong>Hierro en l\u00edquido<\/strong><\/h2>\n<p><strong>El hierro l\u00edquido <\/strong>es un complemento alimenticio moderno, dise\u00f1ado para favorecer la energ\u00eda, la sangre y el bienestar general. Contiene hierro y una combinaci\u00f3n cuidadosamente seleccionada de vitaminas que participan en procesos importantes del organismo, desde la formaci\u00f3n de gl\u00f3bulos rojos hasta la liberaci\u00f3n de energ\u00eda durante el metabolismo.<\/p>\n<p>Su f\u00f3rmula avanzada combina el hierro con vitamina C y vitaminas del grupo B (B1, B2, B6 y B12), que contribuyen a una mejor absorci\u00f3n del hierro, a reducir el cansancio y a reforzar el sistema inmunitario.<\/p>\n<p>Su formato l\u00edquido facilita su uso y garantiza una buena absorci\u00f3n, lo que resulta especialmente adecuado para aquellas personas a las que les cuesta tomar c\u00e1psulas o comprimidos.<\/p>\n<h2><strong>C\u00f3mo funciona?<\/strong><\/h2>\n<p>El hierro desempe\u00f1a un papel fundamental en la formaci\u00f3n de gl\u00f3bulos rojos y hemoglobina, que permiten el transporte de ox\u00edgeno por el organismo. Junto con las vitaminas, contribuye a la liberaci\u00f3n de energ\u00eda, a la reducci\u00f3n del cansancio y al funcionamiento normal del sistema inmunitario.<\/p>\n<h2><strong>Qu\u00e9 contiene?<\/strong><\/h2>\n<p><span class=\"ml-1\"><span style=\"color: #000000\">\ud83d\udc9a <\/span><\/span><strong>Hierro<\/strong><\/p>\n<ul>\n<li>contribuye a la formaci\u00f3n de gl\u00f3bulos rojos y hemoglobina, as\u00ed como a la reducci\u00f3n del cansancio<\/li>\n<li>desempe\u00f1a un papel en las funciones cognitivas.<\/li>\n<li>contribuye a la liberaci\u00f3n de energ\u00eda en el metabolismo<\/li>\n<li>desempe\u00f1a un papel en la formaci\u00f3n de gl\u00f3bulos rojos y hemoglobina.<\/li>\n<li>desempe\u00f1a un papel en el transporte de ox\u00edgeno en el organismo.<\/li>\n<li>desempe\u00f1a un papel en el funcionamiento del sistema inmunitario<\/li>\n<li>contribuye a reducir el cansancio y el agotamiento; desempe\u00f1a un papel en la divisi\u00f3n celular<\/li>\n<\/ul>\n<p><span class=\"ml-1\"><span style=\"color: #000000\">\ud83d\udc9a <\/span><\/span><strong>Vitamina C<\/strong> \u2013 aumenta la absorci\u00f3n de hierro<\/p>\n<p><span class=\"ml-1\"><span style=\"color: #000000\">\ud83d\udc9a <\/span><\/span><strong>Vitamina B1 (tiamina)<\/strong> \u2013 contribuye al metabolismo normal para la obtenci\u00f3n de energ\u00eda<\/p>\n<p><span class=\"ml-1\"><span style=\"color: #000000\">\ud83d\udc9a <\/span><\/span><strong>Vitamina B2 (riboflavina)<\/strong> \u2013 contribuye a la protecci\u00f3n de las c\u00e9lulas frente al estr\u00e9s oxidativo<\/p>\n<p><span class=\"ml-1\"><span style=\"color: #000000\">\ud83d\udc9a <\/span><\/span><strong>Vitamina B6<\/strong> \u2013 contribuye a la formaci\u00f3n de gl\u00f3bulos rojos<\/p>\n<p><span class=\"ml-1\"><span style=\"color: #000000\">\ud83d\udc9a <\/span><\/span><strong>Vitamina B12<\/strong> \u2013 contribuye a reducir el cansancio y al funcionamiento del sistema nervioso<\/p>\n<h2><strong>Por qu\u00e9 elegir hierro l\u00edquido?<\/strong><\/h2>\n<ul>\n<li>contribuye al funcionamiento normal del sistema inmunitario<\/li>\n<li>combinaci\u00f3n de hierro y vitaminas para una mejor absorci\u00f3n<\/li>\n<li>formato l\u00edquido para facilitar su consumo<\/li>\n<li>agradable sabor a manzana<\/li>\n<li>apto para veganos<\/li>\n<li>sin gluten, lactosa ni OMG<\/li>\n<\/ul>\n<h2 style=\"text-align: justify\"><span style=\"color: #000000\">Conservaci\u00f3n y advertencias<\/span><\/h2>\n<p>Conservar en un lugar seco y oscuro a una temperatura de hasta 25 \u00b0C. Una vez abierto, conservar en el frigor\u00edfico.<\/p>\n<p>No olvide la importancia de una dieta variada y un estilo de vida saludable. Los complementos alimenticios no sustituyen una dieta equilibrada y variada. No se debe exceder la dosis diaria recomendada. Mant\u00e9ngalo fuera del alcance de los ni\u00f1os.<\/p>\n<h2><span style=\"color: #000000\">Envase<\/span><\/h2>\n<p>El frasco de pl\u00e1stico oscuro de alta calidad est\u00e1 dise\u00f1ado para proteger al m\u00e1ximo las vitaminas y minerales l\u00edquidos. Protege el contenido de la luz, el aire y las influencias externas, y ayuda a mantener la frescura, la estabilidad y la eficacia durante todo el periodo de uso.<\/p>\n<p>El envase es muy pr\u00e1ctico y permite el reciclaje.<\/p>\n<h2>Origen<\/h2>\n<p>UE<\/p>\n","protected":false},"excerpt":{"rendered":"<p><strong>El hierro l\u00edquido <\/strong>con vitaminas est\u00e1 dise\u00f1ado para favorecer la formaci\u00f3n de gl\u00f3bulos rojos, el transporte de ox\u00edgeno en el organismo y la reducci\u00f3n del cansancio y el agotamiento.<\/p>\n<p><span class=\"ml-1\"><span style=\"color: #000000\">\ud83d\udc9a <\/span><\/span>formato l\u00edquido para un consumo f\u00e1cil<\/p>\n<p><span class=\"ml-1\"><span style=\"color: #000000\">\ud83d\udc9a <\/span><\/span>buena absorci\u00f3n y aprovechamiento de los nutrientes<\/p>\n<p><span class=\"ml-1\"><span style=\"color: #000000\">\ud83d\udc9a <\/span><\/span>ayuda a reducir el cansancio y el agotamiento<\/p>\n<p><span class=\"ml-1\"><span style=\"color: #000000\">\ud83d\udc9a<\/span><\/span>contribuye al funcionamiento normal del sistema inmunitario<\/p>\n<p><span class=\"ml-1\"><span style=\"color: #000000\">\ud83d\udc9a<\/span><\/span>combinaci\u00f3n de hierro y vitaminas para una mejor absorci\u00f3n<\/p>\n<p><span class=\"ml-1\"><span style=\"color: #000000\">\ud83d\udc9a <\/span><\/span>apto para veganos<\/p>\n<p><span class=\"ml-1\"><span style=\"color: #000000\">\ud83d\udc9a <\/span><\/span>sin gluten, lactosa ni OMG<\/p>\n","protected":false},"featured_media":7202,"comment_status":"open","ping_status":"closed","template":"","meta":{"_acf_changed":false},"product_brand":[],"product_cat":[15,203,219,217,216],"product_tag":[],"class_list":{"0":"post-7203","1":"product","2":"type-product","3":"status-publish","4":"has-post-thumbnail","6":"product_cat-uncategorized","7":"product_cat-minerales-y-vitaminas","8":"product_cat-nuevo","9":"product_cat-oferta","10":"product_cat-todos-los-productos","12":"first","13":"instock","14":"sale","15":"taxable","16":"shipping-taxable","17":"purchasable","18":"product-type-simple"},"acf":[],"_links":{"self":[{"href":"https:\/\/fengchashop.com\/es\/wp-json\/wp\/v2\/product\/7203","targetHints":{"allow":["GET"]}}],"collection":[{"href":"https:\/\/fengchashop.com\/es\/wp-json\/wp\/v2\/product"}],"about":[{"href":"https:\/\/fengchashop.com\/es\/wp-json\/wp\/v2\/types\/product"}],"replies":[{"embeddable":true,"href":"https:\/\/fengchashop.com\/es\/wp-json\/wp\/v2\/comments?post=7203"}],"wp:featuredmedia":[{"embeddable":true,"href":"https:\/\/fengchashop.com\/es\/wp-json\/wp\/v2\/media\/7202"}],"wp:attachment":[{"href":"https:\/\/fengchashop.com\/es\/wp-json\/wp\/v2\/media?parent=7203"}],"wp:term":[{"taxonomy":"product_brand","embeddable":true,"href":"https:\/\/fengchashop.com\/es\/wp-json\/wp\/v2\/product_brand?post=7203"},{"taxonomy":"product_cat","embeddable":true,"href":"https:\/\/fengchashop.com\/es\/wp-json\/wp\/v2\/product_cat?post=7203"},{"taxonomy":"product_tag","embeddable":true,"href":"https:\/\/fengchashop.com\/es\/wp-json\/wp\/v2\/product_tag?post=7203"}],"curies":[{"name":"wp","href":"https:\/\/api.w.org\/{rel}","templated":true}]}}