{"id":7201,"date":"2026-04-15T04:21:19","date_gmt":"2026-04-15T02:21:19","guid":{"rendered":"https:\/\/fengchashop.com\/es\/product\/vitamin-b12-v-tekocini-150-ml\/"},"modified":"2026-04-21T08:14:20","modified_gmt":"2026-04-21T06:14:20","slug":"vitamina-b12-en-liquido","status":"publish","type":"product","link":"https:\/\/fengchashop.com\/es\/product\/vitamina-b12-en-liquido\/","title":{"rendered":"Vitamina B12 en l\u00edquido 150 ml"},"content":{"rendered":"<h2><strong>Vitamina B12 en l\u00edquido<\/strong><\/h2>\n<p><strong>La vitamina B12 en l\u00edquido <\/strong>es un moderno complemento alimenticio dise\u00f1ado para favorecer la energ\u00eda, el sistema nervioso y el bienestar general. Contiene un alto contenido de vitamina B12, que participa en procesos importantes del organismo, desde la formaci\u00f3n de gl\u00f3bulos rojos hasta el funcionamiento del sistema nervioso.<\/p>\n<p>La vitamina B12 contribuye a reducir el cansancio y el agotamiento, y favorece el funcionamiento normal del sistema inmunitario.<\/p>\n<p>Su formato l\u00edquido facilita su uso y permite una buena absorci\u00f3n de los nutrientes, lo que resulta especialmente adecuado para aquellas personas a las que les cuesta tomar c\u00e1psulas o comprimidos.<\/p>\n<h2><strong>C\u00f3mo funciona?<\/strong><\/h2>\n<p>La vitamina B12 desempe\u00f1a un papel fundamental en la liberaci\u00f3n de energ\u00eda durante el metabolismo y contribuye al funcionamiento normal del sistema nervioso. Tambi\u00e9n ayuda a la formaci\u00f3n de gl\u00f3bulos rojos y puede contribuir a una mayor vitalidad y a la reducci\u00f3n del cansancio.<\/p>\n<h2><strong>Qu\u00e9 contiene?<\/strong><\/h2>\n<p><strong><span class=\"ml-1\"><span style=\"color: #000000\">\ud83d\udc9a <\/span><\/span>Vitamina B12 (cianocobalamina)<\/strong><\/p>\n<ul>\n<li>contribuye al metabolismo normal para la obtenci\u00f3n de energ\u00eda<\/li>\n<li>contribuye al funcionamiento normal del sistema nervioso<\/li>\n<li>contribuye al funcionamiento psicol\u00f3gico normal<\/li>\n<li>contribuye a la formaci\u00f3n normal de gl\u00f3bulos rojos<\/li>\n<li>contribuye al funcionamiento normal del sistema inmunitario<\/li>\n<li>contribuye a reducir el cansancio y la fatiga<\/li>\n<li>desempe\u00f1a un papel en la divisi\u00f3n celular<\/li>\n<\/ul>\n<h2><strong>Por qu\u00e9 elegir el complejo B l\u00edquido?<\/strong><\/h2>\n<ul>\n<li>formato l\u00edquido para un consumo f\u00e1cil<\/li>\n<li>buena absorci\u00f3n y aprovechamiento de los nutrientes<\/li>\n<li>apto para veganos<\/li>\n<li>sin gluten, lactosa ni OMG<\/li>\n<li>pr\u00e1ctico para el uso diario<\/li>\n<\/ul>\n<h2 style=\"text-align: justify\"><span style=\"color: #000000\">Conservaci\u00f3n y advertencias<\/span><\/h2>\n<p>Conservar en un lugar seco y oscuro a una temperatura de hasta 25 \u00b0C. Una vez abierto, conservar en el frigor\u00edfico.<\/p>\n<p>No olvide la importancia de una dieta variada y un estilo de vida saludable. Los complementos alimenticios no sustituyen una dieta equilibrada y variada. No se debe exceder la dosis diaria recomendada. Mant\u00e9ngalo fuera del alcance de los ni\u00f1os.<\/p>\n<h2><span style=\"color: #000000\">Envase<\/span><\/h2>\n<p>El frasco de pl\u00e1stico oscuro de alta calidad est\u00e1 dise\u00f1ado para proteger al m\u00e1ximo las vitaminas y minerales l\u00edquidos. Protege el contenido de la luz, el aire y las influencias externas, y ayuda a mantener la frescura, la estabilidad y la eficacia durante todo el periodo de uso.<\/p>\n<p>El envase es muy pr\u00e1ctico y permite el reciclaje.<\/p>\n<h2>Origen<\/h2>\n<p>UE<\/p>\n","protected":false},"excerpt":{"rendered":"<p><strong>La vitamina B12 l\u00edquida <\/strong>es un complemento alimenticio destinado a reducir el cansancio, reforzar el sistema inmunitario y contribuir al funcionamiento normal del sistema nervioso y de las funciones psicol\u00f3gicas. Una botella contiene 150 ml de l\u00edquido, lo que es suficiente para aproximadamente 60 d\u00edas de uso regular.<\/p>\n<p><span class=\"ml-1\"><span style=\"color: #000000\">\ud83d\udc9a <\/span><\/span>formato l\u00edquido para un consumo f\u00e1cil<br \/>\n<span class=\"ml-1\"><span style=\"color: #000000\">\ud83d\udc9a <\/span><\/span>buena absorci\u00f3n y aprovechamiento de los nutrientes<br \/>\n<span class=\"ml-1\"><span style=\"color: #000000\">\ud83d\udc9a <\/span><\/span>contribuye al metabolismo normal para la obtenci\u00f3n de energ\u00eda y la reducci\u00f3n del cansancio<br \/>\n<span class=\"ml-1\"><span style=\"color: #000000\">\ud83d\udc9a <\/span><\/span>apto para veganos<br \/>\n<span class=\"ml-1\"><span style=\"color: #000000\">\ud83d\udc9a <\/span><\/span>sin gluten, lactosa ni OMG<br \/>\n<span class=\"ml-1\"><span style=\"color: #000000\">\ud83d\udc9a <\/span><\/span>pr\u00e1ctico para el uso diario<\/p>\n","protected":false},"featured_media":7200,"comment_status":"open","ping_status":"closed","template":"","meta":{"_acf_changed":false},"product_brand":[],"product_cat":[15,203,219,217,216],"product_tag":[],"class_list":{"0":"post-7201","1":"product","2":"type-product","3":"status-publish","4":"has-post-thumbnail","6":"product_cat-uncategorized","7":"product_cat-minerales-y-vitaminas","8":"product_cat-nuevo","9":"product_cat-oferta","10":"product_cat-todos-los-productos","12":"first","13":"instock","14":"sale","15":"taxable","16":"shipping-taxable","17":"purchasable","18":"product-type-simple"},"acf":[],"_links":{"self":[{"href":"https:\/\/fengchashop.com\/es\/wp-json\/wp\/v2\/product\/7201","targetHints":{"allow":["GET"]}}],"collection":[{"href":"https:\/\/fengchashop.com\/es\/wp-json\/wp\/v2\/product"}],"about":[{"href":"https:\/\/fengchashop.com\/es\/wp-json\/wp\/v2\/types\/product"}],"replies":[{"embeddable":true,"href":"https:\/\/fengchashop.com\/es\/wp-json\/wp\/v2\/comments?post=7201"}],"wp:featuredmedia":[{"embeddable":true,"href":"https:\/\/fengchashop.com\/es\/wp-json\/wp\/v2\/media\/7200"}],"wp:attachment":[{"href":"https:\/\/fengchashop.com\/es\/wp-json\/wp\/v2\/media?parent=7201"}],"wp:term":[{"taxonomy":"product_brand","embeddable":true,"href":"https:\/\/fengchashop.com\/es\/wp-json\/wp\/v2\/product_brand?post=7201"},{"taxonomy":"product_cat","embeddable":true,"href":"https:\/\/fengchashop.com\/es\/wp-json\/wp\/v2\/product_cat?post=7201"},{"taxonomy":"product_tag","embeddable":true,"href":"https:\/\/fengchashop.com\/es\/wp-json\/wp\/v2\/product_tag?post=7201"}],"curies":[{"name":"wp","href":"https:\/\/api.w.org\/{rel}","templated":true}]}}