{"id":7186,"date":"2026-04-08T10:24:29","date_gmt":"2026-04-08T08:24:29","guid":{"rendered":"https:\/\/fengchashop.com\/es\/?post_type=product&#038;p=7186"},"modified":"2026-05-05T11:43:58","modified_gmt":"2026-05-05T09:43:58","slug":"sal-marina-fina-celta","status":"publish","type":"product","link":"https:\/\/fengchashop.com\/es\/product\/sal-marina-fina-celta\/","title":{"rendered":"Sal marina fina celta 1 kg"},"content":{"rendered":"<h2><strong>Sal marina fina celta<\/strong><\/h2>\n<p><strong>La sal fina celta <\/strong>es una versi\u00f3n finamente molida de la sal marina celta que conserva todos los minerales naturales, pero gracias a su textura es m\u00e1s adecuada para el uso diario.<\/p>\n<p>Se obtiene de la misma manera tradicional que la sal gruesa y luego se muele suavemente para facilitar su uso.<\/p>\n<h2><strong>C\u00f3mo funciona?<\/strong><\/h2>\n<p>Gracias a su estructura fina, se disuelve m\u00e1s r\u00e1pidamente y se distribuye de manera uniforme en los platos. Aporta al organismo electrolitos esenciales.<\/p>\n<h2><strong>Caracter\u00edsticas<\/strong><\/h2>\n<ol>\n<li><strong> Distribuci\u00f3n uniforme del sabor <\/strong>Ideal para cocinar y sazonar a diario.<\/li>\n<li><strong> Apoyo a los electrolitos <\/strong>Contribuye al equilibrio de minerales en el cuerpo.<\/li>\n<li><strong> F\u00e1cil uso <\/strong>Apta para saleros y preparaci\u00f3n de alimentos.<\/li>\n<li><strong> Composici\u00f3n natural <\/strong>Sin aditivos, blanqueamiento ni procesos qu\u00edmicos.<\/li>\n<\/ol>\n<h2><strong>Almacenamiento y advertencias<\/strong><\/h2>\n<p>Conservar en un lugar fresco y seco. Aseg\u00farese de que el envase est\u00e9 bien cerrado. Utilizar con moderaci\u00f3n como parte de una dieta equilibrada.<\/p>\n<h2><strong>Envasado<\/strong><\/h2>\n<p>Bolsa herm\u00e9tica con cierre, donde el producto conserva toda su frescura y aroma. El envase protege de la luz y el aire y est\u00e1 compuesto por varias capas de protecci\u00f3n que mantienen las propiedades del producto.<\/p>\n<p>El envase es muy pr\u00e1ctico y reciclable.<\/p>\n<h2><strong>Origen<\/strong><\/h2>\n<p>UE<\/p>\n","protected":false},"excerpt":{"rendered":"<p><strong>Sal fina celta<\/strong> es una sal marina natural finamente molida que conserva todos los minerales importantes y es ideal para el uso diario. Gracias a su textura fina se disuelve r\u00e1pidamente y distribuye el sabor de manera uniforme.<\/p>\n<p>\ud83d\udc9a natural y sin refinar<br \/>\n\ud83d\udc9a finamente molida<br \/>\n\ud83d\udc9a rica en minerales<br \/>\n\ud83d\udc9a sin aditivos<br \/>\n\ud83d\udc9a ideal para uso diario  <\/p>\n<p>&nbsp;<\/p>\n","protected":false},"featured_media":7187,"comment_status":"open","ping_status":"closed","template":"","meta":{"_acf_changed":false},"product_brand":[],"product_cat":[15,219,224,216],"product_tag":[],"class_list":{"0":"post-7186","1":"product","2":"type-product","3":"status-publish","4":"has-post-thumbnail","6":"product_cat-uncategorized","7":"product_cat-nuevo","8":"product_cat-te-alimentos-y-especias","9":"product_cat-todos-los-productos","11":"first","12":"instock","13":"taxable","14":"shipping-taxable","15":"purchasable","16":"product-type-simple"},"acf":[],"_links":{"self":[{"href":"https:\/\/fengchashop.com\/es\/wp-json\/wp\/v2\/product\/7186","targetHints":{"allow":["GET"]}}],"collection":[{"href":"https:\/\/fengchashop.com\/es\/wp-json\/wp\/v2\/product"}],"about":[{"href":"https:\/\/fengchashop.com\/es\/wp-json\/wp\/v2\/types\/product"}],"replies":[{"embeddable":true,"href":"https:\/\/fengchashop.com\/es\/wp-json\/wp\/v2\/comments?post=7186"}],"wp:featuredmedia":[{"embeddable":true,"href":"https:\/\/fengchashop.com\/es\/wp-json\/wp\/v2\/media\/7187"}],"wp:attachment":[{"href":"https:\/\/fengchashop.com\/es\/wp-json\/wp\/v2\/media?parent=7186"}],"wp:term":[{"taxonomy":"product_brand","embeddable":true,"href":"https:\/\/fengchashop.com\/es\/wp-json\/wp\/v2\/product_brand?post=7186"},{"taxonomy":"product_cat","embeddable":true,"href":"https:\/\/fengchashop.com\/es\/wp-json\/wp\/v2\/product_cat?post=7186"},{"taxonomy":"product_tag","embeddable":true,"href":"https:\/\/fengchashop.com\/es\/wp-json\/wp\/v2\/product_tag?post=7186"}],"curies":[{"name":"wp","href":"https:\/\/api.w.org\/{rel}","templated":true}]}}