{"id":7178,"date":"2026-04-07T19:55:58","date_gmt":"2026-04-07T17:55:58","guid":{"rendered":"https:\/\/fengchashop.com\/es\/?post_type=product&#038;p=7178"},"modified":"2026-04-24T17:43:19","modified_gmt":"2026-04-24T15:43:19","slug":"zapper-dispositivo-manual-multifrecuencia","status":"publish","type":"product","link":"https:\/\/fengchashop.com\/es\/product\/zapper-dispositivo-manual-multifrecuencia\/","title":{"rendered":"ZAPPER \u2013 dispositivo manual multifrecuencia"},"content":{"rendered":"<h2><span style=\"color: #000000;\">Nombre<\/span><\/h2>\n<p style=\"text-align: justify;\"><span style=\"color: #000000;\">ZAPPER \u2013 dispositivo manual multifrecuencia seg\u00fan el concepto de la Dra. Hulda Clark<\/span><\/p>\n<h2 data-start=\"101\" data-end=\"117\"><span style=\"color: #000000;\">Descripci\u00f3n del producto<\/span><\/h2>\n<p data-start=\"119\" data-end=\"425\"><span style=\"color: #000000;\">El Zapper es un dispositivo electr\u00f3nico manual multifrecuencia, dise\u00f1ado seg\u00fan el concepto de la Dra. Hulda Clark, destinado a un uso dom\u00e9stico sencillo y fiable. Funciona emitiendo una se\u00f1al el\u00e9ctrica pulsante y utiliza autom\u00e1ticamente <strong>26 frecuencias en un rango aproximado de 10 a 41 kHz<\/strong>, que se alternan durante su funcionamiento.<\/span><\/p>\n<p data-start=\"427\" data-end=\"706\"><span style=\"color: #000000;\">Se controla con un solo bot\u00f3n y funciona en un <strong>ciclo autom\u00e1tico de 7 minutos<\/strong> con apagado autom\u00e1tico. Las se\u00f1ales luminosas y sonoras permiten supervisar el correcto funcionamiento. Est\u00e1 equipado con <strong>electrodos manuales desmontables de lat\u00f3n pulido<\/strong> y permite ajustar el voltaje de salida.<\/span><\/p>\n<p data-start=\"708\" data-end=\"905\"><span style=\"color: #000000;\">El dispositivo funciona con una bater\u00eda est\u00e1ndar de 9 V (incluida), es compacto, port\u00e1til y adecuado para uso en casa o en viajes. Est\u00e1 fabricado conforme a los <strong>est\u00e1ndares GMP e ISO<\/strong> y cuenta con <strong>5 a\u00f1os de garant\u00eda<\/strong>.<\/span><\/p>\n<p data-start=\"1684\" data-end=\"1927\"><strong>El zapper emite impulsos el\u00e9ctricos suaves que:<\/strong><br data-start=\"1731\" data-end=\"1734\" \/>\ud83d\udc9a ayudan a reducir la presencia de par\u00e1sitos, bacterias y virus<br data-start=\"1798\" data-end=\"1801\" \/>\ud83d\udc9a apoyan los procesos naturales de desintoxicaci\u00f3n del cuerpo<br data-start=\"1863\" data-end=\"1866\" \/>\ud83d\udc9a contribuyen a un mejor bienestar general y mayor energ\u00eda<\/p>\n<p data-start=\"1929\" data-end=\"2035\">Se basa en el uso de frecuencias el\u00e9ctricas espec\u00edficas que act\u00faan sobre los microorganismos en el cuerpo.<\/p>\n<h2><span style=\"color: #000000;\">Ventajas principales<\/span><\/h2>\n<ul>\n<li><span style=\"color: #000000;\">Funcionamiento multifrecuencia con <strong>26 frecuencias autom\u00e1ticas<\/strong><\/span><\/li>\n<li><span style=\"color: #000000;\"><strong>Programa autom\u00e1tico de 7 minutos<\/strong> para un uso sencillo y seguro<\/span><\/li>\n<li><span style=\"color: #000000;\">Voltaje de salida ajustable (aprox. del 2 % al 100 %)<\/span><\/li>\n<li><span style=\"color: #000000;\">Control visual y sonoro del funcionamiento<\/span><\/li>\n<li><span style=\"color: #000000;\">Apagado autom\u00e1tico y protecci\u00f3n contra cortocircuitos<\/span><\/li>\n<li><span style=\"color: #000000;\">Electrodos manuales desmontables de lat\u00f3n pulido<\/span><\/li>\n<li><span style=\"color: #000000;\">Compacto, port\u00e1til y f\u00e1cil de usar<\/span><\/li>\n<li><span style=\"color: #000000;\">Funciona con bater\u00eda est\u00e1ndar de 9 V<\/span><\/li>\n<li><span style=\"color: #000000;\">Alta calidad de fabricaci\u00f3n y funcionamiento probado<\/span><\/li>\n<li><span style=\"color: #000000;\">5 a\u00f1os de garant\u00eda<\/span><\/li>\n<\/ul>\n<h2><span style=\"color: #000000;\">Dise\u00f1o y funcionalidad<\/span><\/h2>\n<p data-start=\"2410\" data-end=\"2711\"><span style=\"color: #000000;\">El Zapper est\u00e1 dise\u00f1ado de forma minimalista y funcional. La carcasa est\u00e1 hecha de pl\u00e1stico sint\u00e9tico resistente que protege la electr\u00f3nica y garantiza una larga vida \u00fatil del dispositivo. Su tama\u00f1o compacto permite un f\u00e1cil almacenamiento y transporte, por lo que es adecuado tanto para uso dom\u00e9stico como para viajes.<\/span><\/p>\n<p data-start=\"2713\" data-end=\"2946\"><span style=\"color: #000000;\">Los electrodos manuales de lat\u00f3n pulido tienen un dise\u00f1o ergon\u00f3mico y son agradables al tacto. Gracias a las propiedades naturales del material, tambi\u00e9n poseen propiedades antibacterianas. Los electrodos son desmontables y pueden limpiarse o sustituirse seg\u00fan sea necesario.<\/span><\/p>\n<p data-start=\"2948\" data-end=\"3197\"><span style=\"color: #000000;\">El dispositivo se activa autom\u00e1ticamente solo cuando el usuario sostiene correctamente ambos electrodos, lo que contribuye a una mayor seguridad y fiabilidad. En caso de mal contacto, piel seca o da\u00f1o en el cable, el dispositivo no se activa y alerta al usuario mediante una se\u00f1al.<\/span><\/p>\n<h2 data-start=\"3204\" data-end=\"3228\"><span style=\"color: #000000;\">Advertencia importante<\/span><\/h2>\n<p data-start=\"3229\" data-end=\"3467\"><span style=\"color: #000000;\">El Zapper no es un dispositivo m\u00e9dico y no est\u00e1 destinado a diagnosticar, tratar ni prevenir enfermedades. Su uso es bajo la propia responsabilidad del usuario. Las mujeres embarazadas y las personas con marcapasos u otros dispositivos similares no deben utilizar el Zapper.<\/span><\/p>\n","protected":false},"excerpt":{"rendered":"<p>Zapper est\u00e1 \u043f\u0440\u0435\u0434\u043d\u0430\u0437\u043d\u0430\u0447\u0435\u043d para <strong>un uso dom\u00e9stico sencillo y regular como dispositivo electr\u00f3nico multifrecuencia seg\u00fan el concepto de la Dra. Hulda Clark<\/strong>.<\/p>\n<p>\ud83d\udc9a Funcionamiento multifrecuencia con <strong>26 frecuencias autom\u00e1ticas<\/strong><\/p>\n<p>\ud83d\udc9a <strong>Programa autom\u00e1tico de 7 minutos<\/strong> para un uso f\u00e1cil y seguro<\/p>\n<p>\ud83d\udc9a Voltaje de salida ajustable (aprox. del 2 % al 100 %)<\/p>\n<p>\ud83d\udc9a Control visual y sonoro del funcionamiento<\/p>\n<p>\ud83d\udc9a Apagado autom\u00e1tico y protecci\u00f3n contra cortocircuitos<\/p>\n<p>\ud83d\udc9a Electrodos manuales desmontables de lat\u00f3n pulido<\/p>\n<p>\ud83d\udc9a Compacto, port\u00e1til y f\u00e1cil de usar<\/p>\n<p>\ud83d\udc9a Funciona con bater\u00eda est\u00e1ndar de 9 V<\/p>\n<p>\ud83d\udc9a Alta calidad de fabricaci\u00f3n y funcionamiento probado<\/p>\n","protected":false},"featured_media":7179,"comment_status":"open","ping_status":"closed","template":"","meta":{"_acf_changed":false},"product_brand":[],"product_cat":[219,208,216],"product_tag":[],"class_list":{"0":"post-7178","1":"product","2":"type-product","3":"status-publish","4":"has-post-thumbnail","6":"product_cat-nuevo","7":"product_cat-otros","8":"product_cat-todos-los-productos","10":"first","11":"instock","12":"taxable","13":"shipping-taxable","14":"purchasable","15":"product-type-simple"},"acf":[],"_links":{"self":[{"href":"https:\/\/fengchashop.com\/es\/wp-json\/wp\/v2\/product\/7178","targetHints":{"allow":["GET"]}}],"collection":[{"href":"https:\/\/fengchashop.com\/es\/wp-json\/wp\/v2\/product"}],"about":[{"href":"https:\/\/fengchashop.com\/es\/wp-json\/wp\/v2\/types\/product"}],"replies":[{"embeddable":true,"href":"https:\/\/fengchashop.com\/es\/wp-json\/wp\/v2\/comments?post=7178"}],"wp:featuredmedia":[{"embeddable":true,"href":"https:\/\/fengchashop.com\/es\/wp-json\/wp\/v2\/media\/7179"}],"wp:attachment":[{"href":"https:\/\/fengchashop.com\/es\/wp-json\/wp\/v2\/media?parent=7178"}],"wp:term":[{"taxonomy":"product_brand","embeddable":true,"href":"https:\/\/fengchashop.com\/es\/wp-json\/wp\/v2\/product_brand?post=7178"},{"taxonomy":"product_cat","embeddable":true,"href":"https:\/\/fengchashop.com\/es\/wp-json\/wp\/v2\/product_cat?post=7178"},{"taxonomy":"product_tag","embeddable":true,"href":"https:\/\/fengchashop.com\/es\/wp-json\/wp\/v2\/product_tag?post=7178"}],"curies":[{"name":"wp","href":"https:\/\/api.w.org\/{rel}","templated":true}]}}