{"id":7170,"date":"2026-04-07T19:33:01","date_gmt":"2026-04-07T17:33:01","guid":{"rendered":"https:\/\/fengchashop.com\/es\/?post_type=product&#038;p=7170"},"modified":"2026-04-30T12:10:17","modified_gmt":"2026-04-30T10:10:17","slug":"gotas-de-bach-primeros-auxilios","status":"publish","type":"product","link":"https:\/\/fengchashop.com\/es\/product\/gotas-de-bach-primeros-auxilios\/","title":{"rendered":"Gotas de Bach &#8211; Primeros auxilios"},"content":{"rendered":"<h2 style=\"text-align: justify;\"><span style=\"color: #000000;\">Gotas de Bach primeros auxilios<\/span><\/h2>\n<p>En la vida cotidiana nos encontramos con <strong>estr\u00e9s, tensi\u00f3n o emociones desagradables<\/strong> que a veces no sabemos c\u00f3mo manejar. Puede tratarse de cambios repentinos en la vida, problemas en el trabajo, desaf\u00edos en las relaciones o simplemente sentimientos de ansiedad y tensi\u00f3n. Si estas situaciones se repiten o duran mucho tiempo, pueden volverse abrumadoras.<\/p>\n<p>En esos momentos, las <strong>gotas de Bach<\/strong> son una verdadera ayuda de primeros auxilios. <strong>Ayudan a calmar la mente, reducir el estr\u00e9s y la tensi\u00f3n y a controlar mejor las respuestas emocionales<\/strong>.<\/p>\n<h2>Mezcla personalizada<\/h2>\n<p>Un terapeuta de Bach, tras una consulta contigo, prepara una <strong>mezcla fresca e individual de esencias florales<\/strong> (tambi\u00e9n <em>Rescue Remedy<\/em>). Cada mezcla es suficiente para aproximadamente un mes de uso y no contiene conservantes. Las gotas se utilizan directamente debajo de la lengua o en una bebida, lo que garantiza una acci\u00f3n r\u00e1pida y eficaz.<\/p>\n<h2><span style=\"color: #000000;\">\u00bf<\/span>C\u00f3mo funcionan las gotas de Bach?<\/h2>\n<p>Las gotas de Bach act\u00faan sobre el estado emocional y ayudan a armonizar situaciones de estr\u00e9s. Son \u00fatiles en casos de:<\/p>\n<ul>\n<li>sensaci\u00f3n de p\u00e1nico o ansiedad,<\/li>\n<li>preocupaci\u00f3n repentina o shock,<\/li>\n<li>afrontamiento de eventos estresantes (cambios inesperados, d\u00edas exigentes, conflictos\u2026 ),<\/li>\n<li>experiencias traum\u00e1ticas (enfermedad, p\u00e9rdida, cambios, situaciones de vida repentinas\u2026 ).<\/li>\n<\/ul>\n<p>Las mezclas se preparan seg\u00fan el <strong>m\u00e9todo original del Dr. Bach<\/strong>, utilizando exclusivamente <strong>esencias florales originales de Bach<\/strong>. Las gotas <strong>no tienen efectos secundarios<\/strong> y no es posible una sobredosis.<\/p>\n<p style=\"text-align: justify;\"><span style=\"color: #000000;\">No afecta a otros medicamentos.<\/span><\/p>\n<h2 style=\"text-align: justify;\"><span style=\"color: #000000;\">Almacenamiento<\/span><\/h2>\n<p style=\"text-align: justify;\"><span style=\"color: #000000;\">Conservar en un lugar seco y oscuro, a una temperatura de hasta +25 \u00b0C.<\/span><\/p>\n<h2 style=\"text-align: justify;\"><span style=\"color: #000000;\">Cantidad<\/span><\/h2>\n<p style=\"text-align: justify;\"><span style=\"color: #000000;\">30 ml (suficiente para 30 d\u00edas de uso regular)<\/span><\/p>\n<p>&nbsp;<\/p>\n","protected":false},"excerpt":{"rendered":"<p data-start=\"30\" data-end=\"303\">Las gotas de Bach act\u00faan eficazmente contra diversas dificultades emocionales del individuo. Ayudan en distintas crisis y situaciones dif\u00edciles de la vida. Con ellas nos calmamos y mantenemos la mente clara. Act\u00faan sobre nuestro estado emocional y ayudan a armonizarlo.<\/p>\n<p data-start=\"305\" data-end=\"717\" data-is-last-node=\"\" data-is-only-node=\"\">\ud83d\udc9a Las gotas se preparan y envasan a mano el mismo d\u00eda del env\u00edo.<br data-start=\"370\" data-end=\"373\" \/>\ud83d\udc9a Son aptas para todas las personas (embarazadas, personas mayores, ni\u00f1os, etc.) y tambi\u00e9n para animales.<br data-start=\"479\" data-end=\"482\" data-is-only-node=\"\" \/>\ud83d\udc9a No tienen efectos secundarios, no causan dependencia y no es posible sobredosificarlas.<br data-start=\"572\" data-end=\"575\" \/>\ud83d\udc9a Los primeros resultados pueden observarse en unos d\u00edas o semanas; esto depende de cada persona.<br data-start=\"673\" data-end=\"676\" \/>\ud83d\udc9a No interfieren con otros medicamentos.<\/p>\n","protected":false},"featured_media":4915,"comment_status":"open","ping_status":"closed","template":"","meta":{"_acf_changed":false},"product_brand":[],"product_cat":[15,204,216],"product_tag":[],"class_list":{"0":"post-7170","1":"product","2":"type-product","3":"status-publish","4":"has-post-thumbnail","6":"product_cat-uncategorized","7":"product_cat-gotas-de-bach","8":"product_cat-todos-los-productos","10":"first","11":"instock","12":"sale","13":"taxable","14":"shipping-taxable","15":"purchasable","16":"product-type-simple"},"acf":[],"_links":{"self":[{"href":"https:\/\/fengchashop.com\/es\/wp-json\/wp\/v2\/product\/7170","targetHints":{"allow":["GET"]}}],"collection":[{"href":"https:\/\/fengchashop.com\/es\/wp-json\/wp\/v2\/product"}],"about":[{"href":"https:\/\/fengchashop.com\/es\/wp-json\/wp\/v2\/types\/product"}],"replies":[{"embeddable":true,"href":"https:\/\/fengchashop.com\/es\/wp-json\/wp\/v2\/comments?post=7170"}],"wp:featuredmedia":[{"embeddable":true,"href":"https:\/\/fengchashop.com\/es\/wp-json\/wp\/v2\/media\/4915"}],"wp:attachment":[{"href":"https:\/\/fengchashop.com\/es\/wp-json\/wp\/v2\/media?parent=7170"}],"wp:term":[{"taxonomy":"product_brand","embeddable":true,"href":"https:\/\/fengchashop.com\/es\/wp-json\/wp\/v2\/product_brand?post=7170"},{"taxonomy":"product_cat","embeddable":true,"href":"https:\/\/fengchashop.com\/es\/wp-json\/wp\/v2\/product_cat?post=7170"},{"taxonomy":"product_tag","embeddable":true,"href":"https:\/\/fengchashop.com\/es\/wp-json\/wp\/v2\/product_tag?post=7170"}],"curies":[{"name":"wp","href":"https:\/\/api.w.org\/{rel}","templated":true}]}}