{"id":6837,"date":"2026-03-23T09:27:41","date_gmt":"2026-03-23T08:27:41","guid":{"rendered":"https:\/\/fengchashop.com\/es\/?post_type=product&#038;p=6837"},"modified":"2026-04-03T08:37:34","modified_gmt":"2026-04-03T06:37:34","slug":"gaba-en-polvo","status":"publish","type":"product","link":"https:\/\/fengchashop.com\/es\/product\/gaba-en-polvo\/","title":{"rendered":"GABA en polvo 125 g"},"content":{"rendered":"<div class=\"wpb-content-wrapper\"><p>[vc_row][vc_column][vc_column_text css=\u00bb\u00bb]<\/p>\n<h2><strong>GABA (\u00e1cido gamma-aminobut\u00edrico) en c\u00e1psulas<\/strong><\/h2>\n<p><strong>GABA (\u03b3-aminobutyric acid \/ \u00e1cido gamma-aminobut\u00edrico) es un neurotransmisor,<\/strong> es decir, una sustancia qu\u00edmica que permite la comunicaci\u00f3n entre las c\u00e9lulas nerviosas (neuronas) en el cerebro.<br \/>\nEs el principal <strong>neurotransmisor inhibidor<\/strong> del sistema nervioso central, lo que significa que <strong>calma la actividad cerebral y reduce la actividad nerviosa<\/strong>.<\/p>\n<h2><strong>\u00bfC\u00f3mo funciona?<\/strong><\/h2>\n<ul>\n<li>Cuando el GABA se une a sus receptores (GABA-A y GABA-B), reduce la actividad el\u00e9ctrica de las neuronas.<\/li>\n<li>Act\u00faa como un \u201cfreno\u201d en el sistema nervioso.<\/li>\n<li>Como resultado, el cuerpo y la mente se vuelven m\u00e1s relajados.<\/li>\n<\/ul>\n<h2><strong>Almacenamiento y advertencias<\/strong><\/h2>\n<p>Conservar en un lugar seco a una temperatura de hasta 25 \u00b0C, protegido de la humedad y la luz. Aseg\u00farese de que la bolsa o el envase est\u00e9n bien cerrados.<\/p>\n<p>Mantener fuera del alcance de los ni\u00f1os peque\u00f1os. El producto est\u00e1 destinado solo a adultos. Si padece alguna condici\u00f3n m\u00e9dica, toma medicamentos, est\u00e1 embarazada, en per\u00edodo de lactancia o planea quedarse embarazada, consulte a su m\u00e9dico antes de usarlo. No se recomienda su uso en personas menores de 18 a\u00f1os. No exceda la dosis diaria recomendada. Los complementos alimenticios no deben sustituir una dieta equilibrada y variada. Para mantener una buena salud son importantes una dieta equilibrada y variada, as\u00ed como un estilo de vida saludable.<\/p>\n<h2><strong>Envasado<\/strong><\/h2>\n<p>Bolsa herm\u00e9tica con cierre o envase, donde el producto conserva toda su frescura y aroma. El envase protege contra la luz y el aire. Est\u00e1 compuesto por varias capas de protecci\u00f3n que conservan las propiedades del producto.<\/p>\n<p>El envase es muy pr\u00e1ctico y permite su reciclaje.<\/p>\n<h2><strong>Origen<\/strong><\/h2>\n<p>Fuera de la UE<br \/>\n[\/vc_column_text][\/vc_column][\/vc_row]<\/p>\n<\/div>","protected":false},"excerpt":{"rendered":"<p data-start=\"0\" data-end=\"195\">Complemento alimenticio.<strong> GABA (\u00e1cido gamma-aminobut\u00edrico)<\/strong> es el principal neurotransmisor inhibidor del cerebro, que calma el sistema nervioso y favorece la relajaci\u00f3n. Ayuda a mantener el equilibrio entre la calma y la tensi\u00f3n.<\/p>\n<p>&nbsp;<\/p>\n","protected":false},"featured_media":6838,"comment_status":"open","ping_status":"closed","template":"","meta":{"_acf_changed":false},"product_brand":[],"product_cat":[15,203,195,216],"product_tag":[],"class_list":{"0":"post-6837","1":"product","2":"type-product","3":"status-publish","4":"has-post-thumbnail","6":"product_cat-uncategorized","7":"product_cat-minerales-y-vitaminas","8":"product_cat-superalimentos","9":"product_cat-todos-los-productos","11":"first","12":"instock","13":"sale","14":"taxable","15":"shipping-taxable","16":"purchasable","17":"product-type-simple"},"acf":[],"_links":{"self":[{"href":"https:\/\/fengchashop.com\/es\/wp-json\/wp\/v2\/product\/6837","targetHints":{"allow":["GET"]}}],"collection":[{"href":"https:\/\/fengchashop.com\/es\/wp-json\/wp\/v2\/product"}],"about":[{"href":"https:\/\/fengchashop.com\/es\/wp-json\/wp\/v2\/types\/product"}],"replies":[{"embeddable":true,"href":"https:\/\/fengchashop.com\/es\/wp-json\/wp\/v2\/comments?post=6837"}],"wp:featuredmedia":[{"embeddable":true,"href":"https:\/\/fengchashop.com\/es\/wp-json\/wp\/v2\/media\/6838"}],"wp:attachment":[{"href":"https:\/\/fengchashop.com\/es\/wp-json\/wp\/v2\/media?parent=6837"}],"wp:term":[{"taxonomy":"product_brand","embeddable":true,"href":"https:\/\/fengchashop.com\/es\/wp-json\/wp\/v2\/product_brand?post=6837"},{"taxonomy":"product_cat","embeddable":true,"href":"https:\/\/fengchashop.com\/es\/wp-json\/wp\/v2\/product_cat?post=6837"},{"taxonomy":"product_tag","embeddable":true,"href":"https:\/\/fengchashop.com\/es\/wp-json\/wp\/v2\/product_tag?post=6837"}],"curies":[{"name":"wp","href":"https:\/\/api.w.org\/{rel}","templated":true}]}}