{"id":6834,"date":"2025-12-09T08:20:22","date_gmt":"2025-12-09T07:20:22","guid":{"rendered":"https:\/\/fengchashop.com\/es\/?post_type=product&#038;p=6834"},"modified":"2026-05-05T00:50:48","modified_gmt":"2026-05-04T22:50:48","slug":"cordyceps-bio-3","status":"publish","type":"product","link":"https:\/\/fengchashop.com\/es\/product\/cordyceps-bio-3\/","title":{"rendered":"Cordyceps BIO 125 g"},"content":{"rendered":"<div class=\"wpb-content-wrapper\"><p>[vc_row][vc_column][vc_column_text css=\u00bb\u00bb]<\/p>\n<h2><span style=\"color: #000000;\">Cordyceps (hongo)<\/span><\/h2>\n<p><span style=\"color: #000000;\">El hongo Cordyceps es <strong>conocido en la medicina tradicional desde hace miles de a\u00f1os<\/strong> y, debido a sus propiedades beneficiosas, se utiliza con fines medicinales desde hace al menos el mismo tiempo. El hongo crece espont\u00e1neamente en zonas de alta monta\u00f1a y es un complemento alimenticio conocido por su <strong>capacidad para revitalizar el organismo y fortalecer el sistema inmunol\u00f3gico.<\/strong> En Extremo Oriente se recolecta en un entorno natural de muy dif\u00edcil acceso. Debido a su peque\u00f1o tama\u00f1o (cada hongo seco pesa alrededor de 0,3 g), al hecho de que solo crece 14 d\u00edas al a\u00f1o, a los principios activos que contiene y a su uso generalizado en la medicina tradicional, alcanza precios de hasta 50 000 \u20ac\/kg. Hasta hace poco, por lo tanto, estaba reservada exclusivamente a los emperadores y gobernantes chinos.<\/span><\/p>\n<p><span style=\"color: #000000;\">El Cordyceps<strong> se considera el descubrimiento nutricional m\u00e1s completo de nuestro milenio.<\/strong> Renueva la energ\u00eda y el sistema inmunol\u00f3gico y previene la aparici\u00f3n de enfermedades (degenerativas). A veces tambi\u00e9n se le denomina superoxidante, ya que aumenta el ox\u00edgeno en la sangre, restaura el organismo y previene la acidificaci\u00f3n.<\/span><\/p>\n<p><span style=\"color: #000000;\">El gobo es muy dif\u00edcil de producir, especialmente en Europa. Sin embargo, estamos orgullosos de haberlo cultivado. Nuestro Cordyceps se cultiva en Eslovenia, en espacios cerrados y controlados, sin utilizar productos qu\u00edmicos. <strong>Es uno de los de mayor calidad que se pueden encontrar actualmente en el mercado.<\/strong><\/span><\/p>\n<p><span style=\"color: #000000;\">El Cordyceps es un hongo par\u00e1sito que crece en la naturaleza como par\u00e1sito de insectos, sobre todo de orugas, de ah\u00ed su nombre en ingl\u00e9s Caterpillar Fungus. Sin embargo, nuestras setas cultivadas no se cr\u00edan en animales hospedadores, por lo que tambi\u00e9n son aptas para vegetarianos y veganos.<\/span><\/p>\n<p><span style=\"color: #000000;\">El cultivo de nuestras setas Cordyceps est\u00e1 estrictamente controlado, sin uso de productos qu\u00edmicos ni pesticidas, y es 100 % ecol\u00f3gico. La calidad de las setas es controlada regularmente por laboratorios independientes en Eslovenia y Estados Unidos.<\/span><\/p>\n<h2><span style=\"color: #000000;\">\u00bfQu\u00e9 contiene y para qui\u00e9n est\u00e1 destinado?<\/span><\/h2>\n<p><span style=\"color: #000000;\">El cordyceps est\u00e1 compuesto por l\u00edpidos complejos, prote\u00ednas, oligoelementos, polisac\u00e1ridos y vitaminas. Todos los elementos del hongo est\u00e1n presentes en grandes cantidades y tienen un efecto muy positivo en nuestro organismo. Contiene <strong>betacaroteno, vitamina<\/strong> E y C. Tambi\u00e9n contiene <strong>minerales<\/strong> como el zinc y el selenio, as\u00ed como 77 <strong>micro y macroelementos<\/strong> y <strong>sustancias \u00fanicas<\/strong> como la cordicepina (adenosina), el \u00e1cido cordicepico (D-manitol) y el polisac\u00e1rido inmunomodulador (beta-D-glucano).<\/span><\/p>\n<p><span style=\"color: #000000;\">En forma de polvo, el Cordyceps contiene muchos nutrientes cuyos efectos positivos han sido demostrados cient\u00edficamente. Estudios realizados en diferentes pa\u00edses del mundo han demostrado los numerosos efectos beneficiosos del consumo regular de Cordyceps. As\u00ed pues, los efectos curativos del Cordyceps, que en realidad son efectos beneficiosos reconocidos por la medicina tradicional y demostrados tambi\u00e9n en investigaciones modernas, son los siguientes:<\/span><\/p>\n<p><span style=\"color: #000000;\"> \ud83d\udc9a estimula <strong>el sistema inmunol\u00f3gico<\/strong>,<\/span><\/p>\n<p><span style=\"color: #000000;\"> \ud83d\udc9a mejora la <strong>condici\u00f3n f\u00edsica<\/strong>,<\/span><\/p>\n<p><span style=\"color: #000000;\"> \ud83d\udc9a aumenta la <strong>energ\u00eda corporal<\/strong>,<\/span><\/p>\n<p><span style=\"color: #000000;\"> \ud83d\udc9a tiene un efecto <strong>antiestr\u00e9s<\/strong>,<\/span><\/p>\n<p><span style=\"color: #000000;\"> \ud83d\udc9a aumenta la <strong>actividad sexual<\/strong>,<\/span><\/p>\n<p><span style=\"color: #000000;\"> \ud83d\udc9a ayuda a reducir el <strong>colesterol HDL alto, el sobrepeso y la diabetes<\/strong>,<\/span><\/p>\n<p><span style=\"color: #000000;\"> \ud83d\udc9a tiene la funci\u00f3n de mantener <strong>el coraz\u00f3n y el sistema vascular sanos<\/strong>.<\/span><\/p>\n<p><span style=\"color: #000000;\">Recomendamos Cordyceps especialmente a <strong>deportistas<\/strong> y otras personas activas despu\u00e9s de un esfuerzo f\u00edsico prolongado, as\u00ed como a personas que desean un ritmo m\u00e1s activo en sus tareas diarias. Tambi\u00e9n se recomienda en casos de<strong> fatiga excesiva, falta de energ\u00eda y estr\u00e9s.<\/strong> Adem\u00e1s, es un complemento para<strong> aumentar la potencia sexual y fortalecer el cuerpo y la mente<\/strong>. Nos ayuda a<strong> combatir con \u00e9xito el estr\u00e9s<\/strong>, que suele ser consecuencia de los retos cotidianos de la vida. A menudo se recomienda a <strong>diab\u00e9ticos, pacientes con c\u00e1ncer y pacientes con enfermedades cardiovasculares,<\/strong> incluyendo insuficiencia card\u00edaca y arritmia. El cordyceps tambi\u00e9n tiene un efecto beneficioso sobre el sistema respiratorio y cura enfermedades respiratorias como el asma. Sus propiedades antivirales son eficaces contra infecciones virales como la gripe.<\/span><\/p>\n<p><span style=\"color: #000000;\">Y lo que es muy importante, el Cordyceps es un producto 100 % natural que nos puede ayudar de forma natural. Mejora los s\u00edntomas de nuestros problemas y tiene un efecto positivo en nuestro bienestar general.<\/span><\/p>\n<h2><span style=\"color: #000000;\">\u00bfPor qu\u00e9 precisamente las setas?<\/span><\/h2>\n<p><span style=\"color: #000000;\">Las setas son muy interesantes. No son ni plantas ni animales, sino organismos incre\u00edbles que han logrado sobrevivir pr\u00e1cticamente desde el principio del mundo. Han desarrollado una estrategia de supervivencia especial que las ha conservado hasta nuestros d\u00edas. Las personas tambi\u00e9n podemos aprovechar estas ventajas mediante el consumo de hongos medicinales. Nos aportan equilibrio a nivel corporal y nos protegen de numerosas enfermedades. Pueden ser preventivas, pero tambi\u00e9n pueden servir de apoyo curativo junto con tratamientos convencionales o no convencionales para numerosas enfermedades (de la era moderna). Tradicionalmente, se atribuyen a las setas efectos beneficiosos en casos de c\u00e1ncer, enfermedades autoinmunes y alergias. Tambi\u00e9n influyen positivamente en la respuesta sana y fuerte del sistema inmunol\u00f3gico. Las investigaciones m\u00e9dicas realizadas en las \u00faltimas d\u00e9cadas, cuando las setas empezaron a despertar inter\u00e9s tambi\u00e9n en el mundo occidental, han confirmado muchos de sus efectos terap\u00e9uticos.<\/span><\/p>\n<p><span style=\"color: #000000;\">Dado que ciertos principios activos naturales son indigestos o dif\u00edciles de digerir para nosotros, es muy importante que consumamos solo las mejores setas en polvo. Las setas deben cultivarse, secarse y prepararse correctamente. Deben molerse hasta obtener un polvo fino sin trozos. El color del polvo es m\u00e1s claro, aunque tambi\u00e9n depende del tipo de hongo que tomemos. Dado que los hongos son tan eficaces precisamente porque tienen la capacidad de absorber todo, tanto lo bueno como lo malo del entorno, es importante que recurramos a los cultivados ecol\u00f3gicamente.<\/span><\/p>\n<h2><span style=\"color: #000000;\">Envasado<\/span><\/h2>\n<p><span style=\"color: #000000;\">Bolsa herm\u00e9tica con cremallera, donde el producto conserva toda su frescura y aroma. El envase protege del aire y la luz, ya que est\u00e1 compuesto por varias capas protectoras que conservan las propiedades del contenido.<\/span><\/p>\n<p><span style=\"color: #000000;\">El envase es muy pr\u00e1ctico y se puede reciclar.<\/span><\/p>\n<h2><span style=\"color: #000000;\">Almacenamiento y advertencias<\/span><\/h2>\n<p><span style=\"color: #000000;\">Almacenar en un lugar seco y fresco. \u00a1Mantener el complemento alimenticio fuera del alcance de los ni\u00f1os!<\/span><\/p>\n<p><span style=\"color: #000000;\">No olvide la importancia de una dieta variada y un estilo de vida saludable, por lo que el complemento alimenticio no sustituye a una dieta equilibrada y variada. No se debe exceder la dosis diaria recomendada. Recomendamos a las mujeres embarazadas y en periodo de lactancia que consulten siempre a su m\u00e9dico antes de utilizar este producto.<\/span><\/p>\n<p><span style=\"color: #000000;\">Se desaconseja su uso en ni\u00f1os y personas que est\u00e9n en tratamiento con anticoagulantes, as\u00ed como en personas que tomen medicamentos que inhiban la respuesta inmunitaria.<\/span><\/p>\n<h2><span style=\"color: #000000;\">Es bueno saberlo<\/span><\/h2>\n<p><span style=\"color: #000000;\">El producto tambi\u00e9n es adecuado para animales. En la mayor\u00eda de los casos, las setas medicinales resultan extremadamente eficaces para fortalecer el sistema inmunol\u00f3gico, eliminar alergias y enfermedades de la piel, as\u00ed como infecciones virales y bacterianas. Antes de utilizarlas, consulte con su veterinario sobre la conveniencia de tomarlas y la dosis diaria recomendada.<\/span><\/p>\n<h2><span style=\"color: #000000;\">Origen<\/span><\/h2>\n<p>China. Contamos con proveedores muy fiables que nos env\u00edan un an\u00e1lisis qu\u00edmico detallado del alimento para cada serie. En m\u00e1s de diez a\u00f1os, no hemos tenido ninguna devoluci\u00f3n ni ning\u00fan otro problema con este art\u00edculo, ni tampoco con otros art\u00edculos del mismo proveedor.<\/p>\n<p>El art\u00edculo cuenta con un certificado 100 % ecol\u00f3gico.[\/vc_column_text][\/vc_column][\/vc_row]<\/p>\n<\/div>","protected":false},"excerpt":{"rendered":"<p align=\"JUSTIFY\">Complemento alimenticio. El hongo Cordyceps es <strong>conocido en la medicina tradicional desde hace miles de a\u00f1os<\/strong> y, debido a sus propiedades beneficiosas, se utiliza con fines medicinales desde hace al menos el mismo tiempo. El hongo crece espont\u00e1neamente en zonas de alta monta\u00f1a y es un complemento alimenticio conocido por su <strong>capacidad para revitalizar el organismo<\/strong> y <strong>fortalecer el sistema inmunol\u00f3gico<\/strong>.<\/p>\n<p align=\"JUSTIFY\">\ud83d\udc9a Estimula el sistema inmunol\u00f3gico.<br \/>\n\ud83d\udc9a Mejora la condici\u00f3n f\u00edsica.<br \/>\n\ud83d\udc9a Aumenta la energ\u00eda del cuerpo.<br \/>\n\ud83d\udc9a Tiene un efecto antiestr\u00e9s.<br \/>\n\ud83d\udc9a Tiene un efecto positivo en una serie de problemas de salud.<\/p>\n","protected":false},"featured_media":4101,"comment_status":"open","ping_status":"closed","template":"","meta":{"_acf_changed":false},"product_brand":[],"product_cat":[15,198,218,216],"product_tag":[],"class_list":{"0":"post-6834","1":"product","2":"type-product","3":"status-publish","4":"has-post-thumbnail","6":"product_cat-uncategorized","7":"product_cat-hongos-medicinales","8":"product_cat-mas-vendidos","9":"product_cat-todos-los-productos","11":"first","12":"instock","13":"sale","14":"taxable","15":"shipping-taxable","16":"purchasable","17":"product-type-simple"},"acf":[],"_links":{"self":[{"href":"https:\/\/fengchashop.com\/es\/wp-json\/wp\/v2\/product\/6834","targetHints":{"allow":["GET"]}}],"collection":[{"href":"https:\/\/fengchashop.com\/es\/wp-json\/wp\/v2\/product"}],"about":[{"href":"https:\/\/fengchashop.com\/es\/wp-json\/wp\/v2\/types\/product"}],"replies":[{"embeddable":true,"href":"https:\/\/fengchashop.com\/es\/wp-json\/wp\/v2\/comments?post=6834"}],"wp:featuredmedia":[{"embeddable":true,"href":"https:\/\/fengchashop.com\/es\/wp-json\/wp\/v2\/media\/4101"}],"wp:attachment":[{"href":"https:\/\/fengchashop.com\/es\/wp-json\/wp\/v2\/media?parent=6834"}],"wp:term":[{"taxonomy":"product_brand","embeddable":true,"href":"https:\/\/fengchashop.com\/es\/wp-json\/wp\/v2\/product_brand?post=6834"},{"taxonomy":"product_cat","embeddable":true,"href":"https:\/\/fengchashop.com\/es\/wp-json\/wp\/v2\/product_cat?post=6834"},{"taxonomy":"product_tag","embeddable":true,"href":"https:\/\/fengchashop.com\/es\/wp-json\/wp\/v2\/product_tag?post=6834"}],"curies":[{"name":"wp","href":"https:\/\/api.w.org\/{rel}","templated":true}]}}