{"id":6753,"date":"2025-10-07T07:57:46","date_gmt":"2025-10-07T05:57:46","guid":{"rendered":"https:\/\/fengchashop.com\/es\/product\/bachove-kapljice-zalost\/"},"modified":"2026-04-30T12:10:59","modified_gmt":"2026-04-30T10:10:59","slug":"gotas-de-bach-tristeza","status":"publish","type":"product","link":"https:\/\/fengchashop.com\/es\/product\/gotas-de-bach-tristeza\/","title":{"rendered":"Gotas de Bach \u2013 Tristeza"},"content":{"rendered":"<h2 style=\"text-align: justify;\"><span style=\"color: #000000;\">Gotas de Bach contra la tristeza<\/span><\/h2>\n<p><strong>La tristeza<\/strong> es una emoci\u00f3n natural que puede aparecer <strong>ante una p\u00e9rdida, una decepci\u00f3n, la soledad o simplemente por una sensaci\u00f3n de vac\u00edo<\/strong>. Aunque forma parte de la vida, una tristeza prolongada o intensa puede afectar a nuestra salud mental y f\u00edsica. Las personas suelen experimentarla como <strong>una sensaci\u00f3n de peso en el coraz\u00f3n, apat\u00eda, falta de energ\u00eda o disminuci\u00f3n de la motivaci\u00f3n.<\/strong> Por eso es especialmente importante aprender a afrontarla y encontrar formas de recuperar el equilibrio interior. Las gotas de Bach pueden ayudarnos en este proceso, ya que <strong>ofrecen un apoyo suave en los desaf\u00edos emocionales y nos gu\u00edan hacia una mayor calma y energ\u00eda vital<\/strong>.<\/p>\n<p>Los primeros resultados pueden observarse en unos d\u00edas o semanas, ya que esto depende de cada individuo. La mezcla preparada es suficiente para 30 d\u00edas, y las gotas pueden aplicarse f\u00e1cilmente directamente en la boca o a\u00f1adirse a un vaso de agua.<\/p>\n<p><strong>Las causas m\u00e1s comunes de la tristeza son:<\/strong><\/p>\n<ul>\n<li>la p\u00e9rdida de un ser querido o la ruptura de una relaci\u00f3n,<\/li>\n<li>sensaci\u00f3n de soledad o de no ser comprendido,<\/li>\n<li>expectativas no cumplidas,<\/li>\n<li>cambios en la vida (mudanza, cambio de trabajo, etc.),<\/li>\n<li>estr\u00e9s prolongado y agotamiento.<\/li>\n<\/ul>\n<p><strong>La terapia con gotas de Bach para la tristeza le ayudar\u00e1 a:<\/strong><\/p>\n<ul>\n<li>procesar m\u00e1s f\u00e1cilmente las p\u00e9rdidas emocionales,<\/li>\n<li>recuperar la sensaci\u00f3n de fuerza interior,<\/li>\n<li>reducir la sensaci\u00f3n de pesadez y apat\u00eda,<\/li>\n<li>abrir espacio para una nueva esperanza y alegr\u00eda,<\/li>\n<li>volver a sentir el equilibrio y la energ\u00eda vital.<\/li>\n<\/ul>\n<h2><span style=\"color: #000000;\">\u00bf<\/span><span style=\"color: #000000;\">C\u00f3mo act\u00faan las gotas de Bach<\/span><\/h2>\n<p>Las gotas de Bach apoyan <strong>el equilibrio emocional y pueden ayudar a afrontar la tristeza, que a menudo influye en la energ\u00eda, la motivaci\u00f3n y el bienestar general<\/strong>. Tambi\u00e9n nos ayudan en distintas crisis y situaciones dif\u00edciles de la vida. Con ellas nos calmamos y mantenemos la mente clara, ya que act\u00faan sobre nuestro estado emocional y ayudan a armonizarlo. Con la ayuda de las gotas de Bach <strong>tomamos el control de nuestras emociones<\/strong>, lo que nos permite crear armon\u00eda y encontrar nuestra paz interior.<\/p>\n<p style=\"text-align: justify;\"><span style=\"color: #000000;\">La terapia de Bach promueve la autosanaci\u00f3n y la relajaci\u00f3n espiritual. Seg\u00fan la teor\u00eda del Dr. Bach, la causa de las enfermedades se encuentra en un estado de desarmon\u00eda, es decir, en la falta de armon\u00eda entre el cuerpo y el alma. Con la ayuda de las esencias florales tratamos de sanar la enfermedad aprovechando <b>las propiedades positivas de las flores<\/b>, que nos ayudan a restablecer el equilibrio interior.<\/span><\/p>\n<p style=\"text-align: justify;\"><span style=\"color: #000000;\">Las mezclas de gotas de Bach se preparan seg\u00fan el m\u00e9todo del Dr. Bach y utilizamos<strong> exclusivamente esencias originales de Bach<\/strong>.<\/span><\/p>\n<p style=\"text-align: justify;\"><span style=\"color: #000000;\">Las gotas se toman de un frasco con pipeta incluida, lo que facilita enormemente la dosificaci\u00f3n. Se toman 4 veces al d\u00eda, 4 gotas cada vez, distribuidas a lo largo del d\u00eda. El frasco que recibe es suficiente para 1 mes de tratamiento.<\/span><\/p>\n<p style=\"text-align: justify;\"><span style=\"color: #000000;\">Cada frasco de la mezcla seleccionada<b> se prepara a mano y al momento<\/b>. Para mantener la mezcla fresca durante m\u00e1s tiempo, se a\u00f1ade una peque\u00f1a cantidad de alcohol (co\u00f1ac). La vida \u00fatil de la mezcla es de 1 mes desde la fecha de compra.<\/span><\/p>\n<p style=\"text-align: justify;\"><span style=\"color: #000000;\">Dado que las gotas de Bach <strong>no tienen<\/strong> <b>efectos secundarios<\/b>, no es posible sobredosificarlas ni causan dependencia. Son aptas para todos: embarazadas, madres lactantes, personas mayores, ni\u00f1os y animales.<\/span><\/p>\n<p style=\"text-align: justify;\"><span style=\"color: #000000;\">No interfieren con otros medicamentos.<\/span><\/p>\n<h2 style=\"text-align: justify;\"><span style=\"color: #000000;\">Conservaci\u00f3n<\/span><\/h2>\n<p style=\"text-align: justify;\"><span style=\"color: #000000;\">Conservar en un lugar seco y oscuro, a una temperatura de hasta +25 \u00b0C.<\/span><\/p>\n<h2 style=\"text-align: justify;\"><span style=\"color: #000000;\">Cantidad<\/span><\/h2>\n<p style=\"text-align: justify;\"><span style=\"color: #000000;\">30 ml (suficiente para 30 d\u00edas de uso regular)<\/span><\/p>\n","protected":false},"excerpt":{"rendered":"<p data-start=\"30\" data-end=\"303\">Las gotas de Bach act\u00faan eficazmente contra diversas dificultades emocionales del individuo. Ayudan en distintas crisis y situaciones dif\u00edciles de la vida. Con ellas nos calmamos y mantenemos la mente clara. Act\u00faan sobre nuestro estado emocional y ayudan a armonizarlo.<\/p>\n<p data-start=\"305\" data-end=\"717\" data-is-last-node=\"\" data-is-only-node=\"\">\ud83d\udc9a Las gotas se preparan y envasan a mano el mismo d\u00eda del env\u00edo.<br data-start=\"370\" data-end=\"373\" \/>\ud83d\udc9a Son aptas para todas las personas (embarazadas, personas mayores, ni\u00f1os, etc.) y tambi\u00e9n para animales.<br data-start=\"479\" data-end=\"482\" data-is-only-node=\"\" \/>\ud83d\udc9a No tienen efectos secundarios, no causan dependencia y no es posible sobredosificarlas.<br data-start=\"572\" data-end=\"575\" \/>\ud83d\udc9a Los primeros resultados pueden observarse en unos d\u00edas o semanas; esto depende de cada persona.<br data-start=\"673\" data-end=\"676\" \/>\ud83d\udc9a No interfieren con otros medicamentos.<\/p>\n","protected":false},"featured_media":4915,"comment_status":"open","ping_status":"closed","template":"","meta":{"_acf_changed":false},"product_brand":[],"product_cat":[15,204,216],"product_tag":[],"class_list":{"0":"post-6753","1":"product","2":"type-product","3":"status-publish","4":"has-post-thumbnail","6":"product_cat-uncategorized","7":"product_cat-gotas-de-bach","8":"product_cat-todos-los-productos","10":"first","11":"instock","12":"sale","13":"taxable","14":"shipping-taxable","15":"purchasable","16":"product-type-simple"},"acf":[],"_links":{"self":[{"href":"https:\/\/fengchashop.com\/es\/wp-json\/wp\/v2\/product\/6753","targetHints":{"allow":["GET"]}}],"collection":[{"href":"https:\/\/fengchashop.com\/es\/wp-json\/wp\/v2\/product"}],"about":[{"href":"https:\/\/fengchashop.com\/es\/wp-json\/wp\/v2\/types\/product"}],"replies":[{"embeddable":true,"href":"https:\/\/fengchashop.com\/es\/wp-json\/wp\/v2\/comments?post=6753"}],"wp:featuredmedia":[{"embeddable":true,"href":"https:\/\/fengchashop.com\/es\/wp-json\/wp\/v2\/media\/4915"}],"wp:attachment":[{"href":"https:\/\/fengchashop.com\/es\/wp-json\/wp\/v2\/media?parent=6753"}],"wp:term":[{"taxonomy":"product_brand","embeddable":true,"href":"https:\/\/fengchashop.com\/es\/wp-json\/wp\/v2\/product_brand?post=6753"},{"taxonomy":"product_cat","embeddable":true,"href":"https:\/\/fengchashop.com\/es\/wp-json\/wp\/v2\/product_cat?post=6753"},{"taxonomy":"product_tag","embeddable":true,"href":"https:\/\/fengchashop.com\/es\/wp-json\/wp\/v2\/product_tag?post=6753"}],"curies":[{"name":"wp","href":"https:\/\/api.w.org\/{rel}","templated":true}]}}