{"id":6751,"date":"2025-10-06T12:03:30","date_gmt":"2025-10-06T10:03:30","guid":{"rendered":"https:\/\/fengchashop.com\/es\/product\/chaga-bio\/"},"modified":"2026-05-04T14:16:14","modified_gmt":"2026-05-04T12:16:14","slug":"chaga-bio","status":"publish","type":"product","link":"https:\/\/fengchashop.com\/es\/product\/chaga-bio\/","title":{"rendered":"Chaga BIO 125 g"},"content":{"rendered":"<h2><span style=\"color: #000000;\">Chaga (Inonotus obliquus) BIO en polvo<\/span><\/h2>\n<p style=\"text-align: justify;\"><span style=\"color: #000000;\">Chaga o Inonotus obliquus es un complemento alimenticio.\u00a0En esloveno tambi\u00e9n se le conoce como \u00abbrezin luknja\u010d\u00bb, ya que recuerda a la corteza pelada de un abedul. Es originario de Siberia, donde crece a temperaturas de hasta -40 \u00b0C. El chaga es un hongo par\u00e1sito que crece en \u00e1rboles vivos (principalmente abedules) y se alimenta de sus savias. El chaga es un hongo adapt\u00f3geno. Los cient\u00edficos rusos y japoneses conf\u00edan m\u00e1s en \u00e9l que en el conocido Ganoderma lucidum (reishi).<\/span><\/p>\n<p style=\"text-align: justify;\"><span style=\"color: #000000;\">El cultivo de nuestra chaga est\u00e1 estrictamente controlado, sin uso de productos qu\u00edmicos ni pesticidas, y es 100 % ecol\u00f3gico. La calidad de los hongos es controlada regularmente por laboratorios independientes en Eslovenia y Estados Unidos.<\/span><\/p>\n<h2><span style=\"color: #000000;\">Envasado<\/span><\/h2>\n<p><span style=\"color: #000000;\">Bolsa herm\u00e9tica con cremallera, donde el producto conserva toda su frescura y aroma. El envase protege del aire y la luz, ya que est\u00e1 compuesto por varias capas protectoras que conservan las propiedades del contenido.<\/span><\/p>\n<p><span style=\"color: #000000;\">El envase es muy pr\u00e1ctico y se puede reciclar.<\/span><\/p>\n<h2><span style=\"color: #000000;\">Almacenamiento y advertencias<\/span><\/h2>\n<p><span style=\"color: #000000;\">Almacenar en un lugar seco y fresco. \u00a1Mantener el complemento alimenticio fuera del alcance de los ni\u00f1os!<\/span><\/p>\n<p><span style=\"color: #000000;\">No olvide la importancia de una dieta variada y un estilo de vida saludable, por lo que el complemento alimenticio no sustituye a una dieta equilibrada y variada. No se deben superar las cantidades diarias recomendadas. Recomendamos a las mujeres embarazadas y en periodo de lactancia que consulten siempre a su m\u00e9dico antes de utilizar este producto.<\/span><\/p>\n<h2><span style=\"color: #000000;\">Otros usos<\/span><\/h2>\n<p style=\"text-align: justify;\"><span style=\"color: #000000;\">El producto tambi\u00e9n es adecuado para animales.<\/span><\/p>\n<h2><span style=\"color: #000000;\">Origen<\/span><\/h2>\n<p style=\"text-align: justify;\"><span style=\"color: #000000;\">China<\/span><\/p>\n<p><span style=\"color: #000000;\">Contamos con proveedores muy fiables que nos env\u00edan un an\u00e1lisis qu\u00edmico detallado de los alimentos de cada lote. En m\u00e1s de diez a\u00f1os, no hemos tenido ni una sola retirada del mercado ni ning\u00fan otro problema con este producto, ni con otros productos del mismo proveedor.<\/span><\/p>\n","protected":false},"excerpt":{"rendered":"<p align=\"JUSTIFY\">Prehransko dopolnilo. Chaga ali Inonotus obliquus izvira iz Sibirije, kjer uspeva na tudi -40 \u00b0C.<\/p>\n<p>\ud83d\udc9a Je <span style=\"color: #000000;\">adaptogena goba.<\/span><br \/>\n\ud83d\udc9a 100 % ekolo\u0161ka.<\/p>\n","protected":false},"featured_media":4165,"comment_status":"open","ping_status":"closed","template":"","meta":{"_acf_changed":false},"product_brand":[],"product_cat":[15,198,216],"product_tag":[],"class_list":{"0":"post-6751","1":"product","2":"type-product","3":"status-publish","4":"has-post-thumbnail","6":"product_cat-uncategorized","7":"product_cat-hongos-medicinales","8":"product_cat-todos-los-productos","10":"first","11":"instock","12":"taxable","13":"shipping-taxable","14":"purchasable","15":"product-type-simple"},"acf":[],"_links":{"self":[{"href":"https:\/\/fengchashop.com\/es\/wp-json\/wp\/v2\/product\/6751","targetHints":{"allow":["GET"]}}],"collection":[{"href":"https:\/\/fengchashop.com\/es\/wp-json\/wp\/v2\/product"}],"about":[{"href":"https:\/\/fengchashop.com\/es\/wp-json\/wp\/v2\/types\/product"}],"replies":[{"embeddable":true,"href":"https:\/\/fengchashop.com\/es\/wp-json\/wp\/v2\/comments?post=6751"}],"wp:featuredmedia":[{"embeddable":true,"href":"https:\/\/fengchashop.com\/es\/wp-json\/wp\/v2\/media\/4165"}],"wp:attachment":[{"href":"https:\/\/fengchashop.com\/es\/wp-json\/wp\/v2\/media?parent=6751"}],"wp:term":[{"taxonomy":"product_brand","embeddable":true,"href":"https:\/\/fengchashop.com\/es\/wp-json\/wp\/v2\/product_brand?post=6751"},{"taxonomy":"product_cat","embeddable":true,"href":"https:\/\/fengchashop.com\/es\/wp-json\/wp\/v2\/product_cat?post=6751"},{"taxonomy":"product_tag","embeddable":true,"href":"https:\/\/fengchashop.com\/es\/wp-json\/wp\/v2\/product_tag?post=6751"}],"curies":[{"name":"wp","href":"https:\/\/api.w.org\/{rel}","templated":true}]}}