{"id":6741,"date":"2025-06-03T11:24:54","date_gmt":"2025-06-03T09:24:54","guid":{"rendered":"https:\/\/fengchashop.com\/es\/product\/zmajeva-kri-sangre-de-grado-drago-kapljice\/"},"modified":"2026-04-30T12:17:24","modified_gmt":"2026-04-30T10:17:24","slug":"sangre-de-grado-sangre-de-drago-gotas","status":"publish","type":"product","link":"https:\/\/fengchashop.com\/es\/product\/sangre-de-grado-sangre-de-drago-gotas\/","title":{"rendered":"Sangre de Grado (Sangre de Grado \/ Drago) gotas 30 ml"},"content":{"rendered":"<h2><strong>\u00bfQu\u00e9 es la sangre de drag\u00f3n?<\/strong><\/h2>\n<p>La sangre de drag\u00f3n, tambi\u00e9n conocida como <strong>Sangre de Grado o Drago<\/strong>, es una valiosa <strong>resina de color rojo-marr\u00f3n<\/strong> que se extrae de la corteza del \u00e1rbol del drag\u00f3n peruano (Croton lechleri). Se trata de un preparado natural muy apreciado que los pueblos ind\u00edgenas de Sudam\u00e9rica utilizan desde hace siglos como remedio natural vers\u00e1til para numerosas dolencias, tanto externas como internas. Se obtiene mediante un suave corte en la corteza del \u00e1rbol, sin da\u00f1ar la planta.<\/p>\n<p>Nuestro producto proviene de una producci\u00f3n sostenible y ecol\u00f3gicamente responsable en el coraz\u00f3n de la selva amaz\u00f3nica peruana. La resina es recolectada a mano por los ind\u00edgenas locales, que as\u00ed conservan sus conocimientos tradicionales y reciben una remuneraci\u00f3n justa por su trabajo. La extracci\u00f3n de la resina se realiza sin da\u00f1ar los \u00e1rboles, lo que garantiza la protecci\u00f3n a largo plazo del medio ambiente natural.<\/p>\n<p>La sangre de drag\u00f3n que ofrecemos es <strong>resina vegetal 100 % pura, sin alcohol, conservantes, colorantes ni aditivos artificiales<\/strong>. Se trata de un extracto natural directamente de la planta, que conserva todas sus propiedades originales y su potencial terap\u00e9utico. Tiene un intenso color rojo oscuro, caracter\u00edstico de la presencia de antioxidantes y taninos naturales, por lo que hay que tener cuidado al utilizarlo para que no entre en contacto con la ropa, ya que puede dejar manchas permanentes.<\/p>\n<h2><strong>Efectos y beneficios de la sangre de drag\u00f3n<\/strong><\/h2>\n<p>Debido a su composici\u00f3n qu\u00edmica \u00fanica, con un alto contenido en taninos, alcaloides (como la taspina), compuestos fen\u00f3licos y antioxidantes, la sangre de drag\u00f3n tiene numerosos efectos tradicionales confirmados:<\/p>\n<p><strong>\ud83d\udc9a Uso externo: <em>protecci\u00f3n natural de la piel<\/em>:<\/strong><\/p>\n<ul>\n<li><strong>R\u00e1pida cicatrizaci\u00f3n de heridas y lesiones<\/strong>: act\u00faa como antis\u00e9ptico y hemost\u00e1tico natural (detiene el sangrado) y estimula la regeneraci\u00f3n de los tejidos.<\/li>\n<li><strong>Reduce la inflamaci\u00f3n y el picor<\/strong>: adecuado para el acn\u00e9, las picaduras de insectos, el eccema, la psoriasis y otros problemas cut\u00e1neos.<\/li>\n<li><strong>Eficaz contra las infecciones f\u00fangicas y bacterianas<\/strong><\/li>\n<li><strong>Alivia las quemaduras, incluidas las quemaduras solares<\/strong>: tiene un efecto refrescante y regenerador.<\/li>\n<li><strong>\u00abSegundo vendaje\u00bb natural: al aplicarlo, forma una fina capa protectora sobre la piel. <\/strong><\/li>\n<\/ul>\n<p><strong>\ud83d\udc9a Uso interno: <em>con precauci\u00f3n y bajo supervisi\u00f3n m\u00e9dica<\/em>:<\/strong><\/p>\n<ul>\n<li><strong>Apoyo al sistema digestivo<\/strong>: alivia problemas como \u00falceras estomacales, inflamaciones de las mucosas, diarrea y s\u00edndrome del intestino irritable<\/li>\n<li><strong>Acci\u00f3n antiinflamatoria<\/strong>: ayuda en caso de inflamaciones internas, tambi\u00e9n en la cavidad bucal y la garganta<\/li>\n<li><strong>Fortalecimiento del sistema inmunol\u00f3gico<\/strong> : ayuda al cuerpo a defenderse de virus y bacterias.<\/li>\n<li><strong>Poder antioxidante<\/strong>: favorece la renovaci\u00f3n celular y la desintoxicaci\u00f3n del cuerpo.<\/li>\n<\/ul>\n<h2><strong>Cantidad<\/strong><\/h2>\n<p>30 ml<\/p>\n<h2><strong>Envase<\/strong><\/h2>\n<p>En envase de vidrio con gotero para facilitar la dosificaci\u00f3n.<\/p>\n<h2><strong>Advertencias<\/strong><\/h2>\n<p>Solo para uso externo, salvo que un especialista indique lo contrario. El uso interno solo est\u00e1 permitido tras consultar con un m\u00e9dico. Evitar el contacto con los ojos y las mucosas. No utilizar en ni\u00f1os, mujeres embarazadas o lactantes sin consejo m\u00e9dico. Puede dejar manchas permanentes en los tejidos. Mantener fuera del alcance de los ni\u00f1os, en un lugar seco y oscuro.<\/p>\n<h2><strong>Origen<\/strong><\/h2>\n<p>Ecuador<\/p>\n","protected":false},"excerpt":{"rendered":"<p>La sangre de drag\u00f3n (Dragon&#8217;s Blood) es una resina natural del \u00e1rbol <em data-start=\"57\" data-end=\"74\">Croton lechleri<\/em>, conocido por sus excepcionales propiedades regenerativas y protectoras de la piel. Debido a su alto contenido en antioxidantes, protege la piel de los radicales libres y del envejecimiento prematuro. Tambi\u00e9n se utiliza como tratamiento natural para el acn\u00e9, las cicatrices y la piel sensible.<\/p>\n<p>\ud83d\udc9a antis\u00e9ptico natural,<br \/>\n\ud83d\udc9a reduce la inflamaci\u00f3n,<br \/>\n\ud83d\udc9a acelera la cicatrizaci\u00f3n de las heridas y<br \/>\n\ud83d\udc9a alivia la irritaci\u00f3n.<\/p>\n","protected":false},"featured_media":6117,"comment_status":"open","ping_status":"closed","template":"","meta":{"_acf_changed":false},"product_brand":[],"product_cat":[15,208,216],"product_tag":[],"class_list":{"0":"post-6741","1":"product","2":"type-product","3":"status-publish","4":"has-post-thumbnail","6":"product_cat-uncategorized","7":"product_cat-otros","8":"product_cat-todos-los-productos","10":"first","11":"instock","12":"taxable","13":"shipping-taxable","14":"purchasable","15":"product-type-simple"},"acf":[],"_links":{"self":[{"href":"https:\/\/fengchashop.com\/es\/wp-json\/wp\/v2\/product\/6741","targetHints":{"allow":["GET"]}}],"collection":[{"href":"https:\/\/fengchashop.com\/es\/wp-json\/wp\/v2\/product"}],"about":[{"href":"https:\/\/fengchashop.com\/es\/wp-json\/wp\/v2\/types\/product"}],"replies":[{"embeddable":true,"href":"https:\/\/fengchashop.com\/es\/wp-json\/wp\/v2\/comments?post=6741"}],"wp:featuredmedia":[{"embeddable":true,"href":"https:\/\/fengchashop.com\/es\/wp-json\/wp\/v2\/media\/6117"}],"wp:attachment":[{"href":"https:\/\/fengchashop.com\/es\/wp-json\/wp\/v2\/media?parent=6741"}],"wp:term":[{"taxonomy":"product_brand","embeddable":true,"href":"https:\/\/fengchashop.com\/es\/wp-json\/wp\/v2\/product_brand?post=6741"},{"taxonomy":"product_cat","embeddable":true,"href":"https:\/\/fengchashop.com\/es\/wp-json\/wp\/v2\/product_cat?post=6741"},{"taxonomy":"product_tag","embeddable":true,"href":"https:\/\/fengchashop.com\/es\/wp-json\/wp\/v2\/product_tag?post=6741"}],"curies":[{"name":"wp","href":"https:\/\/api.w.org\/{rel}","templated":true}]}}