{"id":6740,"date":"2025-06-09T10:03:02","date_gmt":"2025-06-09T08:03:02","guid":{"rendered":"https:\/\/fengchashop.com\/es\/product\/kudzu-v-prahu\/"},"modified":"2026-05-05T10:33:47","modified_gmt":"2026-05-05T08:33:47","slug":"kudzu-en-polvo","status":"publish","type":"product","link":"https:\/\/fengchashop.com\/es\/product\/kudzu-en-polvo\/","title":{"rendered":"Kudzu en polvo 250 g"},"content":{"rendered":"<h2><strong>\u00bfQu\u00e9 es el kudzu?<\/strong><\/h2>\n<p>El <strong>kudzu<\/strong> (pronunciado <em>k\u00fadzu<\/em>) es una enredadera de r\u00e1pido crecimiento originaria de Asia oriental, principalmente de China, Jap\u00f3n y Corea. Tambi\u00e9n se le conoce como jam silvestre japon\u00e9s o ra\u00edz de kudzu. Originalmente se utilizaba como forraje, abono verde y para controlar la erosi\u00f3n del suelo. En el siglo XIX, la planta se introdujo tambi\u00e9n en los Estados Unidos, donde result\u00f3 ser una especie invasora, ya que puede cubrir con gran rapidez superficies enteras, incluidos bosques, granjas y carreteras.<\/p>\n<p>El kudzu pertenece a la familia de las leguminosas (Fabaceae) y es pariente de las legumbres. Tiene hojas grandes trifoliadas (de tres partes), flores violetas y ra\u00edces gruesas que <strong>contienen numerosos nutrientes y principios activos medicinales<\/strong>.<\/p>\n<p>El kudzu es una planta muy interesante con una larga historia de uso <strong>en la medicina tradicional<\/strong>. En forma de polvo, es adecuado como complemento alimenticio, especialmente <strong>para favorecer el funcionamiento del h\u00edgado, la circulaci\u00f3n sangu\u00ednea y el equilibrio hormonal<\/strong>.<\/p>\n<h2><strong>Efectos medicinales<\/strong><\/h2>\n<p>El kudzu se utiliza desde hace siglos en la medicina tradicional china. La ra\u00edz contiene <strong>isoflavonas<\/strong>, especialmente <strong>daidze\u00edna<\/strong>, <strong>daidzin<\/strong> y <strong>puerarina<\/strong>, que tienen importantes propiedades farmacol\u00f3gicas.<\/p>\n<p><strong>Efectos principales:<\/strong><\/p>\n<p><strong>\ud83d\udc9a Desintoxicaci\u00f3n del h\u00edgado:<\/strong> se utiliza en casos de problemas relacionados con el alcohol, ya que se cree que ayuda a reducir el deseo de consumir alcohol y favorece el funcionamiento del h\u00edgado.<\/p>\n<p><strong>\ud83d\udc9a Alivio de migra\u00f1as y dolores de cabeza<\/strong><\/p>\n<p><strong>\ud83d\udc9a Reduce la presi\u00f3n arterial y mejora la circulaci\u00f3n sangu\u00ednea<\/strong><\/p>\n<p><strong>\ud83d\udc9a Alivio de los s\u00edntomas de la menopausia:<\/strong> act\u00faa de forma similar a los fitoestr\u00f3genos.<\/p>\n<p><strong>\ud83d\udc9a Efecto antiinflamatorio:<\/strong> ayuda a combatir la inflamaci\u00f3n y el dolor muscular.<\/p>\n<p><strong>\ud83d\udc9a Ayuda en la diabetes tipo 2:<\/strong> algunos estudios indican que mejora la sensibilidad a la insulina.<\/p>\n<p><strong>\ud83d\udc9a Efecto antioxidante:<\/strong> act\u00faa como captador de radicales libres.<\/p>\n<p><strong>\ud83d\udc9a Alivio de problemas digestivos:<\/strong> se utiliza en casos de diarrea, espasmos y irritaci\u00f3n estomacal, y tiene un efecto calmante sobre el est\u00f3mago y el intestino.<\/p>\n<p><strong>\ud83d\udc9a Efecto neuroprotector:<\/strong> protege las c\u00e9lulas nerviosas del estr\u00e9s oxidativo, ayuda en casos de v\u00e9rtigo, mareos y tinnitus.<\/p>\n<p><strong>\ud83d\udc9a Efecto antimicrobiano y antiviral: <\/strong>tiene propiedades antibacterianas y un efecto inhibidor sobre los virus de la gripe.<\/p>\n<h2><strong>Almacenamiento y advertencias<\/strong><\/h2>\n<p>Almacenar en un lugar seco y fresco a una temperatura m\u00e1xima de 25 \u00b0C. \u00a1Mantener el complemento alimenticio fuera del alcance de los ni\u00f1os!<\/p>\n<p>No olvide la importancia de una dieta variada y un estilo de vida saludable, por lo que el complemento alimenticio no sustituye una dieta equilibrada y variada. No se debe exceder la dosis diaria recomendada.<\/p>\n<p>No se recomienda su uso en mujeres embarazadas, madres lactantes y ni\u00f1os. Se recomienda consultar con su m\u00e9dico para obtener m\u00e1s informaci\u00f3n en caso de posibles problemas de salud. Debido a los fitoestr\u00f3genos, no es adecuado para personas con enfermedades sensibles al estr\u00f3geno (por ejemplo, c\u00e1ncer de mama). Puede afectar a los medicamentos para la presi\u00f3n arterial, la diabetes o las hormonas.<\/p>\n<h2><strong>Envase<\/strong><\/h2>\n<p>Bolsa herm\u00e9tica con cremallera, donde el producto conserva toda su frescura y aroma. El envase protege del luz y el aire, ya que est\u00e1 compuesto por varias capas de protecci\u00f3n que conservan las propiedades del contenido.<\/p>\n<p>El envase es muy pr\u00e1ctico y se puede reciclar.<\/p>\n<h2><strong>Origen<\/strong><\/h2>\n<p>Jap\u00f3n<\/p>\n","protected":false},"excerpt":{"rendered":"<p>El kudzu se utiliza desde hace siglos en la medicina tradicional china. Es una planta muy interesante con una larga historia de uso <strong>en la medicina tradicional<\/strong>. En forma de polvo, es adecuado como complemento alimenticio, especialmente <strong>para: <\/strong><\/p>\n<p><span style=\"color: #000000;\">\ud83d\udc9a <\/span><strong>apoyar el h\u00edgado, <\/strong><\/p>\n<p><strong><span style=\"color: #000000;\">\ud83d\udc9a <\/span>la circulaci\u00f3n sangu\u00ednea y <\/strong><\/p>\n<p><strong><span style=\"color: #000000;\">\ud83d\udc9a <\/span>el equilibrio hormonal<\/strong>.<\/p>\n","protected":false},"featured_media":6115,"comment_status":"open","ping_status":"closed","template":"","meta":{"_acf_changed":false},"product_brand":[],"product_cat":[15,195,216],"product_tag":[],"class_list":{"0":"post-6740","1":"product","2":"type-product","3":"status-publish","4":"has-post-thumbnail","6":"product_cat-uncategorized","7":"product_cat-superalimentos","8":"product_cat-todos-los-productos","10":"first","11":"instock","12":"taxable","13":"shipping-taxable","14":"purchasable","15":"product-type-simple"},"acf":[],"_links":{"self":[{"href":"https:\/\/fengchashop.com\/es\/wp-json\/wp\/v2\/product\/6740","targetHints":{"allow":["GET"]}}],"collection":[{"href":"https:\/\/fengchashop.com\/es\/wp-json\/wp\/v2\/product"}],"about":[{"href":"https:\/\/fengchashop.com\/es\/wp-json\/wp\/v2\/types\/product"}],"replies":[{"embeddable":true,"href":"https:\/\/fengchashop.com\/es\/wp-json\/wp\/v2\/comments?post=6740"}],"wp:featuredmedia":[{"embeddable":true,"href":"https:\/\/fengchashop.com\/es\/wp-json\/wp\/v2\/media\/6115"}],"wp:attachment":[{"href":"https:\/\/fengchashop.com\/es\/wp-json\/wp\/v2\/media?parent=6740"}],"wp:term":[{"taxonomy":"product_brand","embeddable":true,"href":"https:\/\/fengchashop.com\/es\/wp-json\/wp\/v2\/product_brand?post=6740"},{"taxonomy":"product_cat","embeddable":true,"href":"https:\/\/fengchashop.com\/es\/wp-json\/wp\/v2\/product_cat?post=6740"},{"taxonomy":"product_tag","embeddable":true,"href":"https:\/\/fengchashop.com\/es\/wp-json\/wp\/v2\/product_tag?post=6740"}],"curies":[{"name":"wp","href":"https:\/\/api.w.org\/{rel}","templated":true}]}}