{"id":6739,"date":"2025-02-25T08:41:56","date_gmt":"2025-02-25T07:41:56","guid":{"rendered":"https:\/\/fengchashop.com\/es\/product\/cistus-creticus-zistrose-bio\/"},"modified":"2026-04-02T19:10:30","modified_gmt":"2026-04-02T17:10:30","slug":"cistus-creticus-zistrose-bio","status":"publish","type":"product","link":"https:\/\/fengchashop.com\/es\/product\/cistus-creticus-zistrose-bio\/","title":{"rendered":"Cistus creticus (Zistrose) BIO 100 g"},"content":{"rendered":"<h2><strong>Cistus creticus (Zistrose) BIO<\/strong><\/h2>\n<p><strong>Cistus creticus o zistrose <\/strong> es una planta arom\u00e1tica y arbustiva originaria principalmente del Mediterr\u00e1neo, en concreto de la isla griega de Creta, donde crece en un entorno \u00e1rido y rocoso. Las hojas de la planta est\u00e1n cubiertas de resinas pegajosas (l\u00e1banum) con un alto contenido en polifenoles, antioxidantes naturales.<\/p>\n<p>Se utiliza como infusi\u00f3n. El Cistus creticus es conocido <strong>como hierba natural para reforzar<br \/>\nel sistema inmunol\u00f3gico<\/strong>.<\/p>\n<h2><strong>El t\u00e9 de Cistus creticus es apreciado por las siguientes propiedades:<\/strong><\/h2>\n<p><strong>&#128154; Potente antioxidante<\/strong>: rica fuente de polifenoles, que ayudan a proteger las c\u00e9lulas de los radicales libres.<\/p>\n<p><strong>&#128154; Refuerzo del sistema inmunitario<\/strong>: refuerza de forma natural la resistencia del organismo, especialmente en la temporada de resfriados y gripe.<\/p>\n<p><strong>&#128154; Acci\u00f3n antibacteriana y antiviral<\/strong>: se utiliza tradicionalmente para proteger contra las infecciones.<\/p>\n<p><strong>&#128154; Acci\u00f3n antiinflamatoria<\/strong>: Ayuda a aliviar la inflamaci\u00f3n en el cuerpo.<\/p>\n<p><strong>&#128154; Efecto sobre la digesti\u00f3n<\/strong>: Ayuda a aliviar problemas como la hinchaz\u00f3n y el est\u00f3mago irritado.<\/p>\n<p><strong>&#128154; Uso en la piel<\/strong>: En forma de compresas o ba\u00f1os, tambi\u00e9n se utiliza para tratar problemas cut\u00e1neos (por ejemplo, acn\u00e9, eccemas).<\/p>\n<h2><strong>Almacenamiento y advertencias<\/strong><\/h2>\n<p>Almacenar en un lugar seco, oscuro y fresco. Las hojas secas deben conservarse en una bolsa o recipiente herm\u00e9tico hasta su uso. De este modo, conservan su potencia y aroma hasta 1 a\u00f1o. No lo almacene cerca de olores fuertes (por ejemplo, especias), ya que la hierba puede absorber olores extra\u00f1os. Una vez abierto el envase, ci\u00e9rrelo siempre bien.<\/p>\n<p>En general, su uso es seguro, incluso para un uso prolongado.  En casos excepcionales, puede provocar un leve estre\u00f1imiento o irritaci\u00f3n estomacal. Las mujeres embarazadas y en periodo de lactancia deben consultar a su m\u00e9dico antes de utilizarlo.<\/p>\n<p>No olvide la importancia de una dieta variada y un estilo de vida saludable, por lo que los complementos alimenticios no sustituyen una dieta equilibrada y variada. No se debe exceder la dosis diaria recomendada.<\/p>\n<h2>Envase<\/h2>\n<p>Bolsa herm\u00e9tica con cierre, donde el producto conserva toda su frescura y aroma. El envase protege de la luz y el aire, ya que est\u00e1 compuesto por varias capas de protecci\u00f3n que conservan las propiedades del contenido.<\/p>\n<p>El envase es muy pr\u00e1ctico y reciclable.<\/p>\n<h2>Origen<\/h2>\n<p>Grecia<\/p>\n","protected":false},"excerpt":{"rendered":"<p><strong>Cistus creticus<\/strong> es conocida como una hierba natural <strong>que refuerza el sistema inmunol\u00f3gico <\/strong>y tiene potentes <strong>efectos antivirales, antibacterianos y antioxidantes.<\/strong>  Adem\u00e1s, tiene otras propiedades beneficiosas:<\/p>\n<p data-start=\"173\" data-end=\"215\">&#128154; Alivia la inflamaci\u00f3n (efecto antiinflamatorio)<\/p>\n<p data-start=\"219\" data-end=\"258\">&#128154; Favorece la digesti\u00f3n y la desintoxicaci\u00f3n<\/p>\n<p data-start=\"262\" data-end=\"313\">&#128154; Ayuda con los problemas de la piel (por ejemplo, acn\u00e9, eccemas)<\/p>\n<p data-start=\"317\" data-end=\"350\">&#128154; Reduce la posibilidad de infecciones respiratorias<\/p>\n","protected":false},"featured_media":6113,"comment_status":"open","ping_status":"open","template":"","meta":{"_acf_changed":false},"product_brand":[],"product_cat":[15,224,216],"product_tag":[],"class_list":{"0":"post-6739","1":"product","2":"type-product","3":"status-publish","4":"has-post-thumbnail","6":"product_cat-uncategorized","7":"product_cat-te-alimentos-y-especias","8":"product_cat-todos-los-productos","10":"first","11":"instock","12":"sale","13":"taxable","14":"shipping-taxable","15":"purchasable","16":"product-type-simple"},"acf":[],"_links":{"self":[{"href":"https:\/\/fengchashop.com\/es\/wp-json\/wp\/v2\/product\/6739","targetHints":{"allow":["GET"]}}],"collection":[{"href":"https:\/\/fengchashop.com\/es\/wp-json\/wp\/v2\/product"}],"about":[{"href":"https:\/\/fengchashop.com\/es\/wp-json\/wp\/v2\/types\/product"}],"replies":[{"embeddable":true,"href":"https:\/\/fengchashop.com\/es\/wp-json\/wp\/v2\/comments?post=6739"}],"wp:featuredmedia":[{"embeddable":true,"href":"https:\/\/fengchashop.com\/es\/wp-json\/wp\/v2\/media\/6113"}],"wp:attachment":[{"href":"https:\/\/fengchashop.com\/es\/wp-json\/wp\/v2\/media?parent=6739"}],"wp:term":[{"taxonomy":"product_brand","embeddable":true,"href":"https:\/\/fengchashop.com\/es\/wp-json\/wp\/v2\/product_brand?post=6739"},{"taxonomy":"product_cat","embeddable":true,"href":"https:\/\/fengchashop.com\/es\/wp-json\/wp\/v2\/product_cat?post=6739"},{"taxonomy":"product_tag","embeddable":true,"href":"https:\/\/fengchashop.com\/es\/wp-json\/wp\/v2\/product_tag?post=6739"}],"curies":[{"name":"wp","href":"https:\/\/api.w.org\/{rel}","templated":true}]}}