{"id":6738,"date":"2025-06-09T09:58:05","date_gmt":"2025-06-09T07:58:05","guid":{"rendered":"https:\/\/fengchashop.com\/es\/product\/chanca-piedra-caj\/"},"modified":"2026-05-04T18:50:45","modified_gmt":"2026-05-04T16:50:45","slug":"te-chanca-piedra","status":"publish","type":"product","link":"https:\/\/fengchashop.com\/es\/product\/te-chanca-piedra\/","title":{"rendered":"T\u00e9 Chanca Piedra 100 g"},"content":{"rendered":"<h2>T\u00e9 de Chanca Piedra<\/h2>\n<p><strong>Chanca Piedra<\/strong> (<em>Phyllanthus niruri<\/em>) es una <strong>planta tropical<\/strong> originaria de la <strong>Amazonia<\/strong> y otras partes de <strong>Sudam\u00e9rica, India y el sudeste asi\u00e1tico<\/strong>. Su nombre significa literalmente \u00abrompe piedras\u00bb y proviene de la expresi\u00f3n espa\u00f1ola que hace referencia a su uso tradicional para <strong>romper los c\u00e1lculos renales y biliares<\/strong>. La Chancapiedra procede de <strong>cultivos ecol\u00f3gicos controlados<\/strong> en <strong>huertos forestales (Chakra)<\/strong> y es cultivada por el pueblo ind\u00edgena Kichwa en los huertos de la selva tropical amaz\u00f3nica de Ecuador.<\/p>\n<h2><strong>Principales principios activos<\/strong><\/h2>\n<p>La planta contiene numerosos <strong>compuestos bioactivos<\/strong>, entre los que destacan:<\/p>\n<ul>\n<li><strong>Lignanos:<\/strong> filantina, hipofilantina<\/li>\n<li><strong>Flavonoides:<\/strong> quercetina, \u00e1cido rutinico<\/li>\n<li><strong>Triterpenos<\/strong><\/li>\n<li><strong>Taninos<\/strong><\/li>\n<li><strong>Alcaloides<\/strong><\/li>\n<li><strong>Polifenoles<\/strong><\/li>\n<\/ul>\n<p>Estos compuestos tienen efectos <strong>antiinflamatorios, antimicrobianos, antioxidantes, diur\u00e9ticos<\/strong> y <strong>hepatoprotectores<\/strong>.<\/p>\n<h2><strong>Efectos y beneficios de la Chancapiedra<\/strong><\/h2>\n<p><strong>\ud83d\udc9a Disoluci\u00f3n y prevenci\u00f3n de c\u00e1lculos renales: <\/strong>Es conocida por su capacidad para ayudar a disolver los <strong>c\u00e1lculos renales y biliares<\/strong> existentes y reducir la posibilidad de que se vuelvan a formar.<\/p>\n<p><strong>\ud83d\udc9a Apoyo al funcionamiento del h\u00edgado: <\/strong>Act\u00faa como <strong>hepatoprotector<\/strong> (protege el h\u00edgado), especialmente en casos de problemas causados por toxinas, alcohol o infecciones (por ejemplo, hepatitis B).<\/p>\n<p><strong>\ud83d\udc9a Acci\u00f3n antiinflamatoria y antioxidante: <\/strong>Contiene sustancias bioactivas que ayudan a <strong>reducir la inflamaci\u00f3n<\/strong> y <strong>protegen las c\u00e9lulas del estr\u00e9s oxidativo<\/strong>.<\/p>\n<p><strong>\ud83d\udc9a Efecto diur\u00e9tico: <\/strong>estimula la <strong>excreci\u00f3n de orina<\/strong>, lo que puede ayudar a limpiar las v\u00edas urinarias y prevenir infecciones o retenci\u00f3n de l\u00edquidos.<\/p>\n<p><strong>\ud83d\udc9a Acci\u00f3n antiviral: <\/strong>Algunos estudios han demostrado efectos contra la <strong>hepatitis B<\/strong> y otros virus, aunque esto a\u00fan no se ha confirmado cl\u00ednicamente.<\/p>\n<p><strong>\ud83d\udc9a Reducci\u00f3n del az\u00facar en sangre: <\/strong>Tambi\u00e9n se utiliza tradicionalmente para <strong>ayudar a regular el az\u00facar en sangre<\/strong>.<\/p>\n<h2><strong>Almacenamiento y advertencias<\/strong><\/h2>\n<p>Almacenar en un lugar seco y fresco a una temperatura m\u00e1xima de 25 \u00b0C. Mantener el complemento alimenticio fuera del alcance de los ni\u00f1os.<\/p>\n<p>No se recomienda su uso en mujeres embarazadas o en periodo de lactancia. Puede afectar a la presi\u00f3n arterial o al nivel de az\u00facar, por lo que se recomienda precauci\u00f3n en personas con enfermedades cardiovasculares o diabetes. Tambi\u00e9n puede afectar al funcionamiento de algunos medicamentos, especialmente diur\u00e9ticos o medicamentos para el h\u00edgado.<\/p>\n<p>Uso recomendado: durante un periodo corto (por ejemplo, 2-4 semanas), seguido de una pausa.<\/p>\n<p>No olvide la importancia de una dieta variada y un estilo de vida saludable, por lo que este complemento alimenticio no sustituye una dieta equilibrada y variada. No se debe exceder la dosis diaria recomendada.<\/p>\n<h2>Envase<\/h2>\n<p>Bolsa herm\u00e9tica con cremallera, donde el producto conserva toda su frescura y aroma. El envase protege de la luz y el aire, ya que est\u00e1 compuesto por varias capas de protecci\u00f3n que conservan las propiedades del contenido.<\/p>\n<p>El envase es muy pr\u00e1ctico y reciclable.<\/p>\n<h2>Origen<\/h2>\n<p>Ecuador<\/p>\n","protected":false},"excerpt":{"rendered":"<p>El t\u00e9 de Chanca Piedra es popular por su apoyo natural en casos de c\u00e1lculos renales, desintoxicaci\u00f3n del cuerpo y protecci\u00f3n del h\u00edgado. Entre sus principios activos m\u00e1s importantes se encuentran la <strong data-start=\"156\" data-end=\"169\">filantina<\/strong> y la <strong data-start=\"173\" data-end=\"186\">quercetina<\/strong>, que tienen propiedades antiinflamatorias y antivirales.<\/p>\n<p>El t\u00e9 es popular por sus efectos en:<\/p>\n<p><strong data-start=\"70\" data-end=\"103\">\ud83d\udc9a disolver los c\u00e1lculos renales<\/strong> y<\/p>\n<p><strong data-start=\"107\" data-end=\"125\">\ud83d\udc9a limpiar el h\u00edgado.<\/strong><\/p>\n","protected":false},"featured_media":6111,"comment_status":"open","ping_status":"closed","template":"","meta":{"_acf_changed":false},"product_brand":[],"product_cat":[15,223,224,216],"product_tag":[],"class_list":{"0":"post-6738","1":"product","2":"type-product","3":"status-publish","4":"has-post-thumbnail","6":"product_cat-uncategorized","7":"product_cat-te","8":"product_cat-te-alimentos-y-especias","9":"product_cat-todos-los-productos","11":"first","12":"instock","13":"taxable","14":"shipping-taxable","15":"purchasable","16":"product-type-simple"},"acf":[],"_links":{"self":[{"href":"https:\/\/fengchashop.com\/es\/wp-json\/wp\/v2\/product\/6738","targetHints":{"allow":["GET"]}}],"collection":[{"href":"https:\/\/fengchashop.com\/es\/wp-json\/wp\/v2\/product"}],"about":[{"href":"https:\/\/fengchashop.com\/es\/wp-json\/wp\/v2\/types\/product"}],"replies":[{"embeddable":true,"href":"https:\/\/fengchashop.com\/es\/wp-json\/wp\/v2\/comments?post=6738"}],"wp:featuredmedia":[{"embeddable":true,"href":"https:\/\/fengchashop.com\/es\/wp-json\/wp\/v2\/media\/6111"}],"wp:attachment":[{"href":"https:\/\/fengchashop.com\/es\/wp-json\/wp\/v2\/media?parent=6738"}],"wp:term":[{"taxonomy":"product_brand","embeddable":true,"href":"https:\/\/fengchashop.com\/es\/wp-json\/wp\/v2\/product_brand?post=6738"},{"taxonomy":"product_cat","embeddable":true,"href":"https:\/\/fengchashop.com\/es\/wp-json\/wp\/v2\/product_cat?post=6738"},{"taxonomy":"product_tag","embeddable":true,"href":"https:\/\/fengchashop.com\/es\/wp-json\/wp\/v2\/product_tag?post=6738"}],"curies":[{"name":"wp","href":"https:\/\/api.w.org\/{rel}","templated":true}]}}