{"id":6736,"date":"2025-04-25T11:31:31","date_gmt":"2025-04-25T09:31:31","guid":{"rendered":"https:\/\/fengchashop.com\/es\/product\/a-i-kapljice\/"},"modified":"2026-04-24T18:14:50","modified_gmt":"2026-04-24T16:14:50","slug":"a-i-gotas","status":"publish","type":"product","link":"https:\/\/fengchashop.com\/es\/product\/a-i-gotas\/","title":{"rendered":"A.I. gotas 30 ml"},"content":{"rendered":"<h2><strong>A.I. (Awakening Infusion): Transformaci\u00f3n natural de tu energ\u00eda vital<\/strong><\/h2>\n<p>Descubre <strong>Awakening Infusion<\/strong>, una f\u00f3rmula innovadora basada en el poder de las hierbas aut\u00f3ctonas europeas. Esta combinaci\u00f3n \u00fanica act\u00faa de forma sin\u00e9rgica, ya que los ingredientes individuales se unen para crear un todo que apoya su sistema interno y le gu\u00eda hacia el equilibrio y la vitalidad duradera.<\/p>\n<h2><strong>\u00bfPor qu\u00e9 elegir A.I.?<\/strong><\/h2>\n<p>Al tomar <strong>las gotas A.I.<\/strong>, su nivel de energ\u00eda vital se estabiliza y se mantiene alto. Se fortalece su biocampo, su fuente natural de energ\u00eda, que permite al cuerpo funcionar al m\u00e1ximo nivel. Se acabaron las fluctuaciones de energ\u00eda, solo un seguimiento tranquilo de un nivel de vitalidad naturalmente alto.<\/p>\n<p>Este proceso no es solo una mejora, sino una evoluci\u00f3n. Paso a paso, las <strong>gotas A.I.<\/strong> le gu\u00edan hacia el descubrimiento de todo su potencial. Una transformaci\u00f3n que le permite dejar que la energ\u00eda trabaje para usted y, finalmente, vivir en armon\u00eda con su cuerpo y su esp\u00edritu.<\/p>\n<h2><strong>\u00bfPara qui\u00e9n son las gotas A.I.?<\/strong><\/h2>\n<p>Las gotas son ideales para:<\/p>\n<ul>\n<li>aquellos que buscan un apoyo natural para su sistema inmunol\u00f3gico,<\/li>\n<li>personas con problemas de salud, incluso en las primeras etapas de problemas graves,<\/li>\n<li>cualquiera que desee encontrar un contacto m\u00e1s profundo con su esencia y despertar su fuerza interior.<\/li>\n<\/ul>\n<p>&nbsp;<\/p>\n<h2><strong>Naturaleza pura.<br \/>\n<\/strong><\/h2>\n<p>Las gotas A.I. est\u00e1n elaboradas con hierbas 100 % naturales y aut\u00f3ctonas de Europa. Son seguras, eficaces y est\u00e1n creadas con amor y respeto por la naturaleza.<\/p>\n<h2><strong>Comience su transformaci\u00f3n con Awakening Infusion. <\/strong><\/h2>\n<p>Descubra un nivel superior de energ\u00eda vital que le permitir\u00e1 vivir su vida con toda su fuerza. D\u00e9 hoy el primer paso hacia la armon\u00eda y la vitalidad.<\/p>\n<h2><strong>Almacenamiento<\/strong><\/h2>\n<p>Almacenar en un lugar seco y oscuro, a una temperatura m\u00e1xima de +25 \u00b0C.<\/p>\n<h2><strong>Cantidad<\/strong><\/h2>\n<p>30 ml<\/p>\n","protected":false},"excerpt":{"rendered":"<p><strong>Awakening Infusion<\/strong>: con una f\u00f3rmula innovadora basada en el poder de las hierbas aut\u00f3ctonas europeas. Esta combinaci\u00f3n \u00fanica act\u00faa de forma sin\u00e9rgica, ya que los ingredientes individuales se unen para crear un todo que apoya su sistema interno y le gu\u00eda hacia el equilibrio y la vitalidad duradera.<\/p>\n<p>Las gotas son ideales para:<\/p>\n<p>\ud83d\udc9a quienes buscan un apoyo natural para el sistema inmunol\u00f3gico,<\/p>\n<p>\ud83d\udc9a personas con problemas de salud, incluso en las primeras etapas de afecciones graves,<\/p>\n<p>\ud83d\udc9a cualquiera que desee encontrar un contacto m\u00e1s profundo con su esencia y despertar su fuerza interior.<\/p>\n","protected":false},"featured_media":5713,"comment_status":"open","ping_status":"closed","template":"","meta":{"_acf_changed":false},"product_brand":[],"product_cat":[15,221,220,208,216],"product_tag":[],"class_list":{"0":"post-6736","1":"product","2":"type-product","3":"status-publish","4":"has-post-thumbnail","6":"product_cat-uncategorized","7":"product_cat-a-i","8":"product_cat-de-nuevo-en-stock","9":"product_cat-otros","10":"product_cat-todos-los-productos","12":"first","13":"instock","14":"sale","15":"taxable","16":"shipping-taxable","17":"purchasable","18":"product-type-simple"},"acf":[],"_links":{"self":[{"href":"https:\/\/fengchashop.com\/es\/wp-json\/wp\/v2\/product\/6736","targetHints":{"allow":["GET"]}}],"collection":[{"href":"https:\/\/fengchashop.com\/es\/wp-json\/wp\/v2\/product"}],"about":[{"href":"https:\/\/fengchashop.com\/es\/wp-json\/wp\/v2\/types\/product"}],"replies":[{"embeddable":true,"href":"https:\/\/fengchashop.com\/es\/wp-json\/wp\/v2\/comments?post=6736"}],"wp:featuredmedia":[{"embeddable":true,"href":"https:\/\/fengchashop.com\/es\/wp-json\/wp\/v2\/media\/5713"}],"wp:attachment":[{"href":"https:\/\/fengchashop.com\/es\/wp-json\/wp\/v2\/media?parent=6736"}],"wp:term":[{"taxonomy":"product_brand","embeddable":true,"href":"https:\/\/fengchashop.com\/es\/wp-json\/wp\/v2\/product_brand?post=6736"},{"taxonomy":"product_cat","embeddable":true,"href":"https:\/\/fengchashop.com\/es\/wp-json\/wp\/v2\/product_cat?post=6736"},{"taxonomy":"product_tag","embeddable":true,"href":"https:\/\/fengchashop.com\/es\/wp-json\/wp\/v2\/product_tag?post=6736"}],"curies":[{"name":"wp","href":"https:\/\/api.w.org\/{rel}","templated":true}]}}