{"id":6735,"date":"2025-04-24T10:23:46","date_gmt":"2025-04-24T08:23:46","guid":{"rendered":"https:\/\/fengchashop.com\/es\/product\/termometer-za-hrano\/"},"modified":"2026-04-03T08:45:30","modified_gmt":"2026-04-03T06:45:30","slug":"termometro-para-alimentos","status":"publish","type":"product","link":"https:\/\/fengchashop.com\/es\/product\/termometro-para-alimentos\/","title":{"rendered":"Term\u00f3metro para alimentos"},"content":{"rendered":"<h2 style=\"text-align: justify;\">Nombre<\/h2>\n<p style=\"text-align: justify;\">Term\u00f3metro para alimentos<\/p>\n<h2 style=\"text-align: justify;\">Descripci\u00f3n<\/h2>\n<p style=\"text-align: justify;\">Un term\u00f3metro digital con un rango de medici\u00f3n tan amplio es un accesorio indispensable en cualquier hogar. El term\u00f3metro tiene <strong>4 teclas funcionales<\/strong> muy f\u00e1ciles de usar. Con la tecla <strong>\u2460 ON\/OFF<\/strong> se enciende o apaga el term\u00f3metro. Con la tecla <strong>\u2461 \u00b0C \/\u00b0F<\/strong> se selecciona la unidad de medici\u00f3n. Al pulsar la tecla <strong>\u2462 HOLD<\/strong> se detiene la medici\u00f3n para facilitar la lectura de la temperatura. Al volver a pulsar la tecla HOLD, el term\u00f3metro est\u00e1 listo para continuar con la medici\u00f3n. Al pulsar la tecla <strong>\u2463 MAX\/MIN<\/strong>, se muestra primero la temperatura m\u00e1xima medida y, al volver a pulsarla, la temperatura m\u00ednima medida. Los datos se borran si se pulsa la tecla MAX\/MIN por tercera vez.<\/p>\n<p style=\"text-align: justify;\">La temperatura del material medido se muestra<strong> en 4-7 segundos<\/strong>.<\/p>\n<h2 style=\"text-align: justify;\">Uso<\/h2>\n<p style=\"text-align: justify;\">Adecuado para <strong>medir con precisi\u00f3n la temperatura de alimentos y l\u00edquidos en la cocina y en el hogar<\/strong>.<\/p>\n<p style=\"text-align: justify;\">Tambi\u00e9n es \u00fatil para medir la temperatura de los alimentos para beb\u00e9s durante la introducci\u00f3n de alimentos, la temperatura de la leche o la temperatura del agua en la ba\u00f1era. Tambi\u00e9n mide con precisi\u00f3n la temperatura del aceite para fre\u00edr, la del carne en el horno o en la parrilla, la del chocolate al preparar delicias de chocolate, donde la temperatura es muy importante. Tambi\u00e9n puede utilizarlo para comprobar si su bebida alcoh\u00f3lica est\u00e1 lo suficientemente fr\u00eda para beberla.<\/p>\n<p style=\"text-align: justify;\">Despu\u00e9s de su uso, simplemente limpie el producto con un pa\u00f1o h\u00famedo.<\/p>\n<h2 style=\"text-align: justify;\">Ventajas<\/h2>\n<ul style=\"text-align: justify;\">\n<li>Mide r\u00e1pidamente la temperatura.\n<li>Tiene un amplio rango de medici\u00f3n.\n<li>Se apaga autom\u00e1ticamente despu\u00e9s de 10 minutos de inactividad.<\/li>\n<li>Muestra la temperatura en \u00b0C o \u00b0F.<\/li>\n<li>Es muy vers\u00e1til.\n<li>F\u00e1cil de usar y mantener.\n<li>Viene en un pr\u00e1ctico envase con cord\u00f3n para colgar.<\/li>\n<\/ul>\n<h2 style=\"text-align: justify;\">Aspecto y dimensiones<\/h2>\n<p style=\"text-align: justify;\">El producto est\u00e1 fabricado en acero inoxidable (punta o sonda de temperatura) y carcasa de pl\u00e1stico con pantalla LCD. El tama\u00f1o del term\u00f3metro es de 22,7 cm y el de la punta de medici\u00f3n de 14,8 cm.<\/p>\n<p style=\"text-align: justify;\">El producto necesita una pila RL44 para funcionar, que se puede adquirir en casi cualquier tienda bien surtida.<\/p>\n","protected":false},"excerpt":{"rendered":"<p align=\"JUSTIFY\">Un term\u00f3metro digital con un rango de medici\u00f3n tan amplio es un accesorio indispensable en cualquier hogar. El term\u00f3metro tiene <strong>4 teclas funcionales<\/strong> muy f\u00e1ciles de usar. La temperatura del material medido se muestra <strong>en 4-7 segundos<\/strong>. Es adecuado para <strong>medir con precisi\u00f3n la temperatura de alimentos y l\u00edquidos en la cocina y en el hogar<\/strong>.<\/p>\n<p align=\"JUSTIFY\"><span class=\"jCAhz ChMk0b\"><span class=\"ryNqvb\">&#128154; <\/span><\/span>Mide r\u00e1pidamente la temperatura.<br \/>\n<span class=\"jCAhz ChMk0b\"><span class=\"ryNqvb\">&#128154; <\/span><\/span>Tiene un amplio rango de medici\u00f3n.<\/p>\n<p><span class=\"jCAhz ChMk0b\"><span class=\"ryNqvb\">&#128154; <\/span><\/span>Se apaga autom\u00e1ticamente tras 10 minutos de inactividad.<\/p>\n<p><span class=\"jCAhz ChMk0b\"><span class=\"ryNqvb\">&#128154; <\/span><\/span>Muestra la temperatura en \u00b0C o \u00b0F.<\/p>\n<p><span class=\"jCAhz ChMk0b\"><span class=\"ryNqvb\">&#128154; <\/span><\/span>Es muy vers\u00e1til.<\/p>\n<p><span class=\"jCAhz ChMk0b\"><span class=\"ryNqvb\">&#128154;<\/span><\/span>F\u00e1cil de usar y mantener.<\/p>\n<p><span class=\"jCAhz ChMk0b\"><span class=\"ryNqvb\">&#128154; <\/span><\/span>En un pr\u00e1ctico envase con cord\u00f3n para colgar.<\/p>\n","protected":false},"featured_media":5707,"comment_status":"open","ping_status":"closed","template":"","meta":{"_acf_changed":false},"product_brand":[],"product_cat":[208,216],"product_tag":[],"class_list":{"0":"post-6735","1":"product","2":"type-product","3":"status-publish","4":"has-post-thumbnail","6":"product_cat-otros","7":"product_cat-todos-los-productos","9":"first","10":"outofstock","11":"sale","12":"taxable","13":"shipping-taxable","14":"purchasable","15":"product-type-simple"},"acf":[],"_links":{"self":[{"href":"https:\/\/fengchashop.com\/es\/wp-json\/wp\/v2\/product\/6735","targetHints":{"allow":["GET"]}}],"collection":[{"href":"https:\/\/fengchashop.com\/es\/wp-json\/wp\/v2\/product"}],"about":[{"href":"https:\/\/fengchashop.com\/es\/wp-json\/wp\/v2\/types\/product"}],"replies":[{"embeddable":true,"href":"https:\/\/fengchashop.com\/es\/wp-json\/wp\/v2\/comments?post=6735"}],"wp:featuredmedia":[{"embeddable":true,"href":"https:\/\/fengchashop.com\/es\/wp-json\/wp\/v2\/media\/5707"}],"wp:attachment":[{"href":"https:\/\/fengchashop.com\/es\/wp-json\/wp\/v2\/media?parent=6735"}],"wp:term":[{"taxonomy":"product_brand","embeddable":true,"href":"https:\/\/fengchashop.com\/es\/wp-json\/wp\/v2\/product_brand?post=6735"},{"taxonomy":"product_cat","embeddable":true,"href":"https:\/\/fengchashop.com\/es\/wp-json\/wp\/v2\/product_cat?post=6735"},{"taxonomy":"product_tag","embeddable":true,"href":"https:\/\/fengchashop.com\/es\/wp-json\/wp\/v2\/product_tag?post=6735"}],"curies":[{"name":"wp","href":"https:\/\/api.w.org\/{rel}","templated":true}]}}