{"id":6730,"date":"2024-11-04T14:10:46","date_gmt":"2024-11-04T13:10:46","guid":{"rendered":"https:\/\/fengchashop.com\/es\/product\/tremella-fuciformis-bio-v-prahu\/"},"modified":"2026-05-04T07:59:40","modified_gmt":"2026-05-04T05:59:40","slug":"tremella-fuciformis-bio-en-polvo","status":"publish","type":"product","link":"https:\/\/fengchashop.com\/es\/product\/tremella-fuciformis-bio-en-polvo\/","title":{"rendered":"Tremella Fuciformis BIO en polvo 125 g"},"content":{"rendered":"<h2 style=\"text-align: justify;\"><span style=\"color: #000000;\">\u00bfQu\u00e9 es Tremella fuciformis BIO en polvo?<\/span><\/h2>\n<p style=\"text-align: justify;\"><span style=\"color: #000000;\"><b>Tremella Fuciformis<\/b>, tambi\u00e9n conocida como <i>tremella blanca<\/i> o <i>seta de nieve<\/i>, es un hongo que durante siglos ha sido considerado uno de los hongos medicinales m\u00e1s apreciados en la medicina tradicional china. En la actualidad, ha ganado popularidad como complemento alimenticio, especialmente en forma de polvo, debido a sus numerosos efectos beneficiosos para la salud y la belleza. <\/span><\/p>\n<h2 style=\"text-align: justify;\"><span style=\"color: #000000;\">\u00bfPor qu\u00e9 Tremella fuciformis es tan especial y diferente?<\/span><\/h2>\n<p class=\"Standard\" style=\"text-align: justify;\"><span style=\"color: #000000;\">La Tremella fuciformis se caracteriza por su estructura gelatinosa \u00fanica y su color transparente, lo que la hace visualmente atractiva. Se utiliza en la cocina asi\u00e1tica y en la medicina tradicional, ya que se le atribuyen propiedades curativas, como la estimulaci\u00f3n del sistema inmunol\u00f3gico y la mejora de la salud de la piel. Adem\u00e1s, es rica en nutrientes, hidrata la piel y desempe\u00f1a un importante papel ecol\u00f3gico como descomponedor natural.<\/span><\/p>\n<h2 style=\"text-align: justify;\"><span style=\"color: #000000;\">La Tremella fuciformis tiene varios efectos potenciales<\/span><\/h2>\n<p><span style=\"color: #000000;\">\ud83d\udc9a estimulaci\u00f3n del <strong>sistema inmunol\u00f3gico<\/strong>,<\/span><\/p>\n<p><span style=\"color: #000000;\">\ud83d\udc9a mejora de la <strong>salud de la piel<\/strong>,<\/span><\/p>\n<p><span style=\"color: #000000;\">\ud83d\udc9a hidrataci\u00f3n de la piel,<\/span><\/p>\n<p><span style=\"color: #000000;\"><strong>\ud83d\udc9a propiedades antioxidantes<\/strong>,<\/span><\/p>\n<p><span style=\"color: #000000;\">\ud83d\udc9a lucha <strong>contra el envejecimiento<\/strong>,<\/span><\/p>\n<p><span style=\"color: #000000;\">\ud83d\udc9a ayuda a la <strong>hidrataci\u00f3n<\/strong>,<\/span><\/p>\n<p><span style=\"color: #000000;\">\ud83d\udc9a favorece la <strong>digesti\u00f3n<\/strong> (gracias a su contenido en fibra),<\/span><\/p>\n<p><span style=\"color: #000000;\">\ud83d\udc9a reducci\u00f3n de <strong>inflamaciones<\/strong>,<\/span><\/p>\n<p><span style=\"color: #000000;\">\ud83d\udc9a fortalecimiento de <strong>la salud respiratoria<\/strong>,<\/span><\/p>\n<p><span style=\"color: #000000;\">\ud83d\udc9a mejora potencial de las <strong>funciones cognitivas<\/strong>.<\/span><\/p>\n<h2 style=\"text-align: justify;\"><span style=\"color: #000000;\">Almacenamiento y advertencias<\/span><\/h2>\n<p style=\"text-align: justify;\"><span style=\"color: #000000;\">Almacenar en un lugar seco y fresco a una temperatura m\u00e1xima de 25 \u00b0C. Mantener el complemento alimenticio fuera del alcance de los ni\u00f1os.<\/span><\/p>\n<p style=\"text-align: justify;\"><span style=\"color: #000000;\">No olvide la importancia de una dieta variada y un estilo de vida saludable, por lo que el complemento alimenticio no sustituye una dieta equilibrada y variada. No se deben superar las cantidades o dosis diarias recomendadas.<\/span><\/p>\n<p style=\"text-align: justify;\"><span style=\"color: #000000;\">Tremella fuciformis no se recomienda para personas al\u00e9rgicas a los hongos, personas con el sistema inmunitario debilitado y personas con problemas de salud graves, como enfermedades renales. Las mujeres embarazadas y en periodo de lactancia, as\u00ed como las personas que toman medicamentos, deben consultar a su m\u00e9dico antes de utilizarlo.<\/span><\/p>\n<h2 style=\"text-align: justify;\"><span style=\"color: #000000;\">Envase<\/span><\/h2>\n<p style=\"text-align: justify;\"><span style=\"color: #000000;\">Bolsa herm\u00e9tica con cierre, donde el producto conserva toda su frescura y aroma. El envase protege del aire y la luz, ya que est\u00e1 compuesto por varias capas protectoras que conservan las propiedades del contenido.<br \/>\nEl envase es muy pr\u00e1ctico y se puede reciclar.<\/span><\/p>\n<h2 style=\"text-align: justify;\"><span style=\"color: #000000;\">Origen<\/span><\/h2>\n<p style=\"text-align: justify;\"><span style=\"color: #000000;\">China. Contamos con proveedores muy fiables que nos env\u00edan un an\u00e1lisis qu\u00edmico detallado del alimento para cada serie. En m\u00e1s de diez a\u00f1os, no hemos tenido ninguna devoluci\u00f3n ni ning\u00fan otro problema con este art\u00edculo, ni tampoco con otros art\u00edculos del mismo proveedor. <\/span><\/p>\n<p style=\"text-align: justify;\"><span style=\"color: #000000;\">El art\u00edculo tiene un certificado 100 % ecol\u00f3gico.<\/span><\/p>\n","protected":false},"excerpt":{"rendered":"<p>Complemento alimenticio. Tremella Fuciformis, tambi\u00e9n conocida como \u00absetas blancas\u00bb o \u00absetas de nieve\u00bb. Tiene propiedades medicinales, como estimular el sistema inmunol\u00f3gico y mejorar la salud de la piel, adem\u00e1s de ser rica en nutrientes. Es conocida por sus numerosos efectos beneficiosos para la salud y la belleza.<\/p>\n<p>\ud83d\udc9a Estimula y fortalece el sistema inmunol\u00f3gico.<br \/>\n\ud83d\udc9a Mejora la salud de la piel.<br \/>\n\ud83d\udc9a Excelente fuente de antioxidantes.<br \/>\n\ud83d\udc9a Favorece la digesti\u00f3n.<\/p>\n","protected":false},"featured_media":5025,"comment_status":"open","ping_status":"closed","template":"","meta":{"_acf_changed":false},"product_brand":[],"product_cat":[15,198,216],"product_tag":[],"class_list":{"0":"post-6730","1":"product","2":"type-product","3":"status-publish","4":"has-post-thumbnail","6":"product_cat-uncategorized","7":"product_cat-hongos-medicinales","8":"product_cat-todos-los-productos","10":"first","11":"instock","12":"sale","13":"taxable","14":"shipping-taxable","15":"purchasable","16":"product-type-simple"},"acf":[],"_links":{"self":[{"href":"https:\/\/fengchashop.com\/es\/wp-json\/wp\/v2\/product\/6730","targetHints":{"allow":["GET"]}}],"collection":[{"href":"https:\/\/fengchashop.com\/es\/wp-json\/wp\/v2\/product"}],"about":[{"href":"https:\/\/fengchashop.com\/es\/wp-json\/wp\/v2\/types\/product"}],"replies":[{"embeddable":true,"href":"https:\/\/fengchashop.com\/es\/wp-json\/wp\/v2\/comments?post=6730"}],"wp:featuredmedia":[{"embeddable":true,"href":"https:\/\/fengchashop.com\/es\/wp-json\/wp\/v2\/media\/5025"}],"wp:attachment":[{"href":"https:\/\/fengchashop.com\/es\/wp-json\/wp\/v2\/media?parent=6730"}],"wp:term":[{"taxonomy":"product_brand","embeddable":true,"href":"https:\/\/fengchashop.com\/es\/wp-json\/wp\/v2\/product_brand?post=6730"},{"taxonomy":"product_cat","embeddable":true,"href":"https:\/\/fengchashop.com\/es\/wp-json\/wp\/v2\/product_cat?post=6730"},{"taxonomy":"product_tag","embeddable":true,"href":"https:\/\/fengchashop.com\/es\/wp-json\/wp\/v2\/product_tag?post=6730"}],"curies":[{"name":"wp","href":"https:\/\/api.w.org\/{rel}","templated":true}]}}