{"id":6728,"date":"2024-10-14T14:29:47","date_gmt":"2024-10-14T12:29:47","guid":{"rendered":"https:\/\/fengchashop.com\/es\/product\/haritaki-v-prahu-bio\/"},"modified":"2026-05-04T19:08:18","modified_gmt":"2026-05-04T17:08:18","slug":"haritaki-en-polvo","status":"publish","type":"product","link":"https:\/\/fengchashop.com\/es\/product\/haritaki-en-polvo\/","title":{"rendered":"Haritaki en polvo BIO 250 g"},"content":{"rendered":"<h2><span style=\"color: #000000;\"><strong>\u00bfQu\u00e9 es el Haritaki BIO en polvo?<\/strong><\/span><\/h2>\n<p><span style=\"color: #000000;\"><strong>Haritaki <\/strong>(nombre cient\u00edfico <em>Terminalia chebula<\/em>) es un \u00e1rbol cuyo fruto se utiliza a menudo como complemento alimenticio en la medicina ayurv\u00e9dica. El fruto del haritaki es conocido por sus numerosos beneficios para la salud y se considera el \u00ab<strong>rey de las plantas medicinales<\/strong>\u00bb en la medicina tradicional india. Se utiliza principalmente por sus propiedades adapt\u00f3genas, antiinflamatorias y desintoxicantes. El haritaki es una de las tres hierbas principales del famoso preparado ayurv\u00e9dico Triphala.<\/span><\/p>\n<h2><span style=\"color: #000000;\"><strong>\u00bfPor qu\u00e9 el haritaki es tan especial y diferente?<\/strong><\/span><\/h2>\n<p><span style=\"color: #000000;\">El haritaki es importante sobre todo por sus numerosos beneficios para la salud, especialmente en sistemas m\u00e9dicos tradicionales como el <strong>ayurveda<\/strong>. Se ha utilizado durante milenios como <strong>remedio universal debido a sus efectos ampliamente diversos sobre el cuerpo y la mente<\/strong>. Haritaki es un apreciado complemento alimenticio con una amplia gama de beneficios que muchos utilizan para <strong>mejorar la digesti\u00f3n, reforzar el sistema inmunitario y promover la salud en general<\/strong>.<\/span><\/p>\n<h2><span style=\"color: #000000;\"><strong>Efectos positivos para nuestra salud y nuestro organismo<\/strong><\/span><\/h2>\n<p><span style=\"color: #000000;\">El haritaki tiene numerosos beneficios y efectos potenciales para la salud. Algunos de los principales beneficios y efectos son:<\/span><\/p>\n<p><span style=\"color: #000000;\">\ud83d\udc9a ayuda con el <strong>estre\u00f1imiento<\/strong>, estimula la <strong>peristalsis<\/strong> y act\u00faa como un <strong>laxante suave<\/strong><\/span><\/p>\n<p><span style=\"color: #000000;\">\ud83d\udc9a reduce la hinchaz\u00f3n y estimula la absorci\u00f3n de nutrientes,<\/span><\/p>\n<p><span style=\"color: #000000;\">\ud83d\udc9a contiene un alto nivel de <strong>antioxidantes<\/strong> que protegen al organismo de los radicales libres que causan estr\u00e9s oxidativo,<\/span><\/p>\n<p><span style=\"color: #000000;\">\ud83d\udc9a ofrece protecci\u00f3n contra <strong>enfermedades cardiovasculares<\/strong> y otras enfermedades degenerativas,<\/span><\/p>\n<p><span style=\"color: #000000;\">\ud83d\udc9a favorece los procesos naturales de desintoxicaci\u00f3n del h\u00edgado y los ri\u00f1ones, estimulando as\u00ed la eliminaci\u00f3n de toxinas del organismo,<\/span><\/p>\n<p><span style=\"color: #000000;\">\ud83d\udc9a mejora la <strong>eliminaci\u00f3n de toxinas<\/strong> a trav\u00e9s del sistema digestivo, lo que conduce a una <strong>mayor energ\u00eda y vitalidad<\/strong>,<\/span><\/p>\n<p><span style=\"color: #000000;\">\ud83d\udc9a fortalece el <strong>sistema inmunol\u00f3gico<\/strong>,<\/span><\/p>\n<p><span style=\"color: #000000;\">\ud83d\udc9a ayuda a prevenir <strong>infecciones bacterianas y v\u00edricas<\/strong>,<\/span><\/p>\n<p><span style=\"color: #000000;\">\ud83d\udc9a ayuda a aliviar <strong>las inflamaciones del cuerpo<\/strong>, incluidas las inflamaciones de las articulaciones, el tracto digestivo y las v\u00edas respiratorias,<\/span><\/p>\n<p><span style=\"color: #000000;\">\ud83d\udc9a ayuda a <strong>regular los niveles de az\u00facar en sangre<\/strong>,<\/span><\/p>\n<p><span style=\"color: #000000;\">\ud83d\udc9a favorece un <strong>metabolismo saludable<\/strong>, lo que puede contribuir al control del peso corporal,<\/span><\/p>\n<p><span style=\"color: #000000;\">\ud83d\udc9a ayuda a tratar <strong>problemas cut\u00e1neos<\/strong> (acn\u00e9, eccemas, heridas),<\/span><\/p>\n<p><span style=\"color: #000000;\">\ud83d\udc9a mejora las <strong>capacidades mentales<\/strong> y <strong>calma la mente<\/strong>,<\/span><\/p>\n<p><span style=\"color: #000000;\">\ud83d\udc9a ayuda a controlar el <strong>estr\u00e9s<\/strong> y mejora la <strong>resistencia al estr\u00e9s f\u00edsico y mental.<\/strong><\/span><\/p>\n<h2><span style=\"color: #000000;\">Almacenamiento y advertencias<\/span><\/h2>\n<p><span style=\"color: #000000;\">Almacenar en un lugar seco y fresco a una temperatura m\u00e1xima de 25 \u00b0C. Mantener el complemento alimenticio fuera del alcance de los ni\u00f1os. No olvide la importancia de una dieta variada y un estilo de vida saludable, por lo que el complemento alimenticio no sustituye una dieta equilibrada y variada. No se debe exceder la dosis diaria recomendada. Recomendamos a las mujeres embarazadas, en periodo de lactancia y a las personas que toman medicamentos que consulten siempre a su m\u00e9dico antes de usar este producto. No es adecuado para ni\u00f1os. Se recomienda consultar con su m\u00e9dico para obtener m\u00e1s informaci\u00f3n en caso de posibles problemas de salud.<\/span><\/p>\n<h2><span style=\"color: #000000;\">Envase<\/span><\/h2>\n<p><span style=\"color: #000000;\">Bolsa herm\u00e9tica con cierre, donde el producto conserva toda su frescura y aroma. El envase protege de la luz y el aire, ya que est\u00e1 compuesto por varias capas de protecci\u00f3n que conservan las propiedades del contenido. El envase es muy pr\u00e1ctico y se puede reciclar.<\/span><\/p>\n<h2><span style=\"color: #000000;\">Origen<\/span><\/h2>\n<p><span style=\"color: #000000;\">India<\/span><\/p>\n","protected":false},"excerpt":{"rendered":"<p align=\"JUSTIFY\"><strong>Haritaki<\/strong> es un \u00e1rbol cuyo fruto se utiliza a menudo como complemento alimenticio en la medicina ayurv\u00e9dica. El fruto del haritaki es conocido por sus numerosos beneficios para la salud y se considera el \u00ab<strong>rey de las plantas medicinales<\/strong>\u00bb en la medicina tradicional india. Se utiliza principalmente por sus propiedades adapt\u00f3genas, antiinflamatorias y desintoxicantes.<\/p>\n<p align=\"JUSTIFY\">\ud83d\udc9a Alivia el estre\u00f1imiento, estimula la eliminaci\u00f3n de toxinas del intestino y regula la funci\u00f3n digestiva.<br \/>\n\ud83d\udc9a como potente <em>antioxidante <\/em>, ayuda a eliminar toxinas del organismo y estimula el funcionamiento del h\u00edgado y los ri\u00f1ones,<br \/>\n\ud83d\udc9a gracias a sus propiedades <em>antiinflamatorias<\/em>, antibacterianas y antivirales, refuerza el sistema inmunol\u00f3gico,<br \/>\n\ud83d\udc9a ayuda al cuerpo a combatir el estr\u00e9s,<br \/>\n\ud83d\udc9a mejora la concentraci\u00f3n, la memoria y la claridad mental.<\/p>\n","protected":false},"featured_media":5017,"comment_status":"open","ping_status":"closed","template":"","meta":{"_acf_changed":false},"product_brand":[],"product_cat":[15,194,195,216],"product_tag":[],"class_list":{"0":"post-6728","1":"product","2":"type-product","3":"status-publish","4":"has-post-thumbnail","6":"product_cat-uncategorized","7":"product_cat-ayurveda","8":"product_cat-superalimentos","9":"product_cat-todos-los-productos","11":"first","12":"instock","13":"sale","14":"taxable","15":"shipping-taxable","16":"purchasable","17":"product-type-simple"},"acf":[],"_links":{"self":[{"href":"https:\/\/fengchashop.com\/es\/wp-json\/wp\/v2\/product\/6728","targetHints":{"allow":["GET"]}}],"collection":[{"href":"https:\/\/fengchashop.com\/es\/wp-json\/wp\/v2\/product"}],"about":[{"href":"https:\/\/fengchashop.com\/es\/wp-json\/wp\/v2\/types\/product"}],"replies":[{"embeddable":true,"href":"https:\/\/fengchashop.com\/es\/wp-json\/wp\/v2\/comments?post=6728"}],"wp:featuredmedia":[{"embeddable":true,"href":"https:\/\/fengchashop.com\/es\/wp-json\/wp\/v2\/media\/5017"}],"wp:attachment":[{"href":"https:\/\/fengchashop.com\/es\/wp-json\/wp\/v2\/media?parent=6728"}],"wp:term":[{"taxonomy":"product_brand","embeddable":true,"href":"https:\/\/fengchashop.com\/es\/wp-json\/wp\/v2\/product_brand?post=6728"},{"taxonomy":"product_cat","embeddable":true,"href":"https:\/\/fengchashop.com\/es\/wp-json\/wp\/v2\/product_cat?post=6728"},{"taxonomy":"product_tag","embeddable":true,"href":"https:\/\/fengchashop.com\/es\/wp-json\/wp\/v2\/product_tag?post=6728"}],"curies":[{"name":"wp","href":"https:\/\/api.w.org\/{rel}","templated":true}]}}