{"id":6727,"date":"2024-09-10T04:51:56","date_gmt":"2024-09-10T02:51:56","guid":{"rendered":"https:\/\/fengchashop.com\/es\/product\/mini-tehtnica\/"},"modified":"2026-04-03T08:52:06","modified_gmt":"2026-04-03T06:52:06","slug":"mini-bascula","status":"publish","type":"product","link":"https:\/\/fengchashop.com\/es\/product\/mini-bascula\/","title":{"rendered":"Mini b\u00e1scula 200 g \/ 0,01 g"},"content":{"rendered":"<h2><span style=\"color: #000000;\">Nombre<\/span><\/h2>\n<p><span style=\"color: #000000;\">Mini b\u00e1scula 200 g \/ 0,01 g<\/span><\/p>\n<h2><span style=\"color: #000000;\">Descripci\u00f3n<\/span><\/h2>\n<p><span style=\"color: #000000;\"><strong>La mini b\u00e1scula digital<\/strong> es un dispositivo ideal para medir superalimentos y suplementos nutricionales, <em>como los que tenemos en nuestra oferta<\/em>.<\/span><\/p>\n<p><span style=\"color: #000000;\">Es un dispositivo preciso y de alta tecnolog\u00eda, dise\u00f1ado para personas que desean medir con precisi\u00f3n peque\u00f1as cantidades de nutrientes. Esta b\u00e1scula permite a los usuarios pesar con precisi\u00f3n suplementos alimenticios, como polvos, semillas, comprimidos, c\u00e1psulas o l\u00edquidos, y superalimentos, como semillas de ch\u00eda, espirulina, maca, etc.<\/p>\n<h2><span style=\"color: #000000;\"><strong>Caracter\u00edsticas clave de la b\u00e1scula digital<\/strong><\/span><\/h2>\n<p><span style=\"color: #000000;\"><strong>&#128154; Alta precisi\u00f3n:<\/strong> La b\u00e1scula est\u00e1 dise\u00f1ada con una precisi\u00f3n excepcional, de hasta 0,01 g, lo que es muy importante a la hora de medir peque\u00f1as cantidades de superalimentos y suplementos alimenticios, en los que no se recomienda una dosificaci\u00f3n excesiva.<\/span><\/p>\n<p><span style=\"color: #000000;\"><strong>&#128154; Rango de medici\u00f3n:<\/strong> La balanza tiene capacidad para medir cantidades peque\u00f1as y medianas (hasta un m\u00e1ximo de 500 g), lo que permite pesar peque\u00f1as porciones de superalimentos y suplementos.<\/p>\n<p><span style=\"color: #000000;\"><strong>&#128154; Varias unidades de medida:<\/strong> Los usuarios de la balanza pueden cambiar entre diferentes unidades de medida, lo que permite una f\u00e1cil adaptaci\u00f3n seg\u00fan el tipo de sustancia que se mida.<\/p>\n<p><span style=\"color: #000000;\"><strong>&#128154; Funci\u00f3n de tara:<\/strong> La funci\u00f3n de tara permite que la b\u00e1scula tenga en cuenta el peso del recipiente o del envase, lo que permite medir con precisi\u00f3n solo el contenido sin peso adicional.<\/p>\n<p><span style=\"color: #000000;\"><strong>&#128154; Facilidad de uso:<\/strong> La b\u00e1scula est\u00e1 equipada con una pantalla LCD que muestra el peso de forma clara y legible. Su f\u00e1cil manejo mediante botones permite pesar r\u00e1pidamente, cambiar las unidades de medida y utilizar la funci\u00f3n de tara.<\/p>\n<p><span style=\"color: #000000;\"><strong>&#128154; Compacta y port\u00e1til:<\/strong> La mini b\u00e1scula digital para suplementos alimenticios y superalimentos es peque\u00f1a y ligera, lo que significa que se puede transportar f\u00e1cilmente y utilizar en diferentes lugares.<\/p>\n<p><span style=\"color: #000000;\"><strong>&#128154; Funciones avanzadas:<\/strong> Nuestra b\u00e1scula tiene funciones adicionales, como el apagado autom\u00e1tico para ahorrar energ\u00eda y la indicaci\u00f3n de bater\u00eda baja.<\/p>\n<p><span style=\"color: #000000;\"><strong>&#128154; Materiales higi\u00e9nicos:<\/strong> La superficie de la b\u00e1scula est\u00e1 fabricada en acero inoxidable, lo cual es importante cuando se utiliza con alimentos y suplementos nutricionales.<\/p>\n<p><span style=\"color: #000000;\"><span style=\"font-size: 12px;\"><br \/>\n<\/span>Estas mini balanzas digitales son ideales <strong>para deportistas, nutricionistas, personas que siguen dietas especiales y cualquiera que desee controlar con precisi\u00f3n las cantidades de superalimentos o suplementos que consume<\/strong> para garantizar unos resultados \u00f3ptimos para su salud.<\/p>\n<h2><span style=\"color: #000000;\">Detalles t\u00e9cnicos<\/span><\/h2>\n<ul>\n<li><span style=\"color: #000000;\">Capacidad de carga: 200 g<\/span><\/li>\n<li><span style=\"color: #000000;\">Precisi\u00f3n de medici\u00f3n: 0,01 g<\/span><\/li>\n<li><span style=\"color: #000000;\">Unidades seleccionables (g\/ml\/oz)<\/span><\/li>\n<li><span style=\"color: #000000;\">Apagado autom\u00e1tico<\/span><\/li>\n<li><span style=\"color: #000000;\">Pantalla LCD clara<\/span><\/li>\n<\/ul>\n<p><span style=\"color: #000000;\"><strong>Accesorios adicionales:<\/strong> pilas AAA de 1,5 V incluidas en el paquete.<\/p>\n","protected":false},"excerpt":{"rendered":"<p align=\"JUSTIFY\"><span class=\"jCAhz ChMk0b\"><span class=\"ryNqvb\">La mini b\u00e1scula digital es un dispositivo excelente <strong>para medir superalimentos y complementos alimenticios<\/strong>, como por ejemplo la oferta. <\/span><\/span><span class=\"jCAhz ChMk0b\"><span class=\"ryNqvb\">Es un dispositivo preciso y de alta tecnolog\u00eda.<\/span><\/span> <span class=\"jCAhz ChMk0b \">Esta b\u00e1scula permite a los usuarios pesar con precisi\u00f3n suplementos alimenticios como polvos, semillas, comprimidos, c\u00e1psulas o l\u00edquidos. <\/span><\/p>\n<p align=\"JUSTIFY\"><span class=\"jCAhz ChMk0b\"><span class=\"ryNqvb\">&#128154; Precisi\u00f3n excepcional de hasta 0,01 g. <\/span><\/span><\/p>\n<p align=\"JUSTIFY\"><span class=\"jCAhz ChMk0b\"><span class=\"ryNqvb\">&#128154; Posibilidad de medir cantidades peque\u00f1as y medianas (hasta 500 g). <\/span><\/span><\/p>\n<p align=\"JUSTIFY\"><span class=\"jCAhz\"><span class=\"ryNqvb\">&#128154; Posibilidad de cambiar entre diferentes unidades de medida. <\/span><\/span><\/p>\n<p align=\"JUSTIFY\"><span class=\"jCAhz ChMk0b\"><span class=\"ryNqvb\">&#128154; Funci\u00f3n de tara. <\/span><\/span><\/p>\n<p align=\"JUSTIFY\"><span class=\"jCAhz ChMk0b\"><span class=\"ryNqvb\">&#128154; F\u00e1cil de usar con pantalla LCD que muestra el peso de forma clara y legible. <\/span><\/span><\/p>\n<p align=\"JUSTIFY\"><span class=\"jCAhz ChMk0b\"><span class=\"ryNqvb\">&#128154; Es peque\u00f1o y ligero, f\u00e1cil de transportar. <\/span><\/span><\/p>\n<p align=\"JUSTIFY\"><span class=\"jCAhz ChMk0b\"><span class=\"ryNqvb\">&#128154; Funciones adicionales de apagado autom\u00e1tico para ahorrar energ\u00eda y indicador de bater\u00eda baja. <\/span><\/span><\/p>\n","protected":false},"featured_media":5012,"comment_status":"open","ping_status":"closed","template":"","meta":{"_acf_changed":false},"product_brand":[],"product_cat":[208,216],"product_tag":[],"class_list":{"0":"post-6727","1":"product","2":"type-product","3":"status-publish","4":"has-post-thumbnail","6":"product_cat-otros","7":"product_cat-todos-los-productos","9":"first","10":"outofstock","11":"taxable","12":"shipping-taxable","13":"purchasable","14":"product-type-simple"},"acf":[],"_links":{"self":[{"href":"https:\/\/fengchashop.com\/es\/wp-json\/wp\/v2\/product\/6727","targetHints":{"allow":["GET"]}}],"collection":[{"href":"https:\/\/fengchashop.com\/es\/wp-json\/wp\/v2\/product"}],"about":[{"href":"https:\/\/fengchashop.com\/es\/wp-json\/wp\/v2\/types\/product"}],"replies":[{"embeddable":true,"href":"https:\/\/fengchashop.com\/es\/wp-json\/wp\/v2\/comments?post=6727"}],"wp:featuredmedia":[{"embeddable":true,"href":"https:\/\/fengchashop.com\/es\/wp-json\/wp\/v2\/media\/5012"}],"wp:attachment":[{"href":"https:\/\/fengchashop.com\/es\/wp-json\/wp\/v2\/media?parent=6727"}],"wp:term":[{"taxonomy":"product_brand","embeddable":true,"href":"https:\/\/fengchashop.com\/es\/wp-json\/wp\/v2\/product_brand?post=6727"},{"taxonomy":"product_cat","embeddable":true,"href":"https:\/\/fengchashop.com\/es\/wp-json\/wp\/v2\/product_cat?post=6727"},{"taxonomy":"product_tag","embeddable":true,"href":"https:\/\/fengchashop.com\/es\/wp-json\/wp\/v2\/product_tag?post=6727"}],"curies":[{"name":"wp","href":"https:\/\/api.w.org\/{rel}","templated":true}]}}