{"id":6726,"date":"2024-08-30T08:23:27","date_gmt":"2024-08-30T06:23:27","guid":{"rendered":"https:\/\/fengchashop.com\/es\/product\/ginseng-panax-bio\/"},"modified":"2026-05-05T13:29:35","modified_gmt":"2026-05-05T11:29:35","slug":"ginseng-panax-bio","status":"publish","type":"product","link":"https:\/\/fengchashop.com\/es\/product\/ginseng-panax-bio\/","title":{"rendered":"Ginseng Panax BIO 60 g"},"content":{"rendered":"<h2 style=\"text-align: justify;\"><span style=\"color: #000000;\">Ginseng panax en polvo de cultivo ecol\u00f3gico<\/span><\/h2>\n<p style=\"text-align: justify;\"><span style=\"color: #000000;\">El ginseng Panax es una hierba que proviene de la familia Araliaceae y pertenece al g\u00e9nero Panax. \u00abPanax\u00bb proviene de una palabra griega que significa <strong>\u00abtoda la salud\u00bb o \u00abcurativo\u00bb<\/strong>, lo que refleja su uso tradicional en la medicina. Esta hierba es conocida por sus posibles propiedades curativas y se utiliza a menudo en la medicina tradicional china, coreana y americana.<\/span><\/p>\n<p style=\"text-align: justify;\"><span style=\"color: #000000;\">La ra\u00edz de ginseng es<strong> una de las plantas m\u00e1s importantes en la medicina tradicional china y rusa<\/strong>, donde se utiliza como complemento alimenticio desde hace siglos, si no milenios. En China es bien sabido que el ginseng es bueno para la salud en t\u00e9rminos de<strong> longevidad<\/strong> (retrasa los procesos de envejecimiento), <strong>contribuye a un mejor funcionamiento del sistema inmunol\u00f3gico, combate la fatiga y el estr\u00e9s, y mejora la potencia sexual<\/strong>.<\/span><\/p>\n<p style=\"text-align: justify;\"><span style=\"color: #000000;\">Los compuestos activos del ginseng, llamados <strong>elevter\u00f3sidos<\/strong> (hay hasta 7 diferentes), act\u00faan de forma similar a los esteroides. El ginseng es tambi\u00e9n una <strong>planta adapt\u00f3gena<\/strong>. Son plantas que ayudan al cuerpo a <strong>adaptarse a diversos factores negativos del entorno<\/strong>. Tiene la capacidad de regular y controlar el sistema glandular y hormonal, el sistema nervioso y cardiovascular y los m\u00fasculos. Los adapt\u00f3genos son una ayuda eficaz para el cuerpo a la hora de controlar el estr\u00e9s f\u00edsico, qu\u00edmico y biol\u00f3gico.<br \/>\nNuestro ginseng poanax procede de la agricultura ecol\u00f3gica y no contiene rellenos ni aditivos. Las ra\u00edces del ginseng se secan despu\u00e9s de la cosecha y luego se muelen suavemente hasta convertirlas en polvo.<\/span><\/p>\n<h2 style=\"text-align: justify;\"><span style=\"color: #000000;\">Propiedades clave del ginseng Panax y sus efectos<\/span><\/h2>\n<p><span style=\"color: #000000;\">\ud83d\udc9a Es conocido como adapt\u00f3geno, lo que significa que puede ayudar al cuerpo a adaptarse al estr\u00e9s y aumentar su resistencia a los factores nocivos.<\/span><\/p>\n<p><span style=\"color: #000000;\">\ud83d\udc9a Se utiliza como remedio natural para aumentar la energ\u00eda y la resistencia.<\/span><\/p>\n<p><span style=\"color: #000000;\">\ud83d\udc9a Mejora las funciones cognitivas, como la memoria, la concentraci\u00f3n y la atenci\u00f3n.<\/span><\/p>\n<p><span style=\"color: #000000;\">\ud83d\udc9a Fortalece el sistema inmunol\u00f3gico, ya que contiene sustancias que estimulan la producci\u00f3n de gl\u00f3bulos blancos, que combaten las infecciones.<\/span><\/p>\n<p><span style=\"color: #000000;\">\ud83d\udc9a contiene antioxidantes que ayudan a proteger las c\u00e9lulas del da\u00f1o causado por los radicales libres,<\/span><\/p>\n<p><span style=\"color: #000000;\">\ud83d\udc9a ayuda a estabilizar los niveles de az\u00facar en sangre, lo que es beneficioso para las personas con diabetes,<\/span><\/p>\n<p><span style=\"color: #000000;\">\ud83d\udc9a mejora la libido en los hombres,<\/span><\/p>\n<p><span style=\"color: #000000;\">\ud83d\udc9a mejora las funciones sexuales,<\/span><\/p>\n<p><span style=\"color: #000000;\">\ud83d\udc9a puede tener propiedades antiinflamatorias que pueden ayudar a reducir la inflamaci\u00f3n en el cuerpo,<\/span><\/p>\n<p><span style=\"color: #000000;\">\ud83d\udc9a tiene un efecto positivo en el sistema cardiovascular al reducir la presi\u00f3n arterial y mejorar los niveles de colesterol.<\/span><\/p>\n<h2 style=\"text-align: justify;\"><span style=\"color: #000000;\">Almacenamiento y advertencias<\/span><\/h2>\n<p style=\"text-align: justify;\"><span style=\"color: #000000;\">Almacenar en un lugar seco y fresco. \u00a1Mantener el complemento alimenticio fuera del alcance de los ni\u00f1os!<\/span><\/p>\n<p style=\"text-align: justify;\"><span style=\"color: #000000;\">No olvide la importancia de una dieta variada y un estilo de vida saludable, por lo que el complemento alimenticio no sustituye una dieta equilibrada y variada. No se deben superar las cantidades o dosis diarias recomendadas. Recomendamos a las mujeres embarazadas, las madres lactantes y las personas que toman medicamentos que consulten siempre a su m\u00e9dico antes de utilizarlos.<\/span><\/p>\n<h2 style=\"text-align: justify;\"><span style=\"color: #000000;\">Envase<\/span><\/h2>\n<p style=\"text-align: justify;\"><span style=\"color: #000000;\">Bolsa herm\u00e9tica con cierre, donde el producto conserva toda su frescura y aroma. El envase protege del aire y la luz, ya que est\u00e1 compuesto por varias capas protectoras que conservan las propiedades del contenido.<br \/>\nEl envase es muy pr\u00e1ctico y se puede reciclar.<\/span><\/p>\n<h2 style=\"text-align: justify;\"><span style=\"color: #000000;\">Origen<\/span><\/h2>\n<p style=\"text-align: justify;\"><span style=\"color: #000000;\">China. Contamos con proveedores muy fiables que nos env\u00edan un an\u00e1lisis qu\u00edmico detallado de los alimentos para cada serie. En m\u00e1s de diez a\u00f1os, no hemos tenido ninguna devoluci\u00f3n ni ning\u00fan otro problema con este art\u00edculo, ni tampoco con otros art\u00edculos del mismo proveedor. El art\u00edculo tiene un certificado 100 % ecol\u00f3gico.<\/span><\/p>\n<p style=\"text-align: justify;\">\n","protected":false},"excerpt":{"rendered":"<p align=\"JUSTIFY\">La ra\u00edz de ginseng es<strong> una de las plantas m\u00e1s importantes en la medicina tradicional china y rusa<\/strong>, donde se utiliza como complemento alimenticio desde hace siglos, si no milenios. En China es bien sabido que el ginseng es bueno para nuestra salud en los siguientes aspectos:<\/p>\n<p align=\"JUSTIFY\">\ud83d\udc9a longevidad (retrasa los procesos de envejecimiento),<br \/>\n\ud83d\udc9a refuerza el sistema inmunol\u00f3gico,<br \/>\n\ud83d\udc9a combate la fatiga,<br \/>\n\ud83d\udc9a combate el estr\u00e9s,<br \/>\n\ud83d\udc9a mejora la potencia sexual.<\/p>\n","protected":false},"featured_media":5010,"comment_status":"open","ping_status":"closed","template":"","meta":{"_acf_changed":false},"product_brand":[],"product_cat":[15,195,216],"product_tag":[],"class_list":{"0":"post-6726","1":"product","2":"type-product","3":"status-publish","4":"has-post-thumbnail","6":"product_cat-uncategorized","7":"product_cat-superalimentos","8":"product_cat-todos-los-productos","10":"first","11":"instock","12":"sale","13":"taxable","14":"shipping-taxable","15":"purchasable","16":"product-type-simple"},"acf":[],"_links":{"self":[{"href":"https:\/\/fengchashop.com\/es\/wp-json\/wp\/v2\/product\/6726","targetHints":{"allow":["GET"]}}],"collection":[{"href":"https:\/\/fengchashop.com\/es\/wp-json\/wp\/v2\/product"}],"about":[{"href":"https:\/\/fengchashop.com\/es\/wp-json\/wp\/v2\/types\/product"}],"replies":[{"embeddable":true,"href":"https:\/\/fengchashop.com\/es\/wp-json\/wp\/v2\/comments?post=6726"}],"wp:featuredmedia":[{"embeddable":true,"href":"https:\/\/fengchashop.com\/es\/wp-json\/wp\/v2\/media\/5010"}],"wp:attachment":[{"href":"https:\/\/fengchashop.com\/es\/wp-json\/wp\/v2\/media?parent=6726"}],"wp:term":[{"taxonomy":"product_brand","embeddable":true,"href":"https:\/\/fengchashop.com\/es\/wp-json\/wp\/v2\/product_brand?post=6726"},{"taxonomy":"product_cat","embeddable":true,"href":"https:\/\/fengchashop.com\/es\/wp-json\/wp\/v2\/product_cat?post=6726"},{"taxonomy":"product_tag","embeddable":true,"href":"https:\/\/fengchashop.com\/es\/wp-json\/wp\/v2\/product_tag?post=6726"}],"curies":[{"name":"wp","href":"https:\/\/api.w.org\/{rel}","templated":true}]}}