{"id":6723,"date":"2023-12-14T17:38:09","date_gmt":"2023-12-14T16:38:09","guid":{"rendered":"https:\/\/fengchashop.com\/es\/product\/sango-koralni-prah\/"},"modified":"2026-05-04T08:34:39","modified_gmt":"2026-05-04T06:34:39","slug":"polvo-de-coral-sango","status":"publish","type":"product","link":"https:\/\/fengchashop.com\/es\/product\/polvo-de-coral-sango\/","title":{"rendered":"Polvo de coral Sango 250 g"},"content":{"rendered":"<h2 style=\"text-align: justify;\">Polvo de coral Sango<\/h2>\n<div style=\"text-align: justify;\">\n<p>El coral marino Sango proviene de un arrecife de coral milenario situado frente a la costa de la isla de Okinawa, en Jap\u00f3n. La propia isla de Okinawa se form\u00f3 sobre roca coralina, por lo que el agua de lluvia se filtra a trav\u00e9s de ella y se enriquece con innumerables minerales y oligoelementos que se encuentran en los corales f\u00f3siles. Los habitantes de Okinawa, a quienes a menudo se les atribuye una longevidad superior a los cien a\u00f1os, disfrutan as\u00ed de un agua excepcionalmente rica y \u00fanica, llena de minerales.<\/p>\n<h2><span style=\"color: #000000;\">\u00bf<\/span>Por qu\u00e9 el polvo de coral Sango es tan especial y diferente?<\/h2>\n<p>El polvo de coral Sango es una fuente natural de calcio y otros minerales beneficiosos para la salud. El polvo de coral contiene principalmente calcio y magnesio, en una proporci\u00f3n de 2:1, lo que se considera ideal para el organismo humano, con una alta utilidad biol\u00f3gica. Adem\u00e1s, tambi\u00e9n puede contener otros minerales en trazas.<\/p>\n<h2>Efectos positivos para nuestra salud y nuestro cuerpo<\/h2>\n<p>El polvo de coral Sango tiene numerosos beneficios y efectos potenciales para la salud. Algunos de los principales beneficios y efectos son:<\/p>\n<p>\ud83d\udc9a refuerza el sistema inmunol\u00f3gico,<br \/>\n\ud83d\udc9a favorece la salud de los huesos, los dientes y los m\u00fasculos,<br \/>\n\ud83d\udc9a ayuda a prevenir enfermedades \u00f3seas como la osteoporosis,<br \/>\n\ud83d\udc9a ayuda a regular el pH del cuerpo y reduce la acidez,<br \/>\n\ud83d\udc9a beneficia la salud card\u00edaca y la funci\u00f3n muscular,<br \/>\n\ud83d\udc9a ayuda a la digesti\u00f3n y la absorci\u00f3n de nutrientes.<\/p>\n<div style=\"text-align: justify;\">\n<div style=\"text-align: justify;\">\n<div style=\"text-align: justify;\">\n<h2 style=\"text-align: justify;\"><span style=\"color: #000000;\">Almacenamiento y advertencias<\/span><\/h2>\n<p style=\"text-align: justify;\"><span style=\"color: #000000;\">Almacenar en un lugar seco y fresco a una temperatura m\u00e1xima de 25 \u00b0C. Mantener el complemento alimenticio fuera del alcance de los ni\u00f1os.<\/span><\/p>\n<p style=\"text-align: justify;\"><span style=\"color: #000000;\">No olvide la importancia de una dieta variada y un estilo de vida saludable, por lo que el complemento alimenticio no sustituye una dieta equilibrada y variada. No se deben superar las cantidades o dosis diarias recomendadas.<br \/>\nSe desaconseja su uso a mujeres embarazadas, madres lactantes y ni\u00f1os. Se recomienda consultar con su m\u00e9dico para obtener m\u00e1s informaci\u00f3n en caso de posibles problemas de salud.<\/span><\/p>\n<h2 style=\"text-align: justify;\"><span style=\"color: #000000;\">Envase<\/span><\/h2>\n<p style=\"text-align: justify;\"><span style=\"color: #000000;\">Bolsa herm\u00e9tica con cierre, donde el producto conserva toda su frescura y aroma. El envase protege del aire y la luz, ya que est\u00e1 compuesto por varias capas protectoras que conservan las propiedades del contenido.<\/span><\/p>\n<p style=\"text-align: justify;\"><span style=\"color: #000000;\">El envase es muy pr\u00e1ctico y reciclable.<\/span><\/p>\n<h2 style=\"text-align: justify;\"><span style=\"color: #000000;\">Origen<\/span><\/h2>\n<p style=\"text-align: justify;\"><span style=\"color: #000000;\">Jap\u00f3n<\/span><\/p>\n<\/div>\n<\/div>\n<\/div>\n<\/div>\n","protected":false},"excerpt":{"rendered":"<p>El polvo de coral Sango tiene numerosos beneficios y efectos potenciales para la salud. Algunos de los principales beneficios y efectos son:<\/p>\n<p>\ud83d\udc9a refuerza el sistema inmunitario,<br \/>\n\ud83d\udc9a favorece la salud de los huesos, los dientes y los m\u00fasculos,<br \/>\n\ud83d\udc9a ayuda a prevenir enfermedades \u00f3seas como la osteoporosis,<br \/>\n\ud83d\udc9a ayuda a regular el pH del cuerpo y reduce la acidez.<\/p>\n","protected":false},"featured_media":5005,"comment_status":"open","ping_status":"closed","template":"","meta":{"_acf_changed":false},"product_brand":[],"product_cat":[15,195,216],"product_tag":[],"class_list":{"0":"post-6723","1":"product","2":"type-product","3":"status-publish","4":"has-post-thumbnail","6":"product_cat-uncategorized","7":"product_cat-superalimentos","8":"product_cat-todos-los-productos","10":"first","11":"instock","12":"taxable","13":"shipping-taxable","14":"purchasable","15":"product-type-simple"},"acf":[],"_links":{"self":[{"href":"https:\/\/fengchashop.com\/es\/wp-json\/wp\/v2\/product\/6723","targetHints":{"allow":["GET"]}}],"collection":[{"href":"https:\/\/fengchashop.com\/es\/wp-json\/wp\/v2\/product"}],"about":[{"href":"https:\/\/fengchashop.com\/es\/wp-json\/wp\/v2\/types\/product"}],"replies":[{"embeddable":true,"href":"https:\/\/fengchashop.com\/es\/wp-json\/wp\/v2\/comments?post=6723"}],"wp:featuredmedia":[{"embeddable":true,"href":"https:\/\/fengchashop.com\/es\/wp-json\/wp\/v2\/media\/5005"}],"wp:attachment":[{"href":"https:\/\/fengchashop.com\/es\/wp-json\/wp\/v2\/media?parent=6723"}],"wp:term":[{"taxonomy":"product_brand","embeddable":true,"href":"https:\/\/fengchashop.com\/es\/wp-json\/wp\/v2\/product_brand?post=6723"},{"taxonomy":"product_cat","embeddable":true,"href":"https:\/\/fengchashop.com\/es\/wp-json\/wp\/v2\/product_cat?post=6723"},{"taxonomy":"product_tag","embeddable":true,"href":"https:\/\/fengchashop.com\/es\/wp-json\/wp\/v2\/product_tag?post=6723"}],"curies":[{"name":"wp","href":"https:\/\/api.w.org\/{rel}","templated":true}]}}