{"id":6722,"date":"2023-12-07T17:37:57","date_gmt":"2023-12-07T16:37:57","guid":{"rendered":"https:\/\/fengchashop.com\/es\/product\/nac-n-acetylcysteine-v-kapsulah\/"},"modified":"2026-05-04T10:53:30","modified_gmt":"2026-05-04T08:53:30","slug":"nac-n-acetilcisteina-en-capsulas","status":"publish","type":"product","link":"https:\/\/fengchashop.com\/es\/product\/nac-n-acetilcisteina-en-capsulas\/","title":{"rendered":"NAC (N-acetilciste\u00edna) en c\u00e1psulas 120 c\u00e1psulas"},"content":{"rendered":"<h2>NAC (N-acetilciste\u00edna)<\/h2>\n<p><span style=\"color: #000000;\">La N-acetilciste\u00edna <strong>(N-acetilciste\u00edna o NAC)<\/strong> es un suplemento diet\u00e9tico basado en el amino\u00e1cido ciste\u00edna. El ciste\u00edna es un componente importante de las prote\u00ednas y desempe\u00f1a numerosas funciones importantes en el organismo. El NAC tiene propiedades \u00fanicas que lo han convertido en un suplemento muy popular y que tambi\u00e9n se utiliza con frecuencia en medicina. Se trata de una sustancia que act\u00faa en el organismo como precursor de la enzima antioxidante glutati\u00f3n.<\/span><\/p>\n<h2><span style=\"color: #000000;\">\u00bfPor qu\u00e9 es tan especial y diferente el NAC?<\/span><\/h2>\n<p><span style=\"color: #000000;\">La N-acetilciste\u00edna se produce normalmente a partir del amino\u00e1cido <strong>L-ciste\u00edna<\/strong>, que se encuentra en muchos alimentos proteicos, como las aves, el pescado, los huevos y los productos l\u00e1cteos.\u00a0<strong>La ciste\u00edna<\/strong> es un amino\u00e1cido esencial, lo que significa que el cuerpo la necesita para funcionar con normalidad, pero tambi\u00e9n puede obtenerla a partir de otros amino\u00e1cidos, como la <strong>metionina<\/strong>.<\/span><\/p>\n<p><span style=\"color: #000000;\">La ciste\u00edna es un componente clave que nuestro cuerpo necesita, ya que desempe\u00f1a un papel importante en varios procesos fundamentales. Una de sus funciones principales es <strong>participar en la regeneraci\u00f3n del glutati\u00f3n<\/strong>, el antioxidante m\u00e1s potente de nuestro cuerpo. El glutati\u00f3n es esencial para <strong>proteger las c\u00e9lulas del cuerpo del da\u00f1o<\/strong> causado por los radicales libres y para mantener todo el sistema de mecanismos de defensa.<\/span><\/p>\n<h2><span style=\"color: #000000;\">Efectos positivos para nuestra salud y nuestro cuerpo<\/span><\/h2>\n<p><em><strong><span style=\"color: #000000;\">El NAC tiene numerosos beneficios y efectos potenciales para la salud. Algunos de los principales beneficios y efectos son:<\/span><\/strong><\/em><\/p>\n<p><span style=\"color: #000000;\">\ud83d\udc9a es un potente antioxidante que <strong>elimina los radicales libres<\/strong>,<\/span><\/p>\n<p><span style=\"color: #000000;\">\ud83d\udc9a tiene un efecto positivo sobre el <strong>sistema inmunol\u00f3gico<\/strong> y favorece la salud del sistema inmunol\u00f3gico,<\/span><\/p>\n<p><span style=\"color: #000000;\">\ud83d\udc9a reduce la incidencia y la gravedad de los <strong>s\u00edntomas de la gripe y el resfriado<\/strong> y acorta la duraci\u00f3n de la enfermedad,<\/span><\/p>\n<p><span style=\"color: #000000;\">\ud83d\udc9a tambi\u00e9n se utiliza para <strong>fluidificar la mucosidad espesa y aliviar las dificultades respiratorias<\/strong> en pacientes con enfermedades respiratorias, como la enfermedad pulmonar obstructiva cr\u00f3nica (EPOC) y la fibrosis qu\u00edstica,<\/span><\/p>\n<p><span style=\"color: #000000;\">\ud83d\udc9a para el tratamiento de la <strong>intoxicaci\u00f3n por paracetamol<\/strong>,<\/span><\/p>\n<p><span style=\"color: #000000;\">\ud83d\udc9a influye en la <strong>salud mental<\/strong>, siendo \u00fatil en el <strong>tratamiento de trastornos<\/strong> como el trastorno obsesivo-compulsivo (TOC) y la depresi\u00f3n,<\/span><\/p>\n<p><span style=\"color: #000000;\">\ud83d\udc9a reduce los s\u00edntomas de algunos <strong>trastornos neurol\u00f3gicos<\/strong>, como la esquizofrenia y los trastornos del estado de \u00e1nimo,<\/span><\/p>\n<p><span style=\"color: #000000;\">\ud83d\udc9a ayuda en el <strong>tratamiento de las adicciones<\/strong>, como el alcoholismo, el tabaquismo y la dependencia de las drogas,<\/span><\/p>\n<p><span style=\"color: #000000;\">\ud83d\udc9a tiene efectos beneficiosos en algunas <strong>enfermedades hep\u00e1ticas<\/strong>, como la fibrosis hep\u00e1tica,<\/span><\/p>\n<p><span style=\"color: #000000;\">\ud83d\udc9a ayuda a <strong>desintoxicar y purificar<\/strong>.<\/span><\/p>\n<h2><span style=\"color: #000000;\">Envasado<\/span><\/h2>\n<p><span style=\"color: #000000;\">Bolsa herm\u00e9tica con cremallera, donde el producto conserva toda su frescura y aroma. El envase protege de la luz y el aire, ya que est\u00e1 compuesto por varias capas de protecci\u00f3n que conservan las propiedades del contenido.<\/span><\/p>\n<p><span style=\"color: #000000;\">El envase es muy pr\u00e1ctico y se puede reciclar.<\/span><\/p>\n<h2 style=\"text-align: justify;\"><span style=\"color: #000000;\">Almacenamiento y advertencias<\/span><\/h2>\n<p style=\"text-align: justify;\"><span style=\"color: #000000;\">Cons\u00e9rvese en un lugar seco y fresco, a una temperatura m\u00e1xima de 25 \u00b0C. Mantenga el complemento alimenticio fuera del alcance de los ni\u00f1os.<\/span><\/p>\n<p style=\"text-align: justify;\"><span style=\"color: #000000;\">No olvide la importancia de una dieta variada y un estilo de vida saludable, por lo que el complemento alimenticio no sustituye una dieta equilibrada y variada. No se debe exceder la dosis diaria recomendada. Se desaconseja su uso a mujeres embarazadas, madres lactantes y ni\u00f1os. Se recomienda consultar con su m\u00e9dico para obtener m\u00e1s informaci\u00f3n en caso de posibles problemas de salud. No es adecuado para ni\u00f1os.<\/span><\/p>\n","protected":false},"excerpt":{"rendered":"<p align=\"JUSTIFY\"><span style=\"color: #000000;\"><strong>La N-acetilciste\u00edna (N-acetylcysteine o NAC)<\/strong> es un complemento alimenticio basado en el amino\u00e1cido<strong> ciste\u00edna<\/strong>. La ciste\u00edna es un componente importante de las prote\u00ednas y desempe\u00f1a numerosas funciones importantes en el organismo. La NAC tiene propiedades \u00fanicas que la han hecho popular como suplemento y tambi\u00e9n se utiliza con frecuencia en medicina.<br \/>\n\ud83d\udc9a Tiene un efecto positivo sobre el sistema inmunitario.<br \/>\n<span style=\"color: #000000;\">\ud83d\udc9a Reduce la incidencia y la gravedad de los s\u00edntomas de la gripe y el resfriado.<br \/>\n<span style=\"color: #000000;\">\ud83d\udc9a Alivia los s\u00edntomas de algunos trastornos neurol\u00f3gicos.<br \/>\n\ud83d\udc9a Ayuda en el tratamiento de las adicciones.<br \/>\n\ud83d\udc9a Ayuda en la desintoxicaci\u00f3n y la purificaci\u00f3n.<\/span><\/span><\/span><\/p>\n","protected":false},"featured_media":5002,"comment_status":"open","ping_status":"closed","template":"","meta":{"_acf_changed":false},"product_brand":[],"product_cat":[218,203,195,216],"product_tag":[],"class_list":{"0":"post-6722","1":"product","2":"type-product","3":"status-publish","4":"has-post-thumbnail","6":"product_cat-mas-vendidos","7":"product_cat-minerales-y-vitaminas","8":"product_cat-superalimentos","9":"product_cat-todos-los-productos","11":"first","12":"instock","13":"sale","14":"taxable","15":"shipping-taxable","16":"purchasable","17":"product-type-simple"},"acf":[],"_links":{"self":[{"href":"https:\/\/fengchashop.com\/es\/wp-json\/wp\/v2\/product\/6722","targetHints":{"allow":["GET"]}}],"collection":[{"href":"https:\/\/fengchashop.com\/es\/wp-json\/wp\/v2\/product"}],"about":[{"href":"https:\/\/fengchashop.com\/es\/wp-json\/wp\/v2\/types\/product"}],"replies":[{"embeddable":true,"href":"https:\/\/fengchashop.com\/es\/wp-json\/wp\/v2\/comments?post=6722"}],"wp:featuredmedia":[{"embeddable":true,"href":"https:\/\/fengchashop.com\/es\/wp-json\/wp\/v2\/media\/5002"}],"wp:attachment":[{"href":"https:\/\/fengchashop.com\/es\/wp-json\/wp\/v2\/media?parent=6722"}],"wp:term":[{"taxonomy":"product_brand","embeddable":true,"href":"https:\/\/fengchashop.com\/es\/wp-json\/wp\/v2\/product_brand?post=6722"},{"taxonomy":"product_cat","embeddable":true,"href":"https:\/\/fengchashop.com\/es\/wp-json\/wp\/v2\/product_cat?post=6722"},{"taxonomy":"product_tag","embeddable":true,"href":"https:\/\/fengchashop.com\/es\/wp-json\/wp\/v2\/product_tag?post=6722"}],"curies":[{"name":"wp","href":"https:\/\/api.w.org\/{rel}","templated":true}]}}