{"id":6721,"date":"2023-08-29T07:31:01","date_gmt":"2023-08-29T05:31:01","guid":{"rendered":"https:\/\/fengchashop.com\/es\/product\/dandelion-bio-v-prahu\/"},"modified":"2026-05-04T08:39:21","modified_gmt":"2026-05-04T06:39:21","slug":"diente-de-leon-en-polvo","status":"publish","type":"product","link":"https:\/\/fengchashop.com\/es\/product\/diente-de-leon-en-polvo\/","title":{"rendered":"Diente de le\u00f3n en polvo BIO 250 g"},"content":{"rendered":"<h2 style=\"text-align: justify;\"><span style=\"color: #000000;\">Diente de le\u00f3n en polvo BIO<\/span><\/h2>\n<div style=\"text-align: justify;\">\n<p><span style=\"color: #000000;\">El diente de le\u00f3n (Taraxacum officinale), tambi\u00e9n conocido como taraxacum o pisanec, es una planta perenne de la familia Asteraceae. La planta est\u00e1 extendida por todo el mundo y se encuentra habitualmente en prados, jardines, bordes de carreteras y otras superficies abiertas. Adem\u00e1s de su valor ornamental, tambi\u00e9n tiene un valor hist\u00f3rico y contempor\u00e1neo en la medicina tradicional y natural, donde se han investigado sus posibles efectos beneficiosos para la salud.<\/span><\/p>\n<\/div>\n<h2><span style=\"color: #000000;\">\u00bf<\/span><span style=\"color: #000000;\">Por qu\u00e9 el diente de le\u00f3n es tan especial y diferente?<\/span><\/h2>\n<p><span style=\"color: #000000;\">La ra\u00edz de diente de le\u00f3n en polvo es un complemento alimenticio que se obtiene de las ra\u00edces de esta planta. La ra\u00edz de diente de le\u00f3n en polvo es <strong>apreciada por sus numerosos beneficios potenciales para la salud<\/strong>. El diente de le\u00f3n se ha <strong>utilizado con diversos fines en los sistemas m\u00e9dicos tradicionales de todo el mundo, entre ellos como t\u00f3nico, diur\u00e9tico y purificador de la sangre<\/strong>.<\/span><\/p>\n<p><span style=\"color: #000000;\">La ra\u00edz de tr\u00e9bol es una fuente rica en numerosos nutrientes, entre los que se encuentran <strong>vitaminas<\/strong> (A, C y K), <strong>minerales<\/strong> (potasio, calcio, hierro, magnesio y f\u00f3sforo) y <strong>otros compuestos que pueden ser beneficiosos para la salud<\/strong>.<\/span><\/p>\n<p><span style=\"color: #000000;\">La achicoria contiene <strong>antioxidantes<\/strong> que protegen las c\u00e9lulas del da\u00f1o causado por los radicales libres. Los antioxidantes pueden contribuir a la salud general y desempe\u00f1ar un papel en la reducci\u00f3n del riesgo de enfermedades cr\u00f3nicas. Los <strong>flavonoides<\/strong> son antioxidantes que incluyen compuestos como la quercetina y la luteolina, que pueden ayudar a proteger las c\u00e9lulas del estr\u00e9s oxidativo.<\/span><\/p>\n<p><span style=\"color: #000000;\">La ra\u00edz de la achicoria tambi\u00e9n contiene fibra, entre la que destaca la <strong>inulina<\/strong>, ya que ayuda a regular los niveles de az\u00facar en sangre y la digesti\u00f3n.<br \/>\n<span style=\"color: #000000;\">Otros compuestos importantes que se encuentran en la ra\u00edz de la achicoria son la <strong>amargina<\/strong>, que estimula el apetito y el proceso digestivo, y los <strong>fitoqu\u00edmicos<\/strong>, que tienen diversos beneficios para la salud.<\/span><\/span><\/p>\n<h2 class=\"Standard\" style=\"text-align: justify;\"><span style=\"color: #000000;\">Efectos positivos para nuestra salud y nuestro cuerpo<\/span><\/h2>\n<div style=\"text-align: justify;\"><span style=\"color: #000000;\">La achicoria tiene numerosos beneficios y efectos potenciales para la salud. Algunos de los principales beneficios y efectos son:<\/span><\/div>\n<div style=\"text-align: justify;\">\n<p><span style=\"color: #000000;\">\ud83d\udc9a es un potente <strong>antioxidante<\/strong> que elimina los radicales libres,<\/span><br \/>\n<span style=\"color: #000000;\">\ud83d\udc9a tiene un <strong>efecto diur\u00e9tico<\/strong>,<\/span><br \/>\n<span style=\"color: #000000;\">\ud83d\udc9a ayuda a <strong>desintoxicar y purificar<\/strong>,<\/span><br \/>\n<span style=\"color: #000000;\">\ud83d\udc9a contribuye a <strong>una mejor digesti\u00f3n y a un sistema digestivo sano<\/strong>,<\/span><br \/>\n<span style=\"color: #000000;\">\ud83d\udc9a contribuye a <strong>un mejor funcionamiento del sistema inmunol\u00f3gico<\/strong>,<\/span><br \/>\n<span style=\"color: #000000;\">\ud83d\udc9a ayuda a reforzar <strong>la resistencia natural del organismo frente a infecciones y enfermedades<\/strong>,<\/span><br \/>\n<span style=\"color: #000000;\">\ud83d\udc9a tiene <strong>propiedades antiinflamatorias<\/strong>,<\/span><br \/>\n<span style=\"color: #000000;\">\ud83d\udc9a mejora<strong> el estado de la piel en caso de diversos problemas<\/strong>,<\/span><br \/>\n<span style=\"color: #000000;\">\ud83d\udc9a favorece el <strong>funcionamiento del h\u00edgado<\/strong>,<\/span><br \/>\n<span style=\"color: #000000;\">\ud83d\udc9a ayuda a <strong>regular el nivel de az\u00facar en sangre<\/strong>,<\/span><br \/>\n<span style=\"color: #000000;\">\ud83d\udc9a contribuye a <strong>mejorar la salud \u00f3sea<\/strong>.<\/span><\/p>\n<\/div>\n<div style=\"text-align: justify;\">\n<h2><span style=\"color: #000000;\">Almacenamiento y advertencias<\/span><\/h2>\n<\/div>\n<p style=\"text-align: justify;\"><span style=\"color: #000000;\">Conservar en un lugar seco y fresco a una temperatura m\u00e1xima de 25 \u00b0C. Mantener el complemento alimenticio fuera del alcance de los ni\u00f1os.<\/span><\/p>\n<p style=\"text-align: justify;\"><span style=\"color: #000000;\">No olvide la importancia de una dieta variada y un estilo de vida saludable, por lo que el complemento alimenticio no sustituye una dieta equilibrada y variada. No se debe exceder la dosis diaria recomendada.<br \/>\nNo se recomienda su uso a mujeres embarazadas, madres lactantes ni ni\u00f1os. No se recomienda su consumo a personas hipersensibles a las plantas de la familia Asteraceae, ni a personas que tomen medicamentos anticoagulantes o que tengan problemas biliares. Se recomienda consultar con su m\u00e9dico para obtener m\u00e1s informaci\u00f3n en caso de posibles problemas de salud.<\/span><\/p>\n<h2 style=\"text-align: justify;\"><span style=\"color: #000000;\">Envase<\/span><\/h2>\n<p style=\"text-align: justify;\"><span style=\"color: #000000;\">Bolsa herm\u00e9tica con cierre, donde el producto conserva toda su frescura y aroma. El envase protege del aire y la luz, ya que est\u00e1 compuesto por varias capas protectoras que conservan las propiedades del contenido.<br \/>\nEl envase es muy pr\u00e1ctico y se puede reciclar.<\/span><\/p>\n<h2 style=\"text-align: justify;\"><span style=\"color: #000000;\">Origen<\/span><\/h2>\n<p style=\"text-align: justify;\"><span style=\"color: #000000;\">China<\/span><\/p>\n<p><span style=\"color: #000000;\">Contamos con proveedores muy fiables que nos env\u00edan un an\u00e1lisis qu\u00edmico detallado del alimento para cada serie. En m\u00e1s de diez a\u00f1os, no hemos tenido ninguna devoluci\u00f3n ni ning\u00fan otro problema con este art\u00edculo, ni tampoco con otros art\u00edculos del mismo proveedor.<\/span><\/p>\n<p><span style=\"color: #000000;\">El art\u00edculo tiene un certificado 100 % ecol\u00f3gico.<\/span><\/p>\n","protected":false},"excerpt":{"rendered":"<p>El diente de le\u00f3n (Taraxacum officinale), tambi\u00e9n conocido como taraxaco o lechuga de gato, es una planta perenne de la familia Asteraceae. La planta est\u00e1 extendida por todo el mundo y suele encontrarse en prados, jardines, bordes de carreteras y otras zonas abiertas. Adem\u00e1s de su valor ornamental, tambi\u00e9n tiene un valor hist\u00f3rico y contempor\u00e1neo en la medicina tradicional y natural, donde se han investigado sus posibles efectos beneficiosos para la salud.<\/p>\n<p><span style=\"color: #000000;\">\ud83d\udc9a Ayuda a fortalecer la resistencia natural del cuerpo contra las infecciones y enfermedades.<br \/>\n<span style=\"color: #000000;\">\ud83d\udc9a Contribuye a una mejor digesti\u00f3n y a un sistema digestivo saludable.<br \/>\n<span style=\"color: #000000;\">\ud83d\udc9a Ayuda a regular los niveles de az\u00facar en sangre.<br \/>\n<span style=\"color: #000000;\">\ud83d\udc9a Es un potente antioxidante que elimina los radicales libres.<\/span><\/span><\/span><\/span><\/p>\n","protected":false},"featured_media":4999,"comment_status":"open","ping_status":"closed","template":"","meta":{"_acf_changed":false},"product_brand":[],"product_cat":[15,195,216],"product_tag":[],"class_list":{"0":"post-6721","1":"product","2":"type-product","3":"status-publish","4":"has-post-thumbnail","6":"product_cat-uncategorized","7":"product_cat-superalimentos","8":"product_cat-todos-los-productos","10":"first","11":"instock","12":"sale","13":"taxable","14":"shipping-taxable","15":"purchasable","16":"product-type-simple"},"acf":[],"_links":{"self":[{"href":"https:\/\/fengchashop.com\/es\/wp-json\/wp\/v2\/product\/6721","targetHints":{"allow":["GET"]}}],"collection":[{"href":"https:\/\/fengchashop.com\/es\/wp-json\/wp\/v2\/product"}],"about":[{"href":"https:\/\/fengchashop.com\/es\/wp-json\/wp\/v2\/types\/product"}],"replies":[{"embeddable":true,"href":"https:\/\/fengchashop.com\/es\/wp-json\/wp\/v2\/comments?post=6721"}],"wp:featuredmedia":[{"embeddable":true,"href":"https:\/\/fengchashop.com\/es\/wp-json\/wp\/v2\/media\/4999"}],"wp:attachment":[{"href":"https:\/\/fengchashop.com\/es\/wp-json\/wp\/v2\/media?parent=6721"}],"wp:term":[{"taxonomy":"product_brand","embeddable":true,"href":"https:\/\/fengchashop.com\/es\/wp-json\/wp\/v2\/product_brand?post=6721"},{"taxonomy":"product_cat","embeddable":true,"href":"https:\/\/fengchashop.com\/es\/wp-json\/wp\/v2\/product_cat?post=6721"},{"taxonomy":"product_tag","embeddable":true,"href":"https:\/\/fengchashop.com\/es\/wp-json\/wp\/v2\/product_tag?post=6721"}],"curies":[{"name":"wp","href":"https:\/\/api.w.org\/{rel}","templated":true}]}}