{"id":6720,"date":"2023-08-29T08:53:40","date_gmt":"2023-08-29T06:53:40","guid":{"rendered":"https:\/\/fengchashop.com\/es\/product\/repinec-burdock-bio-v-prahu\/"},"modified":"2026-05-04T21:22:43","modified_gmt":"2026-05-04T19:22:43","slug":"bardana-en-polvo-bio","status":"publish","type":"product","link":"https:\/\/fengchashop.com\/es\/product\/bardana-en-polvo-bio\/","title":{"rendered":"Bardana en polvo BIO 250 g"},"content":{"rendered":"<h2 style=\"text-align: justify;\"><span style=\"color: #000000;\">Polvo de bardana BIO<\/span><\/h2>\n<div style=\"text-align: justify;\">\n<p><span style=\"color: #000000;\">El polvo de bardana proviene de la ra\u00edz de la bardana (Arctium lappa), una hierba originaria de Europa y Asia, aunque tambi\u00e9n se encuentra en otras partes del mundo. Esta planta es conocida por sus grandes hojas en forma de coraz\u00f3n, sus inflorescencias de color rosa viol\u00e1ceo y sus grandes frutos caracter\u00edsticos, que se adhieren a unas vainas peludas. La bardana tiene una larga historia de uso en la medicina herbal tradicional y es conocida por sus numerosos beneficios para la salud. La ra\u00edz de bardana es rica en diversos nutrientes y compuestos bioactivos que contribuyen a sus efectos.<\/span><\/p>\n<p><span style=\"color: #000000;\">En medicina se han utilizado diferentes partes de la planta, incluyendo las ra\u00edces, las hojas, las flores y las semillas. Tambi\u00e9n se ha utilizado en la cocina, donde a menudo se han empleado las hojas y tallos j\u00f3venes para preparar platos como sopas y ensaladas.<\/span><\/p>\n<\/div>\n<h2><span style=\"color: #000000;\">\u00bf<\/span><span style=\"color: #000000;\">Por qu\u00e9 es tan especial y diferente la achicoria?<\/span><\/h2>\n<p style=\"text-align: justify;\"><span style=\"color: #000000;\">Hoy en d\u00eda, la achicoria tambi\u00e9n se utiliza como ingrediente en suplementos alimenticios, ya que tiene numerosos beneficios potenciales para la salud. Se utiliza para<strong> favorecer la salud de la piel, el sistema digestivo, los ri\u00f1ones, el sistema inmunol\u00f3gico y otras funciones corporales<\/strong>.<\/span><\/p>\n<p style=\"text-align: justify;\"><span style=\"color: #000000;\">La ra\u00edz de repinec es una fuente rica en numerosos nutrientes, entre los que se encuentran vitaminas (complejo B y E), minerales (potasio, f\u00f3sforo, magnesio, cobalto, cromo, zinc, sodio, silicio y hierro) y otros compuestos que pueden ser beneficiosos para la salud.<\/span><\/p>\n<p style=\"text-align: justify;\"><span style=\"color: #000000;\">El extracto de ra\u00edz de repinca tiene muchas propiedades farmacol\u00f3gicas, entre las que destacan los <strong>principios activos antibacterianos, antivirales y antioxidantes<\/strong>. Tambi\u00e9n desempe\u00f1a un papel fundamental en la regulaci\u00f3n del metabolismo de los l\u00edpidos y en el control de los trastornos del metabolismo de la glucosa. Adem\u00e1s, se le atribuyen <strong>propiedades antitumorales, antimutag\u00e9nicas e inmunomoduladoras, as\u00ed como la capacidad de reducir la inflamaci\u00f3n<\/strong>. En su conjunto, tambi\u00e9n tiene efectos laxantes que mejoran el proceso digestivo.<\/span><\/p>\n<p style=\"text-align: justify;\"><span style=\"color: #000000;\">El extracto de ra\u00edz de repinca contiene diversas <strong>amino\u00e1cidos esenciales<\/strong> en concentraciones elevadas, especialmente aquellos que tienen efectos farmacol\u00f3gicos pronunciados.<\/span><\/p>\n<h2 class=\"Standard\" style=\"text-align: justify;\"><span style=\"color: #000000;\">Efectos positivos para nuestra salud y nuestro cuerpo<\/span><\/h2>\n<div style=\"text-align: justify;\">\n<p><span style=\"color: #000000;\">La col rizada tiene numerosos beneficios y efectos potenciales para la salud. Algunos de los principales beneficios y efectos son:<\/span><\/p>\n<p><span style=\"color: #000000;\">\ud83d\udc9a Tiene <strong>propiedades antiinflamatorias<\/strong>.<\/span><br \/>\n<span style=\"color: #000000;\">\ud83d\udc9a Mejora <strong>el estado de la piel en caso de diversos problemas<\/strong> (acn\u00e9, eccemas, psoriasis y dermatitis).<\/span><br \/>\n<span style=\"color: #000000;\">\ud83d\udc9a alivia <strong>el picor y la irritaci\u00f3n de la piel<\/strong>,<\/span><br \/>\n<span style=\"color: #000000;\">\ud83d\udc9a ayuda a <strong>desintoxicar y purificar<\/strong>,<\/span><br \/>\n<span style=\"color: #000000;\">\ud83d\udc9a favorece el <strong>funcionamiento del h\u00edgado y los ri\u00f1ones<\/strong> en la eliminaci\u00f3n de toxinas del organismo,<\/span><br \/>\n<span style=\"color: #000000;\">\ud83d\udc9a estimula la eliminaci\u00f3n de <strong>residuos<\/strong> a trav\u00e9s de la piel y el sistema urinario,<\/span><br \/>\n<span style=\"color: #000000;\">\ud83d\udc9a contribuye a una mejor <strong>digesti\u00f3n y a un sistema digestivo sano<\/strong>,<\/span><br \/>\n<span style=\"color: #000000;\">\ud83d\udc9a ayuda a mejorar el funcionamiento del <strong>sistema inmunol\u00f3gico<\/strong>,<\/span><br \/>\n<span style=\"color: #000000;\">\ud83d\udc9a ayuda a fortalecer la <strong>resistencia natural del cuerpo contra infecciones y enfermedades<\/strong>,<\/span><br \/>\n<span style=\"color: #000000;\">\ud83d\udc9a es un potente <strong>antioxidante<\/strong> que elimina los radicales libres,<\/span><br \/>\n<span style=\"color: #000000;\">\ud83d\udc9a tiene un <strong>efecto antitumoral<\/strong>,<\/span><br \/>\n<span style=\"color: #000000;\">\ud83d\udc9a favorece la <strong>salud del cabello, el cuero cabelludo y las u\u00f1as<\/strong>,<\/span><br \/>\n<span style=\"color: #000000;\">\ud83d\udc9a ayuda a regular <strong>los niveles de az\u00facar en sangre<\/strong>,<\/span><br \/>\n<span style=\"color: #000000;\">\ud83d\udc9a ayuda a aliviar <strong>la inflamaci\u00f3n de las articulaciones y a mitigar los s\u00edntomas de las enfermedades reum\u00e1ticas<\/strong>,<\/span><br \/>\n<span style=\"color: #000000;\">\ud83d\udc9a previene la <strong>arteriosclerosis, la hipertensi\u00f3n y la trombosis cerebral<\/strong>,<\/span><br \/>\n<span style=\"color: #000000;\">\ud83d\udc9a elimina la <strong>fatiga y estimula el metabolismo<\/strong>,<\/span><br \/>\n<span style=\"color: #000000;\">\ud83d\udc9a mejora la <strong>memoria<\/strong>.<\/span><\/p>\n<\/div>\n<div style=\"text-align: justify;\">\n<h2><span style=\"color: #000000;\">Almacenamiento y advertencias<\/span><\/h2>\n<\/div>\n<p style=\"text-align: justify;\"><span style=\"color: #000000;\">Almacenar en un lugar seco y fresco a una temperatura m\u00e1xima de 25 \u00b0C. Mantener el complemento alimenticio fuera del alcance de los ni\u00f1os.<\/span><\/p>\n<p style=\"text-align: justify;\"><span style=\"color: #000000;\">No olvide la importancia de una dieta variada y un estilo de vida saludable, por lo que el complemento alimenticio no sustituye una dieta equilibrada y variada. No se debe exceder la dosis diaria recomendada.<br \/>\nNo se recomienda su uso a mujeres embarazadas, madres lactantes ni ni\u00f1os. No se recomienda su consumo a personas con reacciones al\u00e9rgicas (por ejemplo, a la remolacha) ni a personas que tomen medicamentos anticoagulantes. Se recomienda consultar con el m\u00e9dico para obtener m\u00e1s informaci\u00f3n en caso de posibles problemas de salud.<\/span><\/p>\n<h2 style=\"text-align: justify;\"><span style=\"color: #000000;\">Envase<\/span><\/h2>\n<p style=\"text-align: justify;\"><span style=\"color: #000000;\">Bolsa herm\u00e9tica con cierre, donde el producto conserva toda su frescura y aroma. El envase protege del aire y la luz, ya que est\u00e1 compuesto por varias capas protectoras que conservan las propiedades del contenido.<br \/>\nEl envase es muy pr\u00e1ctico y se puede reciclar.<\/span><\/p>\n<h2 style=\"text-align: justify;\"><span style=\"color: #000000;\">Origen<\/span><\/h2>\n<p style=\"text-align: justify;\"><span style=\"color: #000000;\">China<\/span><\/p>\n<p style=\"text-align: justify;\"><span style=\"color: #000000;\">Contamos con proveedores muy fiables que nos env\u00edan un an\u00e1lisis qu\u00edmico detallado del alimento para cada lote. En m\u00e1s de diez a\u00f1os, no hemos tenido ninguna devoluci\u00f3n ni ning\u00fan otro problema con este art\u00edculo, ni tampoco con otros art\u00edculos del mismo proveedor. <\/span><\/p>\n<p style=\"text-align: justify;\"><span style=\"color: #000000;\">El art\u00edculo tiene un certificado 100 % ecol\u00f3gico.<\/span><\/p>\n","protected":false},"excerpt":{"rendered":"<p>El polvo de bardana proviene de la ra\u00edz de la bardana (Arctium lappa), una hierba originaria de Europa y Asia, aunque tambi\u00e9n se encuentra en otras partes del mundo. La bardana tiene una larga historia de uso en la medicina herbal tradicional y es conocida por sus numerosos beneficios para la salud. La ra\u00edz de bardana es rica en diversos nutrientes y compuestos bioactivos que contribuyen a sus efectos.<\/p>\n<p><span style=\"color: #000000;\">\ud83d\udc9a Ayuda a aliviar la inflamaci\u00f3n de las articulaciones y a mitigar los s\u00edntomas de las enfermedades reum\u00e1ticas.<br \/>\n<span style=\"color: #000000;\">\ud83d\udc9a Favorece el funcionamiento del h\u00edgado y los ri\u00f1ones en la eliminaci\u00f3n de toxinas del organismo.<br \/>\n<span style=\"color: #000000;\">\ud83d\udc9a Previene la arteriosclerosis, la hipertensi\u00f3n y la trombosis cerebral.<br \/>\n<span style=\"color: #000000;\">\ud83d\udc9a Tiene un efecto antitumoral.<\/span><\/span><\/span><\/span><\/p>\n","protected":false},"featured_media":4997,"comment_status":"open","ping_status":"closed","template":"","meta":{"_acf_changed":false},"product_brand":[],"product_cat":[15,195,216],"product_tag":[],"class_list":{"0":"post-6720","1":"product","2":"type-product","3":"status-publish","4":"has-post-thumbnail","6":"product_cat-uncategorized","7":"product_cat-superalimentos","8":"product_cat-todos-los-productos","10":"first","11":"instock","12":"taxable","13":"shipping-taxable","14":"purchasable","15":"product-type-simple"},"acf":[],"_links":{"self":[{"href":"https:\/\/fengchashop.com\/es\/wp-json\/wp\/v2\/product\/6720","targetHints":{"allow":["GET"]}}],"collection":[{"href":"https:\/\/fengchashop.com\/es\/wp-json\/wp\/v2\/product"}],"about":[{"href":"https:\/\/fengchashop.com\/es\/wp-json\/wp\/v2\/types\/product"}],"replies":[{"embeddable":true,"href":"https:\/\/fengchashop.com\/es\/wp-json\/wp\/v2\/comments?post=6720"}],"wp:featuredmedia":[{"embeddable":true,"href":"https:\/\/fengchashop.com\/es\/wp-json\/wp\/v2\/media\/4997"}],"wp:attachment":[{"href":"https:\/\/fengchashop.com\/es\/wp-json\/wp\/v2\/media?parent=6720"}],"wp:term":[{"taxonomy":"product_brand","embeddable":true,"href":"https:\/\/fengchashop.com\/es\/wp-json\/wp\/v2\/product_brand?post=6720"},{"taxonomy":"product_cat","embeddable":true,"href":"https:\/\/fengchashop.com\/es\/wp-json\/wp\/v2\/product_cat?post=6720"},{"taxonomy":"product_tag","embeddable":true,"href":"https:\/\/fengchashop.com\/es\/wp-json\/wp\/v2\/product_tag?post=6720"}],"curies":[{"name":"wp","href":"https:\/\/api.w.org\/{rel}","templated":true}]}}