{"id":6718,"date":"2023-06-13T06:47:12","date_gmt":"2023-06-13T04:47:12","guid":{"rendered":"https:\/\/fengchashop.com\/es\/product\/jiaogulan-gynostemma-v-prahu\/"},"modified":"2026-04-03T08:53:50","modified_gmt":"2026-04-03T06:53:50","slug":"jiaogulan-gynostemma-en-polvo","status":"publish","type":"product","link":"https:\/\/fengchashop.com\/es\/product\/jiaogulan-gynostemma-en-polvo\/","title":{"rendered":"Jiaogulan Gynostemma en polvo 250 g"},"content":{"rendered":"<h2 style=\"text-align: justify\"><span style=\"color: #000000\">Jiaogulan (Gynostemma)<\/span><\/h2>\n<div style=\"text-align: justify\">\n<p><span style=\"color: #000000\">El jiaogulan, tambi\u00e9n conocido como <strong>Gynostemma o Jiao Gu Lan<\/strong>, es una planta originaria de China, Birmania, el norte de Tailandia, Corea y Jap\u00f3n. En la medicina tradicional china se utiliza desde hace siglos por sus <strong>propiedades curativas<\/strong>. Tambi\u00e9n se la conoce como \u00ab<strong>planta de la inmortalidad<\/strong>\u00bb, ya que <strong>contiene numerosos principios activos importantes para una vida larga<\/strong>.<\/span><\/p>\n<p><span style=\"color: #000000\">El jiaogulan Gynostemma es una hierba muy estudiada cient\u00edficamente a la que se le atribuyen numerosos efectos positivos. Sobre todo, <strong>act\u00faa contra las inflamaciones, desintoxica y tiene un efecto antienvejecimiento<\/strong>. Adem\u00e1s, el jiaogulan es tambi\u00e9n un potente <strong>antioxidante<\/strong>. Al igual que el ginseng, <strong>aumenta la energ\u00eda<\/strong>, equilibra el cuerpo y mejora el bienestar general. Seg\u00fan la medicina tradicional china, tiene un efecto beneficioso sobre el s\u00edndrome de fatiga cr\u00f3nica y las palpitaciones card\u00edacas (sensaci\u00f3n de palpitaciones en el pecho). A menudo se utiliza para tratar afecciones m\u00e9dicas que incluyen la prevenci\u00f3n y el alivio de la <strong>diabetes y el colesterol alto<\/strong>, as\u00ed como la <strong>prevenci\u00f3n de los efectos del estr\u00e9s<\/strong> que conducen a la <strong>ansiedad<\/strong>. Con un uso regular, se pueden aprovechar al m\u00e1ximo sus efectos, y su moderaci\u00f3n tambi\u00e9n garantiza un consumo seguro sin efectos secundarios ni indeseables.<\/p>\n<p style=\"text-align: justify\"><span style=\"color: #000000\">Ayuda a que nuestro cuerpo se equilibre por s\u00ed mismo.<\/p>\n<div style=\"text-align: justify\">\n<p><span style=\"color: #000000\">El jiaogulan tambi\u00e9n es <strong>adapt\u00f3geno<\/strong>. Las plantas adapt\u00f3genas ayudan al cuerpo a adaptarse a diversos factores negativos del entorno. Tienen la capacidad de regular y controlar el sistema glandular y hormonal, el sistema nervioso y cardiovascular y los m\u00fasculos.<\/p>\n<p><span style=\"color: #000000\">Los adapt\u00f3genos cuidan la salud de los \u00f3rganos vitales y ayudan a regular el az\u00facar en sangre, mejoran el funcionamiento del h\u00edgado, el aparato digestivo y la piel. Fortalecen y revitalizan el cuerpo. Tambi\u00e9n estimulan el funcionamiento de la gl\u00e1ndula suprarrenal, lo que ayuda al cuerpo a afrontar eficazmente el estr\u00e9s causado por factores f\u00edsicos (infecciones, lesiones, falta de sue\u00f1o) o psicol\u00f3gicos (ansiedad).<\/span><\/p>\n<h2 style=\"text-align: justify\"><span style=\"color: #000000\">Propiedades clave que nos ofrece el jiaogulan gynostemma<\/span><\/h2>\n<div style=\"text-align: justify\">\n<p><span style=\"color: #000000\"><em><strong>En la medicina tradicional china, el jiaogulan se utiliza para diversos fines, a saber:<\/strong><\/em><\/span><\/p>\n<p><span style=\"color: #000000\">&#128154; Fortalecimiento del <strong>sistema inmunol\u00f3gico<\/strong>.<br \/>\n<span style=\"color: #000000\">&#128154; regular la <strong>presi\u00f3n arterial y el az\u00facar en sangre<\/strong>,<\/span><br \/>\n<span style=\"color: #000000\">&#128154; regular los <strong>niveles de colesterol<\/strong>,<\/span><br \/>\n<span style=\"color: #000000\">&#128154; reducir la <strong>inflamaci\u00f3n<\/strong>,<\/span><br \/>\n<span style=\"color: #000000\">&#128154; prevenir la aparici\u00f3n de <strong>ansiedad<\/strong>,<\/span><br \/>\n<span style=\"color: #000000\">&#128154; mejora la <strong>digesti\u00f3n<\/strong> y<\/span><br \/>\n<span style=\"color: #000000\">&#128154; favorece la <strong>salud card\u00edaca<\/strong>.<\/span><\/p>\n<p><span style=\"color: #000000\">El jiaogulan contiene numerosos <strong>compuestos bioactivos<\/strong>, como gluc\u00f3sidos, flavonoides, polisac\u00e1ridos, vitaminas y minerales, que <strong>contribuyen a sus efectos curativos<\/strong>.<\/span><\/p>\n<div style=\"text-align: justify\">\n<h2 style=\"text-align: justify\"><span style=\"color: #000000\">Almacenamiento y advertencias<\/span><\/h2>\n<p style=\"text-align: justify\"><span style=\"color: #000000\">Conservar en un lugar seco y fresco a una temperatura m\u00e1xima de 25 \u00b0C. Mantener el complemento alimenticio fuera del alcance de los ni\u00f1os.<\/p>\n<p style=\"text-align: justify\"><span style=\"color: #000000\">No olvide la importancia de una dieta variada y un estilo de vida saludable, por lo que el complemento alimenticio no sustituye una dieta equilibrada y variada. No se deben superar las cantidades o dosis diarias recomendadas.<\/p>\n<h2 style=\"text-align: justify\"><span style=\"color: #000000\">Envase<\/span><\/h2>\n<p style=\"text-align: justify\"><span style=\"color: #000000\">Bolsa herm\u00e9tica con cierre, donde el producto conserva toda su frescura y aroma. El envase protege del aire y la luz, ya que est\u00e1 compuesto por varias capas protectoras que conservan las propiedades del contenido.<br \/>\nEl envase es muy pr\u00e1ctico y se puede reciclar.<\/p>\n<h2 style=\"text-align: justify\"><span style=\"color: #000000\">Origen<\/span><\/h2>\n<p style=\"text-align: justify\"><span style=\"color: #000000\">China. Contamos con proveedores muy fiables que nos env\u00edan un an\u00e1lisis qu\u00edmico detallado del alimento para cada lote. En m\u00e1s de diez a\u00f1os, no hemos tenido retiradas ni otros problemas con este producto ni con otros productos del mismo proveedor. <\/span><\/p>\n<\/div>\n<\/div>\n<\/div>\n<\/div>\n","protected":false},"excerpt":{"rendered":"<p><span style=\"color: #000000\">El jiaogulan, tambi\u00e9n conocido como <strong>Gynostemma o Jiao Gu Lan<\/strong>, es una planta originaria de China, Birmania, el norte de Tailandia, Corea y Jap\u00f3n. Se utiliza desde hace siglos en la medicina tradicional china por sus <strong>propiedades curativas<\/strong>. Tambi\u00e9n se la conoce como \u00ab<strong>planta de la inmortalidad<\/strong>\u00bb, ya que <strong>contiene numerosos principios activos importantes para una vida larga<\/strong>.<\/span><\/p>\n<p><span style=\"color: #000000\">&#128154; Regula <strong>los niveles de colesterol<\/strong>.<\/span><br \/>\n<span style=\"color: #000000\">&#128154; Previene la aparici\u00f3n de <strong>ansiedad<\/strong>.<\/span><br \/>\n<span style=\"color: #000000\">&#128154; Reduce <strong>las inflamaciones<\/strong>.<\/span><br \/>\n<span style=\"color: #000000\">&#128154; Fortalece el <strong>sistema inmunol\u00f3gico<\/strong>.<\/span><br \/>\n<span style=\"color: #000000\">&#128154;<\/span>Equilibra el cuerpo y <strong>mejora el bienestar general<\/strong>.<\/p>\n","protected":false},"featured_media":4993,"comment_status":"open","ping_status":"closed","template":"","meta":{"_acf_changed":false},"product_brand":[],"product_cat":[15,195,216],"product_tag":[],"class_list":{"0":"post-6718","1":"product","2":"type-product","3":"status-publish","4":"has-post-thumbnail","6":"product_cat-uncategorized","7":"product_cat-superalimentos","8":"product_cat-todos-los-productos","10":"first","11":"instock","12":"taxable","13":"shipping-taxable","14":"purchasable","15":"product-type-simple"},"acf":[],"_links":{"self":[{"href":"https:\/\/fengchashop.com\/es\/wp-json\/wp\/v2\/product\/6718","targetHints":{"allow":["GET"]}}],"collection":[{"href":"https:\/\/fengchashop.com\/es\/wp-json\/wp\/v2\/product"}],"about":[{"href":"https:\/\/fengchashop.com\/es\/wp-json\/wp\/v2\/types\/product"}],"replies":[{"embeddable":true,"href":"https:\/\/fengchashop.com\/es\/wp-json\/wp\/v2\/comments?post=6718"}],"wp:featuredmedia":[{"embeddable":true,"href":"https:\/\/fengchashop.com\/es\/wp-json\/wp\/v2\/media\/4993"}],"wp:attachment":[{"href":"https:\/\/fengchashop.com\/es\/wp-json\/wp\/v2\/media?parent=6718"}],"wp:term":[{"taxonomy":"product_brand","embeddable":true,"href":"https:\/\/fengchashop.com\/es\/wp-json\/wp\/v2\/product_brand?post=6718"},{"taxonomy":"product_cat","embeddable":true,"href":"https:\/\/fengchashop.com\/es\/wp-json\/wp\/v2\/product_cat?post=6718"},{"taxonomy":"product_tag","embeddable":true,"href":"https:\/\/fengchashop.com\/es\/wp-json\/wp\/v2\/product_tag?post=6718"}],"curies":[{"name":"wp","href":"https:\/\/api.w.org\/{rel}","templated":true}]}}