{"id":6717,"date":"2023-06-09T06:17:32","date_gmt":"2023-06-09T04:17:32","guid":{"rendered":"https:\/\/fengchashop.com\/es\/product\/bentonit-v-prahu\/"},"modified":"2026-05-04T14:07:01","modified_gmt":"2026-05-04T12:07:01","slug":"bentonita-en-polvo","status":"publish","type":"product","link":"https:\/\/fengchashop.com\/es\/product\/bentonita-en-polvo\/","title":{"rendered":"Bentonita en polvo 500 g"},"content":{"rendered":"<h2 style=\"text-align: justify;\"><span style=\"color: #000000;\">Bentonita<\/span><\/h2>\n<div style=\"text-align: justify;\">\n<p><span style=\"color: #000000;\">La bentonita es una arcilla natural formada a partir de cenizas volc\u00e1nicas y que se encuentra a menudo cerca de zonas volc\u00e1nicas. Est\u00e1 compuesta principalmente por el mineral montmorillonita, que le confiere propiedades especiales.<\/span><\/p>\n<p><span style=\"color: #000000;\">La bentonita es conocida por su gran capacidad para absorber l\u00edquidos y gases. Debido a su estructura, tiene una gran superficie que permite la uni\u00f3n y retenci\u00f3n de sustancias como toxinas, exceso de humedad e impurezas.<\/span><\/p>\n<\/div>\n<h2 style=\"text-align: justify;\"><span style=\"color: #000000;\">\u00bfPor qu\u00e9 es \u00fatil la bentonita?<\/span><\/h2>\n<div>\n<p style=\"text-align: justify;\"><span style=\"color: #000000;\"><em><strong>La bentonita se utiliza en diversas aplicaciones comerciales y m\u00e9dicas:<\/strong><\/em><\/span><\/p>\n<ol style=\"text-align: justify;\">\n<li><span style=\"color: #000000;\"><strong>Uso cosm\u00e9tico:<\/strong> Debido a su capacidad de absorci\u00f3n y limpieza, la bentonita se utiliza a menudo en productos cosm\u00e9ticos, como mascarillas faciales, champ\u00fas, jabones y lociones. Ayuda a eliminar las impurezas, absorber el exceso de grasa y mejorar el estado de la piel.<\/span><\/li>\n<li><span style=\"color: #000000;\"><strong>Uso m\u00e9dico:<\/strong> La bentonita tambi\u00e9n se utiliza en medicina, especialmente en forma de suplementos diet\u00e9ticos o como medicamento para problemas digestivos, como \u00falceras estomacales, trastornos digestivos e intoxicaciones. Act\u00faa como adsorbente, que se une a las toxinas y las elimina, y ayuda a regular la digesti\u00f3n.<\/span><\/li>\n<li><span style=\"color: #000000;\"><strong>Uso en perros o gatos:<\/strong> La arcilla bentonita tambi\u00e9n puede ser utilizada por perros y gatos, principalmente para fortalecer el sistema inmunol\u00f3gico, en enfermedades cancerosas, para limpiar el cuerpo, eliminar par\u00e1sitos internos y aliviar el h\u00edgado y los ri\u00f1ones. <\/span><\/li>\n<\/ol>\n<p style=\"text-align: justify;\"><span style=\"color: #000000;\">Existen varios tipos de bentonita, que se diferencian por su composici\u00f3n mineral y sus propiedades. Algunos tipos comunes son la bentonita s\u00f3dica, la bentonita c\u00e1lcica y las mezclas de ambas.<\/span><\/p>\n<h2 style=\"text-align: justify;\"><span style=\"color: #000000;\">Caracter\u00edsticas del bentonita<\/span><\/h2>\n<p style=\"text-align: justify;\"><span style=\"color: #000000;\">Al igual que todas las arcillas, el bentonita contiene diversos minerales y metales, como silicio, hierro, calcio, magnesio, sodio y, en ocasiones, aluminio. La cantidad de cada mineral o metal puede variar seg\u00fan el tipo de arcilla. Adem\u00e1s de su composici\u00f3n mineral, la bentonita tambi\u00e9n tiene propiedades curativas, ya que tiene la capacidad de absorber e intercambiar iones. Gracias a su intenso poder de absorci\u00f3n, la bentonita tiene efectos antis\u00e9pticos, antiinfecciosos y antiinflamatorios. En medicina, la bentonita se utiliza tanto para uso interno como externo.<\/span><\/p>\n<\/div>\n<h2 class=\"Standard\"><span style=\"color: #000000;\">Usos eficaces de la bentonita como complemento alimenticio<\/span><\/h2>\n<p style=\"text-align: justify;\"><span style=\"color: #000000;\">La bentonita se utiliza en medicina en forma de suplementos alimenticios debido a sus propiedades de adsorci\u00f3n y uni\u00f3n de toxinas en el tracto digestivo. <\/span><\/p>\n<p style=\"text-align: justify;\"><span style=\"color: #000000;\"><em><strong>A<\/strong><strong> continuaci\u00f3n se indican algunas formas en las que se utiliza la bentonita en los complementos m\u00e9dicos:<\/strong><\/em><\/span><\/p>\n<p><span style=\"color: #000000;\"><strong>\ud83d\udc9a Desintoxicaci\u00f3n:<\/strong> La bentonita se utiliza para ayudar a eliminar las toxinas del organismo. Cuando se ingiere, la bentonita se une a sustancias nocivas, como metales pesados, pesticidas y otros materiales t\u00f3xicos, y las elimina del organismo a trav\u00e9s de las heces.<\/span><\/p>\n<p><span style=\"color: #000000;\"><strong>\ud83d\udc9a Problemas digestivos:<\/strong> La bentonita puede ayudar a aliviar problemas digestivos como la diarrea, el estre\u00f1imiento, el s\u00edndrome del intestino irritable y las \u00falceras estomacales. Act\u00faa calmando la inflamaci\u00f3n del tracto digestivo, absorbiendo el exceso de l\u00edquidos e impurezas y estimulando una digesti\u00f3n saludable.<\/span><\/p>\n<p><span style=\"color: #000000;\"><strong>\ud83d\udc9a Limpieza intestinal:<\/strong> La bentonita tambi\u00e9n se utiliza para limpiar el intestino y eliminar los residuos y restos de comida. La ingesta de bentonita puede ayudar a eliminar las acumulaciones en las paredes intestinales y favorecer una mejor absorci\u00f3n de los nutrientes.<\/span><\/p>\n<p><span style=\"color: #000000;\"><strong>\ud83d\udc9a Apoyo al sistema inmunol\u00f3gico:<\/strong> Debido a su capacidad para unir toxinas e impurezas, la bentonita puede apoyar el funcionamiento del sistema inmunol\u00f3gico. Al reducir la carga de toxinas en el cuerpo, permite que el sistema inmunol\u00f3gico se concentre en combatir las infecciones y mantener la salud general.<\/span><\/p>\n<h2 style=\"text-align: justify;\"><span style=\"color: #000000;\">Almacenamiento y advertencias<\/span><\/h2>\n<p style=\"text-align: justify;\"><span style=\"color: #000000;\">Almacenar en un lugar seco y fresco a una temperatura m\u00e1xima de 25 \u00b0C. Mantener el complemento alimenticio fuera del alcance de los ni\u00f1os.<\/span><\/p>\n<p style=\"text-align: justify;\"><span style=\"color: #000000;\">No olvide la importancia de una dieta variada y un estilo de vida saludable, por lo que el complemento alimenticio no sustituye una dieta equilibrada y variada. No se debe exceder la dosis diaria recomendada.<br \/>\nNo se recomienda su uso a mujeres embarazadas o en periodo de lactancia. Si est\u00e1 tomando medicamentos u otros complementos alimenticios, consulte a su m\u00e9dico o farmac\u00e9utico sobre la ingesta separada de bentonita. La bentonita tiene la capacidad de unirse a otras sustancias, por lo que puede reducir la eficacia de otros medicamentos o complementos si se toman juntos.<\/span><\/p>\n<h2 style=\"text-align: justify;\"><span style=\"color: #000000;\">Envase<\/span><\/h2>\n<p style=\"text-align: justify;\"><span style=\"color: #000000;\">Bolsa herm\u00e9tica con cierre, donde el producto conserva toda su frescura y aroma. El envase protege del aire y la luz, ya que est\u00e1 compuesto por varias capas protectoras que conservan las propiedades del contenido.<br \/>\nEl envase es muy pr\u00e1ctico y se puede reciclar.<\/span><\/p>\n<h2 style=\"text-align: justify;\"><span style=\"color: #000000;\">Origen<\/span><\/h2>\n<p style=\"text-align: justify;\"><span style=\"color: #000000;\">Noruega<\/span><\/p>\n","protected":false},"excerpt":{"rendered":"<p>La bentonita es una arcilla natural formada a partir de cenizas volc\u00e1nicas y que se encuentra a menudo cerca de zonas volc\u00e1nicas. Est\u00e1 compuesta principalmente por el mineral montmorillonita, que le confiere propiedades especiales. Es conocida por su gran capacidad para absorber l\u00edquidos y gases. Debido a su estructura, tiene una gran superficie que permite la uni\u00f3n y retenci\u00f3n de sustancias como toxinas, exceso de humedad e impurezas.<\/p>\n<p><span style=\"color: #000000;\">\ud83d\udc9a Debido a su capacidad de absorci\u00f3n y limpieza, la bentonita se utiliza a menudo en productos cosm\u00e9ticos.<br \/>\n<span style=\"color: #000000;\">\ud83d\udc9a Tambi\u00e9n se utiliza para limpiar el intestino y eliminar residuos y restos de comida.<br \/>\n<span style=\"color: #000000;\">\ud83d\udc9a En medicina, se utiliza principalmente en forma de suplementos diet\u00e9ticos o como medicamento para los problemas digestivos.<br \/>\n<span style=\"color: #000000;\">\ud83d\udc9a La arcilla bentonita tambi\u00e9n puede ser utilizada por perros y gatos, principalmente para fortalecer el sistema inmunol\u00f3gico, en casos de c\u00e1ncer, para limpiar el cuerpo, eliminar par\u00e1sitos internos y aliviar el h\u00edgado y los ri\u00f1ones.<\/span><\/span><\/span><\/span><\/p>\n","protected":false},"featured_media":4991,"comment_status":"open","ping_status":"closed","template":"","meta":{"_acf_changed":false},"product_brand":[],"product_cat":[15,195,216],"product_tag":[],"class_list":{"0":"post-6717","1":"product","2":"type-product","3":"status-publish","4":"has-post-thumbnail","6":"product_cat-uncategorized","7":"product_cat-superalimentos","8":"product_cat-todos-los-productos","10":"first","11":"instock","12":"sale","13":"taxable","14":"shipping-taxable","15":"purchasable","16":"product-type-simple"},"acf":[],"_links":{"self":[{"href":"https:\/\/fengchashop.com\/es\/wp-json\/wp\/v2\/product\/6717","targetHints":{"allow":["GET"]}}],"collection":[{"href":"https:\/\/fengchashop.com\/es\/wp-json\/wp\/v2\/product"}],"about":[{"href":"https:\/\/fengchashop.com\/es\/wp-json\/wp\/v2\/types\/product"}],"replies":[{"embeddable":true,"href":"https:\/\/fengchashop.com\/es\/wp-json\/wp\/v2\/comments?post=6717"}],"wp:featuredmedia":[{"embeddable":true,"href":"https:\/\/fengchashop.com\/es\/wp-json\/wp\/v2\/media\/4991"}],"wp:attachment":[{"href":"https:\/\/fengchashop.com\/es\/wp-json\/wp\/v2\/media?parent=6717"}],"wp:term":[{"taxonomy":"product_brand","embeddable":true,"href":"https:\/\/fengchashop.com\/es\/wp-json\/wp\/v2\/product_brand?post=6717"},{"taxonomy":"product_cat","embeddable":true,"href":"https:\/\/fengchashop.com\/es\/wp-json\/wp\/v2\/product_cat?post=6717"},{"taxonomy":"product_tag","embeddable":true,"href":"https:\/\/fengchashop.com\/es\/wp-json\/wp\/v2\/product_tag?post=6717"}],"curies":[{"name":"wp","href":"https:\/\/api.w.org\/{rel}","templated":true}]}}