{"id":6715,"date":"2023-05-26T06:11:18","date_gmt":"2023-05-26T04:11:18","guid":{"rendered":"https:\/\/fengchashop.com\/es\/product\/muira-puama-v-prahu\/"},"modified":"2026-05-04T10:54:11","modified_gmt":"2026-05-04T08:54:11","slug":"muira-puama-en-polvo","status":"publish","type":"product","link":"https:\/\/fengchashop.com\/es\/product\/muira-puama-en-polvo\/","title":{"rendered":"Muira Puama en polvo 250 g"},"content":{"rendered":"<h2><span style=\"color: #000000;\">Muira Puama<\/span><\/h2>\n<p><span style=\"color: #000000;\">La Muira Puama, tambi\u00e9n conocida como \u00abpoder de madera\u00bb, es un tipo de planta originaria de la <strong>selva tropical amaz\u00f3nica de Brasil<\/strong>. El nombre bot\u00e1nico de la planta es <strong>Ptychopetalum olacoides<\/strong>. Las hojas y la corteza de la planta se utilizan para <strong>preparar remedios medicinales<\/strong> que se toman por v\u00eda oral en forma de infusiones, tinturas o complementos alimenticios. La muira puama se utiliza desde hace mucho tiempo en la medicina tradicional para diversos fines, <strong>especialmente para mejorar la funci\u00f3n sexual y el deseo sexual<\/strong>.<\/span><\/p>\n<h2><span style=\"color: #000000;\">\u00bfPor qu\u00e9 la muira puama es tan especial y diferente?<\/span><\/h2>\n<div>\n<p><span style=\"color: #000000;\">La muira puama contiene varios nutrientes importantes que pueden contribuir a sus efectos sobre la salud y el bienestar.<\/span><\/p>\n<p><span style=\"color: #000000;\">La Muira Puama contiene numerosos <strong>compuestos alcaloides<\/strong>, entre los que se incluyen concentraciones de muirapuamina, muirapuamina-D, hirsutina y acacetina. Estos compuestos pueden tener diversos efectos biol\u00f3gicos y son importantes para sus propiedades medicinales.<\/span><\/p>\n<\/div>\n<div>\n<p><span style=\"color: #000000;\">La muira puama tambi\u00e9n contiene <strong>esteroles<\/strong>, como el beta-sitosterol y el estigmasterol. Estos esteroles son esteroles vegetales <strong>conocidos por sus efectos beneficiosos para la salud card\u00edaca, el colesterol y el sistema inmunol\u00f3gico<\/strong>.<\/span><\/p>\n<p><span style=\"color: #000000;\"><strong>Los flavonoides<\/strong> son un grupo de compuestos vegetales que act\u00faan como <strong>antioxidantes y tienen propiedades antiinflamatorias.<\/strong> La muira puama contiene diversos flavonoides que pueden ayudar a <strong>proteger las c\u00e9lulas del estr\u00e9s oxidativo<\/strong>. La muira puama tambi\u00e9n contiene <strong>peque\u00f1as cantidades de aceites esenciales<\/strong> que le dan a la planta su aroma caracter\u00edstico. Estos aceites pueden <strong>contribuir a sus propiedades arom\u00e1ticas<\/strong>.<\/span><\/p>\n<\/div>\n<div>\n<p><span style=\"color: #000000;\">Es importante mencionar que la composici\u00f3n exacta de los nutrientes de la muira puama <strong>depende del tipo de planta, las condiciones de cultivo y el m\u00e9todo de extracci\u00f3n<\/strong>.<\/span><\/p>\n<h2><span style=\"color: #000000;\">Efectos positivos para nuestra salud y nuestro cuerpo<\/span><\/h2>\n<\/div>\n<p><span style=\"color: #000000;\"><em><strong>La muira puama es conocida por sus posibles efectos beneficiosos para la salud y el bienestar:<\/strong><\/em><\/span><br \/>\n<span style=\"color: #000000;\">\ud83d\udc9a act\u00faa como <strong>afrodis\u00edaco natural<\/strong>,<\/span><br \/>\n<span style=\"color: #000000;\">\ud83d\udc9a se utiliza para <strong>mejorar el deseo sexual, aumentar la libido y mejorar la funci\u00f3n sexual tanto en hombres como en mujeres<\/strong>,<\/span><br \/>\n<span style=\"color: #000000;\">\ud83d\udc9a se utiliza para <strong>mejorar la energ\u00eda, la resistencia y el bienestar general<\/strong>,<\/span><br \/>\n<span style=\"color: #000000;\">\ud83d\udc9a ayuda a <strong>reducir la fatiga y mejorar el estado de \u00e1nimo<\/strong>,<\/span><br \/>\n<span style=\"color: #000000;\">\ud83d\udc9a ayuda a <strong>reducir el estr\u00e9s y mejorar el estado de \u00e1nimo<\/strong>,<\/span><br \/>\n<span style=\"color: #000000;\">\ud83d\udc9a tiene <strong>propiedades calmantes<\/strong>,<\/span><br \/>\n<span style=\"color: #000000;\">\ud83d\udc9a ayuda a <strong>controlar la ansiedad<\/strong>,<\/span><br \/>\n<span style=\"color: #000000;\">\ud83d\udc9a mejora las <strong>funciones cognitivas<\/strong>, como la concentraci\u00f3n, la memoria y la capacidad intelectual,<\/span><br \/>\n<span style=\"color: #000000;\">\ud83d\udc9a puede ayudar a <strong>la salud cardiovascular<\/strong>,<\/span><br \/>\n<span style=\"color: #000000;\">\ud83d\udc9a ayuda a reducir la <strong>presi\u00f3n arterial y mejora la circulaci\u00f3n sangu\u00ednea<\/strong>.<\/span><\/p>\n<h2 style=\"text-align: justify;\"><span style=\"color: #000000;\">Almacenamiento y advertencias<\/span><\/h2>\n<p><span style=\"color: #000000;\">Almacenar en un lugar seco y fresco a una temperatura m\u00e1xima de 25 \u00b0C. \u00a1Mantenga el complemento alimenticio fuera del alcance de los ni\u00f1os!<\/span><\/p>\n<p><span style=\"color: #000000;\">No olvide la importancia de una dieta variada y un estilo de vida saludable, por lo que el complemento alimenticio no sustituye una dieta equilibrada y variada. No se debe exceder la dosis diaria recomendada.<\/span><\/p>\n<p><span style=\"color: #000000;\">Se desaconseja su uso a mujeres embarazadas y lactantes. No se recomienda el consumo de Muira Puama a personas con trastornos hormonales y sangu\u00edneos que tambi\u00e9n tomen medicamentos para la terapia hormonal o medicamentos para la presi\u00f3n arterial. Se recomienda consultar con su m\u00e9dico para obtener m\u00e1s informaci\u00f3n en caso de posibles problemas de salud.<\/span><\/p>\n<h2 style=\"text-align: justify;\"><span style=\"color: #000000;\">Envase<\/span><\/h2>\n<p style=\"text-align: justify;\"><span style=\"color: #000000;\">Bolsa herm\u00e9tica con cremallera, donde el producto conserva toda su frescura y aroma. El envase protege del aire y la luz, ya que est\u00e1 compuesto por varias capas protectoras que conservan las propiedades del contenido.<br \/>\nEl envase es muy pr\u00e1ctico y se puede reciclar.<\/span><\/p>\n<h2 style=\"text-align: justify;\"><span style=\"color: #000000;\">Origen<\/span><\/h2>\n<p style=\"text-align: justify;\"><span style=\"color: #000000;\">Brasil<\/span><\/p>\n","protected":false},"excerpt":{"rendered":"<p>La muira puama, tambi\u00e9n conocida como \u00abpotencia de madera\u00bb, es una especie vegetal originaria de la selva tropical amaz\u00f3nica de Brasil. El nombre bot\u00e1nico de la planta es Ptychopetalum olacoides. Las hojas y la corteza de la planta se utilizan para preparar remedios medicinales que se toman por v\u00eda oral en forma de infusiones, tinturas o suplementos diet\u00e9ticos. La muira puama se ha utilizado durante mucho tiempo en la medicina tradicional para diversos fines, especialmente para mejorar la funci\u00f3n sexual y el deseo sexual.<\/p>\n<p><span style=\"color: #000000;\">\ud83d\udc9a Puede ayudar a la salud cardiovascular.<br \/>\n<span style=\"color: #000000;\">\ud83d\udc9a Ayuda a reducir la fatiga y a mejorar el estado de \u00e1nimo.<br \/>\n<span style=\"color: #000000;\">\ud83d\udc9a Act\u00faa como afrodis\u00edaco natural.<br \/>\n<span style=\"color: #000000;\">\ud83d\udc9a Se utiliza para mejorar el deseo sexual, aumentar la libido y mejorar la funci\u00f3n sexual tanto en hombres como en mujeres.<\/span><\/span><\/span><\/span><\/p>\n","protected":false},"featured_media":4987,"comment_status":"open","ping_status":"closed","template":"","meta":{"_acf_changed":false},"product_brand":[],"product_cat":[15,195,216],"product_tag":[],"class_list":{"0":"post-6715","1":"product","2":"type-product","3":"status-publish","4":"has-post-thumbnail","6":"product_cat-uncategorized","7":"product_cat-superalimentos","8":"product_cat-todos-los-productos","10":"first","11":"instock","12":"sale","13":"taxable","14":"shipping-taxable","15":"purchasable","16":"product-type-simple"},"acf":[],"_links":{"self":[{"href":"https:\/\/fengchashop.com\/es\/wp-json\/wp\/v2\/product\/6715","targetHints":{"allow":["GET"]}}],"collection":[{"href":"https:\/\/fengchashop.com\/es\/wp-json\/wp\/v2\/product"}],"about":[{"href":"https:\/\/fengchashop.com\/es\/wp-json\/wp\/v2\/types\/product"}],"replies":[{"embeddable":true,"href":"https:\/\/fengchashop.com\/es\/wp-json\/wp\/v2\/comments?post=6715"}],"wp:featuredmedia":[{"embeddable":true,"href":"https:\/\/fengchashop.com\/es\/wp-json\/wp\/v2\/media\/4987"}],"wp:attachment":[{"href":"https:\/\/fengchashop.com\/es\/wp-json\/wp\/v2\/media?parent=6715"}],"wp:term":[{"taxonomy":"product_brand","embeddable":true,"href":"https:\/\/fengchashop.com\/es\/wp-json\/wp\/v2\/product_brand?post=6715"},{"taxonomy":"product_cat","embeddable":true,"href":"https:\/\/fengchashop.com\/es\/wp-json\/wp\/v2\/product_cat?post=6715"},{"taxonomy":"product_tag","embeddable":true,"href":"https:\/\/fengchashop.com\/es\/wp-json\/wp\/v2\/product_tag?post=6715"}],"curies":[{"name":"wp","href":"https:\/\/api.w.org\/{rel}","templated":true}]}}