{"id":6712,"date":"2023-04-05T05:55:40","date_gmt":"2023-04-05T03:55:40","guid":{"rendered":"https:\/\/fengchashop.com\/es\/product\/magnezijev-bisglicinat-v-kapsulah\/"},"modified":"2026-05-04T11:01:29","modified_gmt":"2026-05-04T09:01:29","slug":"bisglicinato-de-magnesio-en-capsulas","status":"publish","type":"product","link":"https:\/\/fengchashop.com\/es\/product\/bisglicinato-de-magnesio-en-capsulas\/","title":{"rendered":"Bisglicinato de magnesio en c\u00e1psulas 120 c\u00e1psulas"},"content":{"rendered":"<h2><span style=\"color: #000000;\">Bisciglinato de magnesio<\/span><\/h2>\n<p style=\"text-align: justify;\"><span style=\"color: #000000;\">El magnesio es un <strong>mineral<\/strong> muy importante que interviene en m\u00e1s de 300 reacciones metab\u00f3licas del cuerpo humano. Los expertos suelen denominarlo \u00abel rey de los minerales\u00bb. Desempe\u00f1a un papel muy importante en el correcto funcionamiento de los huesos, los m\u00fasculos y el sistema nervioso. A menudo lo tomamos para <strong>prevenir los calambres (en las piernas), el cansancio, el agotamiento y para un funcionamiento ps\u00edquico normal<\/strong>. Debido al estilo de vida moderno (falta de sue\u00f1o, estr\u00e9s, h\u00e1bitos alimenticios), a menudo recurrimos a suplementos diet\u00e9ticos con magnesio. Y aunque se encuentra en abundancia en las verduras de hoja verde, el pescado, las semillas de girasol y calabaza, la fruta y los frutos secos, simplemente consumimos m\u00e1s de lo que ingerimos. Los deportistas y las personas muy activas, las mujeres embarazadas y las personas mayores tienen mayores necesidades de magnesio. En la naturaleza, el magnesio siempre est\u00e1 unido a otro compuesto, lo que le confiere propiedades espec\u00edficas, especialmente en lo que respecta a la absorci\u00f3n y los efectos adicionales. Por lo tanto, es importante elegir el magnesio adecuado para nuestras necesidades.<\/span><\/p>\n<p style=\"text-align: justify;\"><span style=\"color: #000000;\">El magnesio en forma de bisglicinato de magnesio es una de las <b>formas m\u00e1s recientes y mejores<\/b> de magnesio que se pueden encontrar en el mercado. Existen m\u00e1s de una docena de formas diferentes de magnesio, y se desaconseja el uso de algunas de ellas (por ejemplo, el aspartato de magnesio y el glutamato de magnesio). Por lo tanto, no todos los magnesios satisfar\u00e1n nuestras necesidades. Elija formas de magnesio de calidad y, sobre todo, adecuadas para usted.<\/span><\/p>\n<p style=\"text-align: justify;\"><span style=\"color: #000000;\">La falta de magnesio se asocia con numerosas enfermedades, como la migra\u00f1a, la fatiga cr\u00f3nica, la hipertensi\u00f3n arterial, la ansiedad y otros trastornos mentales. El magnesio se encarga indirectamente de la reparaci\u00f3n de las c\u00e9lulas da\u00f1adas, lo que previene el desarrollo de enfermedades relacionadas con el <strong>da\u00f1o celular<\/strong>, como por ejemplo el c\u00e1ncer. Al mismo tiempo, la falta de magnesio reduce el efecto de la importante vitamina D.<\/span><\/p>\n<p style=\"text-align: justify;\"><span style=\"color: #000000;\">Nuestro bisglicinato de magnesio es de primera calidad.<\/span><\/p>\n<h2 style=\"text-align: justify;\"><span style=\"color: #000000;\">\u00bfPor qu\u00e9 elegir el bisglicinato de magnesio?<\/span><\/h2>\n<p style=\"text-align: justify;\"><span style=\"color: #000000;\">El magnesio <strong>en forma de bisglicinato de magnesio <\/strong> se absorbe <b>m\u00e1s r\u00e1pido<\/b>, <b>m\u00e1s f\u00e1cilmente <\/b>y <b>mejor<\/b> en comparaci\u00f3n con otras formas de magnesio. Es una de las formas m\u00e1s recientes de magnesio como complemento alimenticio, que busca el m\u00e1ximo aprovechamiento sin efectos secundarios, como el efecto laxante. Actualmente se encuentra entre los mejores suplementos alimenticios con magnesio. Esto supone una ventaja especial para las personas cuya digesti\u00f3n es sensible a los suplementos alimenticios con magnesio, pero cuyo organismo lo necesita.<\/span><\/p>\n<p style=\"text-align: justify;\"><span style=\"color: #000000;\">El bisglicinato de magnesio permite <b>aprovechar al m\u00e1ximo el magnesio<\/b> en el organismo, ya que se absorbe en un 80 % o incluso m\u00e1s. Como no provoca diarrea ni tiene efecto laxante, esta variante del magnesio es la m\u00e1s adecuada para <b>un consumo prolongado<\/b>. El efecto laxante no siempre es beneficioso, ya que puede reducir la absorci\u00f3n de otros nutrientes e irritar el intestino sensible.<\/span><\/p>\n<p style=\"text-align: justify;\"><span style=\"color: #000000;\">El bisglicinato de magnesio contiene dos amino\u00e1cidos glicinados en lugar de uno, lo que significa una mayor protecci\u00f3n contra el \u00e1cido estomacal. De este modo, llega al intestino, donde se absorbe en el torrente sangu\u00edneo de la forma m\u00e1s org\u00e1nica posible.<\/span><\/p>\n<h2 style=\"text-align: justify;\"><span style=\"color: #000000;\">\u00bfQu\u00e9 efecto tiene el consumo de magnesio en nuestro organismo?<\/span><\/h2>\n<p style=\"text-align: justify;\"><span style=\"color: #000000;\">El consumo de magnesio tiene los siguientes efectos positivos sobre nosotros, reconocidos tambi\u00e9n por la ciencia:<\/span><\/p>\n<p><span style=\"color: #000000;\">\ud83d\udc9a contribuye a reducir la fatiga y el agotamiento,<\/span><\/p>\n<p><span style=\"color: #000000;\">\ud83d\udc9a favorece el equilibrio electrol\u00edtico, que necesitamos especialmente durante el esfuerzo f\u00edsico,<\/span><\/p>\n<p><span style=\"color: #000000;\">\ud83d\udc9a contribuye a la liberaci\u00f3n de energ\u00eda en el metabolismo,<\/span><\/p>\n<p><span style=\"color: #000000;\">\ud83d\udc9a tiene un efecto beneficioso sobre el sistema nervioso,<\/span><\/p>\n<p><span style=\"color: #000000;\">\ud83d\udc9a contribuye al funcionamiento normal de los m\u00fasculos y a las funciones psicol\u00f3gicas normales,<\/span><\/p>\n<p><span style=\"color: #000000;\">\ud83d\udc9a desempe\u00f1a un papel en la s\u00edntesis de prote\u00ednas,<\/span><\/p>\n<p><span style=\"color: #000000;\">\ud83d\udc9a mantiene los huesos y los dientes sanos,<\/span><\/p>\n<p><span style=\"color: #000000;\">\ud83d\udc9a desempe\u00f1a un papel en la divisi\u00f3n celular.<\/span><\/p>\n<p style=\"text-align: justify;\"><span style=\"color: #000000;\">Los usuarios satisfechos tambi\u00e9n mencionan otras ventajas que aporta el consumo de magnesio en forma de suplemento alimenticio de primera calidad y en la mejor presentaci\u00f3n. <\/span><\/p>\n<h2><span style=\"color: #000000;\">Envase<\/span><\/h2>\n<p><span style=\"color: #000000;\">Bolsa herm\u00e9tica con cierre, donde el producto conserva toda su frescura y aroma. El envase protege de la luz y el aire, ya que est\u00e1 compuesto por varias capas de protecci\u00f3n que conservan las propiedades del contenido.<\/span><\/p>\n<p><span style=\"color: #000000;\">El envase es muy pr\u00e1ctico y se puede reciclar.<\/span><\/p>\n<h2 style=\"text-align: justify;\"><span style=\"color: #000000;\">Almacenamiento y advertencias<\/span><\/h2>\n<p style=\"text-align: justify;\"><span style=\"color: #000000;\">Cons\u00e9rvese en un lugar seco y fresco, a una temperatura m\u00e1xima de 25 \u00b0C. Mantenga el complemento alimenticio fuera del alcance de los ni\u00f1os.<\/span><\/p>\n<p style=\"text-align: justify;\"><span style=\"color: #000000;\">Consulte a su m\u00e9dico si est\u00e1 tomando antibi\u00f3ticos, medicamentos para la osteoporosis o medicamentos para la hipertensi\u00f3n, ya que el magnesio puede afectar a su funcionamiento.<\/span><\/p>\n<p style=\"text-align: justify;\"><span style=\"color: #000000;\">No olvide la importancia de una dieta variada y un estilo de vida saludable, por lo que los suplementos alimenticios no sustituyen a una dieta equilibrada y variada. No se debe exceder la dosis diaria recomendada. Recomendamos a las mujeres embarazadas y en periodo de lactancia que consulten siempre a su m\u00e9dico antes de utilizar este producto. No es adecuado para ni\u00f1os.<\/span><\/p>\n","protected":false},"excerpt":{"rendered":"<p align=\"JUSTIFY\">El magnesio es un <strong>mineral muy importante<\/strong> que interviene en m\u00e1s de 300 reacciones metab\u00f3licas del cuerpo humano. Los expertos suelen denominarlo \u00abel rey de los minerales\u00bb. Desempe\u00f1a un papel muy importante en el correcto funcionamiento de los huesos, los m\u00fasculos y el sistema nervioso.<br \/>\n\ud83d\udc9a Contribuye a reducir el cansancio y la fatiga.<br \/>\n\ud83d\udc9a Contribuye a liberar energ\u00eda en el metabolismo.<br \/>\n\ud83d\udc9a Tiene un efecto beneficioso sobre el sistema nervioso.<br \/>\n\ud83d\udc9a Contribuye al funcionamiento normal de los m\u00fasculos y a las funciones psicol\u00f3gicas normales.<br \/>\n\ud83d\udc9a Mantiene los huesos y los dientes sanos.<\/p>\n","protected":false},"featured_media":4980,"comment_status":"open","ping_status":"closed","template":"","meta":{"_acf_changed":false},"product_brand":[],"product_cat":[15,203,225,195,216],"product_tag":[],"class_list":{"0":"post-6712","1":"product","2":"type-product","3":"status-publish","4":"has-post-thumbnail","6":"product_cat-uncategorized","7":"product_cat-minerales-y-vitaminas","8":"product_cat-oferta-especial","9":"product_cat-superalimentos","10":"product_cat-todos-los-productos","12":"first","13":"instock","14":"sale","15":"taxable","16":"shipping-taxable","17":"purchasable","18":"product-type-simple"},"acf":[],"_links":{"self":[{"href":"https:\/\/fengchashop.com\/es\/wp-json\/wp\/v2\/product\/6712","targetHints":{"allow":["GET"]}}],"collection":[{"href":"https:\/\/fengchashop.com\/es\/wp-json\/wp\/v2\/product"}],"about":[{"href":"https:\/\/fengchashop.com\/es\/wp-json\/wp\/v2\/types\/product"}],"replies":[{"embeddable":true,"href":"https:\/\/fengchashop.com\/es\/wp-json\/wp\/v2\/comments?post=6712"}],"wp:featuredmedia":[{"embeddable":true,"href":"https:\/\/fengchashop.com\/es\/wp-json\/wp\/v2\/media\/4980"}],"wp:attachment":[{"href":"https:\/\/fengchashop.com\/es\/wp-json\/wp\/v2\/media?parent=6712"}],"wp:term":[{"taxonomy":"product_brand","embeddable":true,"href":"https:\/\/fengchashop.com\/es\/wp-json\/wp\/v2\/product_brand?post=6712"},{"taxonomy":"product_cat","embeddable":true,"href":"https:\/\/fengchashop.com\/es\/wp-json\/wp\/v2\/product_cat?post=6712"},{"taxonomy":"product_tag","embeddable":true,"href":"https:\/\/fengchashop.com\/es\/wp-json\/wp\/v2\/product_tag?post=6712"}],"curies":[{"name":"wp","href":"https:\/\/api.w.org\/{rel}","templated":true}]}}