{"id":6710,"date":"2023-04-04T09:24:36","date_gmt":"2023-04-04T07:24:36","guid":{"rendered":"https:\/\/fengchashop.com\/es\/product\/horny-goat-weed-bio-v-prahu\/"},"modified":"2026-05-04T19:12:48","modified_gmt":"2026-05-04T17:12:48","slug":"horny-goat-weed-bio-en-polvo","status":"publish","type":"product","link":"https:\/\/fengchashop.com\/es\/product\/horny-goat-weed-bio-en-polvo\/","title":{"rendered":"Horny goat weed BIO en polvo 250 g"},"content":{"rendered":"<h2 style=\"text-align: justify;\"><span style=\"color: #000000;\">Horny goat weed BIO<\/span><\/h2>\n<p style=\"text-align: justify;\"><span style=\"color: #000000;\">La hierba de cabra en celo (Epimedium brevicornum), tambi\u00e9n conocida por su nombre cient\u00edfico Epimedium brevicornum. En ingl\u00e9s, esta planta arbustiva se denomina <strong>Horny goat weed<\/strong> o <strong>Horny goat, lo que en espa\u00f1ol significa \u00abhierba de la cabra cachonda\u00bb. El nombre hace referencia al aumento del libido en las cabras que com\u00edan los arbustos. Crece hasta 30 cm y tiene numerosas flores (de color violeta, rosa, amarillo y blanco) que se agrupan en racimos o racimos.<\/strong><\/span><\/p>\n<p style=\"text-align: justify;\"><span style=\"color: #000000;\"><strong>La hierba de cabra en celo <\/strong>crece en climas templados y subtropicales y es originaria <strong>de China y Corea. <\/strong>En la medicina tradicional china se utiliza desde hace milenios como remedio tradicional para numerosos problemas, entre ellos la disfunci\u00f3n y la menopausia, y tambi\u00e9n se considera un afrodis\u00edaco tanto para hombres como para mujeres.<\/span><\/p>\n<h2 style=\"text-align: justify;\"><span style=\"color: #000000;\">\u00bfCu\u00e1les son los principios activos importantes de la Horny goat?<\/span><\/h2>\n<p style=\"text-align: justify;\"><span style=\"color: #000000;\">Se ha demostrado cient\u00edficamente que la Horny Goat contiene compuestos que tienen <strong>propiedades farmacol\u00f3gicas, como la relajaci\u00f3n muscular, el aumento de los niveles de testosterona y el flujo sangu\u00edneo<\/strong>.<\/span><\/p>\n<p style=\"text-align: justify;\"><span style=\"color: #000000;\">La Horny Goat es una planta rica en <strong>flavonoides<\/strong>, compuestos fen\u00f3licos y otros nutrientes importantes que pueden beneficiar a la salud de diversas maneras. Por eso, la horny goat se est\u00e1 volviendo cada vez m\u00e1s popular, tanto para usar <strong>como suplemento diet\u00e9tico como para tratar varias enfermedades y mejorar la salud<\/strong>.<\/span><\/p>\n<p style=\"text-align: justify;\"><span style=\"color: #000000;\"><strong>La icariina<\/strong> es un compuesto flavonoide y el principal ingrediente activo de la hierba de cabra en celo. La icariina act\u00faa como un inhibidor natural de la enzima PDE5, que puede causar disfunci\u00f3n er\u00e9ctil. El uso de ikariina mejora <strong>la funci\u00f3n sexual y el tratamiento de la disfunci\u00f3n er\u00e9ctil<\/strong>. La ikariina tambi\u00e9n se utiliza a menudo para mejorar <strong>el rendimiento deportivo<\/strong>, ya que puede aumentar los niveles de testosterona y reducir los de cortisol, lo que contribuye a mejorar la masa muscular y la fuerza.\u00a0 Adem\u00e1s, el ikariin tambi\u00e9n puede acelerar la recuperaci\u00f3n de la densidad \u00f3sea, lo que puede reducir el riesgo de <strong>osteoporosis y mejorar la salud \u00f3sea<\/strong>.<\/span><\/p>\n<h2 style=\"text-align: justify;\"><span style=\"color: #000000;\">\u00bfCu\u00e1les son las propiedades clave que nos ofrece la hierba de cabra en celo?<\/span><\/h2>\n<p style=\"text-align: justify;\"><span style=\"color: #000000;\">La Horny goat weed se utiliza cada vez m\u00e1s como suplemento para diversos fines. En la medicina tradicional china se utiliza como <strong>afrodis\u00edaco, t\u00f3nico y antirreum\u00e1tico<\/strong>.<\/span><\/p>\n<p><span style=\"color: #000000;\"><strong>Efectos positivos para nuestra salud y nuestro cuerpo:<\/strong><\/span><\/p>\n<p><span style=\"color: #000000;\">\ud83d\udc9a Mejora el funcionamiento de las gl\u00e1ndulas sexuales.<br \/>\n<span style=\"color: #000000;\">\ud83d\udc9a mejora la libido en los hombres y la disfunci\u00f3n er\u00e9ctil,<\/span><br \/>\n<span style=\"color: #000000;\">\ud83d\udc9a ayuda en el tratamiento de la impotencia y la infertilidad masculina,<\/span><br \/>\n<span style=\"color: #000000;\">\ud83d\udc9a se utiliza como t\u00f3nico para el sistema reproductivo,<\/span><br \/>\n<span style=\"color: #000000;\">\ud83d\udc9a aumenta la energ\u00eda y la resistencia,<\/span><br \/>\n<span style=\"color: #000000;\">\ud83d\udc9a Alivia los s\u00edntomas de la menopausia.<br \/>\n<span style=\"color: #000000;\">\ud83d\udc9a Regula el sistema cardiovascular (flujo sangu\u00edneo).<br \/>\n<span style=\"color: #000000;\">\ud83d\udc9a mejora el funcionamiento del sistema inmunol\u00f3gico,<\/span><br \/>\n<span style=\"color: #000000;\">\ud83d\udc9a alivia los dolores articulares y la artritis,<\/span><br \/>\n<span style=\"color: #000000;\">\ud83d\udc9a tiene efecto antibacteriano, antiviral y antiinflamatorio,<\/span><br \/>\n<span style=\"color: #000000;\">\ud83d\udc9a reduce la ansiedad y la depresi\u00f3n,<\/span><br \/>\n<span style=\"color: #000000;\">\ud83d\udc9a mejora el metabolismo del organismo y el funcionamiento de los \u00f3rganos.<\/span><\/span><\/span><\/span><\/p>\n<h2 style=\"text-align: justify;\"><span style=\"color: #000000;\">Almacenamiento y advertencias<\/span><\/h2>\n<p style=\"text-align: justify;\"><span style=\"color: #000000;\">Almacenar en un lugar seco y fresco a una temperatura m\u00e1xima de 25 \u00b0C. Mantener el complemento alimenticio fuera del alcance de los ni\u00f1os.<\/span><\/p>\n<p style=\"text-align: justify;\"><span style=\"color: #000000;\">No olvide la importancia de una dieta variada y un estilo de vida saludable, por lo que el complemento alimenticio no sustituye una dieta equilibrada y variada. No se debe exceder la cantidad o dosis diaria recomendada.<br \/>\nNo se recomienda su uso a mujeres embarazadas y lactantes. Tambi\u00e9n se desaconseja su uso a personas que toman medicamentos anticoagulantes. Asimismo, se desaconseja su uso a pacientes con c\u00e1ncer. Se recomienda consultar con su m\u00e9dico para obtener m\u00e1s informaci\u00f3n en caso de posibles problemas de salud.<\/span><\/p>\n<h2 style=\"text-align: justify;\"><span style=\"color: #000000;\">Envase<\/span><\/h2>\n<p style=\"text-align: justify;\"><span style=\"color: #000000;\">Bolsa herm\u00e9tica con cierre, donde el producto conserva toda su frescura y aroma. El envase protege del aire y la luz, ya que est\u00e1 compuesto por varias capas protectoras que conservan las propiedades del contenido.<br \/>\nEl envase es muy pr\u00e1ctico y se puede reciclar.<\/span><\/p>\n<h2 style=\"text-align: justify;\"><span style=\"color: #000000;\">Origen<\/span><\/h2>\n<p style=\"text-align: justify;\"><span style=\"color: #000000;\">China<\/span><\/p>\n<p><span style=\"color: #000000;\">Contamos con proveedores muy fiables que nos env\u00edan un an\u00e1lisis qu\u00edmico detallado de los alimentos para cada lote. En m\u00e1s de diez a\u00f1os, no hemos tenido ninguna devoluci\u00f3n ni ning\u00fan otro problema con este art\u00edculo, ni tampoco con otros art\u00edculos del mismo proveedor.<\/span><\/p>\n<p><span style=\"color: #000000;\">El art\u00edculo tiene un certificado 100 % ecol\u00f3gico.<\/span><\/p>\n","protected":false},"excerpt":{"rendered":"<p>Horny goat weed, tambi\u00e9n conocida con el nombre cient\u00edfico de Epimedium brevicornum. En la medicina tradicional china se utiliza desde hace milenios como remedio tradicional para numerosos problemas, entre ellos la disfunci\u00f3n y la menopausia, y tambi\u00e9n se considera un afrodis\u00edaco tanto para hombres como para mujeres.<\/p>\n<p><span style=\"color: #000000;\">\ud83d\udc9a Se utiliza como t\u00f3nico para el sistema reproductivo.<br \/>\n<span style=\"color: #000000;\">\ud83d\udc9a Alivia los s\u00edntomas de la menopausia.<br \/>\n<span style=\"color: #000000;\">\ud83d\udc9a Ayuda a tratar la impotencia y la infertilidad masculina.<br \/>\n<span style=\"color: #000000;\">\ud83d\udc9a Mejora la libido en los hombres y la disfunci\u00f3n er\u00e9ctil.<\/span><\/span><\/span><\/span><\/p>\n","protected":false},"featured_media":4976,"comment_status":"open","ping_status":"closed","template":"","meta":{"_acf_changed":false},"product_brand":[],"product_cat":[15,195,216],"product_tag":[],"class_list":{"0":"post-6710","1":"product","2":"type-product","3":"status-publish","4":"has-post-thumbnail","6":"product_cat-uncategorized","7":"product_cat-superalimentos","8":"product_cat-todos-los-productos","10":"first","11":"instock","12":"sale","13":"taxable","14":"shipping-taxable","15":"purchasable","16":"product-type-simple"},"acf":[],"_links":{"self":[{"href":"https:\/\/fengchashop.com\/es\/wp-json\/wp\/v2\/product\/6710","targetHints":{"allow":["GET"]}}],"collection":[{"href":"https:\/\/fengchashop.com\/es\/wp-json\/wp\/v2\/product"}],"about":[{"href":"https:\/\/fengchashop.com\/es\/wp-json\/wp\/v2\/types\/product"}],"replies":[{"embeddable":true,"href":"https:\/\/fengchashop.com\/es\/wp-json\/wp\/v2\/comments?post=6710"}],"wp:featuredmedia":[{"embeddable":true,"href":"https:\/\/fengchashop.com\/es\/wp-json\/wp\/v2\/media\/4976"}],"wp:attachment":[{"href":"https:\/\/fengchashop.com\/es\/wp-json\/wp\/v2\/media?parent=6710"}],"wp:term":[{"taxonomy":"product_brand","embeddable":true,"href":"https:\/\/fengchashop.com\/es\/wp-json\/wp\/v2\/product_brand?post=6710"},{"taxonomy":"product_cat","embeddable":true,"href":"https:\/\/fengchashop.com\/es\/wp-json\/wp\/v2\/product_cat?post=6710"},{"taxonomy":"product_tag","embeddable":true,"href":"https:\/\/fengchashop.com\/es\/wp-json\/wp\/v2\/product_tag?post=6710"}],"curies":[{"name":"wp","href":"https:\/\/api.w.org\/{rel}","templated":true}]}}