{"id":6709,"date":"2023-02-01T17:28:33","date_gmt":"2023-02-01T16:28:33","guid":{"rendered":"https:\/\/fengchashop.com\/es\/product\/sipek-v-prahu-bio\/"},"modified":"2026-04-03T09:13:26","modified_gmt":"2026-04-03T07:13:26","slug":"escaramujo-en-polvo-bio","status":"publish","type":"product","link":"https:\/\/fengchashop.com\/es\/product\/escaramujo-en-polvo-bio\/","title":{"rendered":"Escaramujo en polvo BIO 250 g"},"content":{"rendered":"<h2 style=\"text-align: justify;\"><span style=\"color: #000000;\">Escaramujo (Rosa canina)<\/span><\/h2>\n<p style=\"text-align: justify;\"><span style=\"color: #000000;\">Ya los sumerios mencionaban en sus escritos el escaramujo o la llamada<strong> rosa silvestre<\/strong> (nombre cient\u00edfico <strong>Rosa canina<\/strong>), tambi\u00e9n conocido en nuestra regi\u00f3n como <strong>diente de le\u00f3n, rosa canina o rosa silvestre<\/strong>. Se empez\u00f3 a utilizar hace aproximadamente <strong>3000 a\u00f1os antes de nuestra era<\/strong>. El escaramujo es un arbusto de crecimiento exuberante que puede alcanzar hasta 3 metros de altura, con flores rosadas en forma de estrella. <strong>Los frutos<\/strong>, que se utilizan <strong>con fines medicinales<\/strong>, son de color rojo, con una c\u00e1scara dura, y se denominan <strong>bayas de rosa mosqueta<\/strong>.<\/span><\/p>\n<p style=\"text-align: justify;\"><span style=\"color: #000000;\">El polvo de escaramujo se obtiene <strong>a partir de los frutos secos<\/strong> (bayas de escaramujo), que se recolectan en octubre y noviembre. Los componentes m\u00e1s importantes del escaramujo se conservan secando los frutos lentamente y a una temperatura m\u00e1xima de 40 \u00b0C. Una vez finalizado el proceso de secado, el escaramujo seco se muele finamente hasta convertirlo en polvo.<\/span><\/p>\n<h2 style=\"text-align: justify;\"><span style=\"color: #000000;\">Propiedades clave del escaramujo<\/span><\/h2>\n<p style=\"text-align: justify;\"><span style=\"color: #000000;\">El escaramujo se conoce desde hace mucho tiempo, al igual que su uso <strong>en la medicina natural<\/strong>.\u00a0El escaramujo tiene <strong>60 veces m\u00e1s vitamina C que los c\u00edtricos<\/strong>, ya que es uno de los frutos con <strong>mayor contenido en vitamina C<\/strong> (\u00e1cido asc\u00f3rbico).<\/span><\/p>\n<p style=\"text-align: justify;\"><span style=\"color: #000000;\">Adem\u00e1s de vitamina C, el escaramujo tambi\u00e9n contiene mucha <strong>fibra diet\u00e9tica<\/strong> (sustancias de relleno). Est\u00e1 enriquecido con <strong>bioflavonoides<\/strong>, cuya funci\u00f3n es ayudar a la absorci\u00f3n del \u00e1cido asc\u00f3rbico. Los bioflavonoides ayudan a <strong>cuidar la piel da\u00f1ada<\/strong>.<\/span><\/p>\n<h2 style=\"text-align: justify;\"><span style=\"color: #000000;\">Efectos del escaramujo<\/span><\/h2>\n<p><span style=\"color: #000000;\"><strong>Efectos positivos para nuestra salud y nuestro cuerpo:<\/strong><\/span><\/p>\n<p><span style=\"color: #000000;\">\ud83d\udc9a potente antioxidante,<\/span><br \/>\n<span style=\"color: #000000;\">\ud83d\udc9a refuerza el sistema inmunol\u00f3gico,<\/span><br \/>\n<span style=\"color: #000000;\">\ud83d\udc9a mejora la resistencia,<\/span><br \/>\n<span style=\"color: #000000;\">\ud83d\udc9a ayuda a combatir los resfriados y la gripe,<\/span><br \/>\n<span style=\"color: #000000;\">\ud83d\udc9a ayuda a fortalecer las defensas naturales del cuerpo contra el da\u00f1o oxidativo,<\/span><br \/>\n<span style=\"color: #000000;\">\ud83d\udc9a act\u00faa como un laxante suave,<\/span><br \/>\n<span style=\"color: #000000;\">\ud83d\udc9a mejora la digesti\u00f3n,<\/span><br \/>\n<span style=\"color: #000000;\">\ud83d\udc9a tiene un efecto antiinflamatorio,<\/span><br \/>\n<span style=\"color: #000000;\">\ud83d\udc9a tiene un efecto beneficioso sobre el dolor articular,<\/span><br \/>\n<span style=\"color: #000000;\">\ud83d\udc9a ayuda a tratar la piel da\u00f1ada,<\/span><br \/>\n<span style=\"color: #000000;\">\ud83d\udc9a limpia e hidrata la piel,<\/span><br \/>\n<span style=\"color: #000000;\">\ud83d\udc9a alivia los problemas cut\u00e1neos relacionados con el acn\u00e9.<\/span><\/p>\n<h2><span style=\"color: #000000;\">Almacenamiento y advertencias<\/span><\/h2>\n<p><span style=\"color: #000000;\">Almacenar en un lugar seco y fresco a una temperatura m\u00e1xima de 25 \u00b0C. Evitar la luz intensa y el calor. \u00a1Mantenga el complemento alimenticio fuera del alcance de los ni\u00f1os!<\/span><br \/>\n<span style=\"color: #000000;\">No olvide la importancia de una dieta variada y un estilo de vida saludable, por lo que el complemento alimenticio no sustituye una dieta equilibrada y variada. No se debe exceder la cantidad diaria recomendada o la dosis.<\/span><\/p>\n<h2><span style=\"color: #000000;\">Envase<\/span><\/h2>\n<p><span style=\"color: #000000;\">Bolsa herm\u00e9tica con cierre, donde el producto conserva toda su frescura y aroma. El envase protege de la luz y el aire, ya que est\u00e1 compuesto por varias capas de protecci\u00f3n que conservan las propiedades del contenido.<\/span><\/p>\n<p><span style=\"color: #000000;\">El envase es muy pr\u00e1ctico y se puede reciclar.<\/span><\/p>\n<h2><span style=\"color: #000000;\">Origen<\/span><\/h2>\n<p><span style=\"color: #000000;\">Bulgaria<\/span><\/p>\n","protected":false},"excerpt":{"rendered":"<p>El escaramujo se conoce desde hace mucho tiempo, al igual que su uso en la medicina natural. El escaramujo tiene 60 veces m\u00e1s vitamina C que los c\u00edtricos, ya que es uno de los frutos con mayor contenido de vitamina C (\u00e1cido asc\u00f3rbico). Adem\u00e1s de vitamina C, el escaramujo tambi\u00e9n contiene mucha fibra diet\u00e9tica (materia indigesta). Est\u00e1 enriquecido con bioflavonoides, cuya funci\u00f3n es ayudar a la absorci\u00f3n del \u00e1cido asc\u00f3rbico. Los bioflavonoides ayudan a cuidar la piel da\u00f1ada.<\/p>\n<p><span style=\"color: #000000;\">\ud83d\udc9a Tiene un efecto beneficioso sobre los dolores articulares.<br \/>\n<span style=\"color: #000000;\">\ud83d\udc9a Ayuda a combatir el resfriado y la gripe.<br \/>\n<span style=\"color: #000000;\">\ud83d\udc9a Alivia los problemas cut\u00e1neos relacionados con el acn\u00e9.<br \/>\n<span style=\"color: #000000;\">\ud83d\udc9a Potente antioxidante.<\/span><\/span><\/span><\/span><\/p>\n","protected":false},"featured_media":4974,"comment_status":"open","ping_status":"closed","template":"","meta":{"_acf_changed":false},"product_brand":[],"product_cat":[15,195,216],"product_tag":[],"class_list":{"0":"post-6709","1":"product","2":"type-product","3":"status-publish","4":"has-post-thumbnail","6":"product_cat-uncategorized","7":"product_cat-superalimentos","8":"product_cat-todos-los-productos","10":"first","11":"instock","12":"taxable","13":"shipping-taxable","14":"purchasable","15":"product-type-simple"},"acf":[],"_links":{"self":[{"href":"https:\/\/fengchashop.com\/es\/wp-json\/wp\/v2\/product\/6709","targetHints":{"allow":["GET"]}}],"collection":[{"href":"https:\/\/fengchashop.com\/es\/wp-json\/wp\/v2\/product"}],"about":[{"href":"https:\/\/fengchashop.com\/es\/wp-json\/wp\/v2\/types\/product"}],"replies":[{"embeddable":true,"href":"https:\/\/fengchashop.com\/es\/wp-json\/wp\/v2\/comments?post=6709"}],"wp:featuredmedia":[{"embeddable":true,"href":"https:\/\/fengchashop.com\/es\/wp-json\/wp\/v2\/media\/4974"}],"wp:attachment":[{"href":"https:\/\/fengchashop.com\/es\/wp-json\/wp\/v2\/media?parent=6709"}],"wp:term":[{"taxonomy":"product_brand","embeddable":true,"href":"https:\/\/fengchashop.com\/es\/wp-json\/wp\/v2\/product_brand?post=6709"},{"taxonomy":"product_cat","embeddable":true,"href":"https:\/\/fengchashop.com\/es\/wp-json\/wp\/v2\/product_cat?post=6709"},{"taxonomy":"product_tag","embeddable":true,"href":"https:\/\/fengchashop.com\/es\/wp-json\/wp\/v2\/product_tag?post=6709"}],"curies":[{"name":"wp","href":"https:\/\/api.w.org\/{rel}","templated":true}]}}