{"id":6708,"date":"2023-02-01T17:08:46","date_gmt":"2023-02-01T16:08:46","guid":{"rendered":"https:\/\/fengchashop.com\/es\/product\/kopriva-v-prahu-bio\/"},"modified":"2026-04-03T09:14:32","modified_gmt":"2026-04-03T07:14:32","slug":"ortiga-en-polvo-bio","status":"publish","type":"product","link":"https:\/\/fengchashop.com\/es\/product\/ortiga-en-polvo-bio\/","title":{"rendered":"Ortiga en polvo BIO 250 g"},"content":{"rendered":"<h2 style=\"text-align: justify;\"><span style=\"color: #000000;\">Ortiga BIO (Urtica dioica)<\/span><\/h2>\n<p style=\"text-align: justify;\"><span style=\"color: #000000;\">La ortiga, tambi\u00e9n conocida como Urtica dioica, es una planta (perenne herb\u00e1cea) que se encuentra en todo el mundo y se ha utilizado durante siglos en diferentes pa\u00edses y culturas. Hace siglos, la ortiga se recolectaba por sus propiedades nutritivas, se consum\u00eda como complemento alimenticio silvestre, se aplicaba localmente sobre la piel y se beb\u00eda como infusi\u00f3n de hierbas.<\/p>\n<p style=\"text-align: justify;\"><span style=\"color: #000000;\">Las hojas de la ortiga se recolectan en primavera, cuando la planta ya ha madurado, pero antes de que empiece a florecer. Las hojas recolectadas se secan lentamente y se muelen hasta obtener un polvo fino.<\/p>\n<h2 style=\"text-align: justify;\"><span style=\"color: #000000;\">Propiedades clave de la ortiga<\/span><\/h2>\n<p style=\"text-align: justify;\"><span style=\"color: #000000;\">La ortiga contiene muchos antioxidantes, prote\u00ednas y fibra. Tambi\u00e9n es reconocida como complemento alimenticio, ya que es muy rica en calcio, hierro, magnesio y potasio. Tambi\u00e9n contiene vitaminas A, C, K y, sobre todo, mucha vitamina B.<\/p>\n<p style=\"text-align: justify;\"><span style=\"color: #000000;\">En la medicina tradicional, se recomienda el uso de la ortiga en el marco de las curas y dietas primaverales para desintoxicar y depurar el organismo, as\u00ed como en casos de cansancio y agotamiento.<\/p>\n<p style=\"text-align: justify;\"><span style=\"color: #000000;\">El consumo de ortiga estimula el funcionamiento saludable de los ri\u00f1ones y act\u00faa como un diur\u00e9tico suave, al tiempo que contribuye a la salud de las v\u00edas respiratorias superiores.<\/p>\n<h2 style=\"text-align: justify;\"><span style=\"color: #000000;\">Efectos de la ortiga<\/span><\/h2>\n<p><span style=\"color: #000000;\"><strong>Efectos que act\u00faan positivamente sobre nuestra salud y nuestro cuerpo:<\/strong><\/span><\/p>\n<p><span style=\"color: #000000;\">&#128154; potente antioxidante,<\/span><br \/>\n<span style=\"color: #000000;\">&#128154; tiene efecto diur\u00e9tico,<\/span><br \/>\n<span style=\"color: #000000;\">&#128154; ayuda a desintoxicar y purificar,<\/span><br \/>\n<span style=\"color: #000000;\">&#128154; estimula el funcionamiento de los ri\u00f1ones,<\/span><br \/>\n<span style=\"color: #000000;\">&#128154; ayuda a eliminar el agua,<\/span><br \/>\n<span style=\"color: #000000;\">&#128154; tiene un efecto antiinflamatorio,<\/span><br \/>\n<span style=\"color: #000000;\">&#128154; ayuda en casos de cansancio y agotamiento,<\/span><br \/>\n<span style=\"color: #000000;\">&#128154; contribuye a la salud de las v\u00edas respiratorias superiores,<\/span><br \/>\n<span style=\"color: #000000;\">&#128154; contiene mucha fibra,<\/span><br \/>\n<span style=\"color: #000000;\">&#128154; limpia e hidrata la piel,<\/span><br \/>\n<span style=\"color: #000000;\">&#128154; Alivia los problemas cut\u00e1neos en casos de eccema.<\/p>\n<h2 style=\"text-align: justify;\"><span style=\"color: #000000;\">Almacenamiento y advertencias<\/span><\/h2>\n<p style=\"text-align: justify;\"><span style=\"color: #000000;\">Conservar en un lugar seco y fresco a una temperatura m\u00e1xima de 25 \u00b0C. Evitar la luz intensa y el calor. Mantener el complemento alimenticio fuera del alcance de los ni\u00f1os.<br \/>\n<span style=\"color: #000000;\">No olvide la importancia de una dieta variada y un estilo de vida saludable, por lo que el complemento alimenticio no sustituye una dieta equilibrada y variada. No se debe exceder la cantidad diaria recomendada o la dosis.<\/p>\n<h2 style=\"text-align: justify;\"><span style=\"color: #000000;\">Envase<\/span><\/h2>\n<p style=\"text-align: justify;\"><span style=\"color: #000000;\">Bolsa herm\u00e9tica con cierre, donde el producto conserva toda su frescura y aroma. El envase protege del aire y la luz, ya que est\u00e1 compuesto por varias capas protectoras que conservan las propiedades del contenido.<br \/>\nEl envase es muy pr\u00e1ctico y se puede reciclar.<\/p>\n<h2 style=\"text-align: justify;\"><span style=\"color: #000000;\">Origen<\/span><\/h2>\n<p style=\"text-align: justify;\"><span style=\"color: #000000;\">Bulgaria<\/span><\/p>\n","protected":false},"excerpt":{"rendered":"<p><span style=\"color: #000000;\">La ortiga contiene muchos antioxidantes, prote\u00ednas y fibra. Tambi\u00e9n es reconocida como complemento alimenticio, ya que es muy rica en calcio, hierro, magnesio y potasio. Tambi\u00e9n contiene vitaminas A, C, K y, sobre todo, mucha vitamina B. En la medicina tradicional, se recomienda el uso de la ortiga en el marco de las curas y dietas primaverales para desintoxicar y depurar el organismo, as\u00ed como en casos de cansancio y agotamiento.<\/p>\n<p><span style=\"color: #000000;\">&#128154; Ayuda a desintoxicar y purificar el organismo.<br \/>\n<span style=\"color: #000000;\">&#128154; Contribuye a la salud de las v\u00edas respiratorias superiores.<br \/>\n<span style=\"color: #000000;\">&#128154; Ayuda a eliminar el agua.<br \/>\n<span style=\"color: #000000;\">&#128154; Ayuda en casos de cansancio y agotamiento.<\/p>\n","protected":false},"featured_media":4972,"comment_status":"open","ping_status":"closed","template":"","meta":{"_acf_changed":false},"product_brand":[],"product_cat":[15,195,216],"product_tag":[],"class_list":{"0":"post-6708","1":"product","2":"type-product","3":"status-publish","4":"has-post-thumbnail","6":"product_cat-uncategorized","7":"product_cat-superalimentos","8":"product_cat-todos-los-productos","10":"first","11":"instock","12":"taxable","13":"shipping-taxable","14":"purchasable","15":"product-type-simple"},"acf":[],"_links":{"self":[{"href":"https:\/\/fengchashop.com\/es\/wp-json\/wp\/v2\/product\/6708","targetHints":{"allow":["GET"]}}],"collection":[{"href":"https:\/\/fengchashop.com\/es\/wp-json\/wp\/v2\/product"}],"about":[{"href":"https:\/\/fengchashop.com\/es\/wp-json\/wp\/v2\/types\/product"}],"replies":[{"embeddable":true,"href":"https:\/\/fengchashop.com\/es\/wp-json\/wp\/v2\/comments?post=6708"}],"wp:featuredmedia":[{"embeddable":true,"href":"https:\/\/fengchashop.com\/es\/wp-json\/wp\/v2\/media\/4972"}],"wp:attachment":[{"href":"https:\/\/fengchashop.com\/es\/wp-json\/wp\/v2\/media?parent=6708"}],"wp:term":[{"taxonomy":"product_brand","embeddable":true,"href":"https:\/\/fengchashop.com\/es\/wp-json\/wp\/v2\/product_brand?post=6708"},{"taxonomy":"product_cat","embeddable":true,"href":"https:\/\/fengchashop.com\/es\/wp-json\/wp\/v2\/product_cat?post=6708"},{"taxonomy":"product_tag","embeddable":true,"href":"https:\/\/fengchashop.com\/es\/wp-json\/wp\/v2\/product_tag?post=6708"}],"curies":[{"name":"wp","href":"https:\/\/api.w.org\/{rel}","templated":true}]}}