{"id":6706,"date":"2022-11-25T06:45:21","date_gmt":"2022-11-25T05:45:21","guid":{"rendered":"https:\/\/fengchashop.com\/es\/product\/dong-quai-angelika-bio-v-prahu\/"},"modified":"2026-04-03T09:14:58","modified_gmt":"2026-04-03T07:14:58","slug":"dong-quai-angelica-bio-en-polvo","status":"publish","type":"product","link":"https:\/\/fengchashop.com\/es\/product\/dong-quai-angelica-bio-en-polvo\/","title":{"rendered":"Dong Quai (ang\u00e9lica) BIO en polvo 250 g"},"content":{"rendered":"<h2 style=\"text-align: justify;\">Dong Quai (ang\u00e9lica) BIO en polvo<\/h2>\n<p style=\"text-align: justify;\"><span style=\"color: #000000;\">El Dong Quai es una antigua hierba china, tambi\u00e9n conocida como <strong>Angelica sinensis<\/strong> (ang\u00e9lica china), tambi\u00e9n se le conoce como <strong>Dang Gui<\/strong> (se pronuncia tang Kuei) y es una de las hierbas m\u00e1s importantes en el mundo occidental.<\/span><\/p>\n<p style=\"text-align: justify;\"><span style=\"color: #000000;\">El Dong Quai crece en las altas monta\u00f1as, en las zonas fr\u00edas y h\u00famedas de <strong>Jap\u00f3n, Corea y China<\/strong>. Es una planta perenne resistente que puede alcanzar los dos metros de altura. Tiene tallos lisos de color p\u00farpura, hojas pinnadas y peque\u00f1as flores blancas o verdes agrupadas en racimos. La parte medicinal del Dong Quia son las ra\u00edces ramificadas de color amarillo-marr\u00f3n, que se secan y se cortan y se utilizan <strong>con fines medicinales<\/strong>. Algunas partes de la ra\u00edz son diferentes y, por lo tanto, sus <strong>efectos tambi\u00e9n son diferentes<\/strong>.<\/span><\/p>\n<p style=\"text-align: justify;\"><span style=\"color: #000000;\">Las ra\u00edces secas de ang\u00e9lica se utilizan principalmente en la medicina tradicional china para tratar <strong>problemas ginecol\u00f3gicos<\/strong>,<strong> anemia moderada<\/strong>,<strong> hipertensi\u00f3n<\/strong> y <strong>fatiga<\/strong>.<\/span><\/p>\n<p style=\"text-align: justify;\"><span style=\"color: #000000;\">La hierba Dong Quai tambi\u00e9n es muy conocida como <strong>\u00abginseng femenino\u00bb<\/strong> y era muy apreciada por los antiguos curanderos por sus extraordinarias propiedades para tratar a las mujeres con problemas reproductivos. En Asia, el Dong Quai ocupa el segundo lugar en cuanto a uso, solo por detr\u00e1s del ginseng, y se utiliza tradicionalmente como <strong>ayuda para los problemas y enfermedades femeninas<\/strong>.<\/span><\/p>\n<p style=\"text-align: justify;\"><span style=\"color: #000000;\">El Dong Quai se promocionaba como remedio para las personas inf\u00e9rtiles. Adem\u00e1s de ayudar con los problemas de infertilidad femenina, el Dong Quai tambi\u00e9n ayuda durante la menopausia y con los problemas menstruales. Tambi\u00e9n tiene un efecto beneficioso sobre la <strong>fertilidad masculina<\/strong>.<\/span><\/p>\n<h2 style=\"text-align: justify;\"><span style=\"color: #000000;\">Cu\u00e1les son los principios activos importantes del Dong Quai?<\/span><\/h2>\n<p style=\"text-align: justify;\"><span style=\"color: #000000;\">El Dong Quai contiene gran cantidad de <strong>\u00e1cido f\u00f3lico, fol\u00ednico y nicot\u00ednico<\/strong>, est\u00e1 enriquecido con <strong>vitamina B12<\/strong> y tambi\u00e9n contiene gran cantidad de <strong>vitaminas A y E, caroteno, biotina<\/strong> y <strong>\u00e1cido pantot\u00e9nico<\/strong>. Se utiliza para tratar los s\u00edntomas premenstruales y la menopausia, ya que contiene sustancias que pueden aliviar las molestias, dilatar los vasos sangu\u00edneos y relajar los m\u00fasculos uterinos. El <strong>cobalto<\/strong>, que tambi\u00e9n se encuentra en la ra\u00edz de ang\u00e9lica, en combinaci\u00f3n con la vitamina B12, ayuda a fortalecer la sangre.<\/span><\/p>\n<p style=\"text-align: justify;\"><span style=\"color: #000000;\">El elemento m\u00e1s importante para el equilibrio hormonal femenino es la hormona estr\u00f3geno, que puede sustituirse por un grupo de sustancias qu\u00edmicas llamadas<strong> fitoestr\u00f3genos<\/strong>. La ang\u00e9lica contiene una gran cantidad de fitoestr\u00f3genos. Adem\u00e1s, los estudios demuestran que el Dong Quai act\u00faa como un regulador bidireccional, ya que inhibe la secreci\u00f3n excesiva de estr\u00f3geno o estimula la secreci\u00f3n insuficiente de estr\u00f3geno.<\/span><\/p>\n<p style=\"text-align: justify;\"><span style=\"color: #000000;\">El Dong Quai es tambi\u00e9n un <strong>\u00abt\u00f3nico de belleza\u00bb<\/strong> para la piel, ya que estimula el flujo sangu\u00edneo en la piel y se utiliza para conseguir un cutis bonito y luminoso. Ayuda a tratar la neurodermatitis, la alopecia, la urticaria, el eccema, el prurito y elimina las manchas de la piel&#8230;<\/span><\/p>\n<p style=\"text-align: justify;\"><span style=\"color: #000000;\">Los estudios han demostrado que la combinaci\u00f3n de Dong Quai y Astragalus tiene un efecto positivo, ya que reduce tanto el nivel de colesterol malo como el nivel total de colesterol elevado.<\/span><\/p>\n<h2 style=\"text-align: justify;\"><span style=\"color: #000000;\">Cu\u00e1les son las propiedades clave que nos ofrece el Dong Quai?<\/span><\/h2>\n<p><span style=\"color: #000000;\"> \ud83d\udc9a potente <strong>antioxidante<\/strong>,<\/span><\/p>\n<p><span style=\"color: #000000;\"> \ud83d\udc9a tiene <strong>efecto antiinflamatorio<\/strong>,<\/span><\/p>\n<p><span style=\"color: #000000;\"> \ud83d\udc9a regula <strong>las hormonas femeninas<\/strong>,<\/span><\/p>\n<p><span style=\"color: #000000;\"> \ud83d\udc9a alivia los <strong>s\u00edntomas premenstruales<\/strong>,<\/span><\/p>\n<p><span style=\"color: #000000;\"> \ud83d\udc9a mejora la <strong>circulaci\u00f3n sangu\u00ednea<\/strong>,<\/span><\/p>\n<p><span style=\"color: #000000;\"> \ud83d\udc9a act\u00faa como preventivo contra los <strong>ataques card\u00edacos<\/strong> y la <strong>hipertensi\u00f3n<\/strong>,<\/span><\/p>\n<p><span style=\"color: #000000;\"> \ud83d\udc9a reduce el riesgo de <strong>enfermedades card\u00edacas<\/strong>,<\/span><\/p>\n<p><span style=\"color: #000000;\"> \ud83d\udc9a regula el <strong>colesterol<\/strong> y la <strong>presi\u00f3n arterial<\/strong>,<\/span><\/p>\n<p><span style=\"color: #000000;\"> \ud83d\udc9a ayuda en casos de <strong>anemia<\/strong>,<\/span><\/p>\n<p><span style=\"color: #000000;\"> \ud83d\udc9a ayuda en casos de <strong>dolor de cabeza<\/strong>,<\/span><\/p>\n<p><span style=\"color: #000000;\"> \ud83d\udc9a ayuda a <strong>desintoxicar<\/strong>,<\/span><\/p>\n<p><span style=\"color: #000000;\"> \ud83d\udc9a es <strong>afrodis\u00edaco<\/strong>,<\/span><\/p>\n<p><span style=\"color: #000000;\"> \ud83d\udc9a acelera la <strong>fertilidad masculina<\/strong>,<\/span><\/p>\n<p><span style=\"color: #000000;\"> \ud83d\udc9a aumenta la <strong>energ\u00eda<\/strong>,<\/span><\/p>\n<p><span style=\"color: #000000;\">\u00a0 \u00a0 \u00a0\ud83d\udc9a previene la aparici\u00f3n de <strong>osteoporosis<\/strong>, ya que fortalece los huesos,<\/span><\/p>\n<p><span style=\"color: #000000;\"> \ud83d\udc9a reduce el <strong>dolor en las articulaciones<\/strong>,<\/span><\/p>\n<p><span style=\"color: #000000;\">\u00a0 \u00a0 \u00a0\ud83d\udc9a Previene <strong>las inflamaciones cr\u00f3nicas del tracto digestivo<\/strong>.<\/span><\/p>\n<p><span style=\"color: #000000;\"> \ud83d\udc9a Ayuda a mejorar los trastornos del <strong>sistema nervioso<\/strong> (por ejemplo, la neurodermatitis).<\/span><\/p>\n<p><span style=\"color: #000000;\"> \ud83d\udc9a mejora <strong>los problemas cut\u00e1neos<\/strong>.<\/span><\/p>\n<p>&nbsp;<\/p>\n<h2 style=\"text-align: justify;\"><span style=\"color: #000000;\">Almacenamiento y advertencias<\/span><\/h2>\n<p style=\"text-align: justify;\"><span style=\"color: #000000;\">Conservar en un lugar seco y fresco a una temperatura m\u00e1xima de 25 \u00b0C. Mantener el complemento alimenticio fuera del alcance de los ni\u00f1os.<\/span><\/p>\n<p style=\"text-align: justify;\"><span style=\"color: #000000;\">No olvide la importancia de una dieta variada y un estilo de vida saludable, por lo que el complemento alimenticio no sustituye una dieta equilibrada y variada.No se debe exceder la dosis diaria recomendada. La piel puede volverse excesivamente sensible a los rayos solares si se consume el complemento en grandes cantidades.<\/span><\/p>\n<p style=\"text-align: justify;\"><span style=\"color: #000000;\">No se recomienda su uso a mujeres embarazadas y lactantes. Tampoco se recomienda su uso a personas que toman medicamentos anticoagulantes. Se recomienda consultar con su m\u00e9dico para obtener m\u00e1s informaci\u00f3n en caso de posibles problemas de salud.<\/span><\/p>\n<h2 style=\"text-align: justify;\"><span style=\"color: #000000;\">Envase<\/span><\/h2>\n<p style=\"text-align: justify;\"><span style=\"color: #000000;\">Bolsa herm\u00e9tica con cierre, donde el producto conserva toda su frescura y aroma. El envase protege de la luz y el aire, ya que est\u00e1 compuesto por varias capas de protecci\u00f3n que conservan las propiedades del contenido.<\/span><\/p>\n<p style=\"text-align: justify;\"><span style=\"color: #000000;\">El envase es muy pr\u00e1ctico y se puede reciclar. <\/span><\/p>\n<h2 style=\"text-align: justify;\"><span style=\"color: #000000;\">Origen<\/span><\/h2>\n<p style=\"text-align: justify;\"><span style=\"color: #000000;\">China<\/span><\/p>\n<p><span style=\"color: #000000;\">Contamos con proveedores muy fiables que nos env\u00edan un an\u00e1lisis qu\u00edmico detallado de los alimentos para cada serie. En m\u00e1s de diez a\u00f1os, no hemos tenido ninguna devoluci\u00f3n ni ning\u00fan otro problema con este art\u00edculo, ni tampoco con otros art\u00edculos del mismo proveedor.<\/span><\/p>\n<p><span style=\"color: #000000;\">El art\u00edculo tiene un certificado 100 % ecol\u00f3gico.<\/span><\/p>\n","protected":false},"excerpt":{"rendered":"<p>El Dong Quai es una antigua hierba china, tambi\u00e9n conocida como Angelica sinensis (ang\u00e9lica china), y tambi\u00e9n llamada Dang Gui (se pronuncia tang Kuei), y es una de las hierbas m\u00e1s importantes del mundo occidental. Las ra\u00edces secas de la ang\u00e9lica se utilizan principalmente en la medicina tradicional china para tratar problemas ginecol\u00f3gicos, anemia moderada, hipertensi\u00f3n arterial y fatiga.<\/p>\n<p>\ud83d\udc9a Tiene propiedades antiinflamatorias<br \/>\n\ud83d\udc9a Reduce el riesgo de enfermedades card\u00edacas<br \/>\n\ud83d\udc9a Mejora el estado de la piel<br \/>\n\ud83d\udc9a Previene la inflamaci\u00f3n cr\u00f3nica del tracto digestivo<br \/>\n\ud83d\udc9a Alivia los s\u00edntomas premenstruales<\/p>\n","protected":false},"featured_media":4967,"comment_status":"open","ping_status":"closed","template":"","meta":{"_acf_changed":false},"product_brand":[],"product_cat":[195,216],"product_tag":[],"class_list":{"0":"post-6706","1":"product","2":"type-product","3":"status-publish","4":"has-post-thumbnail","6":"product_cat-superalimentos","7":"product_cat-todos-los-productos","9":"first","10":"instock","11":"sale","12":"taxable","13":"shipping-taxable","14":"purchasable","15":"product-type-simple"},"acf":[],"_links":{"self":[{"href":"https:\/\/fengchashop.com\/es\/wp-json\/wp\/v2\/product\/6706","targetHints":{"allow":["GET"]}}],"collection":[{"href":"https:\/\/fengchashop.com\/es\/wp-json\/wp\/v2\/product"}],"about":[{"href":"https:\/\/fengchashop.com\/es\/wp-json\/wp\/v2\/types\/product"}],"replies":[{"embeddable":true,"href":"https:\/\/fengchashop.com\/es\/wp-json\/wp\/v2\/comments?post=6706"}],"wp:featuredmedia":[{"embeddable":true,"href":"https:\/\/fengchashop.com\/es\/wp-json\/wp\/v2\/media\/4967"}],"wp:attachment":[{"href":"https:\/\/fengchashop.com\/es\/wp-json\/wp\/v2\/media?parent=6706"}],"wp:term":[{"taxonomy":"product_brand","embeddable":true,"href":"https:\/\/fengchashop.com\/es\/wp-json\/wp\/v2\/product_brand?post=6706"},{"taxonomy":"product_cat","embeddable":true,"href":"https:\/\/fengchashop.com\/es\/wp-json\/wp\/v2\/product_cat?post=6706"},{"taxonomy":"product_tag","embeddable":true,"href":"https:\/\/fengchashop.com\/es\/wp-json\/wp\/v2\/product_tag?post=6706"}],"curies":[{"name":"wp","href":"https:\/\/api.w.org\/{rel}","templated":true}]}}