{"id":6705,"date":"2022-10-01T08:40:23","date_gmt":"2022-10-01T06:40:23","guid":{"rendered":"https:\/\/fengchashop.com\/es\/product\/rakitovec-v-prahu-bio\/"},"modified":"2026-05-04T09:50:35","modified_gmt":"2026-05-04T07:50:35","slug":"espino-amarillo-en-polvo-bio","status":"publish","type":"product","link":"https:\/\/fengchashop.com\/es\/product\/espino-amarillo-en-polvo-bio\/","title":{"rendered":"Espino amarillo en polvo BIO 250 g"},"content":{"rendered":"<h2 style=\"text-align: justify;\"><span style=\"color: #000000;\">Espino amarillo BIO en polvo<\/span><\/h2>\n<p style=\"text-align: justify;\"><span style=\"color: #000000;\">El espino amarillo, tambi\u00e9n conocido como <strong>espino de perro<\/strong>, es un arbusto caducifolio con espinas que crece en todo el mundo, especialmente en Asia Central y Occidental (China, Siberia, India&#8230;) y en el norte y centro de Europa (Finlandia, Inglaterra, Alemania, Polonia&#8230;). Es una planta que <strong>no requiere condiciones especiales para crecer<\/strong>, ya que prospera tanto en zonas de alta monta\u00f1a como junto al mar.<\/span><\/p>\n<p style=\"text-align: justify;\"><span style=\"color: #000000;\">La forma y el aspecto de las hojas del espino amarillo recuerdan a las hojas del olivo. En el arbusto maduran <strong>frutos de color amarillo anaranjado<\/strong>. La recolecci\u00f3n de los frutos o bayas del espino amarillo es m\u00e1s favorable a principios de oto\u00f1o. Los frutos deben retirarse con cuidado de las ramas, ya que son <strong>muy importantes porque contienen un jugo curativo con un alto contenido en vitamina C<\/strong>. Su sabor es jugoso y ligeramente \u00e1cido. Toda la planta tiene propiedades beneficiosas para la salud y usos generales, incluso en cosm\u00e9tica: se pueden utilizar las hojas, los frutos, las ramas y tambi\u00e9n la ra\u00edz.<\/span><\/p>\n<p style=\"text-align: justify;\"><span style=\"color: #000000;\">La historia de sus efectos curativos se remonta a la <strong>Antigua Grecia<\/strong>, donde se alimentaba a los caballos con ramas de espino amarillo para mantenerlos en forma. Adem\u00e1s, los soldados consum\u00edan espino amarillo para aumentar su resistencia durante los combates. <strong>\u00abrGyud Bzi\u00bb<\/strong> es un libro de medicina tibetana escrito en el siglo VIII, en el que se encuentran <strong>los primeros registros de los efectos curativos del espino amarillo<\/strong>. Investigaciones posteriores, realizadas en Rusia, han confirmado a\u00fan m\u00e1s sus efectos curativos.<\/span><\/p>\n<h2><span style=\"color: #000000;\">\u00bf<\/span><span style=\"color: #000000;\">Cu\u00e1les son las propiedades clave que nos ofrece el espino amarillo?<\/span><\/h2>\n<p style=\"text-align: justify;\"><span style=\"color: #000000;\">El espino amarillo almacena toda la energ\u00eda solar en sus frutos, que contienen innumerables sustancias bioactivas, como <strong>\u00e1cidos grasos esenciales, vitaminas, carotenoides, fitoesteroles, flavonoides y tocotrienoles<\/strong>.<\/span><\/p>\n<p style=\"text-align: justify;\"><span style=\"color: #000000;\">Entre los \u00e1cidos grasos esenciales, encontramos la mejor fuente en las plantas, concretamente los <strong>\u00e1cidos grasos omega-7 (\u00e1cido palm\u00edtico)<\/strong>. A partir del fruto del espino amarillo se obtienen, mediante m\u00e9todos especiales, otras \u00e1cidos grasos muy importantes para nosotros, a saber, los \u00e1cidos grasos omega-3 (\u00e1cido \u03b1-linol\u00e9nico), omega-6 (\u00e1cido linoleico) y omega-9 (\u00e1cido oleico).<\/span><\/p>\n<p style=\"text-align: justify;\"><span style=\"color: #000000;\">El camalote est\u00e1 enriquecido con vitaminas, sobre todo con <strong>vitamina C<\/strong>, cuya cantidad es 10 veces superior a la que se encuentra en el lim\u00f3n. En la c\u00e1scara del fruto se forma una gran cantidad de vitamina B-12, pero tambi\u00e9n encontramos vitaminas B, B1, B2, B3 y B9. Tambi\u00e9n son importantes las <strong>vitaminas A y E<\/strong>, ya que <strong>protegen la piel de los peligrosos radicales libres<\/strong>. El aceite que se encuentra en los frutos tambi\u00e9n tiene efectos positivos para nuestra salud, ya que contiene muchas amino\u00e1cidos, minerales, \u00e1cidos grasos esenciales y fotosteroles.<\/span><\/p>\n<p style=\"text-align: justify;\"><span style=\"color: #000000;\">El componente m\u00e1s importante del espino amarillo es la <strong>quercetina<\/strong>, un flavonoide, un compuesto polifen\u00f3lico natural que se encuentra en frutas y verduras. Es un <strong>potente antioxidante con propiedades antiinflamatorias y antitumorales<\/strong> que <strong>aumenta la fuerza del m\u00fasculo card\u00edaco y mejora el flujo sangu\u00edneo<\/strong>.<\/span><\/p>\n<p style=\"text-align: justify;\"><span style=\"color: #000000;\">Otros componentes igualmente importantes del diente de le\u00f3n son los minerales, el f\u00f3sforo, el potasio y el hierro, siendo especialmente importantes el magnesio y el calcio.<\/span><\/p>\n<p style=\"text-align: justify;\"><span style=\"color: #000000;\">Nuestro polvo de espino amarillo procede de cultivos ecol\u00f3gicos y es un <strong>antioxidante natural<\/strong>. Es una aut\u00e9ntica fuente de energ\u00eda, ya que <strong>fortalece el cuerpo<\/strong>, especialmente el <strong>sistema nervioso<\/strong>.<\/span><\/p>\n<h2><span style=\"color: #000000;\">\u00bf<\/span><span style=\"color: #000000;\">Cu\u00e1les son los beneficios para la salud del espino amarillo?<\/span><\/h2>\n<p style=\"text-align: justify;\"><span style=\"color: #000000;\">Los extractos de los frutos del espino amarillo, debido a su alto contenido en antioxidantes, ayudan a fortalecer el sistema inmunol\u00f3gico, curan las enc\u00edas sangrantes, regeneran las c\u00e9lulas da\u00f1adas, ayudan a curar enfermedades de la piel, protegen la piel de quemaduras y eccemas y de los rayos UV, y ayudan en caso de lesiones&#8230;<\/span><\/p>\n<p style=\"text-align: justify;\"><span style=\"color: #000000;\"><strong>Para la regeneraci\u00f3n de tejidos<\/strong> como la mucosa y la piel, <strong>el \u00e1cido graso omega-7 es extremadamente importante<\/strong>, ya que hidrata la piel y retrasa el envejecimiento. Asimismo, el omega-7 protege el intestino y el est\u00f3mago de lesiones de la mucosa, como la gastritis, la colitis y el \u00falcera, y tambi\u00e9n ayuda a hidratar la mucosa vaginal reseca.<\/span><\/p>\n<p style=\"text-align: justify;\"><span style=\"color: #000000;\"><em><strong>Efectos positivos para nuestra salud y nuestro cuerpo:<\/strong><\/em><\/span><\/p>\n<p><span style=\"color: #000000;\">\ud83d\udc9a Es un <strong>potente antioxidante<\/strong>.<\/span><\/p>\n<p><span style=\"color: #000000;\">\ud83d\udc9a fortalece el <strong>sistema inmunol\u00f3gico<\/strong>,<\/span><\/p>\n<p><span style=\"color: #000000;\">\ud83d\udc9a tiene un <strong>efecto antiinflamatorio<\/strong>,<\/span><\/p>\n<p><span style=\"color: #000000;\">\ud83d\udc9a regula la <strong>presi\u00f3n arterial, el colesterol y el az\u00facar en sangre<\/strong>,<\/span><\/p>\n<p><span style=\"color: #000000;\">\ud83d\udc9a cura <strong>enfermedades de la piel<\/strong> (inflamaciones, quemaduras, eccemas, psoriasis, dermatitis&#8230;),<\/span><\/p>\n<p><span style=\"color: #000000;\">\ud83d\udc9a cura <strong>las lesiones cut\u00e1neas<\/strong> (cura las heridas y reduce el dolor),<\/span><\/p>\n<p><span style=\"color: #000000;\">\ud83d\udc9a tiene un efecto <strong>rejuvenecedor<\/strong>,<\/span><\/p>\n<p><span style=\"color: #000000;\">\ud83d\udc9a regenera <strong>las c\u00e9lulas da\u00f1adas<\/strong>,<\/span><\/p>\n<p><span style=\"color: #000000;\">\ud83d\udc9a ayuda <strong>con las piernas hinchadas<\/strong>,<\/span><\/p>\n<p><span style=\"color: #000000;\">\ud83d\udc9a protege <strong>el h\u00edgado y el sistema digestivo<\/strong>,<\/span><\/p>\n<p><span style=\"color: #000000;\">\ud83d\udc9a tiene la funci\u00f3n de <strong>mantener sano el coraz\u00f3n y el sistema vascular<\/strong>,<\/span><\/p>\n<p><span style=\"color: #000000;\">\ud83d\udc9a protege contra <strong>las enc\u00edas sangrantes<\/strong>,<\/span><\/p>\n<p><span style=\"color: #000000;\">\ud83d\udc9a ayuda contra <strong>la gripe, la neumon\u00eda, la difteria<\/strong>, etc.<\/span><\/p>\n<p><span style=\"color: #000000;\">\ud83d\udc9a protege <strong>los ojos secos e irritados<\/strong>,<\/span><\/p>\n<p><span style=\"color: #000000;\">\ud83d\udc9a alivia <strong>los s\u00edntomas de la fatiga cr\u00f3nica<\/strong>,<\/span><\/p>\n<p><span style=\"color: #000000;\">\ud83d\udc9a mejora la <strong>sexualidad<\/strong>,<\/span><\/p>\n<p><span style=\"color: #000000;\">\ud83d\udc9a alivia los <strong>s\u00edntomas de la menopausia<\/strong>,<\/span><\/p>\n<p><span style=\"color: #000000;\">\ud83d\udc9a elimina el <strong>estr\u00e9s y la ansiedad<\/strong>,<\/span><\/p>\n<p><span style=\"color: #000000;\">\ud83d\udc9a tiene un efecto <strong>antitumoral<\/strong>.<\/span><\/p>\n<h2 style=\"text-align: justify;\"><span style=\"color: #000000;\">Almacenamiento y advertencias<\/span><\/h2>\n<p style=\"text-align: justify;\"><span style=\"color: #000000;\">Almacenar en un lugar seco y fresco a una temperatura m\u00e1xima de 25 \u00b0C. \u00a1Mantenga el complemento alimenticio fuera del alcance de los ni\u00f1os!<\/span><br \/>\n<span style=\"color: #000000;\">No olvide la importancia de una dieta variada y un estilo de vida saludable, por lo que el complemento alimenticio no sustituye una dieta equilibrada y variada. No se debe exceder la dosis diaria recomendada.<br \/>\nEl jarabe y el zumo de espino amarillo pueden actuar como estimulantes, por lo que no se recomienda su consumo por la noche.<\/span><\/p>\n<p style=\"text-align: justify;\"><span style=\"color: #000000;\">Se recomienda tomar en peque\u00f1as cantidades durante los primeros meses de embarazo.<\/span><\/p>\n<p style=\"text-align: justify;\"><span style=\"color: #000000;\">Es importante no tomar el rakitovec al mismo tiempo que medicamentos anticoagulantes.<\/span><\/p>\n<h2 style=\"text-align: justify;\"><span style=\"color: #000000;\">Envase<\/span><\/h2>\n<p style=\"text-align: justify;\"><span style=\"color: #000000;\">Bolsa herm\u00e9tica con cierre, donde el producto conserva toda su frescura y aroma. El envase protege del aire y la luz, ya que est\u00e1 compuesto por varias capas protectoras que conservan las propiedades del contenido.<br \/>\nEl envase es muy pr\u00e1ctico y se puede reciclar.<\/span><\/p>\n<h2 style=\"text-align: justify;\"><span style=\"color: #000000;\">Origen<\/span><\/h2>\n<p style=\"text-align: justify;\">China. Contamos con proveedores muy fiables que nos env\u00edan un an\u00e1lisis qu\u00edmico detallado del alimento para cada lote. En m\u00e1s de diez a\u00f1os, no hemos tenido ninguna devoluci\u00f3n ni ning\u00fan otro problema con este art\u00edculo, ni tampoco con otros art\u00edculos del mismo proveedor.<br \/>\nEl art\u00edculo tiene un certificado 100 % ecol\u00f3gico.<\/p>\n","protected":false},"excerpt":{"rendered":"<p>El espino amarillo, tambi\u00e9n conocido como espino de perro, es un arbusto caducifolio con espinas. Los frutos del espino amarillo son muy importantes porque contienen un jugo curativo con un alto contenido en vitamina C. Su sabor es jugoso y ligeramente \u00e1cido. El espino amarillo almacena toda la energ\u00eda solar en sus frutos, que contienen innumerables sustancias bioactivas, como \u00e1cidos grasos esenciales, vitaminas, carotenoides, fitoesteroles, flavonoides y tocotrienoles. La \u00e1cido graso omega-7 es muy importante para la regeneraci\u00f3n de tejidos como la mucosa y la piel, ya que hidrata la piel y retrasa el envejecimiento. El aceite que se encuentra en los frutos tambi\u00e9n tiene efectos positivos para nuestra salud, ya que contiene muchas amino\u00e1cidos, minerales, \u00e1cidos grasos esenciales y fotosteroles.<\/p>\n<p><span style=\"color: #000000;\">\ud83d\udc9a Tiene altas propiedades antiinflamatorias, antitumorales y antioxidantes.<br \/>\n<span style=\"color: #000000;\">\ud83d\udc9a Reduce el az\u00facar y el colesterol en sangre y regula la presi\u00f3n arterial.<br \/>\n<span style=\"color: #000000;\">\ud83d\udc9a Aumenta la fuerza del m\u00fasculo card\u00edaco y, al mismo tiempo, mejora el flujo sangu\u00edneo.<br \/>\n<span style=\"color: #000000;\">\ud83d\udc9a Protege la piel de los peligrosos radicales libres (cura enfermedades y lesiones cut\u00e1neas).<\/span><br \/>\n<span style=\"color: #000000;\">\ud83d\udc9a Protege contra el sangrado de las enc\u00edas.<\/span><\/span><\/span><\/span><\/p>\n","protected":false},"featured_media":4964,"comment_status":"open","ping_status":"closed","template":"","meta":{"_acf_changed":false},"product_brand":[],"product_cat":[15,195,216],"product_tag":[],"class_list":{"0":"post-6705","1":"product","2":"type-product","3":"status-publish","4":"has-post-thumbnail","6":"product_cat-uncategorized","7":"product_cat-superalimentos","8":"product_cat-todos-los-productos","10":"first","11":"instock","12":"sale","13":"taxable","14":"shipping-taxable","15":"purchasable","16":"product-type-simple"},"acf":[],"_links":{"self":[{"href":"https:\/\/fengchashop.com\/es\/wp-json\/wp\/v2\/product\/6705","targetHints":{"allow":["GET"]}}],"collection":[{"href":"https:\/\/fengchashop.com\/es\/wp-json\/wp\/v2\/product"}],"about":[{"href":"https:\/\/fengchashop.com\/es\/wp-json\/wp\/v2\/types\/product"}],"replies":[{"embeddable":true,"href":"https:\/\/fengchashop.com\/es\/wp-json\/wp\/v2\/comments?post=6705"}],"wp:featuredmedia":[{"embeddable":true,"href":"https:\/\/fengchashop.com\/es\/wp-json\/wp\/v2\/media\/4964"}],"wp:attachment":[{"href":"https:\/\/fengchashop.com\/es\/wp-json\/wp\/v2\/media?parent=6705"}],"wp:term":[{"taxonomy":"product_brand","embeddable":true,"href":"https:\/\/fengchashop.com\/es\/wp-json\/wp\/v2\/product_brand?post=6705"},{"taxonomy":"product_cat","embeddable":true,"href":"https:\/\/fengchashop.com\/es\/wp-json\/wp\/v2\/product_cat?post=6705"},{"taxonomy":"product_tag","embeddable":true,"href":"https:\/\/fengchashop.com\/es\/wp-json\/wp\/v2\/product_tag?post=6705"}],"curies":[{"name":"wp","href":"https:\/\/api.w.org\/{rel}","templated":true}]}}