{"id":6704,"date":"2022-10-01T07:06:11","date_gmt":"2022-10-01T05:06:11","guid":{"rendered":"https:\/\/fengchashop.com\/es\/product\/mangosteen-liofoliziran-v-prahu-bio\/"},"modified":"2026-04-03T09:17:12","modified_gmt":"2026-04-03T07:17:12","slug":"mangostan-liofilizado-en-polvo-bio","status":"publish","type":"product","link":"https:\/\/fengchashop.com\/es\/product\/mangostan-liofilizado-en-polvo-bio\/","title":{"rendered":"Mangost\u00e1n (liofilizado) en polvo BIO 125 g"},"content":{"rendered":"<h2 style=\"text-align: justify;\"><span style=\"color: #000000;\">Mangost\u00e1n (liofilizado) ecol\u00f3gico<\/span><\/h2>\n<p style=\"text-align: justify;\"><span style=\"color: #000000;\">El mangost\u00e1n (Garcinia mangostana), tambi\u00e9n conocido como <strong>mangost\u00e1n p\u00farpura<\/strong>, es un \u00e1rbol frutal comestible que se encuentra en las regiones tropicales ecuatoriales del sudeste asi\u00e1tico y el Pac\u00edfico, cerca del oc\u00e9ano \u00cdndico.<\/p>\n<p style=\"text-align: justify;\"><span style=\"color: #000000;\">El \u00e1rbol del mangost\u00e1n debe crecer durante al menos 10 a\u00f1os antes de dar frutos. El \u00e1rbol alcanza una altura de entre 6 y 25 metros. Es una de las <strong>pocas plantas que no se trata con pesticidas<\/strong>. El mangost\u00e1n es una fruta tropical y pertenece a la misma familia que la garrapatilla.<\/p>\n<p style=\"text-align: justify;\"><span style=\"color: #000000;\">El fruto del mangost\u00e1n tiene una c\u00e1scara de color violeta oscuro y una pulpa blanca como la nieve, jugosa y sabrosa. Su aroma es dulce y delicado. La pulpa del fruto, que se encuentra en el interior, recuerda a la mandarina, pero su sabor es similar al del melocot\u00f3n. En el sudeste asi\u00e1tico, el mangost\u00e1n es considerado la \u00abreina de las frutas tropicales\u00bb por su excelente sabor y sus nutrientes, mientras que en el Caribe se le conoce como \u00abel alimento de los dioses\u00bb.<\/p>\n<h2 style=\"text-align: justify;\"><span style=\"color: #000000;\">Propiedades clave del mangost\u00e1n<\/span><\/h2>\n<p style=\"text-align: justify;\"><span style=\"color: #000000;\">El mangost\u00e1n contiene <strong>todos los componentes esenciales necesarios para un crecimiento saludable, el desarrollo y el bienestar nutricional general<\/strong>. Tiene <strong>pocas calor\u00edas y no contiene colesterol<\/strong> ni <strong>grasas saturadas<\/strong>. Tambi\u00e9n contiene <strong>mucha fibra diet\u00e9tica<\/strong>. Adem\u00e1s de vitaminas del complejo B, como tiamina, niacina y folatos, el mangost\u00e1n es tambi\u00e9n una <strong>fuente importante de vitamina C<\/strong>. El mangost\u00e1n tambi\u00e9n contiene muchos minerales, como cobre, manganeso, potasio y magnesio. Los <strong>\u00e1cidos polifen\u00f3licos<\/strong>, como los xantones y los taninos, se encuentran en la c\u00e1scara del mangost\u00e1n y <strong>proporcionan antioxidantes muy importantes, como las catequinas y las epicatequinas<\/strong>. Los <strong>xantones<\/strong> tienen <strong>propiedades antiinflamatorias y antitumorales<\/strong> de importancia farmac\u00e9utica.<\/span><\/p>\n<p style=\"text-align: justify;\"><span style=\"color: #000000;\">En el pasado se utilizaba en la medicina tradicional, sobre todo en el sudeste asi\u00e1tico, para <strong>tratar infecciones cut\u00e1neas, heridas, diarrea, infecciones urinarias y enfermedades digestivas<\/strong>.<\/span><\/p>\n<p style=\"text-align: justify;\"><span style=\"color: #000000;\"><em><strong>Efectos positivos para nuestra salud y nuestro cuerpo:<\/strong><\/em><\/span><\/p>\n<p><span style=\"color: #000000;\">&#128154; Tiene altas <strong>propiedades antiinflamatorias y antioxidantes<\/strong>.<\/p>\n<p><span style=\"color: #000000;\">&#128154; Estimula el funcionamiento del <strong>sistema inmunol\u00f3gico<\/strong>.<\/p>\n<p><span style=\"color: #000000;\">&#128154; reduce el <strong>az\u00facar en sangre y el colesterol<\/strong>,<\/span><\/p>\n<p><span style=\"color: #000000;\">&#128154; tiene <strong>efectos antitumorales y antibacterianos<\/strong>,<\/span><\/p>\n<p><span style=\"color: #000000;\">&#128154; ayuda a <strong>eliminar la artritis<\/strong>,<\/span><\/p>\n<p><span style=\"color: #000000;\">&#128154; regula la <strong>presi\u00f3n arterial<\/strong>,<\/span><\/p>\n<p><span style=\"color: #000000;\">&#128154; mantiene <strong>la piel sana<\/strong>,<\/span><\/p>\n<p><span style=\"color: #000000;\">&#128154; es eficaz contra las <strong>infecciones urinarias<\/strong>,<\/span><\/p>\n<p><span style=\"color: #000000;\">&#128154; ayuda con los <strong>problemas menstruales<\/strong>,<\/span><\/p>\n<p><span style=\"color: #000000;\">&#128154; reduce los <strong>trastornos digestivos<\/strong> (diarrea),<\/span><\/p>\n<p><span style=\"color: #000000;\">&#128154; alivia los problemas de <strong>gastritis<\/strong>,<\/span><\/p>\n<p><span style=\"color: #000000;\">&#128154; previene la <strong>tuberculosis<\/strong>,<\/span><\/p>\n<p><span style=\"color: #000000;\">&#128154; alivia los <strong>s\u00edntomas de las alergias<\/strong>,<\/span><\/p>\n<p><span style=\"color: #000000;\">&#128154; tiene <strong>efecto antif\u00fangico, es eficaz contra la c\u00e1ndida<\/strong>,<\/span><\/p>\n<p><span style=\"color: #000000;\">&#128154; favorece la <strong>p\u00e9rdida de peso<\/strong>,<\/span><\/p>\n<p><span style=\"color: #000000;\">&#128154; protege al organismo <strong>de numerosas enfermedades<\/strong>.<\/span><\/p>\n<p style=\"text-align: justify;\"><span style=\"color: #000000;\">El mangost\u00e1n se utiliza para diversos fines, desde su uso en productos de importancia industrial hasta su aplicaci\u00f3n en tecnolog\u00edas avanzadas e innovaciones biom\u00e9dicas.<\/span><\/p>\n<h2 style=\"text-align: justify;\"><span style=\"color: #000000;\">Almacenamiento y advertencias<\/span><\/h2>\n<p style=\"text-align: justify;\"><span style=\"color: #000000;\">Almacenar en un lugar seco y fresco a una temperatura m\u00e1xima de 25 \u00b0C. Evite la luz intensa y el calor. \u00a1Mantenga el complemento alimenticio fuera del alcance de los ni\u00f1os!<\/span><\/p>\n<p style=\"text-align: justify;\"><span style=\"color: #000000;\">No olvide la importancia de una dieta variada y un estilo de vida saludable, por lo que el complemento alimenticio no sustituye una dieta equilibrada y variada. No se deben superar las cantidades o dosis diarias recomendadas.<\/p>\n<h2 style=\"text-align: justify;\"><span style=\"color: #000000;\">Envase<\/span><\/h2>\n<p style=\"text-align: justify;\"><span style=\"color: #000000;\">Bolsa herm\u00e9tica con cierre, donde el producto conserva toda su frescura y aroma. El envase protege del aire y la luz, ya que est\u00e1 compuesto por varias capas protectoras que conservan las propiedades del contenido.<br \/>\nEl envase es muy pr\u00e1ctico y se puede reciclar.<\/p>\n<h2 style=\"text-align: justify;\"><span style=\"color: #000000;\">Origen<\/span><\/h2>\n<p style=\"text-align: justify;\"><span style=\"color: #000000;\">Tailandia<\/span><\/p>\n","protected":false},"excerpt":{"rendered":"<p>En el sudeste asi\u00e1tico, el mangost\u00e1n es considerado la \u00abreina de las frutas tropicales\u00bb por su excelente sabor y sus nutrientes, mientras que en el Caribe se le conoce como \u00abel alimento de los dioses\u00bb. El mangost\u00e1n contiene mucha fibra diet\u00e9tica y es una fuente importante de vitamina C. Contiene todos los ingredientes esenciales necesarios para un crecimiento y desarrollo saludables y un bienestar nutricional general. Los \u00e1cidos polifen\u00f3licos, como los xantones y los taninos, se encuentran en la c\u00e1scara del mangost\u00e1n y proporcionan antioxidantes muy importantes, como las catequinas y las epicatequinas. Los xantones tienen propiedades antiinflamatorias y antitumorales de importancia farmac\u00e9utica.<\/p>\n<p><span style=\"color: #000000;\">&#128154; <\/span>Tiene altas propiedades antiinflamatorias y antioxidantes.<br \/>\n<span style=\"color: #000000;\">&#128154; <\/span>Reduce el az\u00facar y el colesterol en sangre y regula la presi\u00f3n arterial.<br \/>\n<span style=\"color: #000000;\">&#128154; <\/span>Tiene acci\u00f3n antitumoral y antibacteriana.<br \/>\n<span style=\"color: #000000;\">&#128154; <\/span>Ayuda a combatir la artritis.<br \/>\n<span style=\"color: #000000;\">&#128154; <\/span>Es eficaz contra las infecciones urinarias y reduce los trastornos digestivos.<\/p>\n","protected":false},"featured_media":4962,"comment_status":"open","ping_status":"closed","template":"","meta":{"_acf_changed":false},"product_brand":[],"product_cat":[15,195,216],"product_tag":[],"class_list":{"0":"post-6704","1":"product","2":"type-product","3":"status-publish","4":"has-post-thumbnail","6":"product_cat-uncategorized","7":"product_cat-superalimentos","8":"product_cat-todos-los-productos","10":"first","11":"outofstock","12":"taxable","13":"shipping-taxable","14":"purchasable","15":"product-type-simple"},"acf":[],"_links":{"self":[{"href":"https:\/\/fengchashop.com\/es\/wp-json\/wp\/v2\/product\/6704","targetHints":{"allow":["GET"]}}],"collection":[{"href":"https:\/\/fengchashop.com\/es\/wp-json\/wp\/v2\/product"}],"about":[{"href":"https:\/\/fengchashop.com\/es\/wp-json\/wp\/v2\/types\/product"}],"replies":[{"embeddable":true,"href":"https:\/\/fengchashop.com\/es\/wp-json\/wp\/v2\/comments?post=6704"}],"wp:featuredmedia":[{"embeddable":true,"href":"https:\/\/fengchashop.com\/es\/wp-json\/wp\/v2\/media\/4962"}],"wp:attachment":[{"href":"https:\/\/fengchashop.com\/es\/wp-json\/wp\/v2\/media?parent=6704"}],"wp:term":[{"taxonomy":"product_brand","embeddable":true,"href":"https:\/\/fengchashop.com\/es\/wp-json\/wp\/v2\/product_brand?post=6704"},{"taxonomy":"product_cat","embeddable":true,"href":"https:\/\/fengchashop.com\/es\/wp-json\/wp\/v2\/product_cat?post=6704"},{"taxonomy":"product_tag","embeddable":true,"href":"https:\/\/fengchashop.com\/es\/wp-json\/wp\/v2\/product_tag?post=6704"}],"curies":[{"name":"wp","href":"https:\/\/api.w.org\/{rel}","templated":true}]}}