{"id":6703,"date":"2022-10-01T08:26:55","date_gmt":"2022-10-01T06:26:55","guid":{"rendered":"https:\/\/fengchashop.com\/es\/product\/shilajit-v-prahu\/"},"modified":"2026-05-05T19:24:05","modified_gmt":"2026-05-05T17:24:05","slug":"shilajit-en-polvo","status":"publish","type":"product","link":"https:\/\/fengchashop.com\/es\/product\/shilajit-en-polvo\/","title":{"rendered":"Shilajit en polvo 125 g"},"content":{"rendered":"<h2 style=\"text-align: justify;\"><span style=\"color: #000000;\">Shilajit (Mumio)<\/span><\/h2>\n<p style=\"text-align: justify;\"><span style=\"color: #000000;\">Shijalit es un complemento alimenticio.<\/span><\/p>\n<p style=\"text-align: justify;\"><span style=\"color: #000000;\">El shilajit, tambi\u00e9n conocido como <strong>mumio<\/strong>, es una <strong>sustancia org\u00e1nica rica en minerales<\/strong> que, durante los meses de verano, fluye a trav\u00e9s de las grietas y fisuras entre las rocas de las altas monta\u00f1as del noreste de la India y otras partes de Asia, as\u00ed como en el sureste del Himalaya. El shilajit es una resina de monta\u00f1a que se cree que se form\u00f3 hace m\u00e1s de 50 millones de a\u00f1os, cuando Asia choc\u00f3 con el continente indio. Tambi\u00e9n se conoce como resina mineral. En las zonas del sudeste del Himalaya, los habitantes llevan milenios utilizando el shilajit. La resina de monta\u00f1a se encuentra en varios tonos diferentes, concretamente en dorado, plateado, cobrizo y negro, que es el m\u00e1s utilizado en la medicina ayurv\u00e9dica.<\/span><\/p>\n<h2 style=\"text-align: justify;\"><span style=\"color: #000000;\">\u00bfC\u00f3mo se obtiene el shilajit?<\/span><\/h2>\n<p style=\"text-align: justify;\"><span style=\"color: #000000;\">En la medicina ayurv\u00e9dica, el shilajit se utiliza <strong>desde hace m\u00e1s de 3000 a\u00f1os<\/strong> como remedio para diversos problemas de salud. La resina de shilajit est\u00e1 compuesta <strong>por diversas resinas, sedimentos y otros materiales<\/strong> que se acumulan en las monta\u00f1as a una altitud de 3000 m o m\u00e1s sobre el nivel del mar.<\/span><\/p>\n<p style=\"text-align: justify;\"><span style=\"color: #000000;\">El proceso de obtenci\u00f3n del shilajit es muy complejo, ya que, tras su recolecci\u00f3n, primero se <strong>limpia mediante procesos org\u00e1nicos<\/strong> y, a continuaci\u00f3n, se extrae mediante prensado para obtener un <strong>extracto concentrado de alta calidad<\/strong>. El shilajit se obtiene mediante un m\u00e9todo especial que <strong>conserva su composici\u00f3n natural y su pureza<\/strong>. Adem\u00e1s, <strong>se conservan los nutrientes esenciales<\/strong> y no se pierde su energ\u00eda. La resina utilizada como complemento alimenticio es una de las mejores variedades, ya que se somete a un <strong>riguroso proceso de purificaci\u00f3n que garantiza su idoneidad para el consumo<\/strong>.<\/span><\/p>\n<h2 style=\"text-align: justify;\"><span style=\"color: #000000;\">\u00bfCu\u00e1les son las propiedades clave que nos ofrece el shilajit?<\/span><\/h2>\n<p style=\"text-align: justify;\"><span style=\"color: #000000;\">En la medicina ayurv\u00e9dica, el shilajit se utiliza <strong>desde hace m\u00e1s de 3000 a\u00f1os<\/strong> como remedio para diversos problemas de salud. La resina de shilajit est\u00e1 compuesta <strong>por diversas resinas, sedimentos y otros materiales<\/strong> que se acumulan en las monta\u00f1as a una altitud de 3000 m o m\u00e1s sobre el nivel del mar.<\/span><\/p>\n<p style=\"text-align: justify;\"><span style=\"color: #000000;\">El proceso de obtenci\u00f3n del shilajit es muy complejo, ya que, tras su recolecci\u00f3n, primero se <strong>limpia mediante procesos org\u00e1nicos<\/strong> y, a continuaci\u00f3n, se extrae mediante prensado para obtener un <strong>extracto concentrado de alta calidad<\/strong>. El shilajit se obtiene mediante un m\u00e9todo especial que <strong>conserva su composici\u00f3n natural y su pureza<\/strong>. Adem\u00e1s, <strong>se conservan los nutrientes esenciales<\/strong> y no se pierde su energ\u00eda. La resina utilizada como complemento alimenticio es una de las mejores variedades, ya que se somete a un <strong>riguroso proceso de limpieza que garantiza su idoneidad para el consumo<\/strong>.<\/span><\/p>\n<h2 style=\"text-align: justify;\"><span style=\"color: #000000;\">Cu\u00e1les son las propiedades clave que nos ofrece el shilajit?<\/span><\/h2>\n<p style=\"text-align: justify;\"><span style=\"color: #000000;\">El shilajit es una sustancia natural, concretamente humus, que se forma cuando los microorganismos descomponen los residuos vegetales y animales. El shilajit tiene efectos beneficiosos para nuestro cuerpo y nuestra salud.<\/span><\/p>\n<p style=\"text-align: justify;\"><span style=\"color: #000000;\"><em><strong>Efectos positivos para nuestra salud y nuestro cuerpo:<\/strong><\/em><\/span><\/p>\n<p><span style=\"color: #000000;\">\ud83d\udc9a Favorece la funci\u00f3n mental y cognitiva.<\/span><\/p>\n<p><span style=\"color: #000000;\">\ud83d\udc9a Favorece la funci\u00f3n sexual en hombres y mujeres.<\/span><\/p>\n<p><span style=\"color: #000000;\">\ud83d\udc9a Favorece el metabolismo de las grasas.<\/span><\/p>\n<p><span style=\"color: #000000;\">\ud83d\udc9a Favorece el metabolismo de los az\u00facares.<\/span><\/p>\n<p><span style=\"color: #000000;\">\ud83d\udc9a Ayuda a normalizar el peso corporal.<\/span><\/p>\n<p><span style=\"color: #000000;\">\ud83d\udc9a Ayuda a mantener la salud de las v\u00edas urinarias.<\/span><\/p>\n<p><span style=\"color: #000000;\">\ud83d\udc9a Ayuda a mantener la salud de la pr\u00f3stata.<\/span><\/p>\n<p><span style=\"color: #000000;\">\ud83d\udc9a Ayuda a mantener el equilibrio y el confort del ciclo menstrual.<\/span><\/p>\n<h2 style=\"text-align: justify;\"><span style=\"color: #000000;\">Almacenamiento y advertencias<\/span><\/h2>\n<p style=\"text-align: justify;\"><span style=\"color: #000000;\">Almacenar en un lugar seco y fresco a una temperatura m\u00e1xima de 25 \u00b0C. Mantener el complemento alimenticio fuera del alcance de los ni\u00f1os.<\/span><\/p>\n<p style=\"text-align: justify;\"><span style=\"color: #000000;\">No olvide la importancia de una dieta variada y un estilo de vida saludable, por lo que el complemento alimenticio no sustituye una dieta equilibrada y variada. No se deben superar las cantidades o dosis diarias recomendadas. No se recomienda su uso a mujeres embarazadas o en periodo de lactancia.<\/span><\/p>\n<p style=\"text-align: justify;\"><span style=\"color: #000000;\">Reduzca el consumo de shilajit si aparecen efectos secundarios negativos. Beba m\u00e1s agua.<\/span><\/p>\n<p style=\"text-align: justify;\"><span style=\"color: #000000;\">El shilajit es un compuesto enriquecido con minerales, por lo que existe el riesgo de una sobrecarga t\u00f3xica de minerales como el hierro, especialmente si tambi\u00e9n toma suplementos que contienen algunos de los mismos minerales. Por lo tanto, siempre es recomendable consultar a su m\u00e9dico para obtener m\u00e1s informaci\u00f3n.<\/span><\/p>\n<h2 style=\"text-align: justify;\"><span style=\"color: #000000;\">Envase<\/span><\/h2>\n<p style=\"text-align: justify;\"><span style=\"color: #000000;\">Bolsa herm\u00e9tica con cremallera, donde el producto conserva toda su frescura y aroma. El envase protege del aire y la luz, ya que est\u00e1 compuesto por varias capas protectoras que conservan las propiedades del contenido.<br \/>\nEl envase es muy pr\u00e1ctico y se puede reciclar.<\/span><\/p>\n<h2 style=\"text-align: justify;\"><span style=\"color: #000000;\">Origen<\/span><\/h2>\n<p style=\"text-align: justify;\"><span style=\"color: #000000;\">India<\/span><\/p>\n","protected":false},"excerpt":{"rendered":"<p style=\"text-align: justify;\"><span style=\"color: #000000;\">El shilajit, tambi\u00e9n conocido como mumio, es una sustancia org\u00e1nica rica en minerales que fluye durante los meses de verano a trav\u00e9s de las grietas y fisuras entre las rocas de las altas monta\u00f1as del noreste de la India y otras partes de Asia, as\u00ed como del sureste del Himalaya. El shilajit es una resina de monta\u00f1a que se form\u00f3 hace m\u00e1s de 50 millones de a\u00f1os, cuando Asia choc\u00f3 con el continente indio. Tambi\u00e9n se conoce como resina mineral. En las zonas del sudeste del Himalaya, los habitantes llevan milenios utilizando el shilajit. <\/span><span style=\"color: #000000;\"><em>Efectos positivos para nuestra salud y nuestro cuerpo:<\/em><\/span><\/p>\n<p><span style=\"color: #000000;\">\ud83d\udc9a Favorece la funci\u00f3n mental y cognitiva.<\/span><\/p>\n<p><span style=\"color: #000000;\">\ud83d\udc9a Favorece la funci\u00f3n sexual en hombres y mujeres.<\/span><\/p>\n<p><span style=\"color: #000000;\">\ud83d\udc9a Favorece el metabolismo de las grasas y<\/span><span style=\"color: #000000;\"> los az\u00facares.<\/span><\/p>\n<p><span style=\"color: #000000;\">\ud83d\udc9a Ayuda a normalizar el peso corporal.<\/span><\/p>\n<p><span style=\"color: #000000;\">\ud83d\udc9a Ayuda a mantener la salud de las v\u00edas urinarias.<\/span><\/p>\n<p><span style=\"color: #000000;\">\ud83d\udc9a Ayuda a mantener la salud de la pr\u00f3stata.<\/span><\/p>\n<p><span style=\"color: #000000;\">\ud83d\udc9a Ayuda a mantener el equilibrio y el confort del ciclo menstrual.<\/span><\/p>\n","protected":false},"featured_media":4960,"comment_status":"open","ping_status":"closed","template":"","meta":{"_acf_changed":false},"product_brand":[],"product_cat":[15,194,195,216],"product_tag":[],"class_list":{"0":"post-6703","1":"product","2":"type-product","3":"status-publish","4":"has-post-thumbnail","6":"product_cat-uncategorized","7":"product_cat-ayurveda","8":"product_cat-superalimentos","9":"product_cat-todos-los-productos","11":"first","12":"instock","13":"sale","14":"taxable","15":"shipping-taxable","16":"purchasable","17":"product-type-simple"},"acf":[],"_links":{"self":[{"href":"https:\/\/fengchashop.com\/es\/wp-json\/wp\/v2\/product\/6703","targetHints":{"allow":["GET"]}}],"collection":[{"href":"https:\/\/fengchashop.com\/es\/wp-json\/wp\/v2\/product"}],"about":[{"href":"https:\/\/fengchashop.com\/es\/wp-json\/wp\/v2\/types\/product"}],"replies":[{"embeddable":true,"href":"https:\/\/fengchashop.com\/es\/wp-json\/wp\/v2\/comments?post=6703"}],"wp:featuredmedia":[{"embeddable":true,"href":"https:\/\/fengchashop.com\/es\/wp-json\/wp\/v2\/media\/4960"}],"wp:attachment":[{"href":"https:\/\/fengchashop.com\/es\/wp-json\/wp\/v2\/media?parent=6703"}],"wp:term":[{"taxonomy":"product_brand","embeddable":true,"href":"https:\/\/fengchashop.com\/es\/wp-json\/wp\/v2\/product_brand?post=6703"},{"taxonomy":"product_cat","embeddable":true,"href":"https:\/\/fengchashop.com\/es\/wp-json\/wp\/v2\/product_cat?post=6703"},{"taxonomy":"product_tag","embeddable":true,"href":"https:\/\/fengchashop.com\/es\/wp-json\/wp\/v2\/product_tag?post=6703"}],"curies":[{"name":"wp","href":"https:\/\/api.w.org\/{rel}","templated":true}]}}