{"id":6701,"date":"2022-08-29T10:14:27","date_gmt":"2022-08-29T08:14:27","guid":{"rendered":"https:\/\/fengchashop.com\/es\/product\/guarana-v-prahu-bio\/"},"modified":"2026-05-04T19:06:16","modified_gmt":"2026-05-04T17:06:16","slug":"guarana-en-polvo-bio","status":"publish","type":"product","link":"https:\/\/fengchashop.com\/es\/product\/guarana-en-polvo-bio\/","title":{"rendered":"Guaran\u00e1 en polvo BIO 125 g"},"content":{"rendered":"<h2><span style=\"color: #000000;\">Guaran\u00e1 en polvo BIO<\/span><\/h2>\n<p><span style=\"color: #000000;\">En Brasil, el guaran\u00e1 tiene una gran importancia, ya que se considera un <strong>elixir de vida<\/strong>. Los lugare\u00f1os lo asocian con la <strong>fuerza<\/strong>, la <strong>resistencia<\/strong> y la <strong>longevidad<\/strong>, mientras que a las mujeres les ayuda a conseguir una <strong>piel suave<\/strong> <strong>sin celulitis<\/strong> ni <strong>arrugas<\/strong>.<\/span><\/p>\n<p><span style=\"color: #000000;\">El guaran\u00e1 es muy <strong>rico en valores nutricionales<\/strong>. Los potentes antioxidantes o inhibidores del envejecimiento son <strong>fitoqu\u00edmicos<\/strong>, que ayudan a <strong>ralentizar<\/strong>, <strong>prevenir<\/strong> o incluso <strong>detener numerosas enfermedades<\/strong>. En el guaran\u00e1 encontramos un componente que ayuda a <strong>quemar grasas<\/strong> y, en algunos preparados, tambi\u00e9n <strong>a adelgazar y combatir la celulitis<\/strong>. Este componente es la <strong>teobromina<\/strong>.<\/span><\/p>\n<p><span style=\"color: #000000;\">La guaranina es un componente <strong>equivalente a la cafe\u00edna<\/strong>, con la \u00fanica diferencia de que no es soluble en agua y <strong>se libera muy lentamente en el torrente sangu\u00edneo<\/strong>. Su efecto dura aproximadamente 6 horas, lo que proporciona una sensaci\u00f3n m\u00e1s agradable y un efecto m\u00e1s duradero como <strong>estimulante<\/strong>. El guaranina <strong>reduce el apetito<\/strong> y <strong>el cansancio f\u00edsico y mental<\/strong>, estimula <strong>nuestro sistema nervioso central <\/strong>y, a diferencia de la cafe\u00edna, <strong>no tiene efectos secundarios<\/strong>.<\/span><\/p>\n<p><span style=\"color: #000000;\">El guaran\u00e1 debe consumirse en <strong>dosis muy peque\u00f1as<\/strong>, ya que contiene <strong>el doble de cafe\u00edna<\/strong> que el caf\u00e9, lo que significa que tambi\u00e9n es un excelente sustituto del caf\u00e9.<\/span><\/p>\n<p><span style=\"color: #000000;\">El guaran\u00e1 tambi\u00e9n es un <strong>diur\u00e9tico<\/strong> que ayuda en el tratamiento de diversas infecciones urinarias, menstruaciones dolorosas y dolores de cabeza. <strong>Tiene un efecto beneficioso sobre el intestino grueso<\/strong> y ayuda a reducir los s\u00edntomas patol\u00f3gicos y cr\u00f3nicos de las enfermedades inflamatorias intestinales.<\/span><\/p>\n<p><span style=\"color: #000000;\">El guaran\u00e1 <em>(Paullinia cupana)<\/em> es una planta aut\u00f3ctona muy popular que <strong>solo crece en las zonas de la selva tropical amaz\u00f3nica<\/strong>, en Brasil y Venezuela. Es un <strong>arbusto rastrero de hoja perenne<\/strong>, popular sobre todo por sus <strong>frutos de color marr\u00f3n rojizo<\/strong>, que recuerdan en forma y color a los <strong>granos de caf\u00e9<\/strong>, y en cuyo interior contienen <strong>semillas negras<\/strong> rodeadas de una capa blanca.<\/span><\/p>\n<h2><span style=\"color: #000000;\">\u00bfCu\u00e1les son las propiedades clave que nos ofrece el guaran\u00e1?<\/span><\/h2>\n<p><span style=\"color: #000000;\"> \ud83d\udc9a reduce la <strong>tensi\u00f3n y el cansancio<\/strong><\/span><\/p>\n<p><span style=\"color: #000000;\"> \ud83d\udc9a aumenta la <strong>circulaci\u00f3n<\/strong><\/span><\/p>\n<p><span style=\"color: #000000;\"> \ud83d\udc9a Aumenta la <strong>energ\u00eda<\/strong><\/span><\/p>\n<p><span style=\"color: #000000;\"> \ud83d\udc9a Acelera el <strong>metabolismo<\/strong><\/span><\/p>\n<p><span style=\"color: #000000;\"> \ud83d\udc9a favorece la <strong>p\u00e9rdida de peso<\/strong> y ayuda a controlar el peso corporal<\/span><\/p>\n<p><span style=\"color: #000000;\"> \ud83d\udc9a aumenta la <strong>concentraci\u00f3n<\/strong><\/span><\/p>\n<p><span style=\"color: #000000;\"> \ud83d\udc9a Alivia <strong>las migra\u00f1as y los dolores de cabeza<\/strong><\/span><\/p>\n<p><span style=\"color: #000000;\"> \ud83d\udc9a Aumenta <strong>la libido<\/strong><\/span><\/p>\n<p><span style=\"color: #000000;\"><strong> \ud83d\udc9a aumenta la presi\u00f3n arterial baja<\/strong><\/span><\/p>\n<p><span style=\"color: #000000;\"> \ud83d\udc9a ayuda a <strong>limpiar el intestino<\/strong><\/span><\/p>\n<p><span style=\"color: #000000;\"> \ud83d\udc9a protege al organismo frente a numerosas enfermedades<\/span><\/p>\n<p><span style=\"color: #000000;\"><strong> \ud83d\udc9a revitaliza el organismo<\/strong><\/span><\/p>\n<h2><span style=\"color: #000000;\">Almacenamiento y advertencias<\/span><\/h2>\n<p><span style=\"color: #000000;\">Almacenar en un lugar seco y fresco a una temperatura m\u00e1xima de 25 \u00b0C. Mantener el complemento alimenticio fuera del alcance de los ni\u00f1os.<\/span><\/p>\n<p><span style=\"color: #000000;\">No olvide la importancia de una dieta variada y un estilo de vida saludable, por lo que el complemento alimenticio no sustituye una dieta equilibrada y variada. No se debe exceder la cantidad diaria recomendada. No se recomienda su uso a mujeres embarazadas y lactantes. Tampoco se recomienda el consumo de guaran\u00e1 a personas con hipertensi\u00f3n arterial y enfermedades card\u00edacas.<\/span><\/p>\n<h2><span style=\"color: #000000;\">Envase<\/span><\/h2>\n<p><span style=\"color: #000000;\">Bolsa herm\u00e9tica con cierre, donde el producto conserva toda su frescura y aroma. El envase protege de la luz y el aire, ya que est\u00e1 compuesto por varias capas de protecci\u00f3n que conservan las propiedades del contenido.<\/span><\/p>\n<p><span style=\"color: #000000;\">El envase es muy pr\u00e1ctico y se puede reciclar.<\/span><\/p>\n<h2><span style=\"color: #000000;\">Origen<\/span><\/h2>\n<p><span style=\"color: #000000;\">Brasil<\/span><\/p>\n","protected":false},"excerpt":{"rendered":"<p align=\"JUSTIFY\">En Brasil, el guaran\u00e1 tiene una gran importancia, ya que se considera un elixir de vida. Los lugare\u00f1os lo asocian con la fuerza, la resistencia y la longevidad, y ayuda a las mujeres a tener una piel suave, sin celulitis ni arrugas. Los potentes antioxidantes o inhibidores del envejecimiento son fitoqu\u00edmicos que ayudan a ralentizar, prevenir o incluso detener numerosas enfermedades. El guaran\u00e1 contiene un componente que ayuda a quemar grasas y, en algunos preparados, tambi\u00e9n a adelgazar y combatir la celulitis: la teobromina.<\/p>\n<p align=\"JUSTIFY\"><span style=\"color: #000000;\">\ud83d\udc9a Favorece la p\u00e9rdida de peso y ayuda a controlar el peso corporal.<br \/>\n<span style=\"color: #000000;\">\ud83d\udc9a Alivia las migra\u00f1as y los dolores de cabeza.<br \/>\n<span style=\"color: #000000;\">\ud83d\udc9a Reduce la tensi\u00f3n y el cansancio.<br \/>\n<span style=\"color: #000000;\">\ud83d\udc9a Aumenta la presi\u00f3n arterial baja.<\/span><\/span><\/span><\/span><\/p>\n","protected":false},"featured_media":4955,"comment_status":"open","ping_status":"closed","template":"","meta":{"_acf_changed":false},"product_brand":[],"product_cat":[15,195,216],"product_tag":[],"class_list":{"0":"post-6701","1":"product","2":"type-product","3":"status-publish","4":"has-post-thumbnail","6":"product_cat-uncategorized","7":"product_cat-superalimentos","8":"product_cat-todos-los-productos","10":"first","11":"outofstock","12":"sale","13":"taxable","14":"shipping-taxable","15":"purchasable","16":"product-type-simple"},"acf":[],"_links":{"self":[{"href":"https:\/\/fengchashop.com\/es\/wp-json\/wp\/v2\/product\/6701","targetHints":{"allow":["GET"]}}],"collection":[{"href":"https:\/\/fengchashop.com\/es\/wp-json\/wp\/v2\/product"}],"about":[{"href":"https:\/\/fengchashop.com\/es\/wp-json\/wp\/v2\/types\/product"}],"replies":[{"embeddable":true,"href":"https:\/\/fengchashop.com\/es\/wp-json\/wp\/v2\/comments?post=6701"}],"wp:featuredmedia":[{"embeddable":true,"href":"https:\/\/fengchashop.com\/es\/wp-json\/wp\/v2\/media\/4955"}],"wp:attachment":[{"href":"https:\/\/fengchashop.com\/es\/wp-json\/wp\/v2\/media?parent=6701"}],"wp:term":[{"taxonomy":"product_brand","embeddable":true,"href":"https:\/\/fengchashop.com\/es\/wp-json\/wp\/v2\/product_brand?post=6701"},{"taxonomy":"product_cat","embeddable":true,"href":"https:\/\/fengchashop.com\/es\/wp-json\/wp\/v2\/product_cat?post=6701"},{"taxonomy":"product_tag","embeddable":true,"href":"https:\/\/fengchashop.com\/es\/wp-json\/wp\/v2\/product_tag?post=6701"}],"curies":[{"name":"wp","href":"https:\/\/api.w.org\/{rel}","templated":true}]}}