{"id":6700,"date":"2022-08-19T05:47:44","date_gmt":"2022-08-19T03:47:44","guid":{"rendered":"https:\/\/fengchashop.com\/es\/product\/guayusa-bio\/"},"modified":"2026-05-04T23:21:32","modified_gmt":"2026-05-04T21:21:32","slug":"guayusa-bio","status":"publish","type":"product","link":"https:\/\/fengchashop.com\/es\/product\/guayusa-bio\/","title":{"rendered":"Guayusa BIO 100 g"},"content":{"rendered":"<h2><span style=\"color: #000000;\">Guayusa BIO<\/span><\/h2>\n<p><span style=\"color: #000000;\">Guayusa, que se pronuncia ghwy-you-sa, significa \u00abguardi\u00e1n nocturno\u00bb, ya que a veces se usa para que la gente no duerma por la noche. As\u00ed es como el pueblo Kichwa llama al \u00e1rbol de hoja perenne cuyas <strong>hojas se utilizan para preparar t\u00e9<\/strong>. Los \u00e1rboles de guayusa, tambi\u00e9n conocidos como svetlina (Ilex guayusa), miden entre 6 y 30 metros de altura y tienen hojas alargadas de color verde brillante.<\/span><\/p>\n<p>Los hallazgos m\u00e1s antiguos demuestran que los ind\u00edgenas kichwa comenzaron a cultivar la guayusa hace 1000 a\u00f1os. La guayusa es probablemente <strong>la hoja de t\u00e9 con m\u00e1s cafe\u00edna del mundo<\/strong>, ya que contiene hasta un 7,6 % de cafe\u00edna.<\/p>\n<p><span style=\"color: #000000;\">La guayusa est\u00e1 muy extendida en la selva amaz\u00f3nica, pero se cultiva principalmente en Ecuador. Sus hojas se <strong>recogen, secan y utilizan tradicionalmente para preparar infusiones<\/strong>, muy apreciadas por su <strong>alto contenido en cafe\u00edna y antioxidantes<\/strong>.<\/span><\/p>\n<p><span style=\"color: #000000;\">Hay quien considera que la guayusa tiene otras ventajas. Contiene <strong>muchas vitaminas, amino\u00e1cidos y antioxidantes<\/strong>. Adem\u00e1s, tiene compuestos como la <strong>teobromina<\/strong>, que tambi\u00e9n est\u00e1 presente en el cacao y es conocida por sus propiedades para <strong>mejorar el estado de \u00e1nimo<\/strong>.<\/span><\/p>\n<h2><span style=\"color: #000000;\">\u00bfQu\u00e9 es el t\u00e9 de guayusa?<\/span><\/h2>\n<p><span style=\"color: #000000;\">La guayusa es una bebida a base de hierbas que a menudo se promociona como <strong>un estimulante m\u00e1s saludable que el caf\u00e9 y las bebidas energ\u00e9ticas<\/strong>.<\/span><\/p>\n<p><span style=\"color: #000000;\">El pueblo ind\u00edgena Kichwa, que habla una lengua aut\u00f3ctona caracter\u00edstica de la selva amaz\u00f3nica, lleva siglos bebiendo t\u00e9 de guayusa como parte de rituales de caza para obtener claridad espiritual y prepararse f\u00edsicamente para la exigente vida en la selva tropical. Los ind\u00edgenas de Ecuador lo consumen especialmente antes de acostarse para conectar con estados superiores de conciencia.<\/span><\/p>\n<p><span style=\"color: #000000;\">Adem\u00e1s, <strong>no tiene un sabor amargo ni picante<\/strong>, ya que casi no contiene taninos, lo que tambi\u00e9n permite <strong>remojar las hojas varias veces<\/strong>. En cambio, tiene un <strong>sabor crujiente y dulce<\/strong>, que es delicioso por s\u00ed solo o en combinaci\u00f3n con leche de soja, arroz o nueces.<\/span><\/p>\n<h2><span style=\"color: #000000;\">Efectos de la guayusa<\/span><\/h2>\n<p><span style=\"color: #000000;\">El t\u00e9 de guayusa tiene un efecto interesante: <strong>por un lado, estimula<\/strong> debido a su alto contenido en cafe\u00edna, <strong>y por otro, proporciona una agradable sensaci\u00f3n de calma y equilibrio<\/strong>, probablemente debido a los compuestos que lo acompa\u00f1an, como la L-teanina y la teobromina.<\/span><\/p>\n<p><span style=\"color: #000000;\">La guayusa puede mejorar tu <strong>estado mental y tu concentraci\u00f3n<\/strong>. Contiene mucha cafe\u00edna, conocida por ser un estimulante. Tambi\u00e9n contiene teobromina, un alcaloide de estructura similar a la cafe\u00edna. Adem\u00e1s, el teobromina se encuentra en alimentos como el chocolate y el cacao en polvo. Se ha demostrado que la combinaci\u00f3n de cafe\u00edna y teobromina <strong>mejora el estado de \u00e1nimo, el estado de alerta y la<\/strong> <strong>concentraci\u00f3n<\/strong>, y tambi\u00e9n puede <strong>mejorar el funcionamiento cerebral a corto plazo<\/strong>.<\/span><\/p>\n<p><span style=\"color: #000000;\">La guayusa contiene <strong>numerosos antioxidantes<\/strong>. Al combatir los radicales libres, que son sustancias qu\u00edmicas inestables presentes en el organismo, <strong>reducen el estr\u00e9s oxidativo<\/strong>. De este modo, pueden <strong>disminuir el riesgo de desarrollar numerosas enfermedades cr\u00f3nicas<\/strong>. La guayusa contiene la mayor cantidad de antioxidantes polifen\u00f3licos, llamados <strong>catequinas<\/strong>, que se cree que <strong>protegen contra enfermedades card\u00edacas, c\u00e1ncer, diabetes tipo 2, obesidad, infecciones bacterianas y enfermedades<\/strong>, adem\u00e1s, se cree que <strong>reduce el nivel de colesterol y regula el valor del pH.<\/strong><\/span><\/p>\n<p><span style=\"color: #000000;\">Si su cuerpo no puede transportar eficazmente el az\u00facar de la sangre a las c\u00e9lulas, puede producirse un aumento del az\u00facar en sangre. Esta enfermedad puede conducir con el tiempo a la diabetes tipo 2 si no se trata. La guayusa puede <strong>ayudar a reducir el az\u00facar en sangre<\/strong>.<\/span><\/p>\n<p><span style=\"color: #000000;\">La alta concentraci\u00f3n de cafe\u00edna en la guayusa puede <strong>ayudar a perder peso<\/strong>. Los estimulantes naturales, como la cafe\u00edna, pueden acelerar el metabolismo y aumentar la cantidad de calor\u00edas que quema el cuerpo.<\/span><\/p>\n<h2><span style=\"color: #000000;\">Almacenamiento y advertencias<\/span><\/h2>\n<p><span style=\"color: #000000;\">Almacenar en un lugar seco, oscuro y fresco. Las hojas secas deben conservarse en una bolsa o recipiente herm\u00e9tico hasta su uso.<\/span><\/p>\n<p><span style=\"color: #000000;\">La guayusa contiene cafe\u00edna natural.<\/span><\/p>\n<h2><span style=\"color: #000000;\">Envasado<\/span><\/h2>\n<p><span style=\"color: #000000;\"><span style=\"color: #000000;\">Bolsa herm\u00e9tica con cierre, donde el producto conserva toda su frescura y aroma. El envase protege de la luz y el aire, ya que est\u00e1 compuesto por varias capas de protecci\u00f3n que conservan las propiedades del contenido.<\/span><\/span><\/p>\n<p><span style=\"color: #000000;\">El envase es muy pr\u00e1ctico y permite el reciclaje.<\/span><\/p>\n<h2><span style=\"color: #000000;\">Origen<\/span><\/h2>\n<p><span style=\"color: #000000;\">Ecuador<\/span><\/p>\n","protected":false},"excerpt":{"rendered":"<p>T\u00e9 de hierbas con numerosos principios activos <strong>para una vida larga, sana y llena de vitalidad<\/strong>. Guayusa, que se pronuncia ghwy-you-sa, significa \u00abguardi\u00e1n nocturno\u00bb, ya que a veces se utiliza para que las personas no duerman por la noche. Probablemente sea <strong>la hoja de t\u00e9 con m\u00e1s cafe\u00edna<\/strong> del mundo, <strong>ya que contiene hasta un 7,6 % de cafe\u00edna<\/strong>.<\/p>\n<p>\ud83d\udc9a Mejora el estado de \u00e1nimo.<\/p>\n<p>\ud83d\udc9a Tiene muchas vitaminas, amino\u00e1cidos y antioxidantes.<\/p>\n<p>\ud83d\udc9a Es un estimulante m\u00e1s saludable que el caf\u00e9 y las bebidas energ\u00e9ticas.<\/p>\n<p>\ud83d\udc9a Mejora tu estado mental y tu concentraci\u00f3n.<\/p>\n","protected":false},"featured_media":4953,"comment_status":"open","ping_status":"closed","template":"","meta":{"_acf_changed":false},"product_brand":[],"product_cat":[15,224,216],"product_tag":[],"class_list":{"0":"post-6700","1":"product","2":"type-product","3":"status-publish","4":"has-post-thumbnail","6":"product_cat-uncategorized","7":"product_cat-te-alimentos-y-especias","8":"product_cat-todos-los-productos","10":"first","11":"instock","12":"sale","13":"taxable","14":"shipping-taxable","15":"purchasable","16":"product-type-simple"},"acf":[],"_links":{"self":[{"href":"https:\/\/fengchashop.com\/es\/wp-json\/wp\/v2\/product\/6700","targetHints":{"allow":["GET"]}}],"collection":[{"href":"https:\/\/fengchashop.com\/es\/wp-json\/wp\/v2\/product"}],"about":[{"href":"https:\/\/fengchashop.com\/es\/wp-json\/wp\/v2\/types\/product"}],"replies":[{"embeddable":true,"href":"https:\/\/fengchashop.com\/es\/wp-json\/wp\/v2\/comments?post=6700"}],"wp:featuredmedia":[{"embeddable":true,"href":"https:\/\/fengchashop.com\/es\/wp-json\/wp\/v2\/media\/4953"}],"wp:attachment":[{"href":"https:\/\/fengchashop.com\/es\/wp-json\/wp\/v2\/media?parent=6700"}],"wp:term":[{"taxonomy":"product_brand","embeddable":true,"href":"https:\/\/fengchashop.com\/es\/wp-json\/wp\/v2\/product_brand?post=6700"},{"taxonomy":"product_cat","embeddable":true,"href":"https:\/\/fengchashop.com\/es\/wp-json\/wp\/v2\/product_cat?post=6700"},{"taxonomy":"product_tag","embeddable":true,"href":"https:\/\/fengchashop.com\/es\/wp-json\/wp\/v2\/product_tag?post=6700"}],"curies":[{"name":"wp","href":"https:\/\/api.w.org\/{rel}","templated":true}]}}