{"id":6698,"date":"2022-06-15T07:26:26","date_gmt":"2022-06-15T05:26:26","guid":{"rendered":"https:\/\/fengchashop.com\/es\/product\/rdeci-kvasni-riz-bio-v-prahu\/"},"modified":"2026-05-04T08:40:35","modified_gmt":"2026-05-04T06:40:35","slug":"arroz-rojo-fermentado-en-polvo-bio","status":"publish","type":"product","link":"https:\/\/fengchashop.com\/es\/product\/arroz-rojo-fermentado-en-polvo-bio\/","title":{"rendered":"Arroz rojo fermentado en polvo BIO 125 g"},"content":{"rendered":"<h2 style=\"text-align: justify;\"><span style=\"color: #000000;\">Arroz de levadura roja en polvo<\/span><\/h2>\n<p style=\"text-align: justify;\"><span style=\"color: #000000;\">El arroz fermentado rojo en polvo se conoce a menudo como <em>Monascus purpureus. <\/em>Es una <strong>versi\u00f3n fermentada del arroz blanco com\u00fan<\/strong>, al que le da color la <strong>levadura Monascus purpureus<\/strong>. En la medicina tradicional china se utiliza desde hace siglos con el fin de <strong>reducir el colesterol malo<\/strong>. Se cree que el arroz rojo fermentado ayuda a reducir el colesterol de forma natural gracias a la <strong>monacolina K<\/strong>, que en realidad act\u00faa de forma muy similar a las estatinas que se encuentran en los medicamentos para reducir el colesterol. El colesterol aparece cada vez con m\u00e1s frecuencia en la lista de problemas de salud del hombre moderno. Tambi\u00e9n contiene numerosas grasas insaturadas y fitoesteroles.<br \/>\nEn la medicina tradicional, el arroz rojo fermentado tambi\u00e9n se utilizaba para fortalecer la circulaci\u00f3n sangu\u00ednea, regular la digesti\u00f3n y tratar los problemas relacionados con ella, entre los que se incluyen&gt;En la medicina tradicional, el arroz rojo fermentado tambi\u00e9n se utilizaba para fortalecer la circulaci\u00f3n sangu\u00ednea, regular la digesti\u00f3n y tratar problemas digestivos, entre los que se incluyen <strong>est\u00f3mago irritable, diarrea y digesti\u00f3n lenta<\/strong>.<\/span><\/p>\n<p style=\"text-align: justify;\"><span style=\"color: #000000;\">Nuestro arroz rojo fermentado en polvo procede de cultivos ecol\u00f3gicos y se procesa bajo estrictos controles, por lo que es seguro para el consumo y, adem\u00e1s, el cuerpo lo tolera bien. <\/span><\/p>\n<h2><span style=\"color: #000000;\">\u00bf<\/span><span style=\"color: #000000;\">A qui\u00e9n se recomienda su consumo?<\/span><\/h2>\n<p style=\"text-align: justify;\"><span style=\"color: #000000;\">Dado que, adem\u00e1s del principio activo que reduce de forma demostrada los niveles de colesterol en sangre, tambi\u00e9n contiene otras sustancias beneficiosas, lo recomendamos en primer lugar a todas aquellas personas que luchan contra los niveles elevados de colesterol malo. Tambi\u00e9n resulta beneficioso para las personas que tienen problemas de hipertensi\u00f3n o digesti\u00f3n. Es un complemento alimenticio excelente para todas aquellas personas que no hacen suficiente ejercicio o est\u00e1n a dieta. Las propiedades positivas del arroz de levadura roja tambi\u00e9n se reflejan en el <strong>fortalecimiento del sistema inmunol\u00f3gico<\/strong>.<\/span><\/p>\n<h2><span style=\"color: #000000;\">\u00bf<\/span><span style=\"color: #000000;\">C\u00f3mo funciona?<\/span><\/h2>\n<p style=\"text-align: justify;\"><span style=\"color: #000000;\">El arroz rojo fermentado contiene la denominada monacolina K, que es un <strong>inhibidor de la s\u00edntesis de colesterol en el h\u00edgado<\/strong>. Como tal, ayuda a mantener los niveles normales de colesterol en sangre.<\/span><\/p>\n<h2 style=\"text-align: justify;\"><span style=\"color: #000000;\">Almacenamiento y advertencias<\/span><\/h2>\n<p style=\"text-align: justify;\"><span style=\"color: #000000;\">Cons\u00e9rvese en un lugar seco y fresco, a una temperatura inferior a 25 \u00b0C. Mantenga el complemento alimenticio fuera del alcance de los ni\u00f1os.<\/span><\/p>\n<p style=\"text-align: justify;\"><span style=\"color: #000000;\">No olvide la importancia de una dieta variada y un estilo de vida saludable, por lo que el complemento alimenticio no sustituye una dieta equilibrada y variada. No se deben superar las cantidades o dosis diarias recomendadas. Se desaconseja su uso a mujeres embarazadas y lactantes. Se recomienda consultar con un m\u00e9dico a las personas que toman medicamentos para reducir el colesterol. Al igual que estos medicamentos, el consumo prolongado (varios a\u00f1os seguidos) de polvo de arroz rojo fermentado puede provocar efectos secundarios, que suelen estar relacionados con da\u00f1os en el h\u00edgado y dolor muscular.<\/span><\/p>\n<h2 style=\"text-align: justify;\"><span style=\"color: #000000;\">Envasado<\/span><\/h2>\n<p style=\"text-align: justify;\"><span style=\"color: #000000;\">Bolsa herm\u00e9tica con cierre, donde el producto conserva toda su frescura y aroma. El envase protege del aire y la luz, ya que est\u00e1 compuesto por varias capas protectoras que conservan las propiedades del contenido.<br \/>\nEl envase es muy pr\u00e1ctico y se puede reciclar.<\/span><\/p>\n<h2 style=\"text-align: justify;\"><span style=\"color: #000000;\">Origen<\/span><\/h2>\n<p style=\"text-align: justify;\"><span style=\"color: #000000;\">China. Contamos con proveedores muy fiables que nos env\u00edan un an\u00e1lisis qu\u00edmico detallado de los alimentos para cada serie. En m\u00e1s de diez a\u00f1os, no hemos tenido ninguna devoluci\u00f3n ni ning\u00fan otro problema con este art\u00edculo, ni tampoco con otros art\u00edculos del mismo proveedor.<\/span><\/p>\n<p style=\"text-align: justify;\"><span style=\"color: #000000;\">El art\u00edculo tiene un certificado 100 % ecol\u00f3gico.<\/span><\/p>\n","protected":false},"excerpt":{"rendered":"<p>En la medicina tradicional china se utiliza desde hace siglos para reducir el colesterol malo. Se cree que el arroz rojo fermentado ayuda a reducir el colesterol de forma natural gracias a la monacolina K, que en realidad act\u00faa de forma muy similar a las estatinas que se encuentran en los medicamentos para reducir el colesterol. El colesterol aparece cada vez con m\u00e1s frecuencia en la lista de problemas de salud del hombre moderno. Tambi\u00e9n contiene numerosas grasas insaturadas y fitoesteroles. En la medicina tradicional, el arroz rojo fermentado se ha utilizado para:<\/p>\n<p>\ud83d\udc9a reducir el colesterol malo,<br \/>\n\ud83d\udc9a regular la digesti\u00f3n y tratar los problemas digestivos, entre los que se incluyen el est\u00f3mago irritable, la diarrea y la digesti\u00f3n lenta,<br \/>\n\ud83d\udc9a fortalecer la circulaci\u00f3n sangu\u00ednea,<br \/>\n\ud83d\udc9a fortalecer el sistema inmunol\u00f3gico.<\/p>\n","protected":false},"featured_media":4949,"comment_status":"open","ping_status":"closed","template":"","meta":{"_acf_changed":false},"product_brand":[],"product_cat":[195,216],"product_tag":[],"class_list":{"0":"post-6698","1":"product","2":"type-product","3":"status-publish","4":"has-post-thumbnail","6":"product_cat-superalimentos","7":"product_cat-todos-los-productos","9":"first","10":"outofstock","11":"taxable","12":"shipping-taxable","13":"purchasable","14":"product-type-simple"},"acf":[],"_links":{"self":[{"href":"https:\/\/fengchashop.com\/es\/wp-json\/wp\/v2\/product\/6698","targetHints":{"allow":["GET"]}}],"collection":[{"href":"https:\/\/fengchashop.com\/es\/wp-json\/wp\/v2\/product"}],"about":[{"href":"https:\/\/fengchashop.com\/es\/wp-json\/wp\/v2\/types\/product"}],"replies":[{"embeddable":true,"href":"https:\/\/fengchashop.com\/es\/wp-json\/wp\/v2\/comments?post=6698"}],"wp:featuredmedia":[{"embeddable":true,"href":"https:\/\/fengchashop.com\/es\/wp-json\/wp\/v2\/media\/4949"}],"wp:attachment":[{"href":"https:\/\/fengchashop.com\/es\/wp-json\/wp\/v2\/media?parent=6698"}],"wp:term":[{"taxonomy":"product_brand","embeddable":true,"href":"https:\/\/fengchashop.com\/es\/wp-json\/wp\/v2\/product_brand?post=6698"},{"taxonomy":"product_cat","embeddable":true,"href":"https:\/\/fengchashop.com\/es\/wp-json\/wp\/v2\/product_cat?post=6698"},{"taxonomy":"product_tag","embeddable":true,"href":"https:\/\/fengchashop.com\/es\/wp-json\/wp\/v2\/product_tag?post=6698"}],"curies":[{"name":"wp","href":"https:\/\/api.w.org\/{rel}","templated":true}]}}