{"id":6697,"date":"2022-06-15T09:02:24","date_gmt":"2022-06-15T07:02:24","guid":{"rendered":"https:\/\/fengchashop.com\/es\/product\/divji-jam-v-prahu\/"},"modified":"2026-05-04T22:00:19","modified_gmt":"2026-05-04T20:00:19","slug":"jengibre-silvestre-en-polvo","status":"publish","type":"product","link":"https:\/\/fengchashop.com\/es\/product\/jengibre-silvestre-en-polvo\/","title":{"rendered":"Jengibre silvestre en polvo 250 g"},"content":{"rendered":"<h2><span style=\"color: #000000;\">Yams silvestres en polvo<\/span><\/h2>\n<p style=\"text-align: justify;\"><span style=\"color: #000000;\">El \u00f1ame silvestre (<em>Dioscorea polystachya<\/em>) es una planta trepadora alta originaria de Am\u00e9rica Central. Tiene unas bonitas hojas verdes en forma de coraz\u00f3n, pero su secreto se esconde en su ra\u00edz alargada con una parte carnosa de color blanco intenso. A veces tambi\u00e9n se le llama \u00f1ame silvestre mexicano o <strong>dioscorea<\/strong>.<\/span><\/p>\n<p style=\"text-align: justify;\"><span style=\"color: #000000;\">Se ha demostrado que equilibra los desequilibrios hormonales de progesterona y estr\u00f3geno en hombres y mujeres. En consecuencia, tambi\u00e9n puede ayudar con problemas hep\u00e1ticos, dolores menstruales, problemas metab\u00f3licos y tiroideos, colesterol y az\u00facar en sangre.<\/span><\/p>\n<p style=\"text-align: justify;\"><span style=\"color: #000000;\">La yam silvestre contiene una sustancia activa similar al estr\u00f3geno (fitoestr\u00f3geno) que se denomina <strong>diosgenina<\/strong>. Es un componente totalmente natural que puede sustituir la falta de hormonas en el organismo. La falta de progesterona suele aparecer despu\u00e9s de los 30 a\u00f1os o m\u00e1s tarde, durante la menopausia, y tambi\u00e9n puede ser la causa de una menopausia precoz.<\/span><\/p>\n<p style=\"text-align: justify;\"><span style=\"color: #000000;\">La diosgenina es qu\u00edmicamente muy similar al colesterol, la progesterona y la hormona DHEA. En el cuerpo, <strong>imita la actividad de la hormona progesterona y tiene un efecto positivo en el equilibrio hormonal.<\/strong><\/span><\/p>\n<p style=\"text-align: justify;\"><span style=\"color: #000000;\">La yam silvestre, en forma de comprimidos y cremas, es muy popular desde hace a\u00f1os tambi\u00e9n en nuestro pa\u00eds. Es una pr\u00e1ctica habitual en la fitoterapia, ya que su efecto positivo sobre el equilibrio hormonal tambi\u00e9n est\u00e1 cient\u00edficamente demostrado.<\/span><\/p>\n<h2><span style=\"color: #000000;\">\u00bfA qui\u00e9n se recomienda su consumo?<\/span><\/h2>\n<p><span style=\"color: #000000;\">Hoy en d\u00eda, el jam silvestre se utiliza con mayor frecuencia para todo tipo de <strong>inflamaciones, calambres musculares, irritabilidad y falta de energ\u00eda<\/strong>. Las mujeres suelen recurrir a \u00e9l para tratar los dolores menstruales y el s\u00edndrome premenstrual, as\u00ed como los problemas frecuentes que se manifiestan durante la menopausia y la perimenopausia.<\/span><\/p>\n<p><span style=\"color: #000000;\">En el pasado tambi\u00e9n se utilizaba para tratar trastornos digestivos. Entre ellos se incluyen la inflamaci\u00f3n del conducto biliar y el s\u00edndrome del intestino irritable. Tambi\u00e9n se cree que ayuda a tratar problemas del tracto urinario.<\/span><\/p>\n<h2><span style=\"color: #000000;\">\u00bfCu\u00e1les son los beneficios de tomarlo?<\/span><\/h2>\n<p style=\"text-align: justify;\"><span style=\"color: #000000;\">Adem\u00e1s de lo ya mencionado, el jam silvestre tambi\u00e9n:<\/span><\/p>\n<p><span style=\"color: #000000;\">\ud83d\udc9a Es un complemento alimenticio muy popular entre las mujeres menop\u00e1usicas (sofocos, cansancio, ansiedad) y las mujeres que sufren de s\u00edndrome premenstrual (irritabilidad y dolores intensos).<\/span><br \/>\n<span style=\"color: #000000;\">\ud83d\udc9a Alivia el sangrado intenso durante el ciclo menstrual.<\/span><br \/>\n<span style=\"color: #000000;\">\ud83d\udc9a Tambi\u00e9n se utiliza a menudo como ayuda en enfermedades autoinmunes.<\/span><br \/>\n<span style=\"color: #000000;\">\ud83d\udc9a Dado que el desequilibrio hormonal tambi\u00e9n se manifiesta en forma de piel y cabello secos, u\u00f1as quebradizas y celulitis, las mujeres lo toman principalmente para tratar estos problemas.<br \/>\n<span style=\"color: #000000;\">\ud83d\udc9a El jam silvestre contiene sustancias similares a las hormonas que act\u00faan en el cuerpo como la progesterona, cuya producci\u00f3n comienza a disminuir dr\u00e1sticamente en todas las mujeres a partir de los 30 a\u00f1os. Empiezan a aparecer s\u00edntomas de falta de progesterona, como disminuci\u00f3n de la libido, aumento de peso y problemas psicol\u00f3gicos, entre los que se incluye la depresi\u00f3n.<br \/>\n<span style=\"color: #000000;\">\ud83d\udc9a Tiene un efecto beneficioso sobre las inflamaciones, la artritis y otras enfermedades reum\u00e1ticas y alergias.<\/span><\/span><\/span><\/p>\n<h2><span style=\"color: #000000;\">Almacenamiento y advertencias<\/span><\/h2>\n<p style=\"text-align: justify;\"><span style=\"color: #000000;\">Conservar en un lugar seco y fresco a una temperatura m\u00e1xima de 25 \u00b0C. Mantener el complemento alimenticio fuera del alcance de los ni\u00f1os.<\/span><\/p>\n<p style=\"text-align: justify;\"><span style=\"color: #000000;\">No olvide la importancia de una dieta variada y un estilo de vida saludable, por lo que el complemento alimenticio no sustituye una dieta equilibrada y variada. No se debe exceder la cantidad o dosis diaria recomendada. Divji jam no es adecuado para mujeres embarazadas, madres lactantes y ni\u00f1os. Tambi\u00e9n se desaconseja su uso a mujeres con enfermedades hormonales, como endometriosis, c\u00e1ncer de ovario, mama, \u00fatero, etc. Tambi\u00e9n se desaconseja su uso a hombres con c\u00e1ncer de pr\u00f3stata.<\/span><\/p>\n<h2><span style=\"color: #000000;\">Envase<\/span><\/h2>\n<p style=\"text-align: justify;\"><span style=\"color: #000000;\">Bolsa herm\u00e9tica con cremallera, donde el producto conserva toda su frescura y aroma. El envase protege del aire y la luz, ya que est\u00e1 compuesto por varias capas protectoras que conservan las propiedades del contenido.<br \/>\nEl envase es muy pr\u00e1ctico y se puede reciclar.<\/span><\/p>\n<h2><span style=\"color: #000000;\">Origen<\/span><\/h2>\n<p style=\"text-align: justify;\"><span style=\"color: #000000;\">China. Contamos con proveedores muy fiables que nos env\u00edan un an\u00e1lisis qu\u00edmico detallado del alimento para cada lote. En m\u00e1s de diez a\u00f1os, no hemos tenido ninguna devoluci\u00f3n ni ning\u00fan otro problema con este art\u00edculo, ni tampoco con otros art\u00edculos del mismo proveedor.<\/span><\/p>\n","protected":false},"excerpt":{"rendered":"<p>Se ha demostrado que equilibra los desequilibrios hormonales de progesterona y estr\u00f3geno en hombres y mujeres. En consecuencia, tambi\u00e9n puede ayudar con problemas hep\u00e1ticos, dolores menstruales, problemas metab\u00f3licos y tiroideos, colesterol y az\u00facar en sangre. La yam silvestre contiene un principio activo similar al estr\u00f3geno (fitoestr\u00f3geno) que llamamos diosgenina. Es un componente totalmente natural que puede sustituir la falta de hormonas en el cuerpo. La falta de progesterona se produce con mayor frecuencia despu\u00e9s de los 30 a\u00f1os o m\u00e1s tarde, durante la menopausia, y tambi\u00e9n puede ser la causa de una menopausia prematura.<\/p>\n<p>\ud83d\udc9a Tiene propiedades antiinflamatorias.<br \/>\n\ud83d\udc9a Para mujeres en la menopausia y para mujeres que tienen problemas con el s\u00edndrome premenstrual.<br \/>\n\ud83d\udc9a Alivia los problemas menstruales.<\/p>\n<p>&nbsp;<\/p>\n","protected":false},"featured_media":4946,"comment_status":"open","ping_status":"closed","template":"","meta":{"_acf_changed":false},"product_brand":[],"product_cat":[15,195,216],"product_tag":[],"class_list":{"0":"post-6697","1":"product","2":"type-product","3":"status-publish","4":"has-post-thumbnail","6":"product_cat-uncategorized","7":"product_cat-superalimentos","8":"product_cat-todos-los-productos","10":"first","11":"instock","12":"sale","13":"taxable","14":"shipping-taxable","15":"purchasable","16":"product-type-simple"},"acf":[],"_links":{"self":[{"href":"https:\/\/fengchashop.com\/es\/wp-json\/wp\/v2\/product\/6697","targetHints":{"allow":["GET"]}}],"collection":[{"href":"https:\/\/fengchashop.com\/es\/wp-json\/wp\/v2\/product"}],"about":[{"href":"https:\/\/fengchashop.com\/es\/wp-json\/wp\/v2\/types\/product"}],"replies":[{"embeddable":true,"href":"https:\/\/fengchashop.com\/es\/wp-json\/wp\/v2\/comments?post=6697"}],"wp:featuredmedia":[{"embeddable":true,"href":"https:\/\/fengchashop.com\/es\/wp-json\/wp\/v2\/media\/4946"}],"wp:attachment":[{"href":"https:\/\/fengchashop.com\/es\/wp-json\/wp\/v2\/media?parent=6697"}],"wp:term":[{"taxonomy":"product_brand","embeddable":true,"href":"https:\/\/fengchashop.com\/es\/wp-json\/wp\/v2\/product_brand?post=6697"},{"taxonomy":"product_cat","embeddable":true,"href":"https:\/\/fengchashop.com\/es\/wp-json\/wp\/v2\/product_cat?post=6697"},{"taxonomy":"product_tag","embeddable":true,"href":"https:\/\/fengchashop.com\/es\/wp-json\/wp\/v2\/product_tag?post=6697"}],"curies":[{"name":"wp","href":"https:\/\/api.w.org\/{rel}","templated":true}]}}