{"id":6694,"date":"2022-06-02T20:10:21","date_gmt":"2022-06-02T18:10:21","guid":{"rendered":"https:\/\/fengchashop.com\/es\/product\/bachove-kapljice-svetovanje\/"},"modified":"2026-04-03T09:19:20","modified_gmt":"2026-04-03T07:19:20","slug":"gotas-de-bach-asesoramiento","status":"publish","type":"product","link":"https:\/\/fengchashop.com\/es\/product\/gotas-de-bach-asesoramiento\/","title":{"rendered":"Gotas de Bach: asesoramiento"},"content":{"rendered":"<h2 style=\"text-align: justify;\"><span style=\"color: #000000;\">Gotas de Bach: asesoramiento personalizado<\/span><\/h2>\n<p style=\"text-align: justify;\"><span style=\"color: #000000;\">Desea controlar sus emociones, encontrar la armon\u00eda y la paz interior? Si ha respondido afirmativamente al menos una vez, la terapia con esencias florales de Bach puede ser la soluci\u00f3n adecuada para sus problemas. <\/span><\/p>\n<p style=\"text-align: justify;\"><span style=\"color: #000000;\"><strong>Env\u00edenos una breve descripci\u00f3n de los problemas que desea resolver. <\/strong><\/span><\/p>\n<p style=\"text-align: justify;\"><span style=\"color: #000000;\">El Dr. Edvard Bach, m\u00e9dico y home\u00f3pata, descubri\u00f3 en los a\u00f1os 30 del siglo pasado 38 esencias florales para distintos estados emocionales. Las gotas de Bach son eficaces contra diversas angustias emocionales del individuo. No tienen efectos secundarios y son f\u00e1ciles de usar. Ayudan en diversas crisis y situaciones dif\u00edciles de la vida.<br \/>\nSon adecuadas para todas las personas (embarazadas, ancianos, ni\u00f1os&#8230;) y animales. No tienen efectos secundarios, no se pueden sobredosificar y no causan dependencia. <\/span><\/p>\n<p style=\"text-align: justify;\"><span style=\"color: #000000;\">Los primeros resultados se pueden observar al cabo de unos d\u00edas o semanas, dependiendo de cada persona. <\/span><\/p>\n<p style=\"text-align: justify;\"><span style=\"color: #000000;\">No interfieren con otros medicamentos.<\/p>\n<p style=\"text-align: justify;\"><span style=\"color: #000000;\">Con la ayuda de las gotas de Bach, tomamos el control de nuestras emociones, encontramos la armon\u00eda y la paz interior.\u00a0Las mezclas de gotas de Bach se preparan de acuerdo con el m\u00e9todo del Dr. Bach y utilizamos <b>exclusivamente esencias originales de Bach<\/b>.<\/span><\/p>\n<h2 style=\"text-align: justify;\"><span style=\"color: #000000;\">Selecci\u00f3n de gotas<\/span><\/h2>\n<p style=\"text-align: justify;\"><span style=\"color: #000000;\">Una asesora certificada de Bach preparar\u00e1 una mezcla especial para usted seg\u00fan la descripci\u00f3n que nos env\u00ede. Por favor, introduzca la descripci\u00f3n de sus problemas y su estado emocional en el <em data-start=\"286\" data-end=\"303\">campo de comentarios<\/em> al realizar el pedido en la caja. A continuaci\u00f3n, a\u00f1ada el producto a la cesta y finalice la compra. Una vez recibido su pedido, prepararemos su mezcla personalizada.<br \/>\nLas gotas se preparan a mano y en el momento del env\u00edo.<\/p>\n<h2 style=\"text-align: justify;\"><span style=\"color: #000000;\">Uso<\/span><\/h2>\n<p style=\"text-align: justify;\"><span style=\"color: #000000;\">Las gotas de Bach se toman 4 veces al d\u00eda (por la ma\u00f1ana, al mediod\u00eda, por la tarde y por la noche) en dosis de 4 gotas. Con el gotero incluido, se pueden aplicar directamente sobre la lengua o en un vaso de agua.<\/p>\n<h2 style=\"text-align: justify;\"><span style=\"color: #000000;\">Ingredientes<\/span><\/h2>\n<p style=\"text-align: justify;\"><span style=\"color: #000000;\">Agua, co\u00f1ac (si lo desea, tambi\u00e9n podemos utilizar vinagre en lugar de alcohol), esencias florales seleccionadas de las gotas originales de Bach.<\/p>\n<h2 style=\"text-align: justify;\"><span style=\"color: #000000;\">Almacenamiento<\/span><\/h2>\n<p style=\"text-align: justify;\"><span style=\"color: #000000;\">Almacenar en un lugar seco y oscuro, a una temperatura m\u00e1xima de +25 \u00b0C.<\/span><\/p>\n<h2 style=\"text-align: justify;\"><span style=\"color: #000000;\">Cantidad<\/span><\/h2>\n<p style=\"text-align: justify;\"><span style=\"color: #000000;\">30 ml (suficiente para 30 d\u00edas de consumo regular)<\/span><\/p>\n","protected":false},"excerpt":{"rendered":"<p>Las gotas de Bach son eficaces contra diversas angustias emocionales del individuo. Ayudan en diversas crisis y situaciones dif\u00edciles de la vida. Con ellas nos calmamos y mantenemos la cabeza fr\u00eda. Act\u00faan sobre nuestro estado emocional y ayudan a armonizarlo.<\/p>\n<p>&#128154; Las gotas se envasan a mano, el mismo d\u00eda del env\u00edo.<br \/>\n&#128154; Son adecuadas para todas las personas (embarazadas, ancianos, ni\u00f1os&#8230;) y animales.<br \/>\n&#128154; No tienen efectos secundarios, no crean dependencia y no se pueden sobredosificar.<br \/>\n&#128154; Los primeros resultados se pueden observar al cabo de unos d\u00edas o semanas, dependiendo de cada persona.<br \/>\n&#128154; No interact\u00faa con otros medicamentos.<\/p>\n","protected":false},"featured_media":4915,"comment_status":"open","ping_status":"closed","template":"","meta":{"_acf_changed":false},"product_brand":[],"product_cat":[15,204,216],"product_tag":[],"class_list":{"0":"post-6694","1":"product","2":"type-product","3":"status-publish","4":"has-post-thumbnail","6":"product_cat-uncategorized","7":"product_cat-gotas-de-bach","8":"product_cat-todos-los-productos","10":"first","11":"instock","12":"sale","13":"taxable","14":"shipping-taxable","15":"purchasable","16":"product-type-simple"},"acf":[],"_links":{"self":[{"href":"https:\/\/fengchashop.com\/es\/wp-json\/wp\/v2\/product\/6694","targetHints":{"allow":["GET"]}}],"collection":[{"href":"https:\/\/fengchashop.com\/es\/wp-json\/wp\/v2\/product"}],"about":[{"href":"https:\/\/fengchashop.com\/es\/wp-json\/wp\/v2\/types\/product"}],"replies":[{"embeddable":true,"href":"https:\/\/fengchashop.com\/es\/wp-json\/wp\/v2\/comments?post=6694"}],"wp:featuredmedia":[{"embeddable":true,"href":"https:\/\/fengchashop.com\/es\/wp-json\/wp\/v2\/media\/4915"}],"wp:attachment":[{"href":"https:\/\/fengchashop.com\/es\/wp-json\/wp\/v2\/media?parent=6694"}],"wp:term":[{"taxonomy":"product_brand","embeddable":true,"href":"https:\/\/fengchashop.com\/es\/wp-json\/wp\/v2\/product_brand?post=6694"},{"taxonomy":"product_cat","embeddable":true,"href":"https:\/\/fengchashop.com\/es\/wp-json\/wp\/v2\/product_cat?post=6694"},{"taxonomy":"product_tag","embeddable":true,"href":"https:\/\/fengchashop.com\/es\/wp-json\/wp\/v2\/product_tag?post=6694"}],"curies":[{"name":"wp","href":"https:\/\/api.w.org\/{rel}","templated":true}]}}