{"id":6692,"date":"2022-06-02T20:05:30","date_gmt":"2022-06-02T18:05:30","guid":{"rendered":"https:\/\/fengchashop.com\/es\/product\/bachove-kapljice-anksioznost\/"},"modified":"2026-04-03T09:19:41","modified_gmt":"2026-04-03T07:19:41","slug":"gotas-de-bach-ansiedad","status":"publish","type":"product","link":"https:\/\/fengchashop.com\/es\/product\/gotas-de-bach-ansiedad\/","title":{"rendered":"Gotas de Bach Ansiedad"},"content":{"rendered":"<h2 style=\"text-align: justify;\"><span style=\"color: #000000;\">Gotas de Bach contra la ansiedad<\/span><\/h2>\n<p style=\"text-align: justify;\"><span style=\"color: #000000;\">La ansiedad es un estado emocional que va acompa\u00f1ado de una sensaci\u00f3n de malestar, miedo y tensi\u00f3n. Es una <strong>respuesta totalmente natural<\/strong> al peligro que nos acecha en el entorno. Esta respuesta nos permite sobrevivir en situaciones cr\u00edticas. Sin embargo, hoy en d\u00eda la ansiedad aparece cada vez con m\u00e1s frecuencia en situaciones que no suponen una amenaza. Tambi\u00e9n aparece como consecuencia del estr\u00e9s y de un estilo de vida lleno de preocupaciones. Nuestro cuerpo est\u00e1 constantemente en tensi\u00f3n. Estamos sobrecargados f\u00edsica y ps\u00edquicamente. El cuerpo nos prepara para huir o luchar con una descarga de adrenalina, pero eso no nos ayuda en absoluto en la situaci\u00f3n dada. Existen varios tipos de ansiedad, pero la mayor\u00eda de ellos pueden provocar ataques de p\u00e1nico y\/o ansiedad, que son experiencias f\u00edsicas y ps\u00edquicas extremadamente desagradables.<\/p>\n<p style=\"text-align: justify;\"><span style=\"color: #000000;\">Tiene miedo y se siente <strong>ansioso<\/strong>? No tiene confianza en s\u00ed mismo? Problemas en el trabajo? Tiene alg\u00fan trastorno relacionado con la ansiedad, alguna <strong>fobia<\/strong>? Quiere sentirse tranquilo y mejorar su energ\u00eda vital? Entonces tenemos la soluci\u00f3n para usted.<\/p>\n<p style=\"text-align: justify;\"><span style=\"color: #000000;\">Los primeros resultados se pueden observar al cabo de unos d\u00edas o semanas, dependiendo de cada persona.\u00a0La mezcla preparada ser\u00e1 suficiente para 30 d\u00edas, y se aplica f\u00e1cilmente directamente en la boca o se echa en un vaso de agua.  <\/span><\/p>\n<h2 style=\"text-align: justify;\"><span style=\"color: #000000;\">Funcionamiento de las gotas de Bach<\/span><\/h2>\n<p style=\"text-align: justify;\"><span style=\"color: #000000;\">Las gotas de Bach son eficaces contra diversas <strong>tensiones emocionales del individuo<\/strong>. <strong>La ansiedad en todas sus formas es sin duda uno de estos estados<\/strong>. Las gotas de Bach nos ayudan en diversas crisis y situaciones dif\u00edciles de la vida, en pruebas. Con ellas nos calmamos y mantenemos la cabeza fr\u00eda, ya que act\u00faan sobre nuestro estado emocional y ayudan a armonizarlo. Con la ayuda de las gotas de Bach, tomamos <strong>el control de nuestras emociones<\/strong>, creando as\u00ed armon\u00eda y encontrando nuestra paz interior.<\/p>\n<p style=\"text-align: justify;\"><span style=\"color: #000000;\">La terapia de Bach fomenta la autocuraci\u00f3n y la relajaci\u00f3n espiritual. Seg\u00fan la teor\u00eda del Dr. Bach, la causa de las enfermedades es un estado de desarmon\u00eda o falta de armon\u00eda entre el cuerpo y el alma. Con la ayuda de las esencias florales, intentamos curar la enfermedad aprovechando las <strong>propiedades positivas de las flores<\/strong>, que nos ayudan a restablecer el equilibrio en nuestro interior.<\/p>\n<p style=\"text-align: justify;\"><span style=\"color: #000000;\">Las mezclas de gotas de Bach se preparan de acuerdo con el m\u00e9todo del Dr. Bach y utilizamos <strong>exclusivamente esencias originales de Bach<\/strong>.<\/span><\/p>\n<p style=\"text-align: justify;\"><span style=\"color: #000000;\">Las gotas de Bach se toman de un frasco con una pipeta incluida, lo que hace que la dosificaci\u00f3n sea muy f\u00e1cil. Se toman 4 gotas 4 veces al d\u00eda, repartidas a lo largo del d\u00eda. El frasco que se recibe es suficiente para un mes de terapia. <\/span><\/p>\n<p style=\"text-align: justify;\"><span style=\"color: #000000;\">Cada frasco de la mezcla seleccionada <strong>se prepara a mano y al momento<\/strong>. Para que la mezcla se mantenga fresca durante m\u00e1s tiempo, utilizamos un poco de alcohol (co\u00f1ac). La mezcla tiene una vida \u00fatil de 1 mes a partir de la fecha de compra.<\/p>\n<p style=\"text-align: justify;\"><span style=\"color: #000000;\">Dado que las gotas de Bach <strong>no tienen efectos secundarios<\/strong>, no es posible sobredosificarlas y no causan dependencia. Son adecuadas para todo el mundo: mujeres embarazadas, madres lactantes, personas mayores, ni\u00f1os y animales.<\/span><\/p>\n<p style=\"text-align: justify;\"><span style=\"color: #000000;\">No interfieren con otros medicamentos. <\/span><\/p>\n<h2 style=\"text-align: justify;\"><span style=\"color: #000000;\">Uso<\/span><\/h2>\n<p style=\"text-align: justify;\"><span style=\"color: #000000;\">Las gotas de Bach se toman 4 veces al d\u00eda (por la ma\u00f1ana, al mediod\u00eda, por la tarde y por la noche) en dosis de 4 gotas. Con el gotero incluido, se pueden aplicar directamente sobre la lengua o en un vaso de agua.<\/p>\n<h2 style=\"text-align: justify;\"><span style=\"color: #000000;\">Ingredientes<\/span><\/h2>\n<p style=\"text-align: justify;\"><span style=\"color: #000000;\">Agua, co\u00f1ac (si lo desea, tambi\u00e9n podemos utilizar vinagre en lugar de alcohol), esencias florales seleccionadas de las gotas originales de Bach.<\/p>\n<h2 style=\"text-align: justify;\"><span style=\"color: #000000;\">Almacenamiento<\/span><\/h2>\n<p style=\"text-align: justify;\"><span style=\"color: #000000;\">Almacenar en un lugar seco y oscuro, a una temperatura m\u00e1xima de +25 \u00b0C.<\/span><\/p>\n<h2 style=\"text-align: justify;\"><span style=\"color: #000000;\">Cantidad<\/span><\/h2>\n<p style=\"text-align: justify;\"><span style=\"color: #000000;\">30 ml (suficiente para 30 d\u00edas de consumo regular)<\/span><\/p>\n","protected":false},"excerpt":{"rendered":"<p>Las gotas de Bach son eficaces contra diversas angustias emocionales del individuo. Ayudan en diversas crisis y situaciones dif\u00edciles de la vida. Con ellas nos calmamos y mantenemos la cabeza fr\u00eda. Act\u00faan sobre nuestro estado emocional y ayudan a armonizarlo.<\/p>\n<p>&#128154; Las gotas se envasan a mano, el mismo d\u00eda del env\u00edo.<br \/>\n&#128154; Son adecuadas para todas las personas (embarazadas, ancianos, ni\u00f1os&#8230;) y animales.<br \/>\n&#128154; No tienen efectos secundarios, no crean dependencia y no se pueden sobredosificar.<br \/>\n&#128154; Los primeros resultados se pueden observar al cabo de unos d\u00edas o semanas, dependiendo de cada persona.<br \/>\n&#128154; No interact\u00faa con otros medicamentos.<\/p>\n","protected":false},"featured_media":4915,"comment_status":"open","ping_status":"closed","template":"","meta":{"_acf_changed":false},"product_brand":[],"product_cat":[15,204,216],"product_tag":[],"class_list":{"0":"post-6692","1":"product","2":"type-product","3":"status-publish","4":"has-post-thumbnail","6":"product_cat-uncategorized","7":"product_cat-gotas-de-bach","8":"product_cat-todos-los-productos","10":"first","11":"instock","12":"sale","13":"taxable","14":"shipping-taxable","15":"purchasable","16":"product-type-simple"},"acf":[],"_links":{"self":[{"href":"https:\/\/fengchashop.com\/es\/wp-json\/wp\/v2\/product\/6692","targetHints":{"allow":["GET"]}}],"collection":[{"href":"https:\/\/fengchashop.com\/es\/wp-json\/wp\/v2\/product"}],"about":[{"href":"https:\/\/fengchashop.com\/es\/wp-json\/wp\/v2\/types\/product"}],"replies":[{"embeddable":true,"href":"https:\/\/fengchashop.com\/es\/wp-json\/wp\/v2\/comments?post=6692"}],"wp:featuredmedia":[{"embeddable":true,"href":"https:\/\/fengchashop.com\/es\/wp-json\/wp\/v2\/media\/4915"}],"wp:attachment":[{"href":"https:\/\/fengchashop.com\/es\/wp-json\/wp\/v2\/media?parent=6692"}],"wp:term":[{"taxonomy":"product_brand","embeddable":true,"href":"https:\/\/fengchashop.com\/es\/wp-json\/wp\/v2\/product_brand?post=6692"},{"taxonomy":"product_cat","embeddable":true,"href":"https:\/\/fengchashop.com\/es\/wp-json\/wp\/v2\/product_cat?post=6692"},{"taxonomy":"product_tag","embeddable":true,"href":"https:\/\/fengchashop.com\/es\/wp-json\/wp\/v2\/product_tag?post=6692"}],"curies":[{"name":"wp","href":"https:\/\/api.w.org\/{rel}","templated":true}]}}