{"id":6687,"date":"2022-06-02T19:44:19","date_gmt":"2022-06-02T17:44:19","guid":{"rendered":"https:\/\/fengchashop.com\/es\/product\/bachove-kapljice-nespecnost\/"},"modified":"2026-04-03T09:39:38","modified_gmt":"2026-04-03T07:39:38","slug":"gotas-de-bach-para-el-insomnio","status":"publish","type":"product","link":"https:\/\/fengchashop.com\/es\/product\/gotas-de-bach-para-el-insomnio\/","title":{"rendered":"Gotas de Bach para el insomnio"},"content":{"rendered":"<h2 style=\"text-align: justify;\"><span style=\"color: #000000;\">Gotas de Bach contra el insomnio<\/span><\/h2>\n<p style=\"text-align: justify;\"><span style=\"color: #000000;\">La insomnio es un trastorno del sue\u00f1o que se produce cuando, durante un periodo prolongado, no podemos conciliar el sue\u00f1o por la noche y dormir pl\u00e1cidamente para satisfacer nuestras necesidades b\u00e1sicas de descanso. <b>El insomnio cr\u00f3nico puede afectar a la calidad de vida<\/b>. Tambi\u00e9n puede afectar a nuestra salud mental y f\u00edsica. Por eso es muy importante que nos ayudemos a dormir mejor. Solo as\u00ed podremos sentirnos tranquilos y mejorar nuestra energ\u00eda vital. Las gotas de Bach pueden ayudarnos en esto. Tenemos la soluci\u00f3n adecuada para usted.<br \/>\nLos primeros resultados se pueden observar al cabo de unos d\u00edas o semanas, dependiendo de cada persona. La mezcla preparada ser\u00e1 suficiente para 30 d\u00edas, y se aplica f\u00e1cilmente directamente en la boca o se echa en un vaso de agua.   <\/span><\/p>\n<p style=\"text-align: justify;\"><span style=\"color: #000000;\">La terapia con gotas de Bach nos permitir\u00e1 dormir mejor, lo que nos ayudar\u00e1 a:<\/span><\/p>\n<ul>\n<li><span style=\"color: #000000;\"><em>nos dormiremos m\u00e1s f\u00e1cilmente y dormiremos m\u00e1s tranquilos,<\/em><\/span><\/li>\n<li><span style=\"color: #000000;\"><em>mejorar nuestro estado f\u00edsico y mental gracias al descanso nocturno,<\/em><\/span><\/li>\n<li><span style=\"color: #000000;\"><em>afrontar m\u00e1s f\u00e1cilmente los retos diarios,<\/em><\/span><\/li>\n<li><span style=\"color: #000000;\"><em>mejorar la concentraci\u00f3n en el trabajo,<\/em><\/span><\/li>\n<li><span style=\"color: #000000;\"><em>evitar que el insomnio se convierta en un estado cr\u00f3nico.<\/em><\/span><\/li>\n<\/ul>\n<h2 style=\"text-align: justify;\"><span style=\"color: #000000;\">Funcionamiento de las gotas de Bach<\/span><\/h2>\n<p style=\"text-align: justify;\"><span style=\"color: #000000;\">Las gotas de Bach son eficaces contra diversas <strong>tensiones emocionales del individuo, a las que tambi\u00e9n puede conducir el insomnio<\/strong>. Las gotas de Bach nos ayudan tambi\u00e9n en diversas crisis y situaciones dif\u00edciles de la vida, en momentos de prueba. Con ellas nos calmamos y mantenemos la cabeza fr\u00eda, ya que act\u00faan sobre nuestro estado emocional y nos ayudan a armonizarlo. Con la ayuda de las gotas de Bach, tomamos <b>el control de nuestras emociones<\/b>, lo que nos permite crear armon\u00eda y encontrar nuestra paz interior.<br \/>\nLa terapia de Bach fomenta la autocuraci\u00f3n y la relajaci\u00f3n espiritual. Seg\u00fan la teor\u00eda del Dr. Bach, la causa de las enfermedades es un estado de desarmon\u00eda o falta de armon\u00eda entre el cuerpo y el alma. Con la ayuda de las esencias florales, intentamos curar la enfermedad aprovechando las <b>propiedades positivas de las flores<\/b>, que nos ayudan a restablecer el equilibrio en nuestro interior.<\/p>\n<p style=\"text-align: justify;\"><span style=\"color: #000000;\">Las mezclas de gotas de Bach se preparan de acuerdo con el m\u00e9todo del Dr. Bach y utilizamos <b>exclusivamente esencias originales de Bach<\/b>.<\/span><\/p>\n<p style=\"text-align: justify;\"><span style=\"color: #000000;\">Las gotas de Bach se toman de un frasco con una pipeta incluida, lo que hace que la dosificaci\u00f3n sea muy f\u00e1cil. Se toman 4 gotas 4 veces al d\u00eda, repartidas a lo largo del d\u00eda. El frasco que se recibe es suficiente para un mes de terapia. <\/span><\/p>\n<p style=\"text-align: justify;\"><span style=\"color: #000000;\">Cada frasco<b> <\/b>de la mezcla seleccionada <b>se prepara a mano y al momento<\/b>. Para que la mezcla se mantenga fresca durante m\u00e1s tiempo, utilizamos un poco de alcohol (co\u00f1ac). La mezcla tiene una vida \u00fatil de 1 mes a partir de la fecha de compra.<\/p>\n<p style=\"text-align: justify;\"><span style=\"color: #000000;\">Dado que las gotas de Bach <strong>no tienen<\/strong> <b>efectos secundarios<\/b>, no es posible sobredosificarlas y no causan dependencia. Son adecuadas para todo el mundo: mujeres embarazadas, madres lactantes, personas mayores, ni\u00f1os y animales.<br \/>\nNo interfieren con otros medicamentos.<\/p>\n<h2 style=\"text-align: justify;\"><span style=\"color: #000000;\">Uso<\/span><\/h2>\n<p style=\"text-align: justify;\"><span style=\"color: #000000;\">Las gotas de Bach se toman 4 veces al d\u00eda (por la ma\u00f1ana, al mediod\u00eda, por la tarde y por la noche) en dosis de 4 gotas. Con el gotero incluido, se pueden aplicar directamente sobre la lengua o en un vaso de agua.<\/p>\n<h2 style=\"text-align: justify;\"><span style=\"color: #000000;\">Ingredientes<\/span><\/h2>\n<p style=\"text-align: justify;\"><span style=\"color: #000000;\">Agua, co\u00f1ac (si lo desea, tambi\u00e9n podemos utilizar vinagre en lugar de alcohol), esencias florales seleccionadas de las gotas originales de Bach.<\/p>\n<h2 style=\"text-align: justify;\"><span style=\"color: #000000;\">Almacenamiento<\/span><\/h2>\n<p style=\"text-align: justify;\"><span style=\"color: #000000;\">Almacenar en un lugar seco y oscuro, a una temperatura m\u00e1xima de +25 \u00b0C.<\/span><\/p>\n<h2 style=\"text-align: justify;\"><span style=\"color: #000000;\">Cantidad<\/span><\/h2>\n<p style=\"text-align: justify;\"><span style=\"color: #000000;\">30 ml (suficiente para 30 d\u00edas de uso regular)<\/span><\/p>\n","protected":false},"excerpt":{"rendered":"<p>Las gotas de Bach son eficaces contra diversas angustias emocionales del individuo. Ayudan en diversas crisis y situaciones dif\u00edciles de la vida. Con ellas nos calmamos y mantenemos la cabeza fr\u00eda. Act\u00faan sobre nuestro estado emocional y ayudan a armonizarlo.<\/p>\n<p>&#128154; Las gotas se envasan a mano, el mismo d\u00eda del env\u00edo.<br \/>\n&#128154; Son adecuadas para todas las personas (embarazadas, ancianos, ni\u00f1os&#8230;) y animales.<br \/>\n&#128154; No tienen efectos secundarios, no crean dependencia y no se pueden sobredosificar.<br \/>\n&#128154; Los primeros resultados se pueden observar al cabo de unos d\u00edas o semanas, dependiendo de cada persona.<br \/>\n&#128154; No interact\u00faa con otros medicamentos.<\/p>\n","protected":false},"featured_media":4915,"comment_status":"open","ping_status":"closed","template":"","meta":{"_acf_changed":false},"product_brand":[],"product_cat":[15,204,216],"product_tag":[],"class_list":{"0":"post-6687","1":"product","2":"type-product","3":"status-publish","4":"has-post-thumbnail","6":"product_cat-uncategorized","7":"product_cat-gotas-de-bach","8":"product_cat-todos-los-productos","10":"first","11":"instock","12":"sale","13":"taxable","14":"shipping-taxable","15":"purchasable","16":"product-type-simple"},"acf":[],"_links":{"self":[{"href":"https:\/\/fengchashop.com\/es\/wp-json\/wp\/v2\/product\/6687","targetHints":{"allow":["GET"]}}],"collection":[{"href":"https:\/\/fengchashop.com\/es\/wp-json\/wp\/v2\/product"}],"about":[{"href":"https:\/\/fengchashop.com\/es\/wp-json\/wp\/v2\/types\/product"}],"replies":[{"embeddable":true,"href":"https:\/\/fengchashop.com\/es\/wp-json\/wp\/v2\/comments?post=6687"}],"wp:featuredmedia":[{"embeddable":true,"href":"https:\/\/fengchashop.com\/es\/wp-json\/wp\/v2\/media\/4915"}],"wp:attachment":[{"href":"https:\/\/fengchashop.com\/es\/wp-json\/wp\/v2\/media?parent=6687"}],"wp:term":[{"taxonomy":"product_brand","embeddable":true,"href":"https:\/\/fengchashop.com\/es\/wp-json\/wp\/v2\/product_brand?post=6687"},{"taxonomy":"product_cat","embeddable":true,"href":"https:\/\/fengchashop.com\/es\/wp-json\/wp\/v2\/product_cat?post=6687"},{"taxonomy":"product_tag","embeddable":true,"href":"https:\/\/fengchashop.com\/es\/wp-json\/wp\/v2\/product_tag?post=6687"}],"curies":[{"name":"wp","href":"https:\/\/api.w.org\/{rel}","templated":true}]}}