{"id":6686,"date":"2022-06-02T19:25:06","date_gmt":"2022-06-02T17:25:06","guid":{"rendered":"https:\/\/fengchashop.com\/es\/product\/bachove-kapljice-prva-pomoc-za-zivali\/"},"modified":"2026-04-03T09:39:51","modified_gmt":"2026-04-03T07:39:51","slug":"gotas-de-bach-primeros-auxilios-para-animales","status":"publish","type":"product","link":"https:\/\/fengchashop.com\/es\/product\/gotas-de-bach-primeros-auxilios-para-animales\/","title":{"rendered":"Gotas de Bach Primeros auxilios para animales"},"content":{"rendered":"<h2 style=\"text-align: justify;\"><span style=\"color: #000000;\">Las gotas de Bach, primeros auxilios para animales<\/span><\/h2>\n<p style=\"text-align: justify;\"><span style=\"color: #000000;\">Muchas mascotas tienen dificultades para afrontar situaciones que, en realidad, son totalmente normales, ya sea por una u otra raz\u00f3n. Ya sea una visita al veterinario, ansiedad por separaci\u00f3n, petardos o simplemente el aseo y el cuidado. El problema puede agravarse con el tiempo. Para que no se vuelva incontrolable y abrumador para el animal y el propietario, las esencias florales de Bach son un verdadero primer auxilio en cualquier situaci\u00f3n de este tipo. Con la ayuda de las gotas de Bach, <strong>reducir\u00e1s la tensi\u00f3n, el estr\u00e9s y la ansiedad de tu mascota y controlar\u00e1s mejor su comportamiento<\/strong>.<\/span><\/p>\n<p style=\"text-align: justify;\"><span style=\"color: #000000;\">Tras consultar con el propietario o cuidador del animal, el terapeuta de Bach preparar\u00e1 una <b>mezcla especial<\/b> de esencias florales. Es decir, una mezcla fresca <strong>para primeros auxilios<\/strong> (remedio de rescate, tambi\u00e9n conocido como rescue remedy). La mezcla dura un mes y no contiene conservantes. En situaciones de crisis, las gotas de Bach deben <strong>aplicarse en la lengua <\/strong><strong>o<\/strong><strong> la nariz<\/strong> del animal.<\/p>\n<h2 style=\"text-align: justify;\"><span style=\"color: #000000;\">Funcionamiento de las gotas de Bach<\/span><\/h2>\n<p style=\"text-align: justify;\"><span style=\"color: #000000;\">Las gotas de Bach son eficaces contra diversas <strong>tensiones emocionales de los animales<\/strong>. Tambi\u00e9n ayudan en diversas crisis y situaciones dif\u00edciles de la vida, como enfermedades y enfrentamientos con nuevos entornos o nuevos propietarios. Con ellas, el animal se calma. Las gotas act\u00faan sobre el estado emocional del animal y ayudan a armonizarlo.<\/p>\n<p style=\"text-align: justify;\"><span style=\"color: #000000;\">Los primeros auxilios para animales <strong>son eficaces si el animal:<\/strong><\/span><\/p>\n<ul>\n<li><span style=\"color: #000000;\"><em>est\u00e1 en p\u00e1nico o ansiedad,<\/em><\/span><\/li>\n<li><span style=\"color: #000000;\"><em>est\u00e1 repentinamente preocupada,<\/em><\/span><\/li>\n<li><span style=\"color: #000000;\"><em>se enfrenta a una situaci\u00f3n estresante (ruido, tormenta, estallidos, fuegos artificiales&#8230;) o<\/em><\/span><\/li>\n<li><span style=\"color: #000000;\"><em>ha tenido una experiencia traum\u00e1tica (mudanza, agresi\u00f3n, visita al veterinario&#8230;).<\/em> <\/span><\/li>\n<\/ul>\n<p style=\"text-align: justify;\"><span style=\"color: #000000;\">Las mezclas de gotas de Bach se preparan seg\u00fan el m\u00e9todo del Dr. Bach y utilizamos<b> exclusivamente esencias originales de Bach<\/b>. Las gotas de Bach se toman de la botella con la pipeta incluida, lo que hace que la dosificaci\u00f3n sea muy f\u00e1cil. Son adecuadas para todos los animales (perros, gatos, caballos, p\u00e1jaros, conejos&#8230;). No tienen <strong>efectos secundarios<\/strong> y no se pueden sobredosificar. <\/span><\/p>\n<p style=\"text-align: justify;\"><span style=\"color: #000000;\">Cada frasco<b> <\/b>de la mezcla seleccionada <b>se prepara a mano y al momento<\/b>.<\/span><\/p>\n<h2 style=\"text-align: justify;\"><span style=\"color: #000000;\">Uso<\/span><\/h2>\n<p style=\"text-align: justify;\"><span style=\"color: #000000;\">Las gotas de Bach se administran al animal en situaciones de crisis, concretamente 4 gotas directamente en la lengua o la nariz del animal. Si el animal se encuentra bien y bebe, se pueden mezclar 2 gotas en el agua o la comida. Repita cada 5 o 10 minutos hasta que el animal se calme.<\/p>\n<h2 style=\"text-align: justify;\"><span style=\"color: #000000;\">Ingredientes<\/span><\/h2>\n<p style=\"text-align: justify;\"><span style=\"color: #000000;\">Agua, esencias florales seleccionadas de las gotas originales de Bach.<\/p>\n<h2 style=\"text-align: justify;\"><span style=\"color: #000000;\">Almacenamiento<\/span><\/h2>\n<p style=\"text-align: justify;\"><span style=\"color: #000000;\">Almacenar en un lugar seco y oscuro, a una temperatura m\u00e1xima de +25 \u00b0C.<\/span><\/p>\n<h2 style=\"text-align: justify;\"><span style=\"color: #000000;\">Cantidad<\/span><\/h2>\n<p style=\"text-align: justify;\"><span style=\"color: #000000;\">30 ml<\/span><\/p>\n","protected":false},"excerpt":{"rendered":"<p>Las gotas de Bach son eficaces contra diversas angustias emocionales del individuo. Ayudan en diversas crisis y situaciones dif\u00edciles de la vida. Con ellas nos calmamos y mantenemos la cabeza fr\u00eda. Act\u00faan sobre nuestro estado emocional y ayudan a armonizarlo.<\/p>\n<p>&#128154; Las gotas se envasan a mano, el mismo d\u00eda del env\u00edo.<br \/>\n&#128154; Son adecuadas para todas las personas (embarazadas, ancianos, ni\u00f1os&#8230;) y animales.<br \/>\n&#128154; No tienen efectos secundarios, no crean dependencia y no se pueden sobredosificar.<br \/>\n&#128154; Los primeros resultados se pueden observar al cabo de unos d\u00edas o semanas, dependiendo de cada persona.<br \/>\n&#128154; No interact\u00faa con otros medicamentos.<\/p>\n","protected":false},"featured_media":4915,"comment_status":"open","ping_status":"closed","template":"","meta":{"_acf_changed":false},"product_brand":[],"product_cat":[15,204,216],"product_tag":[],"class_list":{"0":"post-6686","1":"product","2":"type-product","3":"status-publish","4":"has-post-thumbnail","6":"product_cat-uncategorized","7":"product_cat-gotas-de-bach","8":"product_cat-todos-los-productos","10":"first","11":"instock","12":"sale","13":"taxable","14":"shipping-taxable","15":"purchasable","16":"product-type-simple"},"acf":[],"_links":{"self":[{"href":"https:\/\/fengchashop.com\/es\/wp-json\/wp\/v2\/product\/6686","targetHints":{"allow":["GET"]}}],"collection":[{"href":"https:\/\/fengchashop.com\/es\/wp-json\/wp\/v2\/product"}],"about":[{"href":"https:\/\/fengchashop.com\/es\/wp-json\/wp\/v2\/types\/product"}],"replies":[{"embeddable":true,"href":"https:\/\/fengchashop.com\/es\/wp-json\/wp\/v2\/comments?post=6686"}],"wp:featuredmedia":[{"embeddable":true,"href":"https:\/\/fengchashop.com\/es\/wp-json\/wp\/v2\/media\/4915"}],"wp:attachment":[{"href":"https:\/\/fengchashop.com\/es\/wp-json\/wp\/v2\/media?parent=6686"}],"wp:term":[{"taxonomy":"product_brand","embeddable":true,"href":"https:\/\/fengchashop.com\/es\/wp-json\/wp\/v2\/product_brand?post=6686"},{"taxonomy":"product_cat","embeddable":true,"href":"https:\/\/fengchashop.com\/es\/wp-json\/wp\/v2\/product_cat?post=6686"},{"taxonomy":"product_tag","embeddable":true,"href":"https:\/\/fengchashop.com\/es\/wp-json\/wp\/v2\/product_tag?post=6686"}],"curies":[{"name":"wp","href":"https:\/\/api.w.org\/{rel}","templated":true}]}}