{"id":6685,"date":"2022-06-02T19:15:02","date_gmt":"2022-06-02T17:15:02","guid":{"rendered":"https:\/\/fengchashop.com\/es\/product\/bachove-kapljice-samozavest\/"},"modified":"2026-04-03T09:40:06","modified_gmt":"2026-04-03T07:40:06","slug":"gotas-de-bach-para-la-confianza-en-uno-mismo","status":"publish","type":"product","link":"https:\/\/fengchashop.com\/es\/product\/gotas-de-bach-para-la-confianza-en-uno-mismo\/","title":{"rendered":"Gotas de Bach para la confianza en uno mismo"},"content":{"rendered":"<h2 style=\"text-align: justify;\"><span style=\"color: #000000;\">Gotas de Bach para la confianza en uno mismo<\/span><\/h2>\n<p style=\"text-align: justify;\"><span style=\"color: #000000;\">La confianza en uno mismo puede definirse como la opini\u00f3n que una persona tiene de s\u00ed misma. La confianza en uno mismo se construye ya en la infancia, y el entorno tambi\u00e9n tiene una gran influencia en ella. Una confianza en uno mismo sana es una imagen real de uno mismo y la conciencia de las propias ventajas y desventajas reales. Una persona con una confianza en s\u00ed misma sana se enfrenta m\u00e1s f\u00e1cilmente al estr\u00e9s, a las pruebas y a los retos diarios, y se acepta tal y como es. La falta de confianza en uno mismo tambi\u00e9n puede tener consecuencias psicol\u00f3gicas. Nos volvemos m\u00e1s susceptibles a las situaciones estresantes. En el trabajo, la escuela o la sociedad, nos volvemos cada vez menos seguros, satisfechos, felices, exitosos&#8230;<\/span><\/p>\n<p style=\"text-align: justify;\"><span style=\"color: #000000;\">Pero no se preocupe, con un poco de esfuerzo, ejercicios y la terapia adecuada, podemos <b>recuperar o reconstruir nuestra confianza en cualquier momento de la vida<\/b>. Una de las terapias que puede ayudarte es nuestra terapia con esencias florales de Bach.<br \/>\nLos primeros resultados se pueden observar al cabo de unos d\u00edas o semanas, dependiendo de cada persona.\u00a0La mezcla preparada ser\u00e1 suficiente para 30 d\u00edas, y se aplica f\u00e1cilmente directamente en la boca o se echa en un vaso de agua. Esta mezcla, preparada especialmente para personas con baja autoestima, le ayudar\u00e1 a:<\/span><\/p>\n<ul style=\"text-align: justify;\">\n<li><span style=\"color: #000000;\"><em>aumentar la autoestima,<\/em><\/span><\/li>\n<li><span style=\"color: #000000;\"><em>evitar los ataques de ansiedad y p\u00e1nico, que a menudo est\u00e1n relacionados con la baja autoestima,<\/em><\/span><\/li>\n<li><span style=\"color: #000000;\"><em>calmar los pensamientos y las ideas descabelladas,<\/em><\/span><\/li>\n<li><span style=\"color: #000000;\"><em>ganar confianza en uno mismo y evitar la autocr\u00edtica excesiva,<\/em><\/span><\/li>\n<li><span style=\"color: #000000;\"><em>superar el miedo a los cambios, que tambi\u00e9n pueden traer muchas cosas buenas.<\/em><\/span><\/li>\n<\/ul>\n<h2 style=\"text-align: justify;\"><span style=\"color: #000000;\">El funcionamiento de las gotas de Bach<\/span><\/h2>\n<p style=\"text-align: justify;\"><span style=\"color: #000000;\">Las gotas de Bach son eficaces contra diversas <strong>dificultades emocionales del individuo, como la falta de confianza en s\u00ed mismo o incluso la baja autoestima<\/strong><strong>. <\/strong>Las gotas de Bach nos ayudan en diversas crisis y situaciones dif\u00edciles de la vida, en pruebas. Con ellas nos calmamos y mantenemos la cabeza fr\u00eda, ya que act\u00faan sobre nuestro estado emocional y ayudan a armonizarlo. Con la ayuda de las gotas de Bach, tomamos <strong>el control de nuestras emociones, <\/strong>lo que nos permite crear armon\u00eda y encontrar nuestra paz interior.<\/p>\n<p style=\"text-align: justify;\"><span style=\"color: #000000;\">La terapia de Bach fomenta la autocuraci\u00f3n y la relajaci\u00f3n espiritual. Seg\u00fan la teor\u00eda del Dr. Bach, la causa de las enfermedades es un estado de desarmon\u00eda o falta de armon\u00eda entre el cuerpo y el alma. Con la ayuda de las esencias florales, intentamos curar la enfermedad aprovechando las <b>propiedades positivas de las flores<\/b>, que nos ayudan a restablecer el equilibrio en nuestro interior.<\/p>\n<p style=\"text-align: justify;\"><span style=\"color: #000000;\">Las mezclas de gotas de Bach se preparan de acuerdo con el m\u00e9todo del Dr. Bach y utilizamos <b>exclusivamente esencias originales de Bach<\/b>.<\/span><\/p>\n<p style=\"text-align: justify;\"><span style=\"color: #000000;\">Las gotas de Bach se toman de un frasco con una pipeta incluida, lo que hace que la dosificaci\u00f3n sea muy f\u00e1cil. Se toman 4 gotas 4 veces al d\u00eda, repartidas a lo largo del d\u00eda. El frasco que se recibe es suficiente para un mes de terapia. <\/span><\/p>\n<p style=\"text-align: justify;\"><span style=\"color: #000000;\">Cada frasco<b> <\/b>de la mezcla seleccionada <b>se prepara a mano y al momento<\/b>. Para que la mezcla se mantenga fresca durante m\u00e1s tiempo, utilizamos un poco de alcohol (co\u00f1ac). La mezcla tiene una vida \u00fatil de 1 mes a partir de la fecha de compra.<\/p>\n<p style=\"text-align: justify;\"><span style=\"color: #000000;\">Dado que las gotas de Bach <strong>no tienen <\/strong><b>efectos secundarios<\/b>, no crean dependencia y no se puede sufrir una sobredosis. Son adecuadas para todo el mundo: mujeres embarazadas, madres lactantes, personas mayores, ni\u00f1os y animales.<br \/>\nNo interfieren con otros medicamentos.<\/p>\n<h2 style=\"text-align: justify;\"><span style=\"color: #000000;\">Uso<\/span><\/h2>\n<p style=\"text-align: justify;\"><span style=\"color: #000000;\">Las gotas de Bach se toman 4 veces al d\u00eda (por la ma\u00f1ana, al mediod\u00eda, por la tarde y por la noche) en dosis de 4 gotas. Con el gotero incluido, se pueden aplicar directamente sobre la lengua o en un vaso de agua.<\/p>\n<h2 style=\"text-align: justify;\"><span style=\"color: #000000;\">Ingredientes<\/span><\/h2>\n<p style=\"text-align: justify;\"><span style=\"color: #000000;\">Agua, co\u00f1ac (si lo desea, tambi\u00e9n podemos utilizar vinagre en lugar de alcohol), esencias florales seleccionadas de las gotas originales de Bach.<\/p>\n<h2 style=\"text-align: justify;\"><span style=\"color: #000000;\">Almacenamiento<\/span><\/h2>\n<p style=\"text-align: justify;\"><span style=\"color: #000000;\">Almacenar en un lugar seco y oscuro, a una temperatura m\u00e1xima de +25 \u00b0C.<\/span><\/p>\n<h2 style=\"text-align: justify;\"><span style=\"color: #000000;\">Cantidad<\/span><\/h2>\n<p style=\"text-align: justify;\"><span style=\"color: #000000;\">30 ml (suficiente para 30 d\u00edas de uso regular)<\/span><\/p>\n","protected":false},"excerpt":{"rendered":"<p>Las gotas de Bach son eficaces contra diversas angustias emocionales del individuo. Ayudan en diversas crisis y situaciones dif\u00edciles de la vida. Con ellas nos calmamos y mantenemos la cabeza fr\u00eda. Act\u00faan sobre nuestro estado emocional y ayudan a armonizarlo.<\/p>\n<p>&#128154; Las gotas se envasan a mano, el mismo d\u00eda del env\u00edo.<br \/>\n&#128154; Son adecuadas para todas las personas (embarazadas, ancianos, ni\u00f1os&#8230;) y animales.<br \/>\n&#128154; No tienen efectos secundarios, no crean dependencia y no se pueden sobredosificar.<br \/>\n&#128154; Los primeros resultados se pueden observar al cabo de unos d\u00edas o semanas, dependiendo de cada persona.<br \/>\n&#128154; No interact\u00faa con otros medicamentos.<\/p>\n","protected":false},"featured_media":4915,"comment_status":"open","ping_status":"closed","template":"","meta":{"_acf_changed":false},"product_brand":[],"product_cat":[15,204,216],"product_tag":[],"class_list":{"0":"post-6685","1":"product","2":"type-product","3":"status-publish","4":"has-post-thumbnail","6":"product_cat-uncategorized","7":"product_cat-gotas-de-bach","8":"product_cat-todos-los-productos","10":"first","11":"instock","12":"sale","13":"taxable","14":"shipping-taxable","15":"purchasable","16":"product-type-simple"},"acf":[],"_links":{"self":[{"href":"https:\/\/fengchashop.com\/es\/wp-json\/wp\/v2\/product\/6685","targetHints":{"allow":["GET"]}}],"collection":[{"href":"https:\/\/fengchashop.com\/es\/wp-json\/wp\/v2\/product"}],"about":[{"href":"https:\/\/fengchashop.com\/es\/wp-json\/wp\/v2\/types\/product"}],"replies":[{"embeddable":true,"href":"https:\/\/fengchashop.com\/es\/wp-json\/wp\/v2\/comments?post=6685"}],"wp:featuredmedia":[{"embeddable":true,"href":"https:\/\/fengchashop.com\/es\/wp-json\/wp\/v2\/media\/4915"}],"wp:attachment":[{"href":"https:\/\/fengchashop.com\/es\/wp-json\/wp\/v2\/media?parent=6685"}],"wp:term":[{"taxonomy":"product_brand","embeddable":true,"href":"https:\/\/fengchashop.com\/es\/wp-json\/wp\/v2\/product_brand?post=6685"},{"taxonomy":"product_cat","embeddable":true,"href":"https:\/\/fengchashop.com\/es\/wp-json\/wp\/v2\/product_cat?post=6685"},{"taxonomy":"product_tag","embeddable":true,"href":"https:\/\/fengchashop.com\/es\/wp-json\/wp\/v2\/product_tag?post=6685"}],"curies":[{"name":"wp","href":"https:\/\/api.w.org\/{rel}","templated":true}]}}