{"id":6684,"date":"2022-06-02T19:12:03","date_gmt":"2022-06-02T17:12:03","guid":{"rendered":"https:\/\/fengchashop.com\/es\/product\/bachove-kapljice-libido\/"},"modified":"2026-04-03T09:40:14","modified_gmt":"2026-04-03T07:40:14","slug":"gotas-de-bach-libido","status":"publish","type":"product","link":"https:\/\/fengchashop.com\/es\/product\/gotas-de-bach-libido\/","title":{"rendered":"Gotas de Bach Libido"},"content":{"rendered":"<h2 style=\"text-align: justify;\"><span style=\"color: #000000;\">Gotas de Bach para aumentar la libido<\/span><\/h2>\n<p style=\"text-align: justify;\"><span style=\"color: #000000;\">La libido es el deseo sexual, que es el resultado totalmente normal de procesos psicol\u00f3gicos. En muchos aspectos, es importante para nosotros y para nuestra vida de pareja. Sin embargo, el ritmo que dicta la vida actual mata con demasiada frecuencia nuestro instinto sexual natural. Si a esto le sumamos el estr\u00e9s, los problemas de pareja, la falta de autoestima y (ciertos) medicamentos, tenemos la receta perfecta para una libido cada vez m\u00e1s d\u00e9bil. Sin embargo, no tiene por qu\u00e9 ser as\u00ed. Le interesa saber c\u00f3mo <strong>aumentar su libido<\/strong> y <strong>su energ\u00eda vital<\/strong>? Entonces tenemos la soluci\u00f3n perfecta para usted.<\/p>\n<p style=\"text-align: justify;\"><span style=\"color: #000000;\">Los primeros resultados se pueden observar al cabo de unos d\u00edas o semanas, dependiendo de cada persona.\u00a0La mezcla preparada te durar\u00e1 30 d\u00edas y se aplica f\u00e1cilmente directamente en la boca o a\u00f1adi\u00e9ndola a un vaso de agua. Esta mezcla especial te proporcionar\u00e1:<\/span><\/p>\n<ul style=\"text-align: justify;\">\n<li><span style=\"color: #000000;\"><em>estimular la libido y el deseo sexual,<\/em><\/span><\/li>\n<li><span style=\"color: #000000;\"><em>superar la ansiedad y el miedo, que a menudo son la causa de una libido baja,<\/em><\/span><\/li>\n<li><span style=\"color: #000000;\"><em>aumentar la autoestima y la imagen positiva de uno mismo,<\/em><\/span><\/li>\n<li><span style=\"color: #000000;\"><em>eliminar el sentimiento de culpa.<\/em><\/span><\/li>\n<\/ul>\n<h2 style=\"text-align: justify;\"><span style=\"color: #000000;\">Funcionamiento de las gotas de Bach<\/span><\/h2>\n<p style=\"text-align: justify;\"><span style=\"color: #000000;\">Las gotas de Bach son eficaces contra diversas <strong>tensiones emocionales del individuo, como la falta de libido<\/strong><strong>. <\/strong>Las gotas de Bach tambi\u00e9n nos ayudan en diversas crisis y situaciones dif\u00edciles de la vida. Nos ayudan a calmarnos y a mantener la cabeza fr\u00eda, ya que act\u00faan sobre nuestro estado emocional y nos ayudan a armonizarlo. Con la ayuda de las gotas de Bach, tomamos <strong>el control de nuestras emociones<\/strong>, creando as\u00ed armon\u00eda y encontrando nuestra paz interior.<br \/>\nLa terapia de Bach fomenta la autocuraci\u00f3n y la relajaci\u00f3n espiritual. Seg\u00fan la teor\u00eda del Dr. Bach, la causa de las enfermedades es un estado de desarmon\u00eda o falta de armon\u00eda entre el cuerpo y el alma. Con la ayuda de las esencias florales, intentamos curar la enfermedad aprovechando las <strong>propiedades positivas de las flores<\/strong>, que nos ayudan a restablecer el equilibrio en nuestro interior.<\/p>\n<p style=\"text-align: justify;\"><span style=\"color: #000000;\">Las mezclas de gotas de Bach se preparan de acuerdo con el m\u00e9todo del Dr. Bach y utilizamos <b>exclusivamente esencias originales de Bach<\/b>.<\/span><\/p>\n<p style=\"text-align: justify;\"><span style=\"color: #000000;\">Las gotas de Bach se toman de un frasco con una pipeta incluida, lo que hace que la dosificaci\u00f3n sea muy f\u00e1cil. Se toman 4 gotas 4 veces al d\u00eda, repartidas a lo largo del d\u00eda. El frasco que se recibe es suficiente para un mes de terapia.<\/p>\n<p style=\"text-align: justify;\"><span style=\"color: #000000;\">Cada frasco<b> <\/b>de la mezcla seleccionada <b>se prepara a mano y al momento<\/b>. Para que la mezcla se mantenga fresca durante m\u00e1s tiempo, se utiliza un poco de alcohol (co\u00f1ac). La mezcla tiene una vida \u00fatil de un mes a partir de la fecha de compra.<\/p>\n<p style=\"text-align: justify;\"><span style=\"color: #000000;\">Dado que las gotas de Bach <strong>no tienen<\/strong> <b>efectos secundarios<\/b>, no es posible sobredosificarlas y no causan dependencia. Son adecuadas para todo el mundo: mujeres embarazadas, madres lactantes, personas mayores, ni\u00f1os y animales.<br \/>\nNo interfieren con otros medicamentos.<\/p>\n<h2 style=\"text-align: justify;\"><span style=\"color: #000000;\">Uso<\/span><\/h2>\n<p style=\"text-align: justify;\"><span style=\"color: #000000;\">Las gotas de Bach se toman 4 veces al d\u00eda (por la ma\u00f1ana, al mediod\u00eda, por la tarde y por la noche) en dosis de 4 gotas. Con el gotero incluido, se pueden aplicar directamente sobre la lengua o en un vaso de agua.<\/p>\n<h2 style=\"text-align: justify;\"><span style=\"color: #000000;\">Ingredientes<\/span><\/h2>\n<p style=\"text-align: justify;\"><span style=\"color: #000000;\">Agua, co\u00f1ac (si lo desea, tambi\u00e9n podemos utilizar vinagre en lugar de alcohol), esencias florales seleccionadas de las gotas originales de Bach.<\/p>\n<h2 style=\"text-align: justify;\"><span style=\"color: #000000;\">Almacenamiento<\/span><\/h2>\n<p style=\"text-align: justify;\"><span style=\"color: #000000;\">Almacenar en un lugar seco y oscuro, a una temperatura m\u00e1xima de +25 \u00b0C.<\/span><\/p>\n<h2 style=\"text-align: justify;\"><span style=\"color: #000000;\">Cantidad<\/span><\/h2>\n<p style=\"text-align: justify;\"><span style=\"color: #000000;\">30 ml (suficiente para 30 d\u00edas de consumo regular)<\/span><\/p>\n","protected":false},"excerpt":{"rendered":"<p>Las gotas de Bach son eficaces contra diversas angustias emocionales del individuo. Ayudan en diversas crisis y situaciones dif\u00edciles de la vida. Con ellas nos calmamos y mantenemos la cabeza fr\u00eda. Act\u00faan sobre nuestro estado emocional y ayudan a armonizarlo.<\/p>\n<p>&#128154; Las gotas se envasan a mano, el mismo d\u00eda del env\u00edo.<br \/>\n&#128154; Son adecuadas para todas las personas (embarazadas, ancianos, ni\u00f1os&#8230;) y animales.<br \/>\n&#128154; No tienen efectos secundarios, no crean dependencia y no se pueden sobredosificar.<br \/>\n&#128154; Los primeros resultados se pueden observar al cabo de unos d\u00edas o semanas, dependiendo de cada persona.<br \/>\n&#128154; No interact\u00faa con otros medicamentos.<\/p>\n","protected":false},"featured_media":4915,"comment_status":"open","ping_status":"closed","template":"","meta":{"_acf_changed":false},"product_brand":[],"product_cat":[15,204,216],"product_tag":[],"class_list":{"0":"post-6684","1":"product","2":"type-product","3":"status-publish","4":"has-post-thumbnail","6":"product_cat-uncategorized","7":"product_cat-gotas-de-bach","8":"product_cat-todos-los-productos","10":"first","11":"instock","12":"sale","13":"taxable","14":"shipping-taxable","15":"purchasable","16":"product-type-simple"},"acf":[],"_links":{"self":[{"href":"https:\/\/fengchashop.com\/es\/wp-json\/wp\/v2\/product\/6684","targetHints":{"allow":["GET"]}}],"collection":[{"href":"https:\/\/fengchashop.com\/es\/wp-json\/wp\/v2\/product"}],"about":[{"href":"https:\/\/fengchashop.com\/es\/wp-json\/wp\/v2\/types\/product"}],"replies":[{"embeddable":true,"href":"https:\/\/fengchashop.com\/es\/wp-json\/wp\/v2\/comments?post=6684"}],"wp:featuredmedia":[{"embeddable":true,"href":"https:\/\/fengchashop.com\/es\/wp-json\/wp\/v2\/media\/4915"}],"wp:attachment":[{"href":"https:\/\/fengchashop.com\/es\/wp-json\/wp\/v2\/media?parent=6684"}],"wp:term":[{"taxonomy":"product_brand","embeddable":true,"href":"https:\/\/fengchashop.com\/es\/wp-json\/wp\/v2\/product_brand?post=6684"},{"taxonomy":"product_cat","embeddable":true,"href":"https:\/\/fengchashop.com\/es\/wp-json\/wp\/v2\/product_cat?post=6684"},{"taxonomy":"product_tag","embeddable":true,"href":"https:\/\/fengchashop.com\/es\/wp-json\/wp\/v2\/product_tag?post=6684"}],"curies":[{"name":"wp","href":"https:\/\/api.w.org\/{rel}","templated":true}]}}