{"id":6683,"date":"2022-06-02T19:09:16","date_gmt":"2022-06-02T17:09:16","guid":{"rendered":"https:\/\/fengchashop.com\/es\/product\/bachove-kapljice-locitev\/"},"modified":"2026-04-03T09:40:28","modified_gmt":"2026-04-03T07:40:28","slug":"gotas-de-bach-separacion","status":"publish","type":"product","link":"https:\/\/fengchashop.com\/es\/product\/gotas-de-bach-separacion\/","title":{"rendered":"Gotas de Bach Separaci\u00f3n"},"content":{"rendered":"<h2 style=\"text-align: justify;\"><span style=\"color: #000000;\">Gotas de Bach para la separaci\u00f3n<\/span><\/h2>\n<p style=\"text-align: justify;\"><span style=\"color: #000000;\">La vida nos pone a prueba muchas veces. Incluso una vida matrimonial s\u00f3lida puede tambalearse. Si esto nos lleva al divorcio, lo primero que debemos hacer es afrontar el dolor psicol\u00f3gico que nos ha causado? Solo entonces estaremos preparados para <strong>afrontar los sentimientos que hemos experimentado y tratar de orientarnos hacia un nuevo camino en la vida<\/strong>. Las gotas de Bach pueden ser una soluci\u00f3n excelente y adecuada para usted.<br \/>\nLos primeros resultados se pueden observar al cabo de unos d\u00edas o semanas, dependiendo de cada persona.\u00a0La mezcla preparada ser\u00e1 suficiente para 30 d\u00edas, y se aplica f\u00e1cilmente directamente en la boca o se echa en un vaso de agua.   <\/span><\/p>\n<p style=\"text-align: justify;\"><span style=\"color: #000000;\">Esta mezcla especial le ayudar\u00e1 a:<\/span><\/p>\n<ul style=\"text-align: justify;\">\n<li><span style=\"color: #000000;\">afrontar m\u00e1s f\u00e1cilmente el dolor que causa la separaci\u00f3n,<\/span><\/li>\n<li><span style=\"color: #000000;\">seguir adelante con su vida,<\/span><\/li>\n<li><span style=\"color: #000000;\">afrontar la nueva situaci\u00f3n,<\/span><\/li>\n<li><span style=\"color: #000000;\">reducir el posible sentimiento de culpa,<\/span><\/li>\n<li><span style=\"color: #000000;\">mirar hacia el futuro con esperanza.<\/span><\/li>\n<\/ul>\n<h2 style=\"text-align: justify;\"><span style=\"color: #000000;\">El funcionamiento de las gotas de Bach<\/span><\/h2>\n<p style=\"text-align: justify;\"><span style=\"color: #000000;\">Las gotas de Bach son eficaces contra diversas <strong>dificultades emocionales del individuo, como los sentimientos encontrados que surgen tras una separaci\u00f3n<\/strong>. Las gotas de Bach tambi\u00e9n nos ayudan en diversas crisis y situaciones dif\u00edciles de la vida, en momentos de prueba. Nos ayudan a calmarnos y a mantener la cabeza fr\u00eda, ya que act\u00faan sobre nuestro estado emocional y nos ayudan a armonizarlo. Con la ayuda de las gotas de Bach, tomamos <b>el control de nuestras emociones<\/b>, lo que nos permite crear armon\u00eda y encontrar nuestra paz interior.<br \/>\nLa terapia de Bach fomenta la autocuraci\u00f3n y la relajaci\u00f3n espiritual. Seg\u00fan la teor\u00eda del Dr. Bach, la causa de las enfermedades es un estado de desarmon\u00eda o falta de armon\u00eda entre el cuerpo y el alma. Con la ayuda de las esencias florales, intentamos curar la enfermedad aprovechando las <b>propiedades positivas de las flores<\/b>, que nos ayudan a restablecer el equilibrio en nuestro interior.<\/p>\n<p style=\"text-align: justify;\"><span style=\"color: #000000;\">Las mezclas de gotas de Bach se preparan de acuerdo con el m\u00e9todo del Dr. Bach y utilizamos <b>exclusivamente esencias originales de Bach<\/b>.<\/span><\/p>\n<p style=\"text-align: justify;\"><span style=\"color: #000000;\">Las gotas de Bach se toman de un frasco con una pipeta incluida, lo que hace que la dosificaci\u00f3n sea muy f\u00e1cil. Se toman 4 gotas 4 veces al d\u00eda, repartidas a lo largo del d\u00eda. El frasco que se recibe es suficiente para un mes de terapia. <\/span><\/p>\n<p style=\"text-align: justify;\"><span style=\"color: #000000;\">Cada frasco<b> <\/b>de la mezcla seleccionada <b>se prepara a mano y al momento<\/b>. Para que la mezcla se mantenga fresca durante m\u00e1s tiempo, utilizamos un poco de alcohol (co\u00f1ac). La mezcla tiene una vida \u00fatil de 1 mes a partir de la fecha de compra.<\/p>\n<p style=\"text-align: justify;\"><span style=\"color: #000000;\">Dado que las gotas de Bach <strong>no tienen<\/strong> <b>efectos secundarios<\/b>, no es posible sobredosificarlas y no causan dependencia. Son adecuadas para todo el mundo: mujeres embarazadas, madres lactantes, personas mayores, ni\u00f1os y animales.<br \/>\nNo interfieren con otros medicamentos.<\/p>\n<h2 style=\"text-align: justify;\"><span style=\"color: #000000;\">Uso<\/span><\/h2>\n<p style=\"text-align: justify;\"><span style=\"color: #000000;\">Las gotas de Bach se toman 4 veces al d\u00eda (por la ma\u00f1ana, al mediod\u00eda, por la tarde y por la noche) en dosis de 4 gotas. Con el gotero incluido, se pueden aplicar directamente sobre la lengua o en un vaso de agua.<\/p>\n<h2 style=\"text-align: justify;\"><span style=\"color: #000000;\">Ingredientes<\/span><\/h2>\n<p style=\"text-align: justify;\"><span style=\"color: #000000;\">Agua, co\u00f1ac (si lo desea, tambi\u00e9n podemos utilizar vinagre en lugar de alcohol), esencias florales seleccionadas de las gotas originales de Bach.<\/p>\n<h2 style=\"text-align: justify;\"><span style=\"color: #000000;\">Almacenamiento<\/span><\/h2>\n<p style=\"text-align: justify;\"><span style=\"color: #000000;\">Almacenar en un lugar seco y oscuro, a una temperatura m\u00e1xima de +25 \u00b0C.<\/span><\/p>\n<h2 style=\"text-align: justify;\"><span style=\"color: #000000;\">Cantidad<\/span><\/h2>\n<p style=\"text-align: justify;\"><span style=\"color: #000000;\">30 ml (suficiente para 30 d\u00edas de uso regular)<\/span><\/p>\n","protected":false},"excerpt":{"rendered":"<p>Las gotas de Bach son eficaces contra diversas angustias emocionales del individuo. Ayudan en diversas crisis y situaciones dif\u00edciles de la vida. Con ellas nos calmamos y mantenemos la cabeza fr\u00eda. Act\u00faan sobre nuestro estado emocional y ayudan a armonizarlo.<\/p>\n<p>&#128154; Las gotas se envasan a mano, el mismo d\u00eda del env\u00edo.<br \/>\n&#128154; Son adecuadas para todas las personas (embarazadas, ancianos, ni\u00f1os&#8230;) y animales.<br \/>\n&#128154; No tienen efectos secundarios, no crean dependencia y no se pueden sobredosificar.<br \/>\n&#128154; Los primeros resultados se pueden observar al cabo de unos d\u00edas o semanas, dependiendo de cada persona.<br \/>\n&#128154; No interact\u00faa con otros medicamentos.<\/p>\n","protected":false},"featured_media":4915,"comment_status":"open","ping_status":"closed","template":"","meta":{"_acf_changed":false},"product_brand":[],"product_cat":[15,204,216],"product_tag":[],"class_list":{"0":"post-6683","1":"product","2":"type-product","3":"status-publish","4":"has-post-thumbnail","6":"product_cat-uncategorized","7":"product_cat-gotas-de-bach","8":"product_cat-todos-los-productos","10":"first","11":"instock","12":"sale","13":"taxable","14":"shipping-taxable","15":"purchasable","16":"product-type-simple"},"acf":[],"_links":{"self":[{"href":"https:\/\/fengchashop.com\/es\/wp-json\/wp\/v2\/product\/6683","targetHints":{"allow":["GET"]}}],"collection":[{"href":"https:\/\/fengchashop.com\/es\/wp-json\/wp\/v2\/product"}],"about":[{"href":"https:\/\/fengchashop.com\/es\/wp-json\/wp\/v2\/types\/product"}],"replies":[{"embeddable":true,"href":"https:\/\/fengchashop.com\/es\/wp-json\/wp\/v2\/comments?post=6683"}],"wp:featuredmedia":[{"embeddable":true,"href":"https:\/\/fengchashop.com\/es\/wp-json\/wp\/v2\/media\/4915"}],"wp:attachment":[{"href":"https:\/\/fengchashop.com\/es\/wp-json\/wp\/v2\/media?parent=6683"}],"wp:term":[{"taxonomy":"product_brand","embeddable":true,"href":"https:\/\/fengchashop.com\/es\/wp-json\/wp\/v2\/product_brand?post=6683"},{"taxonomy":"product_cat","embeddable":true,"href":"https:\/\/fengchashop.com\/es\/wp-json\/wp\/v2\/product_cat?post=6683"},{"taxonomy":"product_tag","embeddable":true,"href":"https:\/\/fengchashop.com\/es\/wp-json\/wp\/v2\/product_tag?post=6683"}],"curies":[{"name":"wp","href":"https:\/\/api.w.org\/{rel}","templated":true}]}}