{"id":6682,"date":"2022-06-02T19:07:20","date_gmt":"2022-06-02T17:07:20","guid":{"rendered":"https:\/\/fengchashop.com\/es\/product\/bachove-kapljice-izguba-teze\/"},"modified":"2026-04-03T09:40:40","modified_gmt":"2026-04-03T07:40:40","slug":"gotas-de-bach-perdida-de-peso","status":"publish","type":"product","link":"https:\/\/fengchashop.com\/es\/product\/gotas-de-bach-perdida-de-peso\/","title":{"rendered":"Gotas de Bach P\u00e9rdida de peso"},"content":{"rendered":"<h2 style=\"text-align: justify;\"><span style=\"color: #000000;\">Gotas de Bach para perder peso<\/span><\/h2>\n<p style=\"text-align: justify;\"><span style=\"color: #000000;\">Todas las mujeres (y tambi\u00e9n los hombres) han intentado al menos una vez en la vida perder alg\u00fan kilo de m\u00e1s. Y aunque lo que m\u00e1s nos impulsa a ello son las tendencias de la moda, lo primero es siempre la salud y el bienestar. Sin embargo, con el entrenamiento intenso y\/o el control de la ingesta de alimentos, a menudo nos encontramos con dificultades en el \u00e1mbito emocional, ya que la p\u00e9rdida de peso suele ser m\u00e1s dif\u00edcil de lograr desde el punto de vista f\u00edsico y mental. Te interesa saber c\u00f3mo <strong>ayudarte emocionalmente a perder peso<\/strong> y <strong>ganar m\u00e1s energ\u00eda<\/strong>, <strong>sobre todo motivaci\u00f3n<\/strong> para perseverar en el objetivo fijado? Entonces tenemos la soluci\u00f3n para ti.<\/p>\n<p style=\"text-align: justify;\"><span style=\"color: #000000;\">Los primeros resultados se pueden observar al cabo de unos d\u00edas o semanas, dependiendo de cada persona. La mezcla preparada ser\u00e1 suficiente para 30 d\u00edas, y se puede aplicar directamente en la boca o verter en un vaso de agua.  <\/span><\/p>\n<p style=\"text-align: justify;\"><span style=\"color: #000000;\">Esta mezcla especial le ayudar\u00e1 a:<\/span><\/p>\n<ul style=\"text-align: justify;\">\n<li><span style=\"color: #000000;\"><em>cambiar los h\u00e1bitos alimenticios,<\/em><\/span><\/li>\n<li><span style=\"color: #000000;\"><em>superar el sentimiento de culpa si no lo conseguimos,<\/em><\/span><\/li>\n<li><span style=\"color: #000000;\"><em>mantener la paciencia si los resultados no son visibles r\u00e1pidamente,<\/em><\/span><\/li>\n<li><span style=\"color: #000000;\"><em>perseverar, incluso si no hay resultados,<\/em><\/span><\/li>\n<li><span style=\"color: #000000;\"><em>mantener el autocontrol en los momentos dif\u00edciles.<\/em><\/span><\/li>\n<\/ul>\n<h2 style=\"text-align: justify;\"><span style=\"color: #000000;\"><b> Funcionamiento de las gotas de Bach<\/b><\/span><\/h2>\n<p style=\"text-align: justify;\"><span style=\"color: #000000;\">Las gotas de Bach son eficaces para tratar diversos <b>problemas emocionales<\/b>.<b> Cuando queremos adelgazar, sin duda nos enfrentamos a estados emocionales que nos afectan de diferentes maneras y pueden impedirnos alcanzar nuestro objetivo.<\/b> Las gotas de Bach nos ayudan en diversas crisis y situaciones dif\u00edciles de la vida, en pruebas. Con ellas nos calmamos y mantenemos la cabeza fr\u00eda, ya que act\u00faan sobre nuestro estado emocional y ayudan a armonizarlo. Con la ayuda de las gotas de Bach, tomamos <b>el control de nuestras emociones<\/b>, lo que nos permite crear armon\u00eda y encontrar nuestra paz interior.<br \/>\nLa terapia de Bach fomenta la autocuraci\u00f3n y la relajaci\u00f3n espiritual. Seg\u00fan la teor\u00eda del Dr. Bach, la causa de las enfermedades y los trastornos se encuentra en un estado de desarmon\u00eda o en la falta de armon\u00eda entre el cuerpo y el alma. Con la ayuda de las esencias florales, intentamos remediar esta situaci\u00f3n aprovechando las <b>propiedades positivas de las flores<\/b>, que nos ayudan a restablecer el equilibrio en nuestro interior.<\/p>\n<p style=\"text-align: justify;\"><span style=\"color: #000000;\">Las mezclas de gotas de Bach se preparan de acuerdo con el m\u00e9todo del Dr. Bach y utilizamos <b>exclusivamente esencias originales de Bach<\/b>.<\/span><\/p>\n<p style=\"text-align: justify;\"><span style=\"color: #000000;\">Las gotas de Bach se toman de un frasco con una pipeta incluida, lo que hace que la dosificaci\u00f3n sea muy f\u00e1cil. Se toman 4 gotas 4 veces al d\u00eda, repartidas a lo largo del d\u00eda. El frasco que se recibe es suficiente para un mes de terapia. <\/span><\/p>\n<p style=\"text-align: justify;\"><span style=\"color: #000000;\">Cada frasco<b> <\/b>de la mezcla seleccionada <b>se prepara a mano y al momento<\/b>. Para que la mezcla se mantenga fresca durante m\u00e1s tiempo, utilizamos un poco de alcohol (co\u00f1ac). La mezcla tiene una vida \u00fatil de 1 mes a partir de la fecha de compra.<\/p>\n<p style=\"text-align: justify;\"><span style=\"color: #000000;\">Dado que las gotas de Bach no tienen efectos secundarios, no se puede sufrir una sobredosis y no crean dependencia. Son adecuadas para todo el mundo: mujeres embarazadas, madres lactantes, personas mayores, ni\u00f1os y animales.<br \/>\nNo interfieren con otros medicamentos.<\/p>\n<h2 style=\"text-align: justify;\"><span style=\"color: #000000;\"><b>Uso<\/b><\/span><\/h2>\n<p style=\"text-align: justify;\"><span style=\"color: #000000;\">Las gotas de Bach se toman 4 veces al d\u00eda (por la ma\u00f1ana, al mediod\u00eda, por la tarde y por la noche) en dosis de 4 gotas. Con el gotero incluido, se pueden aplicar directamente sobre la lengua o en un vaso de agua.<\/p>\n<h2 style=\"text-align: justify;\"><span style=\"color: #000000;\"><b>Ingredientes<\/b><\/span><\/h2>\n<p style=\"text-align: justify;\"><span style=\"color: #000000;\">Agua, co\u00f1ac (si lo desea, tambi\u00e9n podemos utilizar vinagre en lugar de alcohol), esencias florales seleccionadas de las gotas originales de Bach.<\/p>\n<h2 style=\"text-align: justify;\"><span style=\"color: #000000;\"><b>Almacenamiento<\/b><\/span><\/h2>\n<p style=\"text-align: justify;\"><span style=\"color: #000000;\">Conservar en un lugar seco y oscuro, a una temperatura m\u00e1xima de +25 \u00b0C.<\/span><\/p>\n<h2 style=\"text-align: justify;\"><span style=\"color: #000000;\"><b>Cantidad<\/b><\/span><\/h2>\n<p style=\"text-align: justify;\"><span style=\"color: #000000;\">30 ml (suficiente para 30 d\u00edas de uso regular)<\/span><\/p>\n","protected":false},"excerpt":{"rendered":"<p>Las gotas de Bach son eficaces contra diversas angustias emocionales del individuo. Ayudan en diversas crisis y situaciones dif\u00edciles de la vida. Con ellas nos calmamos y mantenemos la cabeza fr\u00eda. Act\u00faan sobre nuestro estado emocional y ayudan a armonizarlo.<\/p>\n<p>&#128154; Las gotas se envasan a mano, el mismo d\u00eda del env\u00edo.<br \/>\n&#128154; Son adecuadas para todas las personas (embarazadas, ancianos, ni\u00f1os&#8230;) y animales.<br \/>\n&#128154; No tienen efectos secundarios, no crean dependencia y no se pueden sobredosificar.<br \/>\n&#128154; Los primeros resultados se pueden observar al cabo de unos d\u00edas o semanas, dependiendo de cada persona.<br \/>\n&#128154; No interact\u00faa con otros medicamentos.<\/p>\n","protected":false},"featured_media":4915,"comment_status":"open","ping_status":"closed","template":"","meta":{"_acf_changed":false},"product_brand":[],"product_cat":[15,204,216],"product_tag":[],"class_list":{"0":"post-6682","1":"product","2":"type-product","3":"status-publish","4":"has-post-thumbnail","6":"product_cat-uncategorized","7":"product_cat-gotas-de-bach","8":"product_cat-todos-los-productos","10":"first","11":"instock","12":"sale","13":"taxable","14":"shipping-taxable","15":"purchasable","16":"product-type-simple"},"acf":[],"_links":{"self":[{"href":"https:\/\/fengchashop.com\/es\/wp-json\/wp\/v2\/product\/6682","targetHints":{"allow":["GET"]}}],"collection":[{"href":"https:\/\/fengchashop.com\/es\/wp-json\/wp\/v2\/product"}],"about":[{"href":"https:\/\/fengchashop.com\/es\/wp-json\/wp\/v2\/types\/product"}],"replies":[{"embeddable":true,"href":"https:\/\/fengchashop.com\/es\/wp-json\/wp\/v2\/comments?post=6682"}],"wp:featuredmedia":[{"embeddable":true,"href":"https:\/\/fengchashop.com\/es\/wp-json\/wp\/v2\/media\/4915"}],"wp:attachment":[{"href":"https:\/\/fengchashop.com\/es\/wp-json\/wp\/v2\/media?parent=6682"}],"wp:term":[{"taxonomy":"product_brand","embeddable":true,"href":"https:\/\/fengchashop.com\/es\/wp-json\/wp\/v2\/product_brand?post=6682"},{"taxonomy":"product_cat","embeddable":true,"href":"https:\/\/fengchashop.com\/es\/wp-json\/wp\/v2\/product_cat?post=6682"},{"taxonomy":"product_tag","embeddable":true,"href":"https:\/\/fengchashop.com\/es\/wp-json\/wp\/v2\/product_tag?post=6682"}],"curies":[{"name":"wp","href":"https:\/\/api.w.org\/{rel}","templated":true}]}}