{"id":6681,"date":"2022-06-02T19:05:36","date_gmt":"2022-06-02T17:05:36","guid":{"rendered":"https:\/\/fengchashop.com\/es\/product\/bachove-kapljice-menopavza\/"},"modified":"2026-04-03T09:40:51","modified_gmt":"2026-04-03T07:40:51","slug":"gotas-de-bach-menopausia","status":"publish","type":"product","link":"https:\/\/fengchashop.com\/es\/product\/gotas-de-bach-menopausia\/","title":{"rendered":"Gotas de Bach Menopausia"},"content":{"rendered":"<h2 style=\"text-align: justify;\"><span style=\"color: #000000;\">Gotas de Bach para aliviar los s\u00edntomas de la menopausia<\/span><\/h2>\n<p style=\"text-align: justify;\"><span style=\"color: #000000;\">La menopausia es una etapa inevitable en la vida de toda mujer. Y aunque muchas mujeres parecen vivirla sin problemas, todas ellas tienen al menos un s\u00edntoma derivado del cambio hormonal que provoca la menopausia. Los primeros s\u00edntomas m\u00e1s comunes de la transici\u00f3n a la menopausia, cuando ya aparecen alteraciones en el ciclo menstrual, son los sofocos. Entre los primeros s\u00edntomas tambi\u00e9n se encuentran la sudoraci\u00f3n nocturna, los mareos, el insomnio, el dolor de cabeza, el cansancio, los dolores de est\u00f3mago, la disminuci\u00f3n del deseo sexual, as\u00ed como los trastornos del estado de \u00e1nimo y de la concentraci\u00f3n. Por eso, en este periodo es muy importante que nos apoyemos mutuamente para que la transici\u00f3n y el enfrentamiento a la <strong>menopausia<\/strong> sean m\u00e1s f\u00e1ciles.<\/p>\n<p style=\"text-align: justify;\"><span style=\"color: #000000;\">Los primeros resultados se pueden observar al cabo de unos d\u00edas o semanas, dependiendo de cada persona. La mezcla preparada ser\u00e1 suficiente para 30 d\u00edas, y se puede aplicar f\u00e1cilmente directamente en la boca o verter en un vaso de agua. Esta mezcla, preparada especialmente para mujeres en la menopausia, le ayudar\u00e1 a:<\/span><\/p>\n<ul>\n<li><span style=\"color: #000000;\"><i>dormir mejor y reducir el cansancio general,<\/i><\/span><\/li>\n<li><span style=\"color: #000000;\"><i>estar m\u00e1s tranquila y menos irritable,<\/i><\/span><\/li>\n<li><span style=\"color: #000000;\"><i>estimular la vitalidad y la confianza en s\u00ed mismo,<\/i><\/span><\/li>\n<li><span style=\"color: #000000;\"><i>regular los h\u00e1bitos alimenticios,<\/i><\/span><\/li>\n<li><span style=\"color: #000000;\"><i>lograr menos cambios de humor,<\/i><\/span><\/li>\n<li><span style=\"color: #000000;\"><i>disfrutar de la sexualidad.<\/i><\/span><\/li>\n<\/ul>\n<h2 style=\"text-align: justify;\"><span style=\"color: #000000;\">Funcionamiento de las gotas de Bach<\/span><\/h2>\n<p style=\"text-align: justify;\"><span style=\"color: #000000;\">Las gotas de Bach son eficaces contra diversas <strong>tensiones emocionales del individuo, como los s\u00edntomas de la menopausia<\/strong><strong>, que nos causan estr\u00e9s psicol\u00f3gico.<\/strong> Tambi\u00e9n ayudan en diversas crisis y situaciones dif\u00edciles de la vida. Con ellas nos calmamos, mantenemos la cabeza fr\u00eda y obtenemos m\u00e1s energ\u00eda. Act\u00faan sobre nuestro estado emocional y ayudan a armonizarlo.<\/p>\n<p style=\"text-align: justify;\"><span style=\"color: #000000;\">La terapia de Bach fomenta la autocuraci\u00f3n y la relajaci\u00f3n espiritual. Seg\u00fan la teor\u00eda del Dr. Bach, la causa de las enfermedades es un estado de desarmon\u00eda o falta de armon\u00eda entre el cuerpo y el alma. Con la ayuda de las esencias florales, intentamos curar la enfermedad aprovechando las <b>propiedades positivas de las flores<\/b>, que nos ayudan a restablecer el equilibrio en nuestro interior.<\/p>\n<p style=\"text-align: justify;\"><span style=\"color: #000000;\">Las mezclas de gotas de Bach se preparan de acuerdo con el m\u00e9todo del Dr. Bach y utilizamos <b>exclusivamente esencias originales de Bach<\/b>.<\/span><\/p>\n<p style=\"text-align: justify;\"><span style=\"color: #000000;\">Las gotas de Bach se toman de un frasco con una pipeta incluida, lo que hace que la dosificaci\u00f3n sea muy f\u00e1cil. Se toman 4 gotas 4 veces al d\u00eda, repartidas a lo largo del d\u00eda. El frasco que se recibe es suficiente para un mes de terapia. <\/span><\/p>\n<p style=\"text-align: justify;\"><span style=\"color: #000000;\">Cada frasco<b> <\/b>de la mezcla seleccionada <b>se prepara a mano y al momento<\/b>. Para que la mezcla se mantenga fresca durante m\u00e1s tiempo, utilizamos un poco de alcohol (co\u00f1ac). La mezcla tiene una vida \u00fatil de 1 mes a partir de la fecha de compra.<\/p>\n<p style=\"text-align: justify;\"><span style=\"color: #000000;\">Dado que las gotas de Bach <strong>no tienen <\/strong><b>efectos secundarios<\/b>, no es posible sobredosificarlas y no causan dependencia. Son adecuadas para todo el mundo:  mujeres embarazadas, madres lactantes, personas mayores, ni\u00f1os y animales.<br \/>\nNo interfieren con otros medicamentos.<\/p>\n<h2 style=\"text-align: justify;\"><span style=\"color: #000000;\">Uso<\/span><\/h2>\n<p style=\"text-align: justify;\"><span style=\"color: #000000;\">Las gotas de Bach se toman 4 veces al d\u00eda (por la ma\u00f1ana, al mediod\u00eda, por la tarde y por la noche) en dosis de 4 gotas. Con el gotero incluido, se pueden aplicar directamente sobre la lengua o en un vaso de agua.<\/p>\n<h2 style=\"text-align: justify;\"><span style=\"color: #000000;\">Ingredientes<\/span><\/h2>\n<p style=\"text-align: justify;\"><span style=\"color: #000000;\">Agua, co\u00f1ac (si lo desea, tambi\u00e9n podemos utilizar vinagre en lugar de alcohol), esencias florales seleccionadas de las gotas originales de Bach.<\/p>\n<h2 style=\"text-align: justify;\"><span style=\"color: #000000;\">Almacenamiento<\/span><\/h2>\n<p style=\"text-align: justify;\"><span style=\"color: #000000;\">Almacenar en un lugar seco y oscuro, a una temperatura m\u00e1xima de +25 \u00b0C.<\/span><\/p>\n<h2 style=\"text-align: justify;\"><span style=\"color: #000000;\">Cantidad<\/span><\/h2>\n<p style=\"text-align: justify;\"><span style=\"color: #000000;\">30 ml (suficiente para 30 d\u00edas de consumo regular) <\/span><\/p>\n","protected":false},"excerpt":{"rendered":"<p>Las gotas de Bach son eficaces contra diversas angustias emocionales del individuo. Ayudan en diversas crisis y situaciones dif\u00edciles de la vida. Con ellas nos calmamos y mantenemos la cabeza fr\u00eda. Act\u00faan sobre nuestro estado emocional y ayudan a armonizarlo.<\/p>\n<p>&#128154; Las gotas se envasan a mano, el mismo d\u00eda del env\u00edo.<br \/>\n&#128154; Son adecuadas para todas las personas (embarazadas, ancianos, ni\u00f1os&#8230;) y animales.<br \/>\n&#128154; No tienen efectos secundarios, no crean dependencia y no se pueden sobredosificar.<br \/>\n&#128154; Los primeros resultados se pueden observar al cabo de unos d\u00edas o semanas, dependiendo de cada persona.<br \/>\n&#128154; No interact\u00faa con otros medicamentos.<\/p>\n","protected":false},"featured_media":4915,"comment_status":"open","ping_status":"closed","template":"","meta":{"_acf_changed":false},"product_brand":[],"product_cat":[15,204,216],"product_tag":[],"class_list":{"0":"post-6681","1":"product","2":"type-product","3":"status-publish","4":"has-post-thumbnail","6":"product_cat-uncategorized","7":"product_cat-gotas-de-bach","8":"product_cat-todos-los-productos","10":"first","11":"instock","12":"sale","13":"taxable","14":"shipping-taxable","15":"purchasable","16":"product-type-simple"},"acf":[],"_links":{"self":[{"href":"https:\/\/fengchashop.com\/es\/wp-json\/wp\/v2\/product\/6681","targetHints":{"allow":["GET"]}}],"collection":[{"href":"https:\/\/fengchashop.com\/es\/wp-json\/wp\/v2\/product"}],"about":[{"href":"https:\/\/fengchashop.com\/es\/wp-json\/wp\/v2\/types\/product"}],"replies":[{"embeddable":true,"href":"https:\/\/fengchashop.com\/es\/wp-json\/wp\/v2\/comments?post=6681"}],"wp:featuredmedia":[{"embeddable":true,"href":"https:\/\/fengchashop.com\/es\/wp-json\/wp\/v2\/media\/4915"}],"wp:attachment":[{"href":"https:\/\/fengchashop.com\/es\/wp-json\/wp\/v2\/media?parent=6681"}],"wp:term":[{"taxonomy":"product_brand","embeddable":true,"href":"https:\/\/fengchashop.com\/es\/wp-json\/wp\/v2\/product_brand?post=6681"},{"taxonomy":"product_cat","embeddable":true,"href":"https:\/\/fengchashop.com\/es\/wp-json\/wp\/v2\/product_cat?post=6681"},{"taxonomy":"product_tag","embeddable":true,"href":"https:\/\/fengchashop.com\/es\/wp-json\/wp\/v2\/product_tag?post=6681"}],"curies":[{"name":"wp","href":"https:\/\/api.w.org\/{rel}","templated":true}]}}