{"id":6678,"date":"2022-06-02T18:59:41","date_gmt":"2022-06-02T16:59:41","guid":{"rendered":"https:\/\/fengchashop.com\/es\/product\/bachove-kapljice-izpiti\/"},"modified":"2026-04-03T09:41:34","modified_gmt":"2026-04-03T07:41:34","slug":"gotas-de-bach-examenes","status":"publish","type":"product","link":"https:\/\/fengchashop.com\/es\/product\/gotas-de-bach-examenes\/","title":{"rendered":"Gotas de Bach Ex\u00e1menes"},"content":{"rendered":"<h2><span style=\"color: #000000;\">Gotas de Bach para reducir el estr\u00e9s antes de ex\u00e1menes, pruebas y interrogatorios<\/span><\/h2>\n<p><span style=\"color: #000000;\">El estr\u00e9s que experimentamos antes de los ex\u00e1menes, pruebas y otras formas de evaluaci\u00f3n es, en primer lugar, el resultado de la <b>falta de confianza en nosotros mismos<\/b>. Por lo general, sentimos m\u00e1s miedo cuando estamos bien preparados para la evaluaci\u00f3n y sabemos exactamente lo que sabemos y lo que no sabemos. De hecho, esta tensi\u00f3n es saludable y deseable. Se convierte en un obst\u00e1culo cuando tenemos demasiado miedo y nuestra reacci\u00f3n es exagerada, adem\u00e1s de afectar a nuestra memoria y concentraci\u00f3n. Ya no recordamos lo que hemos estudiado y empezamos a dudar de nuestro \u00e9xito. Los mecanismos de defensa que nos protegen del miedo ante una situaci\u00f3n aparentemente amenazante nos permiten estar preparados para huir o luchar f\u00edsicamente, por lo que todos nuestros pensamientos se centran \u00fanicamente en ello. Por eso necesitamos algo que nos ayude a confiar en nosotros mismos. Las gotas de Bach \u00abEx\u00e1menes\u00bb pueden ser la soluci\u00f3n perfecta para todos aquellos a quienes el miedo excesivo a las evaluaciones les impide alcanzar el \u00e9xito que desean. Esta mezcla especial <b>te ayudar\u00e1<\/b>:<\/span><\/p>\n<ul>\n<li><span style=\"color: #000000;\"><i>estar m\u00e1s tranquilo durante los ex\u00e1menes y pruebas,<\/i><\/span><\/li>\n<li><span style=\"color: #000000;\"><i>creer en sus capacidades,<\/i><\/span><\/li>\n<li><span style=\"color: #000000;\"><i>que no est\u00e9is preocupados ni ansiosos,<\/i><\/span><\/li>\n<li><span style=\"color: #000000;\"><i>que durm\u00e1is mejor y no est\u00e9is excesivamente preocupados la noche antes del examen o la prueba,<\/i><\/span><\/li>\n<li><span style=\"color: #000000;\"><i>que no pierdas el \u00e1nimo (aunque el examen no te haya salido bien),<\/i><\/span><\/li>\n<li><span style=\"color: #000000;\"><i>mejorar la concentraci\u00f3n.<\/i><\/span><\/li>\n<\/ul>\n<p><span style=\"color: #000000;\">Los primeros resultados se pueden observar al cabo de unos d\u00edas o semanas, dependiendo de cada persona.\u00a0La mezcla preparada ser\u00e1 suficiente para 30 d\u00edas, y se aplica f\u00e1cilmente directamente en la boca o se echa en un vaso de agua.  <\/span><\/p>\n<h2><span style=\"color: #000000;\"><b> Funcionamiento de las gotas de Bach<\/b><\/span><\/h2>\n<p><span style=\"color: #000000;\">Las gotas de Bach son eficaces contra diversas <b>tensiones emocionales del individuo,<\/b><strong> como el estr\u00e9s antes de los ex\u00e1menes o las pruebas. Las gotas de Bach nos ayudan en diversas crisis y situaciones dif\u00edciles de la vida, en las pruebas. Nos ayudan a calmarnos y a mantener la cabeza fr\u00eda, ya que act\u00faan sobre nuestro estado emocional y nos ayudan a armonizarlo. Con la ayuda de las gotas de Bach, tomamos <b>el control de nuestras emociones<\/b>, creando as\u00ed armon\u00eda y encontrando nuestra paz interior.<\/p>\n<p>La terapia de Bach fomenta la autocuraci\u00f3n y la relajaci\u00f3n espiritual. Seg\u00fan la teor\u00eda del Dr. Bach, la causa de las enfermedades es un estado de desarmon\u00eda o falta de armon\u00eda entre el cuerpo y el alma. Con la ayuda de las esencias florales, intentamos curar la enfermedad aprovechando las <b>propiedades positivas de las flores<\/b>, que nos ayudan a restablecer el equilibrio en nuestro interior.<\/p>\n<p><span style=\"color: #000000;\">Las mezclas de gotas de Bach se preparan de acuerdo con el m\u00e9todo del Dr. Bach y utilizamos <b>exclusivamente esencias originales de Bach<\/b>.<\/span><\/p>\n<p><span style=\"color: #000000;\">Las gotas de Bach se toman de un frasco con una pipeta incluida, lo que facilita enormemente la dosificaci\u00f3n. Se toman 4 gotas 4 veces al d\u00eda, repartidas a lo largo del d\u00eda. El frasco que se recibe es suficiente para un mes de terapia. <\/span><\/p>\n<p><span style=\"color: #000000;\">Cada frasco<b> <\/b>de la mezcla seleccionada <b>se prepara a mano y al momento<\/b>. Para que la mezcla se mantenga fresca durante m\u00e1s tiempo, se utiliza un poco de alcohol (co\u00f1ac). La mezcla tiene una vida \u00fatil de 1 mes a partir de la fecha de compra.<\/p>\n<p><span style=\"color: #000000;\">Dado que las gotas de Bach <strong>no tienen<\/strong> <b>efectos secundarios<\/b>, no es posible sobredosificarlas y no causan dependencia. Son adecuadas para todo el mundo: mujeres embarazadas, madres lactantes, personas mayores, ni\u00f1os y animales.<\/p>\n<p>No interfieren con otros medicamentos.<\/p>\n<h2><span style=\"color: #000000;\"><b>Uso<\/b><\/span><\/h2>\n<p><span style=\"color: #000000;\">Las gotas de Bach se toman 4 veces al d\u00eda (por la ma\u00f1ana, al mediod\u00eda, por la tarde y por la noche) en dosis de 4 gotas. Con el gotero incluido, se pueden aplicar directamente sobre la lengua o en un vaso de agua.<\/p>\n<h2><span style=\"color: #000000;\"><b>Ingredientes<\/b><\/span><\/h2>\n<p><span style=\"color: #000000;\">Agua, co\u00f1ac (si lo desea, tambi\u00e9n podemos utilizar vinagre en lugar de alcohol), esencias florales seleccionadas de las gotas originales de Bach.<\/p>\n<h2><span style=\"color: #000000;\"><b>Almacenamiento<\/b><\/span><\/h2>\n<p><span style=\"color: #000000;\">Almacenar en un lugar seco y oscuro, a una temperatura m\u00e1xima de +25 \u00b0C.<\/span><\/p>\n<h2><span style=\"color: #000000;\"><b>Cantidad<\/b><\/span><\/h2>\n<p><span style=\"color: #000000;\">30 ml (suficiente para 30 d\u00edas de consumo regular)<\/span><\/p>\n","protected":false},"excerpt":{"rendered":"<p>Las gotas de Bach son eficaces contra diversas angustias emocionales del individuo. Ayudan en diversas crisis y situaciones dif\u00edciles de la vida. Con ellas nos calmamos y mantenemos la cabeza fr\u00eda. Act\u00faan sobre nuestro estado emocional y ayudan a armonizarlo.<\/p>\n<p>&#128154; Las gotas se envasan a mano, el mismo d\u00eda del env\u00edo.<br \/>\n&#128154; Son adecuadas para todas las personas (embarazadas, ancianos, ni\u00f1os&#8230;) y animales.<br \/>\n&#128154; No tienen efectos secundarios, no crean dependencia y no se pueden sobredosificar.<br \/>\n&#128154; Los primeros resultados se pueden observar al cabo de unos d\u00edas o semanas, dependiendo de cada persona.<br \/>\n&#128154; No interact\u00faa con otros medicamentos.<\/p>\n","protected":false},"featured_media":4915,"comment_status":"open","ping_status":"closed","template":"","meta":{"_acf_changed":false},"product_brand":[],"product_cat":[15,204,216],"product_tag":[],"class_list":{"0":"post-6678","1":"product","2":"type-product","3":"status-publish","4":"has-post-thumbnail","6":"product_cat-uncategorized","7":"product_cat-gotas-de-bach","8":"product_cat-todos-los-productos","10":"first","11":"instock","12":"sale","13":"taxable","14":"shipping-taxable","15":"purchasable","16":"product-type-simple"},"acf":[],"_links":{"self":[{"href":"https:\/\/fengchashop.com\/es\/wp-json\/wp\/v2\/product\/6678","targetHints":{"allow":["GET"]}}],"collection":[{"href":"https:\/\/fengchashop.com\/es\/wp-json\/wp\/v2\/product"}],"about":[{"href":"https:\/\/fengchashop.com\/es\/wp-json\/wp\/v2\/types\/product"}],"replies":[{"embeddable":true,"href":"https:\/\/fengchashop.com\/es\/wp-json\/wp\/v2\/comments?post=6678"}],"wp:featuredmedia":[{"embeddable":true,"href":"https:\/\/fengchashop.com\/es\/wp-json\/wp\/v2\/media\/4915"}],"wp:attachment":[{"href":"https:\/\/fengchashop.com\/es\/wp-json\/wp\/v2\/media?parent=6678"}],"wp:term":[{"taxonomy":"product_brand","embeddable":true,"href":"https:\/\/fengchashop.com\/es\/wp-json\/wp\/v2\/product_brand?post=6678"},{"taxonomy":"product_cat","embeddable":true,"href":"https:\/\/fengchashop.com\/es\/wp-json\/wp\/v2\/product_cat?post=6678"},{"taxonomy":"product_tag","embeddable":true,"href":"https:\/\/fengchashop.com\/es\/wp-json\/wp\/v2\/product_tag?post=6678"}],"curies":[{"name":"wp","href":"https:\/\/api.w.org\/{rel}","templated":true}]}}