{"id":6675,"date":"2022-06-02T18:15:15","date_gmt":"2022-06-02T16:15:15","guid":{"rendered":"https:\/\/fengchashop.com\/es\/product\/bachove-kapljice\/"},"modified":"2026-04-30T12:08:12","modified_gmt":"2026-04-30T10:08:12","slug":"gotas-de-bach","status":"publish","type":"product","link":"https:\/\/fengchashop.com\/es\/product\/gotas-de-bach\/","title":{"rendered":"Gotas de Bach"},"content":{"rendered":"<h2><span style=\"color: #000000;\">Gotas de Bach: hazlas t\u00fa mismo<\/span><\/h2>\n<p><span style=\"color: #000000;\">\u00bf<\/span><span style=\"color: #000000;\">Quieres <strong>controlar tus emociones, encontrar la armon\u00eda y la paz interior<\/strong>?<\/span><\/p>\n<p><span style=\"color: #000000;\">El Dr. Edward Bach descubre 38 esencias florales para distintos estados emocionales. Las gotas de Bach son eficaces contra diversas angustias emocionales del individuo. Las gotas no tienen efectos secundarios y son f\u00e1ciles de usar. Ayudan en diversas crisis y situaciones dif\u00edciles de la vida. Con ellas nos calmamos y mantenemos la cabeza fr\u00eda. Act\u00faan sobre nuestro estado emocional y ayudan a armonizarlo.<\/span><\/p>\n<p><span style=\"color: #000000;\">&#8211; Son adecuadas para todas las personas (embarazadas, ancianos, ni\u00f1os, etc.) y animales.<\/span><\/p>\n<p><span style=\"color: #000000;\">&#8211; No tienen efectos secundarios, no crean dependencia y no se puede sufrir una sobredosis.<\/span><\/p>\n<p><span style=\"color: #000000;\">&#8211; Los primeros resultados se pueden observar al cabo de unos d\u00edas o semanas, dependiendo de cada persona. <\/span><\/p>\n<p><span style=\"color: #000000;\">&#8211; No interfieren con otros medicamentos. <\/span><\/p>\n<p><span style=\"color: #000000;\">&#8211; Las gotas se envasan a mano el mismo d\u00eda del env\u00edo.<\/span><\/p>\n<p><span style=\"color: #000000;\">Con la ayuda de las gotas de Bach, tomamos el control de nuestras emociones, encontramos la armon\u00eda y la paz interior. Las mezclas de gotas de Bach se preparan de acuerdo con el m\u00e9todo del Dr. Bach y <strong>con las esencias originales de Bach<\/strong>.<\/span><\/p>\n<p><span style=\"color: #000000;\">Si no sabe qu\u00e9 esencias son adecuadas para usted, elija el servicio <a style=\"color: #000000;\" href=\"https:\/\/fengchashop.com\/si\/product\/bachove-kapljice-svetovanje\/\" target=\"_self\">Asesoramiento de Bach<\/a>.<\/span><\/p>\n<h2><span style=\"color: #000000;\">Selecci\u00f3n de gotas<\/span><\/h2>\n<p><span style=\"color: #000000;\">Puede seleccionar usted mismo la mezcla de gotas de Bach en funci\u00f3n de su estado emocional actual. Seleccione un m\u00e1ximo de 7 esencias diferentes de la lista siguiente. Ind\u00edquelas en el <em data-start=\"239\" data-end=\"256\">campo de comentarios<\/em> al realizar el pedido en la caja. Una vez recibido el pedido, prepararemos su mezcla personalizada.<\/span><\/p>\n<h2><span style=\"color: #000000;\">Uso<\/span><\/h2>\n<p><span style=\"color: #000000;\">Las gotas de Bach se toman 4 veces al d\u00eda, 4 gotas directamente en la lengua o en un vaso de agua (por la ma\u00f1ana, al mediod\u00eda, por la tarde y por la noche).<\/span><\/p>\n<h2><span style=\"color: #000000;\">Ingredientes<\/span><\/h2>\n<p><span style=\"color: #000000;\">Agua, co\u00f1ac (si se prefiere, se puede sustituir el alcohol por vinagre), gotas florales seleccionadas de las gotas originales de Bach.<\/span><\/p>\n<h2><span style=\"color: #000000;\">Cantidad<\/span><\/h2>\n<p><span style=\"color: #000000;\">30 ml (suficiente para un mes).<\/span><\/p>\n<h2><span style=\"color: #000000;\">Lista de esencias florales de Bach<\/span><\/h2>\n<p><span style=\"color: #000000;\"><strong>AGRIMONY (REPIK):<\/strong> tensi\u00f3n e inquietud en el cuerpo, fingir una sonrisa, m\u00e1scara, no mostrar emociones, dependencias<\/span><\/p>\n<p><span style=\"color: #000000;\"><strong>ASPEN (\u00c1LAMO Tembl\u00f3n)<\/strong>: para miedos desconocidos, malos presentimientos, pesadillas, personas asustadizas, ansiedad y angustia<\/span><\/p>\n<p><span style=\"color: #000000;\"><strong>BEECH (HAYA):<\/strong> cr\u00edtica excesiva, intolerancia, arrogancia, prejuicios<\/span><\/p>\n<p><span style=\"color: #000000;\"><strong>CENTAURY (CENT\u00c1UREA):<\/strong> demasiado complaciente, no sabe decir que no, no sabe poner l\u00edmites y no sabe defenderse<\/span><\/p>\n<p><span style=\"color: #000000;\"><strong>CERATO (CERATO):<\/strong> indecisi\u00f3n, debido a la falta de confianza en su propia opini\u00f3n, siempre pide consejo a los dem\u00e1s<\/span><\/p>\n<p><span style=\"color: #000000;\"><strong>CHERRY PLUM (CEREZA CIRUELA):<\/strong> miedo a perder el control y a hacerse da\u00f1o a uno mismo o a otros, tensi\u00f3n interna, arrebatos de ira y rabia<\/span><\/p>\n<p><span style=\"color: #000000;\"><strong>CHESTNUT BUD (BUDO DE CASTANHO):<\/strong> repetici\u00f3n de los mismos errores y h\u00e1bitos, desinter\u00e9s <\/span><\/p>\n<p><span style=\"color: #000000;\"><strong>CHICORY (CHICORIA):<\/strong> manipulaci\u00f3n, chantaje, posesividad, celos intensos<\/span><\/p>\n<p><span style=\"color: #000000;\"><strong>CLEMATIS (CLEMATIS):<\/strong> ensimismamiento, confusi\u00f3n, falta de atenci\u00f3n, dispersi\u00f3n mental, problemas de concentraci\u00f3n <\/span><\/p>\n<p><span style=\"color: #000000;\"><strong>CRAB APPLE (MANZANO SILVESTRE):<\/strong> verg\u00fcenza, sensaci\u00f3n de suciedad, perfeccionismo, necesidad compulsiva de limpieza<\/span><\/p>\n<p><span style=\"color: #000000;\"><strong>ELM (BREST):<\/strong> ca\u00edda moment\u00e1nea de energ\u00eda cuando te agotas trabajando para otras personas, estr\u00e9s, sobrecarga<\/span><\/p>\n<p><span style=\"color: #000000;\"><strong>GENTIAN (ENCIJAN):<\/strong> pesimismo, tristeza de origen conocido, depresi\u00f3n leve<\/span><\/p>\n<p><span style=\"color: #000000;\"><strong>GORSE (ULEKS):<\/strong> desesperaci\u00f3n, nada tiene sentido ya<\/span><\/p>\n<p><span style=\"color: #000000;\"><strong>HEATHER (BREZO):<\/strong> siempre habla de s\u00ed mismo y de sus problemas, mon\u00f3logos, autocompasi\u00f3n, quiere ser el centro de atenci\u00f3n<\/span><\/p>\n<p><span style=\"color: #000000;\"><strong>HOLLY (BODIKA):<\/strong> celos, ira activa, ira que se manifiesta exteriormente, desconfianza, odio<\/span><\/p>\n<p><span style=\"color: #000000;\"><strong>HONEYSUCKLE (MADRESILVA):<\/strong> vive en el pasado, melancol\u00eda, nostalgia, tristeza<\/span><\/p>\n<p><span style=\"color: #000000;\"><strong>HORNBEAM (CARPINO):<\/strong> para el agotamiento f\u00edsico y mental, cansancio mental, falta de energ\u00eda, cansancio matutino, aburrimiento y rutina<\/span><\/p>\n<p><span style=\"color: #000000;\"><strong>IMPATIENS (IMPACIENTE):<\/strong> impaciencia, impulsividad, intolerancia, tensi\u00f3n, irritabilidad, intolerancia<\/span><\/p>\n<p><span style=\"color: #000000;\"><strong>LARCH (MACESEN):<\/strong> falta de confianza en uno mismo, sentimiento de inferioridad, fracaso bajo presi\u00f3n, nerviosismo ante ex\u00e1menes y actuaciones<\/span><\/p>\n<p><span style=\"color: #000000;\"><strong>MIMULUS (KRINKAR):<\/strong> para miedos conocidos, asustadizo, t\u00edmido, hipersensible<\/span><\/p>\n<p><span style=\"color: #000000;\"><strong>MUSTARD (GORJU\u0160ICA):<\/strong> depresi\u00f3n de causa desconocida, per\u00edodos de tristeza recurrente sin motivo<\/span><\/p>\n<p><span style=\"color: #000000;\"><strong>OAK (ROBLE):<\/strong> nunca te detienes, no sabes descansar, agotamiento, cargas con los problemas de los dem\u00e1s, te sacrificas<\/span><\/p>\n<p><span style=\"color: #000000;\"><strong>OLIVE (OLIVO):<\/strong> agotamiento f\u00edsico y ps\u00edquico, cansancio, sobrecarga, debilidad <\/span><\/p>\n<p><span style=\"color: #000000;\"><strong>PINE (PINO):<\/strong> sentimiento de culpa, siempre se disculpa y da las gracias en exceso, autocr\u00edtica excesiva<\/span><\/p>\n<p><span style=\"color: #000000;\"><strong>CASTANHO VERMELHO (CASTANHO VERMELHO):<\/strong> preocupa\u00e7\u00e3o com os entes queridos, liga\u00e7\u00e3o excessiva com pessoas pr\u00f3ximas<\/span><\/p>\n<p><span style=\"color: #000000;\"><strong>ROCK ROSE (SONHADORA):<\/strong> p\u00e1nico, terror, miedo extremo<\/span><\/p>\n<p><span style=\"color: #000000;\"><strong>ROCK WATER (AGUA DE ROCA):<\/strong> tensi\u00f3n, rigidez, perfeccionismo<\/span><\/p>\n<p><span style=\"color: #000000;\"><strong>SCLERANTHUS (ME\u0160I\u010c):<\/strong> indecisi\u00f3n, inestabilidad, divisi\u00f3n mental entre dos opciones, cambio constante de opiniones y estados de \u00e1nimo<\/span><\/p>\n<p><span style=\"color: #000000;\"><strong>STAR OF BETHLEHEM (ESTRELLA DE BEL\u00c9N):<\/strong> para conmociones f\u00edsicas y mentales, choques, traumas pasados y presentes, ayuda a recuperarse de todas las pruebas de la vida<\/span><\/p>\n<p><span style=\"color: #000000;\"><strong>SWEET CHESTNUT (CASTANHO):<\/strong> pruebas dif\u00edciles de la vida que no podemos evitar, duelo<\/span><\/p>\n<p><span style=\"color: #000000;\"><strong>VERVAIN (VERBENA):<\/strong> entusiasmo excesivo, fanatismo, convencer a los dem\u00e1s de que sus ideas son las mejores<\/span><\/p>\n<p><span style=\"color: #000000;\"><strong>VINE (VID):<\/strong> l\u00edder, autoritarismo, tiran\u00eda, autoridad, severidad<\/span><\/p>\n<p><span style=\"color: #000000;\"><strong>WALNUT (NOGAL):<\/strong> para nuevos pasos en la vida (separaci\u00f3n, mudanza, jubilaci\u00f3n, pubertad, crisis de la mediana edad, menopausia&#8230;), para dormir mejor, ayuda a encontrar el biorritmo<\/span><\/p>\n<p><span style=\"color: #000000;\"><strong>WATER VIOLET (VIOLETA DE AGUA):<\/strong> para personas elevadas a las que les gusta estar solas<\/span><\/p>\n<p><span style=\"color: #000000;\"><strong>WHITE CHESTNUT (CASTANHO BRANCO):<\/strong> pensamientos que dan vueltas constantemente en nuestra cabeza, problemas de concentraci\u00f3n e insomnio<\/span><\/p>\n<p><span style=\"color: #000000;\"><strong>WILD OAT (AVENA SILVESTRE):<\/strong> no encuentra sentido a su vida, no tiene objetivos<\/span><\/p>\n<p><span style=\"color: #000000;\"><strong>ROSA SILVESTRE (WILD ROSE):<\/strong> resignaci\u00f3n ante el destino, indiferencia, apat\u00eda<\/span><\/p>\n<p><span style=\"color: #000000;\"><strong>WILLOW (SAUCE):<\/strong> ira reprimida, papel de v\u00edctima, siempre culpa a los dem\u00e1s y no asume la responsabilidad de sus actos, son amargados, resentidos, insatisfechos y rencorosos<\/span><\/p>\n","protected":false},"excerpt":{"rendered":"<p>Las gotas de Bach son eficaces contra diversas angustias emocionales del individuo. Ayudan en diversas crisis y situaciones dif\u00edciles de la vida. Con ellas nos calmamos y mantenemos la cabeza fr\u00eda. Act\u00faan sobre nuestro estado emocional y ayudan a armonizarlo.<\/p>\n<p>\ud83d\udc9a Las gotas se envasan a mano, el mismo d\u00eda del env\u00edo.<br \/>\n\ud83d\udc9a Son adecuadas para todas las personas (embarazadas, ancianos, ni\u00f1os&#8230;) y animales.<br \/>\n\ud83d\udc9a No tienen efectos secundarios, no crean dependencia y no se pueden sobredosificar.<br \/>\n\ud83d\udc9a Los primeros resultados se pueden observar al cabo de unos d\u00edas o semanas, dependiendo de cada persona.<br \/>\n\ud83d\udc9a No interact\u00faa con otros medicamentos.<\/p>\n","protected":false},"featured_media":4915,"comment_status":"open","ping_status":"closed","template":"","meta":{"_acf_changed":false},"product_brand":[],"product_cat":[15,204,216],"product_tag":[],"class_list":{"0":"post-6675","1":"product","2":"type-product","3":"status-publish","4":"has-post-thumbnail","6":"product_cat-uncategorized","7":"product_cat-gotas-de-bach","8":"product_cat-todos-los-productos","10":"first","11":"instock","12":"taxable","13":"shipping-taxable","14":"purchasable","15":"product-type-simple"},"acf":[],"_links":{"self":[{"href":"https:\/\/fengchashop.com\/es\/wp-json\/wp\/v2\/product\/6675","targetHints":{"allow":["GET"]}}],"collection":[{"href":"https:\/\/fengchashop.com\/es\/wp-json\/wp\/v2\/product"}],"about":[{"href":"https:\/\/fengchashop.com\/es\/wp-json\/wp\/v2\/types\/product"}],"replies":[{"embeddable":true,"href":"https:\/\/fengchashop.com\/es\/wp-json\/wp\/v2\/comments?post=6675"}],"wp:featuredmedia":[{"embeddable":true,"href":"https:\/\/fengchashop.com\/es\/wp-json\/wp\/v2\/media\/4915"}],"wp:attachment":[{"href":"https:\/\/fengchashop.com\/es\/wp-json\/wp\/v2\/media?parent=6675"}],"wp:term":[{"taxonomy":"product_brand","embeddable":true,"href":"https:\/\/fengchashop.com\/es\/wp-json\/wp\/v2\/product_brand?post=6675"},{"taxonomy":"product_cat","embeddable":true,"href":"https:\/\/fengchashop.com\/es\/wp-json\/wp\/v2\/product_cat?post=6675"},{"taxonomy":"product_tag","embeddable":true,"href":"https:\/\/fengchashop.com\/es\/wp-json\/wp\/v2\/product_tag?post=6675"}],"curies":[{"name":"wp","href":"https:\/\/api.w.org\/{rel}","templated":true}]}}