{"id":6661,"date":"2022-06-01T13:30:19","date_gmt":"2022-06-01T11:30:19","guid":{"rendered":"https:\/\/fengchashop.com\/es\/product\/matcha-bio\/"},"modified":"2026-04-29T12:43:22","modified_gmt":"2026-04-29T10:43:22","slug":"matcha-bio","status":"publish","type":"product","link":"https:\/\/fengchashop.com\/es\/product\/matcha-bio\/","title":{"rendered":"Matcha BIO 250 g"},"content":{"rendered":"<h2 style=\"text-align: justify;\"><span style=\"color: #000000;\">Matcha ecol\u00f3gico para cocinar<\/span><\/h2>\n<p style=\"text-align: justify;\"><span style=\"color: #000000;\">El popular matcha es, en realidad, <strong>t\u00e9 verde en polvo<\/strong>. Nuestra versi\u00f3n de matcha est\u00e1 destinada principalmente a la cocina y, como tal, es de alta calidad.<\/span><\/p>\n<p style=\"text-align: justify;\"><span style=\"color: #000000;\">El matcha es un <strong>t\u00e9 de la mejor calidad y con un car\u00e1cter fuerte<\/strong>. El t\u00e9 matcha se cultiva a la sombra durante al menos un mes antes de la cosecha y, antes de su procesamiento, se le quitan las venas y los tallos a las hojas de t\u00e9. Las hojas de t\u00e9 cultivadas de esta manera son extremadamente <strong>ricas en cafe\u00edna y te\u00edna<\/strong>. Desde hace muchos a\u00f1os se sabe que el matcha es el t\u00e9 de los monjes budistas, que lo beben para concentrarse, enfocar la mente y aclarar los pensamientos.<\/span><\/p>\n<p style=\"text-align: justify;\"><span style=\"color: #000000;\">Contiene muchos ingredientes que tienen un efecto <strong>antioxidante<\/strong> en nuestro organismo. Como es caracter\u00edstico del t\u00e9 verde, contiene <strong>polifenoles<\/strong> y <strong>flavonoides<\/strong>. Tambi\u00e9n es rico en vitaminas A, B, C y E. Todo ello contribuye a que el t\u00e9 verde en forma de matcha tenga un efecto antiinflamatorio y refuerce el sistema inmunol\u00f3gico. Debido a las llamadas catequinas, que el t\u00e9 matcha no contiene en grandes cantidades debido a su especial cultivo a la sombra, tampoco es tan amargo como algunos t\u00e9s verdes. Adem\u00e1s, debido a su alto contenido en te\u00edna y cafe\u00edna, el matcha nos mantiene despiertos, pero sin provocar la inquietud caracter\u00edstica que suelen sentir quienes beben demasiado caf\u00e9.<\/span><\/p>\n<h2 style=\"text-align: justify;\"><span style=\"color: #000000;\">Almacenamiento y advertencias<\/span><\/h2>\n<p style=\"text-align: justify;\"><span style=\"color: #000000;\">Conservar en un lugar seco, oscuro y fresco. Asegurarse de que la bolsa o caja est\u00e9 bien cerrada. El producto tambi\u00e9n se puede conservar en el frigor\u00edfico.<\/span><\/p>\n<h2 style=\"text-align: justify;\"><span style=\"color: #000000;\">Envasado<\/span><\/h2>\n<p style=\"text-align: justify;\"><span style=\"color: #000000;\">Bolsa herm\u00e9tica con cierre, donde el producto conserva toda su frescura y aroma. El envase protege del aire y la luz, ya que est\u00e1 compuesto por varias capas protectoras que conservan las propiedades del contenido.<br \/>\nEl envase es muy pr\u00e1ctico y se puede reciclar.<\/span><\/p>\n<h2 style=\"text-align: justify;\"><span style=\"color: #000000;\">Origen<\/span><\/h2>\n<p style=\"text-align: justify;\"><span style=\"color: #000000;\">China. Contamos con proveedores muy fiables que nos env\u00edan un an\u00e1lisis qu\u00edmico detallado del alimento para cada serie. En m\u00e1s de diez a\u00f1os, no hemos tenido ninguna devoluci\u00f3n ni ning\u00fan otro problema con este art\u00edculo, ni tampoco con otros art\u00edculos del mismo proveedor. El art\u00edculo cuenta con un certificado 100 % ecol\u00f3gico.<\/span><\/p>\n","protected":false},"excerpt":{"rendered":"<p>El matcha es un t\u00e9 verde de la mejor calidad. El t\u00e9 matcha es una bebida de los monjes budistas, que lo beben para concentrarse, enfocar y aclarar sus pensamientos. Contiene muchos ingredientes que tienen un efecto antioxidante en nuestro cuerpo. Como es caracter\u00edstico del t\u00e9 verde, contiene polifenoles y flavonoides. Tambi\u00e9n es rico en vitaminas A, B, C y E. Todo ello contribuye a que el t\u00e9 verde en forma de matcha tenga un efecto antiinflamatorio y refuerce el sistema inmunol\u00f3gico. Debido a las llamadas catequinas, que el t\u00e9 matcha no contiene en grandes cantidades debido a su especial cultivo a la sombra, tampoco es tan amargo como algunos t\u00e9s verdes.<\/p>\n<p>\ud83d\udc9a Est\u00e1 lleno de antioxidantes, amino\u00e1cidos y otros ingredientes beneficiosos.<br \/>\n\ud83d\udc9a Cultivo ecol\u00f3gico.<br \/>\n\ud83d\udc9a Calidad premium.<\/p>\n<p>&nbsp;<\/p>\n","protected":false},"featured_media":7228,"comment_status":"open","ping_status":"closed","template":"","meta":{"_acf_changed":false},"product_brand":[],"product_cat":[15,224,216],"product_tag":[],"class_list":{"0":"post-6661","1":"product","2":"type-product","3":"status-publish","4":"has-post-thumbnail","6":"product_cat-uncategorized","7":"product_cat-te-alimentos-y-especias","8":"product_cat-todos-los-productos","10":"first","11":"instock","12":"sale","13":"taxable","14":"shipping-taxable","15":"purchasable","16":"product-type-simple"},"acf":[],"_links":{"self":[{"href":"https:\/\/fengchashop.com\/es\/wp-json\/wp\/v2\/product\/6661","targetHints":{"allow":["GET"]}}],"collection":[{"href":"https:\/\/fengchashop.com\/es\/wp-json\/wp\/v2\/product"}],"about":[{"href":"https:\/\/fengchashop.com\/es\/wp-json\/wp\/v2\/types\/product"}],"replies":[{"embeddable":true,"href":"https:\/\/fengchashop.com\/es\/wp-json\/wp\/v2\/comments?post=6661"}],"wp:featuredmedia":[{"embeddable":true,"href":"https:\/\/fengchashop.com\/es\/wp-json\/wp\/v2\/media\/7228"}],"wp:attachment":[{"href":"https:\/\/fengchashop.com\/es\/wp-json\/wp\/v2\/media?parent=6661"}],"wp:term":[{"taxonomy":"product_brand","embeddable":true,"href":"https:\/\/fengchashop.com\/es\/wp-json\/wp\/v2\/product_brand?post=6661"},{"taxonomy":"product_cat","embeddable":true,"href":"https:\/\/fengchashop.com\/es\/wp-json\/wp\/v2\/product_cat?post=6661"},{"taxonomy":"product_tag","embeddable":true,"href":"https:\/\/fengchashop.com\/es\/wp-json\/wp\/v2\/product_tag?post=6661"}],"curies":[{"name":"wp","href":"https:\/\/api.w.org\/{rel}","templated":true}]}}